{"id":3093,"date":"2025-12-25T10:55:24","date_gmt":"2025-12-25T10:55:24","guid":{"rendered":"https:\/\/fishbuff.com\/?page_id=3093"},"modified":"2026-01-28T23:48:21","modified_gmt":"2026-01-28T23:48:21","slug":"corydoras","status":"publish","type":"page","link":"https:\/\/fishbuff.com\/cz\/nas-sortiment\/corydoras\/","title":{"rendered":"Corydoras"},"content":{"rendered":"<div class=\"wpb-content-wrapper\"><div class=\"vc_row wpb_row vc_row-fluid\"><div class=\"wpb_column vc_column_container vc_col-sm-12\"><div class=\"vc_column-inner\"><div class=\"wpb_wrapper\"><h2 style=\"font-size: 32px;color: #333333;line-height: 1.2;text-align: left\" class=\"vc_custom_heading vc_do_custom_heading vc_custom_1769421672548\" >Corydoras<\/h2>\n\t<div class=\"wpb_text_column wpb_content_element\" >\n\t\t<div class=\"wpb_wrapper\">\n\t\t\t<p>Corydoras are small catfish originating from South America. There are many varieties of these fish, distinguished by their colors and sizes. Corydoras thrive best in aquariums with a sandy substrate. At fishbuff, we carry different types of corydoras catfish available for wholesale, including bred varieties Longfin Panda, Albino Peppered, and Aeneus.<\/p>\n\n\t\t<\/div>\n\t<\/div>\n<div id=\"kapee-header-21402\" class=\"kapee-element kapee-heading text-left kapee-width-100 separator-line separator-between-heading\">\t\n\t\t\t\n\t\t\t<div class=\"heading-wrap\">\n\t\t\t<span class=\"separator-left\"><\/span>\n\t\t\t<h3 class=\"heading-title\">Wholesale Corydoras <\/h3>\t\t\t<span class=\"separator-right\"><\/span>\n\t\t\t\t\t<\/div>\n\t\t\n    <\/div>\n\t<div class=\"wpb_text_column wpb_content_element\" >\n\t\t<div class=\"wpb_wrapper\">\n\t\t\t<figure class=\"wp-block-table\">\n<table class=\"has-fixed-layout\">\n<tbody>\n<tr>\n<td>V\u011bdeck\u00fd n\u00e1zev<\/td>\n<td>Spole\u010dn\u00fd n\u00e1zev<\/td>\n<td>Cena (USD)<\/td>\n<\/tr>\n<tr>\n<td>Aspidoras spilotus<\/td>\n<td>C125 corydoras<\/td>\n<td>1.00<\/td>\n<\/tr>\n<tr>\n<td>Corydoras adolfoi<\/td>\n<td>Adolfo&#8217;s catfish<\/td>\n<td>1.50<\/td>\n<\/tr>\n<tr>\n<td>Corydoras aeneus<\/td>\n<td>Bronze corydoras<\/td>\n<td>0.35<\/td>\n<\/tr>\n<tr>\n<td>Corydoras aeneus spp.<\/td>\n<td>Longfin bronze corydoras<\/td>\n<td>0.55<\/td>\n<\/tr>\n<tr>\n<td>Corydoras aeneus spp.<\/td>\n<td>Albino bronze corydoras<\/td>\n<td>0.35<\/td>\n<\/tr>\n<tr>\n<td>Corydoras aeneus spp.<\/td>\n<td>Longfin albino corydoras<\/td>\n<td>0.55<\/td>\n<\/tr>\n<tr>\n<td>Corydoras julii<\/td>\n<td>Leopard corydoras<\/td>\n<td>0.75<\/td>\n<\/tr>\n<tr>\n<td>Corydoras metae<\/td>\n<td>Masked corydoras<\/td>\n<td>1.50<\/td>\n<\/tr>\n<tr>\n<td>Corydoras paleatus<\/td>\n<td>Peppered corydoras<\/td>\n<td>0.35<\/td>\n<\/tr>\n<tr>\n<td>Corydoras paleatus spp.<\/td>\n<td>Longfin peppered corydoras<\/td>\n<td>0.55<\/td>\n<\/tr>\n<tr>\n<td>Corydoras panda<\/td>\n<td>Panda corydoras<\/td>\n<td>0.35<\/td>\n<\/tr>\n<tr>\n<td>Corydoras panda spp.<\/td>\n<td>Longfin panda corydoras<\/td>\n<td>0.55<\/td>\n<\/tr>\n<tr>\n<td>Corydoras pygmy<\/td>\n<td>Pygmy corydoras<\/td>\n<td>0.50<\/td>\n<\/tr>\n<tr>\n<td>Corydoras rabauti<\/td>\n<td>Rust corydoras<\/td>\n<td>1.00<\/td>\n<\/tr>\n<tr>\n<td>Corydoras similis<\/td>\n<td>Smudge spot cory catfish<\/td>\n<td>1.00<\/td>\n<\/tr>\n<tr>\n<td>Corydoras splendens<\/td>\n<td>Emerald catfish<\/td>\n<td>2.00<\/td>\n<\/tr>\n<tr>\n<td>Corydoras sterbai<\/td>\n<td>Sterba&#8217;s corydoras<\/td>\n<td>0.35<\/td>\n<\/tr>\n<tr>\n<td>Corydoras venezuelanus<\/td>\n<td>Orange venezuelan cory<\/td>\n<td>2.00<\/td>\n<\/tr>\n<tr>\n<td>Scleromystax barbatus<\/td>\n<td>Banded corydoras<\/td>\n<td>3.00<\/td>\n<\/tr>\n<\/tbody>\n<\/table>\n<\/figure>\n\n\t\t<\/div>\n\t<\/div>\n<\/div><\/div><\/div><\/div><\/div>","protected":false},"excerpt":{"rendered":"Corydoras Corydoras are small catfish originating from South America. There are many varieties of these fish, distinguished by their colors and sizes. Corydoras thrive best in aquariums with a sandy substrate. At fishbuff, we carry different types of corydoras catfish available for wholesale, including bred varieties Longfin Panda, Albino Peppered, and Aeneus. Wholesale Corydoras Scientific name Common name Price (USD) Aspidoras spilotus C125 corydoras 1.00 Corydoras adolfoi Adolfo's catfish 1.50 Corydoras aeneus Bronze corydoras 0.35 Corydoras aeneus spp. Longfin bronze corydoras 0.55 Corydoras aeneus spp. Albino bronze corydoras 0.35 Corydoras aeneus spp. Longfin albino corydoras 0.55 Corydoras julii Leopard corydoras","protected":false},"author":1,"featured_media":0,"parent":136,"menu_order":0,"comment_status":"closed","ping_status":"closed","template":"","meta":{"_seopress_robots_primary_cat":"","_seopress_titles_title":"Corydoras | Wholesale Corydoras Catfish","_seopress_titles_desc":"Explore a wide selection of Corydoras catfish wholesale from top Indonesian exporters. Quality assurance and great deals await!","_seopress_robots_index":"","footnotes":""},"class_list":["post-3093","page","type-page","status-publish","hentry"],"_links":{"self":[{"href":"https:\/\/fishbuff.com\/cz\/wp-json\/wp\/v2\/pages\/3093","targetHints":{"allow":["GET"]}}],"collection":[{"href":"https:\/\/fishbuff.com\/cz\/wp-json\/wp\/v2\/pages"}],"about":[{"href":"https:\/\/fishbuff.com\/cz\/wp-json\/wp\/v2\/types\/page"}],"author":[{"embeddable":true,"href":"https:\/\/fishbuff.com\/cz\/wp-json\/wp\/v2\/users\/1"}],"replies":[{"embeddable":true,"href":"https:\/\/fishbuff.com\/cz\/wp-json\/wp\/v2\/comments?post=3093"}],"version-history":[{"count":5,"href":"https:\/\/fishbuff.com\/cz\/wp-json\/wp\/v2\/pages\/3093\/revisions"}],"predecessor-version":[{"id":5286,"href":"https:\/\/fishbuff.com\/cz\/wp-json\/wp\/v2\/pages\/3093\/revisions\/5286"}],"up":[{"embeddable":true,"href":"https:\/\/fishbuff.com\/cz\/wp-json\/wp\/v2\/pages\/136"}],"wp:attachment":[{"href":"https:\/\/fishbuff.com\/cz\/wp-json\/wp\/v2\/media?parent=3093"}],"curies":[{"name":"wp","href":"https:\/\/api.w.org\/{rel}","templated":true}]}}