{"id":3124,"date":"2025-12-25T14:25:42","date_gmt":"2025-12-25T14:25:42","guid":{"rendered":"https:\/\/fishbuff.com\/?page_id=3124"},"modified":"2026-01-29T01:25:26","modified_gmt":"2026-01-29T01:25:26","slug":"loaches","status":"publish","type":"page","link":"https:\/\/fishbuff.com\/cz\/nas-sortiment\/loaches\/","title":{"rendered":"Loaches"},"content":{"rendered":"<div class=\"wpb-content-wrapper\"><div class=\"vc_row wpb_row vc_row-fluid\"><div class=\"wpb_column vc_column_container vc_col-sm-12\"><div class=\"vc_column-inner\"><div class=\"wpb_wrapper\"><h2 style=\"font-size: 42px;color: #333333;line-height: 1.2;text-align: left\" class=\"vc_custom_heading vc_do_custom_heading vc_custom_1769436343663\" >Loaches<\/h2>\n\t<div class=\"wpb_text_column wpb_content_element\" >\n\t\t<div class=\"wpb_wrapper\">\n\t\t\t<p>Loaches are popular in aquariums for their scavenging and unique behaviors, but they require specific care, groups, and hiding spots. We carry a large selection of loaches available for wholesale, including wild-caught and farm-raised species.<\/p>\n\n\t\t<\/div>\n\t<\/div>\n<div id=\"kapee-header-21691\" class=\"kapee-element kapee-heading text-left kapee-width-100 separator-line separator-between-heading\">\t\n\t\t\t\n\t\t\t<div class=\"heading-wrap\">\n\t\t\t<span class=\"separator-left\"><\/span>\n\t\t\t<h3 class=\"heading-title\">Wholesale Loaches <\/h3>\t\t\t<span class=\"separator-right\"><\/span>\n\t\t\t\t\t<\/div>\n\t\t\n    <\/div>\n\t<div class=\"wpb_text_column wpb_content_element\" >\n\t\t<div class=\"wpb_wrapper\">\n\t\t\t<figure class=\"wp-block-table\">\n<table class=\"has-fixed-layout\">\n<tbody>\n<tr>\n<td>V\u011bdeck\u00fd n\u00e1zev<\/td>\n<td>Spole\u010dn\u00fd n\u00e1zev<\/td>\n<td>Cena (USD)<\/td>\n<\/tr>\n<tr>\n<td>Acantopsis dialuzona<\/td>\n<td>Horseface loach<\/td>\n<td>0.55<\/td>\n<\/tr>\n<tr>\n<td>Botia almorhae (S)<\/td>\n<td>Yoyo loach<\/td>\n<td>0.55<\/td>\n<\/tr>\n<tr>\n<td>Botia almorhae (S+)<\/td>\n<td>Yoyo loach<\/td>\n<td>0.75<\/td>\n<\/tr>\n<tr>\n<td>Botia almorhae (S++)<\/td>\n<td>Yoyo loach<\/td>\n<td>0.90<\/td>\n<\/tr>\n<tr>\n<td>Chromobotia macracanthus (S)<\/td>\n<td>Clown loach<\/td>\n<td>1.00<\/td>\n<\/tr>\n<tr>\n<td>Chromobotia macracanthus (S+)<\/td>\n<td>Clown loach<\/td>\n<td>1.50<\/td>\n<\/tr>\n<tr>\n<td>Chromobotia macracanthus (S++)<\/td>\n<td>Clown loach<\/td>\n<td>2.00<\/td>\n<\/tr>\n<tr>\n<td>Eucirrhichthys doriae<\/td>\n<td>Pangio doriae<\/td>\n<td>0.35<\/td>\n<\/tr>\n<tr>\n<td>Gastromyzon punctulatus<\/td>\n<td>Spotted borneo sucker<\/td>\n<td>0.50<\/td>\n<\/tr>\n<tr>\n<td>Gastromyzon sp.<\/td>\n<td>Bloody mary hillstream loach<\/td>\n<td>1.00<\/td>\n<\/tr>\n<tr>\n<td>Gastromyzon viriosus<\/td>\n<td>Striped borneo sucker<\/td>\n<td>0.50<\/td>\n<\/tr>\n<tr>\n<td>Homaloptera orthogoniata (S)<\/td>\n<td>Saddle-back loach<\/td>\n<td>1.00<\/td>\n<\/tr>\n<tr>\n<td>Homaloptera orthogoniata (S+)<\/td>\n<td>Saddle-back loach<\/td>\n<td>1.50<\/td>\n<\/tr>\n<tr>\n<td>Nemacheilus masyai<\/td>\n<td>Arrow loach<\/td>\n<td>0.30<\/td>\n<\/tr>\n<tr>\n<td>Pangio semicincta<\/td>\n<td>Kuhli loach<\/td>\n<td>0.35<\/td>\n<\/tr>\n<tr>\n<td>Syncrossus hymenophysa (S)<\/td>\n<td>Green tiger loach<\/td>\n<td>0.75<\/td>\n<\/tr>\n<tr>\n<td>Syncrossus hymenophysa (S+)<\/td>\n<td>Green tiger loach<\/td>\n<td>1.00<\/td>\n<\/tr>\n<tr>\n<td>Syncrossus hymenophysa (S++)<\/td>\n<td>Green tiger loachh<\/td>\n<td>1.50<\/td>\n<\/tr>\n<tr>\n<td>Yaoshania pachychilus<\/td>\n<td>Panda loach<\/td>\n<td>0.75<\/td>\n<\/tr>\n<tr>\n<td>Yunnanilus cruciatus<\/td>\n<td>Hovering zebra loach<\/td>\n<td>0.55<\/td>\n<\/tr>\n<\/tbody>\n<\/table>\n<\/figure>\n\n\t\t<\/div>\n\t<\/div>\n<\/div><\/div><\/div><\/div><\/div>","protected":false},"excerpt":{"rendered":"Loaches Loaches are popular in aquariums for their scavenging and unique behaviors, but they require specific care, groups, and hiding spots. We carry a large selection of loaches available for wholesale, including wild-caught and farm-raised species. Wholesale Loaches Scientific name Common name Price (USD) Acantopsis dialuzona Horseface loach 0.55 Botia almorhae (S) Yoyo loach 0.55 Botia almorhae (S+) Yoyo loach 0.75 Botia almorhae (S++) Yoyo loach 0.90 Chromobotia macracanthus (S) Clown loach 1.00 Chromobotia macracanthus (S+) Clown loach 1.50 Chromobotia macracanthus (S++) Clown loach 2.00 Eucirrhichthys doriae Pangio doriae 0.35 Gastromyzon punctulatus Spotted borneo sucker 0.50 Gastromyzon sp. Bloody mary","protected":false},"author":1,"featured_media":0,"parent":136,"menu_order":0,"comment_status":"closed","ping_status":"closed","template":"","meta":{"_seopress_robots_primary_cat":"","_seopress_titles_title":"Loaches | Wholesale Loach Fish","_seopress_titles_desc":"Explore the best Loaches supplier from Indonesia. Offering quality loaches for wholesale. Perfect for your aquarium business needs. Contact us today!","_seopress_robots_index":"","footnotes":""},"class_list":["post-3124","page","type-page","status-publish","hentry"],"_links":{"self":[{"href":"https:\/\/fishbuff.com\/cz\/wp-json\/wp\/v2\/pages\/3124","targetHints":{"allow":["GET"]}}],"collection":[{"href":"https:\/\/fishbuff.com\/cz\/wp-json\/wp\/v2\/pages"}],"about":[{"href":"https:\/\/fishbuff.com\/cz\/wp-json\/wp\/v2\/types\/page"}],"author":[{"embeddable":true,"href":"https:\/\/fishbuff.com\/cz\/wp-json\/wp\/v2\/users\/1"}],"replies":[{"embeddable":true,"href":"https:\/\/fishbuff.com\/cz\/wp-json\/wp\/v2\/comments?post=3124"}],"version-history":[{"count":7,"href":"https:\/\/fishbuff.com\/cz\/wp-json\/wp\/v2\/pages\/3124\/revisions"}],"predecessor-version":[{"id":5298,"href":"https:\/\/fishbuff.com\/cz\/wp-json\/wp\/v2\/pages\/3124\/revisions\/5298"}],"up":[{"embeddable":true,"href":"https:\/\/fishbuff.com\/cz\/wp-json\/wp\/v2\/pages\/136"}],"wp:attachment":[{"href":"https:\/\/fishbuff.com\/cz\/wp-json\/wp\/v2\/media?parent=3124"}],"curies":[{"name":"wp","href":"https:\/\/api.w.org\/{rel}","templated":true}]}}