{"id":3139,"date":"2025-12-25T15:06:55","date_gmt":"2025-12-25T15:06:55","guid":{"rendered":"https:\/\/fishbuff.com\/?page_id=3139"},"modified":"2026-01-28T16:13:33","modified_gmt":"2026-01-28T16:13:33","slug":"wild-betta","status":"publish","type":"page","link":"https:\/\/fishbuff.com\/cz\/nas-sortiment\/wild-betta\/","title":{"rendered":"Divok\u00e1 betta"},"content":{"rendered":"<div class=\"wpb-content-wrapper\"><div class=\"vc_row wpb_row vc_row-fluid\"><div class=\"wpb_column vc_column_container vc_col-sm-12\"><div class=\"vc_column-inner\"><div class=\"wpb_wrapper\"><h2 style=\"font-size: 42px;color: #333333;line-height: 1.2;text-align: left\" class=\"vc_custom_heading vc_do_custom_heading vc_custom_1769382604562\" >Divok\u00e1 betta<\/h2>\n\t<div class=\"wpb_text_column wpb_content_element\" >\n\t\t<div class=\"wpb_wrapper\">\n\t\t\t<p>We regularly export not only every common freshwater species on the market, but also a large variety of wild Betta species. Our collection of wild Betta includes rare and highly prized species, Betta macrostoma, livida, gladiator, and compuncta.<\/p>\n\n\t\t<\/div>\n\t<\/div>\n<div id=\"kapee-header-97910\" class=\"kapee-element kapee-heading text-left kapee-width-100 separator-line separator-between-heading\">\t\n\t\t\t\n\t\t\t<div class=\"heading-wrap\">\n\t\t\t<span class=\"separator-left\"><\/span>\n\t\t\t<h3 class=\"heading-title\">Wholesale Wild Betta <\/h3>\t\t\t<span class=\"separator-right\"><\/span>\n\t\t\t\t\t<\/div>\n\t\t\n    <\/div>\n\t<div class=\"wpb_text_column wpb_content_element\" >\n\t\t<div class=\"wpb_wrapper\">\n\t\t\t<figure class=\"wp-block-table\">\n<table class=\"has-fixed-layout\">\n<tbody>\n<tr>\n<td>V\u011bdeck\u00fd n\u00e1zev<\/td>\n<td>Spole\u010dn\u00fd n\u00e1zev<\/td>\n<td>Cena (USD)<\/td>\n<\/tr>\n<tr>\n<td>Betta akarensis (pair)<\/td>\n<td>Betta akarensis<\/td>\n<td>5.00<\/td>\n<\/tr>\n<tr>\n<td>Betta albimarginata (pair)<\/td>\n<td>Betta albimarginata<\/td>\n<td>3.50<\/td>\n<\/tr>\n<tr>\n<td>Betta anabatoides (pair)<\/td>\n<td>Betta anabatoides<\/td>\n<td>5.00<\/td>\n<\/tr>\n<tr>\n<td>Betta antoni (pair)<\/td>\n<td>Betta antoni<\/td>\n<td>4.00<\/td>\n<\/tr>\n<tr>\n<td>Betta antuta (pair)<\/td>\n<td>Betta antuta<\/td>\n<td>12.00<\/td>\n<\/tr>\n<tr>\n<td>Betta sp. api-api (pair)<\/td>\n<td>Betta api-api<\/td>\n<td>3.50<\/td>\n<\/tr>\n<tr>\n<td>Betta sp. jade (pair)<\/td>\n<td>Betta sp. jade<\/td>\n<td>5.00<\/td>\n<\/tr>\n<tr>\n<td>Betta balunga (pair)<\/td>\n<td>Betta balunga<\/td>\n<td>5.00<\/td>\n<\/tr>\n<tr>\n<td>Betta bellica (pair)<\/td>\n<td>Slender betta<\/td>\n<td>5.00<\/td>\n<\/tr>\n<tr>\n<td>Betta breviobesus (pair)<\/td>\n<td>Betta breviobesus<\/td>\n<td>5.00<\/td>\n<\/tr>\n<tr>\n<td>Betta brownorum (pair)<\/td>\n<td>Betta brownorum<\/td>\n<td>7.00<\/td>\n<\/tr>\n<tr>\n<td>Betta burdigala (pair)<\/td>\n<td>Betta burdigala<\/td>\n<td>4.00<\/td>\n<\/tr>\n<tr>\n<td>Betta channoides (pair)<\/td>\n<td>Snakehead betta<\/td>\n<td>3.50<\/td>\n<\/tr>\n<tr>\n<td>Betta coccina (pair)<\/td>\n<td>Wine red betta<\/td>\n<td>2.00<\/td>\n<\/tr>\n<tr>\n<td>Betta compuncta (pair)<\/td>\n<td>Betta compuncta<\/td>\n<td>10.00<\/td>\n<\/tr>\n<tr>\n<td>Betta sp. candy (pair)<\/td>\n<td>Betta sp. candy<\/td>\n<td>65.00<\/td>\n<\/tr>\n<tr>\n<td>Betta cracens (pair)<\/td>\n<td>Betta cracens<\/td>\n<td>3.50<\/td>\n<\/tr>\n<tr>\n<td>Betta dennisyongi (pair)<\/td>\n<td>Betta dennisyongi<\/td>\n<td>7.00<\/td>\n<\/tr>\n<tr>\n<td>Betta dimidiata (pair)<\/td>\n<td>The seriang<\/td>\n<td>4.00<\/td>\n<\/tr>\n<tr>\n<td>Betta edithae (pair)<\/td>\n<td>Betta edithae<\/td>\n<td>3.50<\/td>\n<\/tr>\n<tr>\n<td>Betta enisae (pair)<\/td>\n<td>Betta enisae<\/td>\n<td>5.00<\/td>\n<\/tr>\n<tr>\n<td>Betta falx (pair)<\/td>\n<td>Betta falx<\/td>\n<td>2.00<\/td>\n<\/tr>\n<tr>\n<td>Betta fusca (pair)<\/td>\n<td>Betta foerschi<\/td>\n<td>5.00<\/td>\n<\/tr>\n<tr>\n<td>Betta fusca (pair)<\/td>\n<td>Dusky betta<\/td>\n<td>5.00<\/td>\n<\/tr>\n<tr>\n<td>Betta gladiator (pair)<\/td>\n<td>Betta gladiator<\/td>\n<td>10.00<\/td>\n<\/tr>\n<tr>\n<td>Betta hendra (pair)<\/td>\n<td>Betta hendra<\/td>\n<td>5.00<\/td>\n<\/tr>\n<tr>\n<td>Betta hipposideros (pair)<\/td>\n<td>Betta hipposideros<\/td>\n<td>5.00<\/td>\n<\/tr>\n<tr>\n<td>Betta ibanorum (pair)<\/td>\n<td>Betta ibanorum<\/td>\n<td>5.00<\/td>\n<\/tr>\n<tr>\n<td>Betta ideii (pair)<\/td>\n<td>Betta ideii<\/td>\n<td>12.00<\/td>\n<\/tr>\n<tr>\n<td>Betta imbellis (pair)<\/td>\n<td>Peaceful betta<\/td>\n<td>2.00<\/td>\n<\/tr>\n<tr>\n<td>Betta lehi (pair)<\/td>\n<td>Betta lehi<\/td>\n<td>5.00<\/td>\n<\/tr>\n<tr>\n<td>Betta livida (pair)<\/td>\n<td>Betta livida<\/td>\n<td>10.00<\/td>\n<\/tr>\n<tr>\n<td>Betta macrostoma (pair)<\/td>\n<td>Spotfin betta<\/td>\n<td>75.00<\/td>\n<\/tr>\n<tr>\n<td>Betta mahachaiensis (pair)<\/td>\n<td>Betta mahachaiensis<\/td>\n<td>5.00<\/td>\n<\/tr>\n<tr>\n<td>Betta mandor (pair)<\/td>\n<td>Betta mandor<\/td>\n<td>5.00<\/td>\n<\/tr>\n<tr>\n<td>Betta midas (pair)<\/td>\n<td>Betta midas<\/td>\n<td>5.00<\/td>\n<\/tr>\n<tr>\n<td>Betta miniopinna (pair)<\/td>\n<td>Betta miniopinna<\/td>\n<td>3.50<\/td>\n<\/tr>\n<tr>\n<td>Betta ocellata (pair)<\/td>\n<td>Betta ocellata<\/td>\n<td>10.00<\/td>\n<\/tr>\n<tr>\n<td>Betta pallifina (pair)<\/td>\n<td>Betta pallifina<\/td>\n<td>10.00<\/td>\n<\/tr>\n<tr>\n<td>Betta pardalotos (pair)<\/td>\n<td>Betta pardalotos<\/td>\n<td>10.00<\/td>\n<\/tr>\n<tr>\n<td>Betta patoti (pair)<\/td>\n<td>Betta patoti<\/td>\n<td>7.50<\/td>\n<\/tr>\n<tr>\n<td>Betta persephone (pair)<\/td>\n<td>Betta persephone<\/td>\n<td>5.00<\/td>\n<\/tr>\n<tr>\n<td>Betta pi (pair)<\/td>\n<td>Betta pi<\/td>\n<td>5.00<\/td>\n<\/tr>\n<tr>\n<td>Betta picta (pair)<\/td>\n<td>Spotted betta<\/td>\n<td>1.50<\/td>\n<\/tr>\n<tr>\n<td>Betta pinguis (pair)<\/td>\n<td>-<\/td>\n<td>5.00<\/td>\n<\/tr>\n<tr>\n<td>Betta pugnax (pair)<\/td>\n<td>Penang betta<\/td>\n<td>2.50<\/td>\n<\/tr>\n<tr>\n<td>Betta raja (pair)<\/td>\n<td>-<\/td>\n<td>2.50<\/td>\n<\/tr>\n<tr>\n<td>Betta renata (pair)<\/td>\n<td>-<\/td>\n<td>5.00<\/td>\n<\/tr>\n<tr>\n<td>Betta rubra (pair)<\/td>\n<td>Toba betta<\/td>\n<td>5.00<\/td>\n<\/tr>\n<tr>\n<td>Betta rutilans (pair)<\/td>\n<td>-<\/td>\n<td>5.50<\/td>\n<\/tr>\n<tr>\n<td>Betta simorum (pair)<\/td>\n<td>-<\/td>\n<td>3.00<\/td>\n<\/tr>\n<tr>\n<td>Betta smaragdina (pair)<\/td>\n<td>Emerald green betta<\/td>\n<td>5.00<\/td>\n<\/tr>\n<tr>\n<td>Betta smaragdina spp. (pair)<\/td>\n<td>Betta alien<\/td>\n<td>5.00<\/td>\n<\/tr>\n<tr>\n<td>Betta splendens (pair)<\/td>\n<td>-<\/td>\n<td>2.50<\/td>\n<\/tr>\n<tr>\n<td>Betta strohi (pair)<\/td>\n<td>-<\/td>\n<td>5.00<\/td>\n<\/tr>\n<tr>\n<td>Betta taeniata (pair)<\/td>\n<td>Banded betta<\/td>\n<td>5.00<\/td>\n<\/tr>\n<tr>\n<td>Betta uberis (pair)<\/td>\n<td>-<\/td>\n<td>5.00<\/td>\n<\/tr>\n<tr>\n<td>Betta unimaculata (pair)<\/td>\n<td>Howong betta<\/td>\n<td>10.00<\/td>\n<\/tr>\n<\/tbody>\n<\/table>\n<\/figure>\n\n\t\t<\/div>\n\t<\/div>\n<\/div><\/div><\/div><\/div><!-- \/wp:post-content --><\/div>","protected":false},"excerpt":{"rendered":"Wild Betta We regularly export not only every common freshwater species on the market, but also a large variety of wild Betta species. Our collection of wild Betta includes rare and highly prized species, Betta macrostoma, livida, gladiator, and compuncta. Wholesale Wild Betta Scientific name Common name Price (USD) Betta akarensis (pair) Betta akarensis 5.00 Betta albimarginata (pair) Betta albimarginata 3.50 Betta anabatoides (pair) Betta anabatoides 5.00 Betta antoni (pair) Betta antoni 4.00 Betta antuta (pair) Betta antuta 12.00 Betta sp. api-api (pair) Betta api-api 3.50 Betta sp. jade (pair) Betta sp. jade 5.00 Betta balunga (pair) Betta balunga 5.00","protected":false},"author":1,"featured_media":0,"parent":136,"menu_order":0,"comment_status":"closed","ping_status":"closed","template":"","meta":{"_seopress_robots_primary_cat":"","_seopress_titles_title":"Wild Betta | Wholesale Wild Betta","_seopress_titles_desc":"Discover an exotic selection from a top Indonesia wild betta exporter. Perfect for collectors, stores, and breeders. Contact us for wholesale inquiries!","_seopress_robots_index":"","footnotes":""},"class_list":["post-3139","page","type-page","status-publish","hentry"],"_links":{"self":[{"href":"https:\/\/fishbuff.com\/cz\/wp-json\/wp\/v2\/pages\/3139","targetHints":{"allow":["GET"]}}],"collection":[{"href":"https:\/\/fishbuff.com\/cz\/wp-json\/wp\/v2\/pages"}],"about":[{"href":"https:\/\/fishbuff.com\/cz\/wp-json\/wp\/v2\/types\/page"}],"author":[{"embeddable":true,"href":"https:\/\/fishbuff.com\/cz\/wp-json\/wp\/v2\/users\/1"}],"replies":[{"embeddable":true,"href":"https:\/\/fishbuff.com\/cz\/wp-json\/wp\/v2\/comments?post=3139"}],"version-history":[{"count":5,"href":"https:\/\/fishbuff.com\/cz\/wp-json\/wp\/v2\/pages\/3139\/revisions"}],"predecessor-version":[{"id":5268,"href":"https:\/\/fishbuff.com\/cz\/wp-json\/wp\/v2\/pages\/3139\/revisions\/5268"}],"up":[{"embeddable":true,"href":"https:\/\/fishbuff.com\/cz\/wp-json\/wp\/v2\/pages\/136"}],"wp:attachment":[{"href":"https:\/\/fishbuff.com\/cz\/wp-json\/wp\/v2\/media?parent=3139"}],"curies":[{"name":"wp","href":"https:\/\/api.w.org\/{rel}","templated":true}]}}