{"id":3186,"date":"2025-12-25T16:49:13","date_gmt":"2025-12-25T16:49:13","guid":{"rendered":"https:\/\/fishbuff.com\/?page_id=3186"},"modified":"2026-01-29T09:45:04","modified_gmt":"2026-01-29T09:45:04","slug":"sneci","status":"publish","type":"page","link":"https:\/\/fishbuff.com\/cz\/nas-sortiment\/sneci\/","title":{"rendered":"\u0160neci"},"content":{"rendered":"<div class=\"wpb-content-wrapper\"><div class=\"vc_row wpb_row vc_row-fluid\"><div class=\"wpb_column vc_column_container vc_col-sm-12\"><div class=\"vc_column-inner\"><div class=\"wpb_wrapper\"><h2 style=\"font-size: 42px;color: #333333;line-height: 1.2;text-align: left\" class=\"vc_custom_heading vc_do_custom_heading vc_custom_1769446702386\" >\u0160neci (sladkovodn\u00ed)<\/h2>\n\t<div class=\"wpb_text_column wpb_content_element\" >\n\t\t<div class=\"wpb_wrapper\">\n\t\t\t<p>\u0160neci jsou obl\u00edben\u00fdm dopl\u0148kem akv\u00e1ri\u00ed ji\u017e n\u011bkolik desetilet\u00ed, v\u011bt\u0161inou jako pomoc p\u0159i regulaci \u0159as, ale tak\u00e9 pro sv\u016fj vzhled a zaj\u00edmavost. Na fishbuff najdete celou \u0159adu sladkovodn\u00edch \u0161nek\u016f, kte\u0159\u00ed se do akv\u00e1ria skv\u011ble hod\u00ed, v\u010detn\u011b obl\u00edben\u00fdch druh\u016f \u0161nek\u016f Rabbit ze Sulawesi.<\/p>\n\n\t\t<\/div>\n\t<\/div>\n<div id=\"kapee-header-39969\" class=\"kapee-element kapee-heading text-left kapee-width-100 separator-line separator-between-heading\">\t\n\t\t\t\n\t\t\t<div class=\"heading-wrap\">\n\t\t\t<span class=\"separator-left\"><\/span>\n\t\t\t<h3 class=\"heading-title\">Velkoobchodn\u00ed prodej sladkovodn\u00edch \u0161nek\u016f <\/h3>\t\t\t<span class=\"separator-right\"><\/span>\n\t\t\t\t\t<\/div>\n\t\t\n    <\/div>\n\t<div class=\"wpb_text_column wpb_content_element\" >\n\t\t<div class=\"wpb_wrapper\">\n\t\t\t<figure class=\"wp-block-table\">\n<table class=\"has-fixed-layout\">\n<tbody>\n<tr>\n<td>V\u011bdeck\u00fd n\u00e1zev<\/td>\n<td>Spole\u010dn\u00fd n\u00e1zev<\/td>\n<td>Cena (USD)<\/td>\n<\/tr>\n<tr>\n<td>Celetaia persculpta<\/td>\n<td>-<\/td>\n<td>0.70<\/td>\n<\/tr>\n<tr>\n<td>Cerithidea cf. obtusa<\/td>\n<td>Kr\u00e1lov\u0161t\u00ed hlem\u00fd\u017edi kr\u00e1li\u010d\u00ed hlem\u00fd\u017e\u010f<\/td>\n<td>0.70<\/td>\n<\/tr>\n<tr>\n<td>Clea helena<\/td>\n<td>Assassin snail<\/td>\n<td>0.20<\/td>\n<\/tr>\n<tr>\n<td>Clithon corona<\/td>\n<td>Hlem\u00fd\u017e\u010f rohat\u00fd (Nerite)<\/td>\n<td>0.25<\/td>\n<\/tr>\n<tr>\n<td>Clithon diadema<\/td>\n<td>\u0160neci z rodu Zebra thorn nerite<\/td>\n<td>0.25<\/td>\n<\/tr>\n<tr>\n<td>Faunus ater<\/td>\n<td>\u010cern\u00fd \u010f\u00e1belsk\u00fd \u0161nek<\/td>\n<td>0.30<\/td>\n<\/tr>\n<tr>\n<td>Filopaludina sp.<\/td>\n<td>-<\/td>\n<td>0.50<\/td>\n<\/tr>\n<tr>\n<td>Melanoides cf. maculata<\/td>\n<td>-<\/td>\n<td>0.50<\/td>\n<\/tr>\n<tr>\n<td>Miratesta celebensis<\/td>\n<td>-<\/td>\n<td>0.70<\/td>\n<\/tr>\n<tr>\n<td>Nerita balteata<\/td>\n<td>-<\/td>\n<td>0.40<\/td>\n<\/tr>\n<tr>\n<td>Neritina auriculata<\/td>\n<td>Batman\u016fv \u0161nek<\/td>\n<td>0.25<\/td>\n<\/tr>\n<tr>\n<td>Neritina juttingae<\/td>\n<td>Kr\u00e1l koopa nerite<\/td>\n<td>0.40<\/td>\n<\/tr>\n<tr>\n<td>Neritina pulligera<\/td>\n<td>\u010cern\u00e1 vojensk\u00e1 helma \u0161nek<\/td>\n<td>0.25<\/td>\n<\/tr>\n<tr>\n<td>Neritina semiconica<\/td>\n<td>Tyg\u0159\u00ed \u0161neci neritov\u00e9<\/td>\n<td>0.25<\/td>\n<\/tr>\n<tr>\n<td>Neritina turrita<\/td>\n<td>Hlem\u00fd\u017e\u010f Zebra nerite<\/td>\n<td>0.25<\/td>\n<\/tr>\n<tr>\n<td>Neritina variegata<\/td>\n<td>Batikovan\u00fd \u0161nek nerit<\/td>\n<td>0.25<\/td>\n<\/tr>\n<tr>\n<td>Neritina violacea<\/td>\n<td>\u010cerven\u00fd \u0161nek Nerite<\/td>\n<td>0.25<\/td>\n<\/tr>\n<tr>\n<td>Neritodryas cornea<\/td>\n<td>-<\/td>\n<td>0.25<\/td>\n<\/tr>\n<tr>\n<td>Neritodryas dubia<\/td>\n<td>Blesk nerit<\/td>\n<td>0.25<\/td>\n<\/tr>\n<tr>\n<td>Neritodryas javanica<\/td>\n<td>O-krou\u017eek \u0161neka nerita<\/td>\n<td>0.25<\/td>\n<\/tr>\n<tr>\n<td>Planorbidae<\/td>\n<td>Hlem\u00fd\u017edi z rodu Ramshorn<\/td>\n<td>0.10<\/td>\n<\/tr>\n<tr>\n<td>Pomacea cf. bridgesii<\/td>\n<td>Z\u00e1hadn\u00fd \u0161nek<\/td>\n<td>0.20<\/td>\n<\/tr>\n<tr>\n<td>Septaria sp.<\/td>\n<td>-<\/td>\n<td>0.50<\/td>\n<\/tr>\n<tr>\n<td>Stenomelania acutospira<\/td>\n<td>Hlem\u00fd\u017e\u010f s tyg\u0159\u00edm hrotem<\/td>\n<td>0.25<\/td>\n<\/tr>\n<tr>\n<td>Stenomelania cf. clavus<\/td>\n<td>-<\/td>\n<td>0.25<\/td>\n<\/tr>\n<tr>\n<td>Stenomelania cf. torulosa<\/td>\n<td>\u0160nek s h\u016flkou<\/td>\n<td>0.50<\/td>\n<\/tr>\n<tr>\n<td>Sulcospira testudinaria<\/td>\n<td>\u010cern\u00fd panter hlem\u00fd\u017e\u010f<\/td>\n<td>0.40<\/td>\n<\/tr>\n<tr>\n<td>Tarebia sp.<\/td>\n<td>-<\/td>\n<td>0.30<\/td>\n<\/tr>\n<tr>\n<td>Thiara cancellata<\/td>\n<td>Chlupat\u00fd \u0161nek<\/td>\n<td>0.30<\/td>\n<\/tr>\n<tr>\n<td>Thiara winteri<\/td>\n<td>Trubkovit\u00ed pl\u017ei<\/td>\n<td>0.20<\/td>\n<\/tr>\n<tr>\n<td>Tylomelania baskasti<\/td>\n<td>-<\/td>\n<td>0.50<\/td>\n<\/tr>\n<tr>\n<td>Tylomelania cf. wolterecki<\/td>\n<td>Zelen\u00fd houbov\u00fd kr\u00e1li\u010d\u00ed \u0161nek<\/td>\n<td>0.70<\/td>\n<\/tr>\n<tr>\n<td>Tylomelania gemmifera<\/td>\n<td>\u017dlut\u00fd ant\u00e9nn\u00ed kr\u00e1li\u010d\u00ed \u0161nek<\/td>\n<td>0.50<\/td>\n<\/tr>\n<tr>\n<td>Tylomelania helmuti<\/td>\n<td>\u010cern\u00fd kr\u00e1li\u010d\u00ed \u0161nek<\/td>\n<td>0.50<\/td>\n<\/tr>\n<tr>\n<td>Tylomelania marwotoae<\/td>\n<td>-<\/td>\n<td>0.50<\/td>\n<\/tr>\n<tr>\n<td>Tylomelania patriarchalis<\/td>\n<td>B\u00edl\u00e1 skvrnitost kr\u00e1li\u010d\u00edho pl\u017ee<\/td>\n<td>0.50<\/td>\n<\/tr>\n<tr>\n<td>Tylomelania sarasinorum<\/td>\n<td>-<\/td>\n<td>0.50<\/td>\n<\/tr>\n<tr>\n<td>Tylomelania sinabartfeldi<\/td>\n<td>-<\/td>\n<td>0.35<\/td>\n<\/tr>\n<tr>\n<td>Tylomelania sp.<\/td>\n<td>\u017dlut\u011b skvrnit\u00fd kr\u00e1li\u010d\u00ed pl\u017e<\/td>\n<td>0.50<\/td>\n<\/tr>\n<tr>\n<td>Tylomelania sp.<\/td>\n<td>\u017dlut\u00fd kr\u00e1li\u010d\u00ed \u0161nek<\/td>\n<td>0.50<\/td>\n<\/tr>\n<tr>\n<td>Tylomelania sp. mini<\/td>\n<td>Mini kr\u00e1li\u010d\u00ed \u0161nek<\/td>\n<td>0.35<\/td>\n<\/tr>\n<tr>\n<td>Tylomelania sp.<\/td>\n<td>\u010cokol\u00e1dov\u00fd kr\u00e1li\u010d\u00ed \u0161nek poso<\/td>\n<td>0.50<\/td>\n<\/tr>\n<tr>\n<td>Tylomelania towutensis<\/td>\n<td>Oran\u017eov\u00fd kr\u00e1li\u010d\u00ed \u0161nek<\/td>\n<td>0.50<\/td>\n<\/tr>\n<tr>\n<td>Tylomelania towutica<\/td>\n<td>Zlatoskvrnit\u00fd kr\u00e1li\u010d\u00ed pl\u017e<\/td>\n<td>0.50<\/td>\n<\/tr>\n<tr>\n<td>Tylomelania wolterecki<\/td>\n<td>Towuti yellow spot rabbit snail<\/td>\n<td>0.50<\/td>\n<\/tr>\n<\/tbody>\n<\/table>\n<\/figure>\n\n\t\t<\/div>\n\t<\/div>\n<\/div><\/div><\/div><\/div><\/div>","protected":false},"excerpt":{"rendered":"Snails (Freshwater) Snails have been popular additions to aquaria for decades, mostly to help control algae but also for their looks and interest. At fishbuff you can find a variety of freshwater snails that will fit perfectly inside the aquarium, including the popular species Rabbit snails from Sulawesi. Wholesale Freshwater Snails Scientific name Common name Price (USD) Celetaia persculpta - 0.70 Cerithidea cf. obtusa King snails rabbit snail 0.70 Clea helena Assassin snail 0.20 Clithon corona Horned nerite snail 0.25 Clithon diadema Zebra thorn nerite snails 0.25 Faunus ater Black devil snail 0.30 Filopaludina sp. - 0.50 Melanoides cf. maculata","protected":false},"author":1,"featured_media":0,"parent":136,"menu_order":0,"comment_status":"closed","ping_status":"closed","template":"","meta":{"_seopress_robots_primary_cat":"","_seopress_titles_title":"Snails | Wholesale Freshwater Snails","_seopress_titles_desc":"Discover top-tier wholesale freshwater snails from Indonesia. We are your reliable aquarium snails supplier delivering quality worldwide.","_seopress_robots_index":"","footnotes":""},"class_list":["post-3186","page","type-page","status-publish","hentry"],"_links":{"self":[{"href":"https:\/\/fishbuff.com\/cz\/wp-json\/wp\/v2\/pages\/3186","targetHints":{"allow":["GET"]}}],"collection":[{"href":"https:\/\/fishbuff.com\/cz\/wp-json\/wp\/v2\/pages"}],"about":[{"href":"https:\/\/fishbuff.com\/cz\/wp-json\/wp\/v2\/types\/page"}],"author":[{"embeddable":true,"href":"https:\/\/fishbuff.com\/cz\/wp-json\/wp\/v2\/users\/1"}],"replies":[{"embeddable":true,"href":"https:\/\/fishbuff.com\/cz\/wp-json\/wp\/v2\/comments?post=3186"}],"version-history":[{"count":9,"href":"https:\/\/fishbuff.com\/cz\/wp-json\/wp\/v2\/pages\/3186\/revisions"}],"predecessor-version":[{"id":5310,"href":"https:\/\/fishbuff.com\/cz\/wp-json\/wp\/v2\/pages\/3186\/revisions\/5310"}],"up":[{"embeddable":true,"href":"https:\/\/fishbuff.com\/cz\/wp-json\/wp\/v2\/pages\/136"}],"wp:attachment":[{"href":"https:\/\/fishbuff.com\/cz\/wp-json\/wp\/v2\/media?parent=3186"}],"curies":[{"name":"wp","href":"https:\/\/api.w.org\/{rel}","templated":true}]}}