{"id":3295,"date":"2025-12-26T12:35:34","date_gmt":"2025-12-26T12:35:34","guid":{"rendered":"https:\/\/fishbuff.com\/?page_id=3295"},"modified":"2026-01-29T17:26:28","modified_gmt":"2026-01-29T17:26:28","slug":"basslets","status":"publish","type":"page","link":"https:\/\/fishbuff.com\/cz\/nas-sortiment\/basslets\/","title":{"rendered":"Basslets"},"content":{"rendered":"<div class=\"wpb-content-wrapper\"><div class=\"vc_row wpb_row vc_row-fluid\"><div class=\"wpb_column vc_column_container vc_col-sm-12\"><div class=\"vc_column-inner\"><div class=\"wpb_wrapper\"><h2 style=\"font-size: 42px;color: #333333;line-height: 1.2;text-align: left\" class=\"vc_custom_heading vc_do_custom_heading vc_custom_1769707485385\" >Basslets (Grammatidae)<\/h2>\n\t<div class=\"wpb_text_column wpb_content_element\" >\n\t\t<div class=\"wpb_wrapper\">\n\t\t\t<p>Basslets are small, vibrant marine fish widely popular in the saltwater aquarium hobby for their striking colors and hardy nature. They typically inhabit coral reefs, prefer caves and overhangs for shelter, and include famous species like the Royal Gramma.<\/p>\n\n\t\t<\/div>\n\t<\/div>\n<div id=\"kapee-header-70603\" class=\"kapee-element kapee-heading text-left kapee-width-100 separator-line separator-between-heading\">\t\n\t\t\t\n\t\t\t<div class=\"heading-wrap\">\n\t\t\t<span class=\"separator-left\"><\/span>\n\t\t\t<h3 class=\"heading-title\">Wholesale Basslets <\/h3>\t\t\t<span class=\"separator-right\"><\/span>\n\t\t\t\t\t<\/div>\n\t\t\n    <\/div>\n\t<div class=\"wpb_text_column wpb_content_element\" >\n\t\t<div class=\"wpb_wrapper\">\n\t\t\t<figure class=\"wp-block-table\">\n<table class=\"has-fixed-layout\">\n<tbody>\n<tr>\n<td>V\u011bdeck\u00fd n\u00e1zev<\/td>\n<td>Spole\u010dn\u00fd n\u00e1zev<\/td>\n<td>Cena (USD)<\/td>\n<\/tr>\n<tr>\n<td>Belonoperca chabanaudi<\/td>\n<td>Arrowhead soapfish<\/td>\n<td>-<\/td>\n<\/tr>\n<tr>\n<td>Diploprion bifasciatum<\/td>\n<td>Barred soapfish<\/td>\n<td>-<\/td>\n<\/tr>\n<tr>\n<td>Liopropoma africanum<\/td>\n<td>African basslet<\/td>\n<td>-<\/td>\n<\/tr>\n<tr>\n<td>Liopropoma collettei<\/td>\n<td>Collette&#8217;s basslet<\/td>\n<td>-<\/td>\n<\/tr>\n<tr>\n<td>Liopropoma dorsoluteum<\/td>\n<td>-<\/td>\n<td>-<\/td>\n<\/tr>\n<tr>\n<td>Liopropoma latifasciatum<\/td>\n<td>Blackstripe basslet<\/td>\n<td>75.00<\/td>\n<\/tr>\n<tr>\n<td>Liopropoma lemniscatum<\/td>\n<td>Ribbon basslet<\/td>\n<td>-<\/td>\n<\/tr>\n<tr>\n<td>Liopropoma mitratum<\/td>\n<td>Yellowtail reef basslet<\/td>\n<td>19.00<\/td>\n<\/tr>\n<tr>\n<td>Liopropoma multilineatum<\/td>\n<td>Manyline perch<\/td>\n<td>57.00<\/td>\n<\/tr>\n<tr>\n<td>Liopropoma randalli<\/td>\n<td>-<\/td>\n<td>-<\/td>\n<\/tr>\n<tr>\n<td>Liopropoma susumi<\/td>\n<td>Meteor perch<\/td>\n<td>-<\/td>\n<\/tr>\n<tr>\n<td>Liopropoma swalesi<\/td>\n<td>Swalesi basslet<\/td>\n<td>12.00<\/td>\n<\/tr>\n<tr>\n<td>Liopropoma tonstrinum<\/td>\n<td>Redstriped basslet<\/td>\n<td>-<\/td>\n<\/tr>\n<\/tbody>\n<\/table>\n<\/figure>\n\n\t\t<\/div>\n\t<\/div>\n<\/div><\/div><\/div><\/div><\/div>","protected":false},"excerpt":{"rendered":"Basslets (Grammatidae) Basslets are small, vibrant marine fish widely popular in the saltwater aquarium hobby for their striking colors and hardy nature. They typically inhabit coral reefs, prefer caves and overhangs for shelter, and include famous species like the Royal Gramma. Wholesale Basslets Scientific name Common name Price (USD) Belonoperca chabanaudi Arrowhead soapfish - Diploprion bifasciatum Barred soapfish - Liopropoma africanum African basslet - Liopropoma collettei Collette's basslet - Liopropoma dorsoluteum - - Liopropoma latifasciatum Blackstripe basslet 75.00 Liopropoma lemniscatum Ribbon basslet - Liopropoma mitratum Yellowtail reef basslet 19.00 Liopropoma multilineatum Manyline perch 57.00 Liopropoma randalli - - Liopropoma susumi","protected":false},"author":1,"featured_media":0,"parent":136,"menu_order":0,"comment_status":"closed","ping_status":"closed","template":"","meta":{"_seopress_robots_primary_cat":"","_seopress_titles_title":"Grammatidae | Wholesale Basslets","_seopress_titles_desc":"Discover vibrant basslets from a leading supplier in Indonesia. Quality assurance and worldwide shipping. Contact us for wholesale inquiries!","_seopress_robots_index":"","footnotes":""},"class_list":["post-3295","page","type-page","status-publish","hentry"],"_links":{"self":[{"href":"https:\/\/fishbuff.com\/cz\/wp-json\/wp\/v2\/pages\/3295","targetHints":{"allow":["GET"]}}],"collection":[{"href":"https:\/\/fishbuff.com\/cz\/wp-json\/wp\/v2\/pages"}],"about":[{"href":"https:\/\/fishbuff.com\/cz\/wp-json\/wp\/v2\/types\/page"}],"author":[{"embeddable":true,"href":"https:\/\/fishbuff.com\/cz\/wp-json\/wp\/v2\/users\/1"}],"replies":[{"embeddable":true,"href":"https:\/\/fishbuff.com\/cz\/wp-json\/wp\/v2\/comments?post=3295"}],"version-history":[{"count":3,"href":"https:\/\/fishbuff.com\/cz\/wp-json\/wp\/v2\/pages\/3295\/revisions"}],"predecessor-version":[{"id":5349,"href":"https:\/\/fishbuff.com\/cz\/wp-json\/wp\/v2\/pages\/3295\/revisions\/5349"}],"up":[{"embeddable":true,"href":"https:\/\/fishbuff.com\/cz\/wp-json\/wp\/v2\/pages\/136"}],"wp:attachment":[{"href":"https:\/\/fishbuff.com\/cz\/wp-json\/wp\/v2\/media?parent=3295"}],"curies":[{"name":"wp","href":"https:\/\/api.w.org\/{rel}","templated":true}]}}