{"id":3305,"date":"2025-12-26T12:47:12","date_gmt":"2025-12-26T12:47:12","guid":{"rendered":"https:\/\/fishbuff.com\/?page_id=3305"},"modified":"2026-01-29T17:41:27","modified_gmt":"2026-01-29T17:41:27","slug":"chromis-damselfish","status":"publish","type":"page","link":"https:\/\/fishbuff.com\/cz\/nas-sortiment\/chromis-damselfish\/","title":{"rendered":"Chromis &#038; Damselfish"},"content":{"rendered":"<div class=\"wpb-content-wrapper\"><div class=\"vc_row wpb_row vc_row-fluid\"><div class=\"wpb_column vc_column_container vc_col-sm-12\"><div class=\"vc_column-inner\"><div class=\"wpb_wrapper\"><h2 style=\"font-size: 42px;color: #333333;line-height: 1.2;text-align: left\" class=\"vc_custom_heading vc_do_custom_heading vc_custom_1769708468695\" >Chromis &amp; Damselfish<\/h2>\n\t<div class=\"wpb_text_column wpb_content_element\" >\n\t\t<div class=\"wpb_wrapper\">\n\t\t\t<p>Damselfish and Chromis are small, colorful reef fish from the family Pomacentridae, popular in aquariums. Chromis is a genus within the damselfish family known for peaceful schooling, while other damselfish range from semi-aggressive to territorial.<\/p>\n\n\t\t<\/div>\n\t<\/div>\n<div id=\"kapee-header-96127\" class=\"kapee-element kapee-heading text-left kapee-width-100 separator-line separator-between-heading\">\t\n\t\t\t\n\t\t\t<div class=\"heading-wrap\">\n\t\t\t<span class=\"separator-left\"><\/span>\n\t\t\t<h3 class=\"heading-title\">Wholesale Tropical Fish <\/h3>\t\t\t<span class=\"separator-right\"><\/span>\n\t\t\t\t\t<\/div>\n\t\t\n    <\/div>\n\t<div class=\"wpb_text_column wpb_content_element\" >\n\t\t<div class=\"wpb_wrapper\">\n\t\t\t<figure class=\"wp-block-table\">\n<table class=\"has-fixed-layout\">\n<tbody>\n<tr>\n<td>Black Picasso clownfish<\/td>\n<td>Spole\u010dn\u00fd n\u00e1zev<\/td>\n<td>Cena (USD)<\/td>\n<\/tr>\n<tr>\n<td>Abudefduf saxatilis<\/td>\n<td>Sergeant major<\/td>\n<td>0.75<\/td>\n<\/tr>\n<tr>\n<td>Amblyglyphidodon aureus<\/td>\n<td>Golden damselfish<\/td>\n<td>0.45<\/td>\n<\/tr>\n<tr>\n<td>Chromis retrofasciata<\/td>\n<td>Black bar chromis<\/td>\n<td>1.00<\/td>\n<\/tr>\n<tr>\n<td>Chromis viridis<\/td>\n<td>Green chromis<\/td>\n<td>0.90<\/td>\n<\/tr>\n<tr>\n<td>Chrysiptera cyanea<\/td>\n<td>Blue devil damselfish<\/td>\n<td>1.00<\/td>\n<\/tr>\n<tr>\n<td>Chrysiptera cyanea var.<\/td>\n<td>Orange tail blue devil damselfish<\/td>\n<td>1.75<\/td>\n<\/tr>\n<tr>\n<td>Chrysiptera hemicyanea<\/td>\n<td>Azure damselfish<\/td>\n<td>1.20<\/td>\n<\/tr>\n<tr>\n<td>Chrysiptera hemicyanea var.<\/td>\n<td>Half-blue demonsile damselfish<\/td>\n<td>1.40<\/td>\n<\/tr>\n<tr>\n<td>Chrysiptera leucopoma<\/td>\n<td>Pacific surge damselfish<\/td>\n<td>0.90<\/td>\n<\/tr>\n<tr>\n<td>Chrysiptera parasema<\/td>\n<td>Yellowtail damselfish<\/td>\n<td>0.75<\/td>\n<\/tr>\n<tr>\n<td>Chrysiptera talboti<\/td>\n<td>Talbot&#8217;s damselfish<\/td>\n<td>0.75<\/td>\n<\/tr>\n<tr>\n<td>Dascyllus aruanus<\/td>\n<td>Whitetail dascyllus<\/td>\n<td>0.75<\/td>\n<\/tr>\n<tr>\n<td>Dascyllus melanurus<\/td>\n<td>Four stripe damselfish<\/td>\n<td>0.85<\/td>\n<\/tr>\n<tr>\n<td>Dascyllus reticulatus<\/td>\n<td>Reticulate dascyllus<\/td>\n<td>0.75<\/td>\n<\/tr>\n<tr>\n<td>Dascyllus trimaculatus<\/td>\n<td>Threespot dascyllus<\/td>\n<td>0.75<\/td>\n<\/tr>\n<tr>\n<td>Dischistodus perspicillatus<\/td>\n<td>White damsel<\/td>\n<td>0.75<\/td>\n<\/tr>\n<tr>\n<td>Neoglyphidodon crossi<\/td>\n<td>Cross&#8217; damsel<\/td>\n<td>0.90<\/td>\n<\/tr>\n<tr>\n<td>Neoglyphidodon melas<\/td>\n<td>Bowtie damselfish<\/td>\n<td>0.55<\/td>\n<\/tr>\n<tr>\n<td>Neoglyphidodon nigroris juv.<\/td>\n<td>Black-and-gold chromis<\/td>\n<td>1.00<\/td>\n<\/tr>\n<tr>\n<td>Neoglyphidodon nigroris<\/td>\n<td>Blackmouth bicolor chromis<\/td>\n<td>0.75<\/td>\n<\/tr>\n<tr>\n<td>Neoglyphidodon oxyodon<\/td>\n<td>Neon velvet damselfish<\/td>\n<td>0.55<\/td>\n<\/tr>\n<tr>\n<td>Neopomacentrus nemurus<\/td>\n<td>Coral demoiselle<\/td>\n<td>0.75<\/td>\n<\/tr>\n<tr>\n<td>Plectroglyphidodon dickii<\/td>\n<td>Blackbar devil<\/td>\n<td>1.00<\/td>\n<\/tr>\n<tr>\n<td>Plectroglyphidodon lacrymatus<\/td>\n<td>Jewel damselfish<\/td>\n<td>0.75<\/td>\n<\/tr>\n<tr>\n<td>Pomacentrus alleni<\/td>\n<td>Andaman damsel<\/td>\n<td>0.35<\/td>\n<\/tr>\n<tr>\n<td>Pomacentrus auriventris<\/td>\n<td>Goldbelly damselfish<\/td>\n<td>0.75<\/td>\n<\/tr>\n<tr>\n<td>Pomacentrus coelestis<\/td>\n<td>Neon damselfish<\/td>\n<td>0.75<\/td>\n<\/tr>\n<tr>\n<td>Pomacentrus moluccensis<\/td>\n<td>Lemon damselfish<\/td>\n<td>0.75<\/td>\n<\/tr>\n<tr>\n<td>Pycnochromis leucurus<\/td>\n<td>Whitetail chromis<\/td>\n<td>0.90<\/td>\n<\/tr>\n<tr>\n<td>Pycnochromis margaritifer<\/td>\n<td>Bicolor chromis<\/td>\n<td>0.90<\/td>\n<\/tr>\n<tr>\n<td>Stegastes lacrymatus<\/td>\n<td>Whitespotted devil<\/td>\n<td>0.90<\/td>\n<\/tr>\n<\/tbody>\n<\/table>\n<\/figure>\n\n\t\t<\/div>\n\t<\/div>\n<\/div><\/div><\/div><\/div><\/div>","protected":false},"excerpt":{"rendered":"Chromis &amp; Damselfish Damselfish and Chromis are small, colorful reef fish from the family Pomacentridae, popular in aquariums. Chromis is a genus within the damselfish family known for peaceful schooling, while other damselfish range from semi-aggressive to territorial. Wholesale Tropical Fish Black Picasso clownfish Common name Price (USD) Abudefduf saxatilis Sergeant major 0.75 Amblyglyphidodon aureus Golden damselfish 0.45 Chromis retrofasciata Black bar chromis 1.00 Chromis viridis Green chromis 0.90 Chrysiptera cyanea Blue devil damselfish 1.00 Chrysiptera cyanea var. Orange tail blue devil damselfish 1.75 Chrysiptera hemicyanea Azure damselfish 1.20 Chrysiptera hemicyanea var. Half-blue demonsile damselfish 1.40 Chrysiptera leucopoma Pacific surge","protected":false},"author":1,"featured_media":0,"parent":136,"menu_order":0,"comment_status":"closed","ping_status":"closed","template":"","meta":{"_seopress_robots_primary_cat":"","_seopress_titles_title":"Chromis & Damselfish | Wholesale Tropical Fish","_seopress_titles_desc":"Leading Tropical Fish Exporter from Indonesia offering vibrant Damselfish & Chromis. Perfect for aquariums. Start your order with us today!","_seopress_robots_index":"","footnotes":""},"class_list":["post-3305","page","type-page","status-publish","hentry"],"_links":{"self":[{"href":"https:\/\/fishbuff.com\/cz\/wp-json\/wp\/v2\/pages\/3305","targetHints":{"allow":["GET"]}}],"collection":[{"href":"https:\/\/fishbuff.com\/cz\/wp-json\/wp\/v2\/pages"}],"about":[{"href":"https:\/\/fishbuff.com\/cz\/wp-json\/wp\/v2\/types\/page"}],"author":[{"embeddable":true,"href":"https:\/\/fishbuff.com\/cz\/wp-json\/wp\/v2\/users\/1"}],"replies":[{"embeddable":true,"href":"https:\/\/fishbuff.com\/cz\/wp-json\/wp\/v2\/comments?post=3305"}],"version-history":[{"count":7,"href":"https:\/\/fishbuff.com\/cz\/wp-json\/wp\/v2\/pages\/3305\/revisions"}],"predecessor-version":[{"id":5184,"href":"https:\/\/fishbuff.com\/cz\/wp-json\/wp\/v2\/pages\/3305\/revisions\/5184"}],"up":[{"embeddable":true,"href":"https:\/\/fishbuff.com\/cz\/wp-json\/wp\/v2\/pages\/136"}],"wp:attachment":[{"href":"https:\/\/fishbuff.com\/cz\/wp-json\/wp\/v2\/media?parent=3305"}],"curies":[{"name":"wp","href":"https:\/\/api.w.org\/{rel}","templated":true}]}}