{"id":3354,"date":"2025-12-27T03:58:00","date_gmt":"2025-12-27T03:58:00","guid":{"rendered":"https:\/\/fishbuff.com\/?page_id=3354"},"modified":"2026-01-30T08:32:40","modified_gmt":"2026-01-30T08:32:40","slug":"sea-slug-starfish","status":"publish","type":"page","link":"https:\/\/fishbuff.com\/cz\/nas-sortiment\/sea-slug-starfish\/","title":{"rendered":"Sea slug &#038; Starfish"},"content":{"rendered":"<div class=\"wpb-content-wrapper\"><div class=\"vc_row wpb_row vc_row-fluid\"><div class=\"wpb_column vc_column_container vc_col-sm-12\"><div class=\"vc_column-inner\"><div class=\"wpb_wrapper\"><h2 style=\"font-size: 42px;color: #333333;line-height: 1.2;text-align: left\" class=\"vc_custom_heading vc_do_custom_heading vc_custom_1769761791635\" >Sea slug &amp; Starfish<\/h2>\n\t<div class=\"wpb_text_column wpb_content_element\" >\n\t\t<div class=\"wpb_wrapper\">\n\t\t\t<p>We offer various saltwater species, including sea slugs and starfish, which are known for their bright colors. Both sea slugs and starfish are popular and fascinating marine invertebrates for saltwater aquariums.<\/p>\n\n\t\t<\/div>\n\t<\/div>\n<div id=\"kapee-header-20995\" class=\"kapee-element kapee-heading text-left kapee-width-100 separator-line separator-between-heading\">\t\n\t\t\t\n\t\t\t<div class=\"heading-wrap\">\n\t\t\t<span class=\"separator-left\"><\/span>\n\t\t\t<h3 class=\"heading-title\">Wholesale Marine Invertebrates <\/h3>\t\t\t<span class=\"separator-right\"><\/span>\n\t\t\t\t\t<\/div>\n\t\t\n    <\/div>\n\t<div class=\"wpb_text_column wpb_content_element\" >\n\t\t<div class=\"wpb_wrapper\">\n\t\t\t<figure class=\"wp-block-table\">\n<table class=\"has-fixed-layout\">\n<tbody>\n<tr>\n<td>V\u011bdeck\u00fd n\u00e1zev<\/td>\n<td>Spole\u010dn\u00fd n\u00e1zev<\/td>\n<td>Cena (USD)<\/td>\n<\/tr>\n<tr>\n<td>Bornella stellifer<\/td>\n<td>Starry mouthed nudibranch<\/td>\n<td>1.50<\/td>\n<\/tr>\n<tr>\n<td>Chelidonura varians<\/td>\n<td>Velvet sea slug<\/td>\n<td>1.00<\/td>\n<\/tr>\n<tr>\n<td>Chromodoris annae<\/td>\n<td>Anna&#8217;s chromodoris<\/td>\n<td>1.15<\/td>\n<\/tr>\n<tr>\n<td>Chromodoris sp.<\/td>\n<td>White nudibranch<\/td>\n<td>0.90<\/td>\n<\/tr>\n<tr>\n<td>Chromodoris strigata<\/td>\n<td>Streaked chromodoris<\/td>\n<td>1.00<\/td>\n<\/tr>\n<tr>\n<td>Chromodoris willani<\/td>\n<td>Willan&#8217;s chromodoris<\/td>\n<td>1.40<\/td>\n<\/tr>\n<tr>\n<td>Cyerce nigricans<\/td>\n<td>Black and gold slug<\/td>\n<td>1.00<\/td>\n<\/tr>\n<tr>\n<td>Halgerda batangas<\/td>\n<td>-<\/td>\n<td>1.00<\/td>\n<\/tr>\n<tr>\n<td>Hypselodoris bullocki<\/td>\n<td>Purple nudibranch<\/td>\n<td>1.25<\/td>\n<\/tr>\n<tr>\n<td>Astropecten polyacanthus<\/td>\n<td>Sand sifting starfish<\/td>\n<td>0.75<\/td>\n<\/tr>\n<tr>\n<td>Fromia elegans<\/td>\n<td>Blocked sea star<\/td>\n<td>1.75<\/td>\n<\/tr>\n<tr>\n<td>Fromia milleporella<\/td>\n<td>Red sea star<\/td>\n<td>2.50<\/td>\n<\/tr>\n<tr>\n<td>Fromia monilis<\/td>\n<td>Necklace starfish<\/td>\n<td>2.50<\/td>\n<\/tr>\n<tr>\n<td>Linckia Laevigata<\/td>\n<td>Blue sea star<\/td>\n<td>0.85<\/td>\n<\/tr>\n<tr>\n<td>Nardoa frianti<\/td>\n<td>Friant&#8217;s sea star<\/td>\n<td>1.75<\/td>\n<\/tr>\n<tr>\n<td>Ophiocoma scolopendrina<\/td>\n<td>Brittle star<\/td>\n<td>1.50<\/td>\n<\/tr>\n<tr>\n<td>Ophiolepis superba<\/td>\n<td>Banded serpent starfish<\/td>\n<td>0.75<\/td>\n<\/tr>\n<tr>\n<td>Protoreaster linckii<\/td>\n<td>Red-knobbed starfish<\/td>\n<td>4.75<\/td>\n<\/tr>\n<\/tbody>\n<\/table>\n<\/figure>\n\n\t\t<\/div>\n\t<\/div>\n<\/div><\/div><\/div><\/div><\/div>","protected":false},"excerpt":{"rendered":"Sea slug &amp; Starfish We offer various saltwater species, including sea slugs and starfish, which are known for their bright colors. Both sea slugs and starfish are popular and fascinating marine invertebrates for saltwater aquariums. Wholesale Marine Invertebrates Scientific name Common name Price (USD) Bornella stellifer Starry mouthed nudibranch 1.50 Chelidonura varians Velvet sea slug 1.00 Chromodoris annae Anna's chromodoris 1.15 Chromodoris sp. White nudibranch 0.90 Chromodoris strigata Streaked chromodoris 1.00 Chromodoris willani Willan's chromodoris 1.40 Cyerce nigricans Black and gold slug 1.00 Halgerda batangas - 1.00 Hypselodoris bullocki Purple nudibranch 1.25 Astropecten polyacanthus Sand sifting starfish 0.75 Fromia elegans","protected":false},"author":1,"featured_media":0,"parent":136,"menu_order":0,"comment_status":"closed","ping_status":"closed","template":"","meta":{"_seopress_robots_primary_cat":"","_seopress_titles_title":"Sea slug & Starfish | Wholesale Marine Invertebrates","_seopress_titles_desc":"Discover premium sea slugs and starfish from Indonesia's leading marine invertebrates exporter. Wholesale options at competitive prices!","_seopress_robots_index":"","footnotes":""},"class_list":["post-3354","page","type-page","status-publish","hentry"],"_links":{"self":[{"href":"https:\/\/fishbuff.com\/cz\/wp-json\/wp\/v2\/pages\/3354","targetHints":{"allow":["GET"]}}],"collection":[{"href":"https:\/\/fishbuff.com\/cz\/wp-json\/wp\/v2\/pages"}],"about":[{"href":"https:\/\/fishbuff.com\/cz\/wp-json\/wp\/v2\/types\/page"}],"author":[{"embeddable":true,"href":"https:\/\/fishbuff.com\/cz\/wp-json\/wp\/v2\/users\/1"}],"replies":[{"embeddable":true,"href":"https:\/\/fishbuff.com\/cz\/wp-json\/wp\/v2\/comments?post=3354"}],"version-history":[{"count":4,"href":"https:\/\/fishbuff.com\/cz\/wp-json\/wp\/v2\/pages\/3354\/revisions"}],"predecessor-version":[{"id":3372,"href":"https:\/\/fishbuff.com\/cz\/wp-json\/wp\/v2\/pages\/3354\/revisions\/3372"}],"up":[{"embeddable":true,"href":"https:\/\/fishbuff.com\/cz\/wp-json\/wp\/v2\/pages\/136"}],"wp:attachment":[{"href":"https:\/\/fishbuff.com\/cz\/wp-json\/wp\/v2\/media?parent=3354"}],"curies":[{"name":"wp","href":"https:\/\/api.w.org\/{rel}","templated":true}]}}