{"id":1011,"date":"2025-12-23T15:03:47","date_gmt":"2025-12-23T15:03:47","guid":{"rendered":"https:\/\/fishbuff.com\/?post_type=product&#038;p=1011"},"modified":"2025-12-23T15:03:57","modified_gmt":"2025-12-23T15:03:57","slug":"blonde-japan-blue-double-sword","status":"publish","type":"product","link":"https:\/\/fishbuff.com\/cz\/product\/blonde-japan-blue-double-sword\/","title":{"rendered":"Blonde Japan Blue Double Sword"},"content":{"rendered":"<div class=\"wpb-content-wrapper\"><div class=\"vc_row wpb_row vc_row-fluid\"><div class=\"wpb_column vc_column_container vc_col-sm-12\"><div class=\"vc_column-inner\"><div class=\"wpb_wrapper\"><div id=\"kapee-header-49117\" class=\"kapee-element kapee-heading text-left kapee-width-100 separator-line separator-between-heading\">\t\n\t\t\t\n\t\t\t<div class=\"heading-wrap\">\n\t\t\t<span class=\"separator-left\"><\/span>\n\t\t\t<h2 class=\"heading-title\">Obchod s rybami Guppy <\/h2>\t\t\t<span class=\"separator-right\"><\/span>\n\t\t\t\t\t<\/div>\n\t\t\n    <\/div>\n\t<div class=\"wpb_text_column wpb_content_element\" >\n\t\t<div class=\"wpb_wrapper\">\n\t\t\t<p><span style=\"color: red;\">Uveden\u00e1 cena je za p\u00e1r (jeden samec a jedna samice).<\/span><br \/>\nFotografie ryb jsou po\u0159\u00edzeny co nejp\u0159esn\u011bji. Zobrazen\u00e9 obr\u00e1zky jsou ilustra\u010dn\u00ed a p\u0159edstavuj\u00ed p\u0159esn\u00fd vzhled ryby.<br \/>\nUveden\u00e1 cena zahrnuje n\u00e1klady na dopravu z Indon\u00e9sie prost\u0159ednictv\u00edm spole\u010dnosti Transhipper. Kupuj\u00edc\u00ed mus\u00ed uhradit dovozn\u00ed poplatky a n\u00e1klady na vnitrost\u00e1tn\u00ed p\u0159epravu sv\u00e9mu m\u00edstn\u00edmu agentovi Transhipper.<\/p>\n\n\t\t<\/div>\n\t<\/div>\n<div id=\"kapee-header-72834\" class=\"kapee-element kapee-heading text-left kapee-width-100 separator-none separator-between-heading\">\t\n\t\t\t\n\t\t\t<div class=\"heading-wrap\">\n\t\t\t<span class=\"separator-left\"><\/span>\n\t\t\t<h3 class=\"heading-title\">Koupit \u017eiv\u00e9 akvarijn\u00ed ryby online <\/h3>\t\t\t<span class=\"separator-right\"><\/span>\n\t\t\t\t\t<\/div>\n\t\t\n    <\/div>\n<div id=\"kapee-accordion-72728\" class=\"kapee-element kapee-accordion panel-group accordion-line align-left accordion-icon-plus icon-position-right\">\n\t\n\t\t\t\n\t\t<div class=\"card\">\n\t\t\t<div class=\"card-header\">\n\t\t\t\t<h4 class=\"card-title\">\t\t\t\t\t\n\t\t\t\t\t<a class=\"card-link collapsed\" data-toggle=\"collapse\" href=\"#kp-accordions-71666\">\n\t\t\t\t\t\t\t\t\t\t\t\tKam pos\u00edl\u00e1te ryby?\t\t\t\t\t\t\t\t\t\t\t<\/a>\t\t\t\t\t\n\t\t\t\t<\/h4>\n\t\t\t<\/div>\n\t\t\t<div id=\"kp-accordions-71666\" class=\"collapse\" data-parent=\"#kapee-accordion-72728\">\n\t\t\t\t<div class=\"card-body\">\n\t\t\t\t\t\n\t<div class=\"wpb_text_column wpb_content_element\" >\n\t\t<div class=\"wpb_wrapper\">\n\t\t\t<p>Na\u0161e ryby pro maloobchodn\u00ed objedn\u00e1vky zas\u00edl\u00e1me pouze do n\u011bkter\u00fdch zem\u00ed. Zas\u00edl\u00e1n\u00ed je omezeno na n\u00e1sleduj\u00edc\u00ed zem\u011b; Austr\u00e1lie\/ Rakousko\/ Barbados\/ Belgie\/ Bol\u00edvie\/ Braz\u00edlie\/ Brunej\/ Bulharsko\/ Kambod\u017ea\/ Kanada\/ Chile\/ \u010c\u00edna\/ Kolumbie\/ Kostarika\/ Chorvatsko\/ Kypr\/ \u010cesk\u00e1 republika\/ D\u00e1nsko\/ Dominik\u00e1nsk\u00e1 republika\/ Ekv\u00e1dor\/ Estonsko\/ Finsko\/ Francie\/ N\u011bmecko\/ \u0158ecko\/ Guam\/ Haiti\/ Hongkong\/ Ma\u010farsko\/ Indie\/ Irsko\/ It\u00e1lie\/ Japonsko\/ Kuvajt\/ Loty\u0161sko\/ Lichten\u0161tejnsko\/ Litva\/ Lucembursko\/ Malajsie\/. Mexiko\/ Myanmar\/ Nizozemsko\/ Norsko\/ Om\u00e1n\/ Panama\/ Paraguay\/ Peru\/ Portoriko\/ Filip\u00edny\/ Polsko\/ Portugalsko\/ Rumunsko\/ San Marino\/ Srbsko\/ Singapur\/ Slovensko\/ Slovinsko\/ Jihoafrick\u00e1 republika\/ Ji\u017en\u00ed Korea\/ \u0160pan\u011blsko\/ Surinam\/ \u0160v\u00e9dsko\/ \u0160v\u00fdcarsko\/ Tchaj-wan\/ Thajsko\/ Trinidad a Tobago\/ Turks a Caicos\/ Spojen\u00e9 arabsk\u00e9 emir\u00e1ty\/ Velk\u00e1 Brit\u00e1nie\/ Spojen\u00e9 st\u00e1ty\/ Americk\u00e9 Panensk\u00e9 ostrovy\/ Vietnam.<\/p>\n\n\t\t<\/div>\n\t<\/div>\n\t\t\t\t<\/div>\n\t\t\t<\/div>\n\t\t<\/div>\n\t\t\t\n\t\t<div class=\"card\">\n\t\t\t<div class=\"card-header\">\n\t\t\t\t<h4 class=\"card-title\">\t\t\t\t\t\n\t\t\t\t\t<a class=\"card-link collapsed\" data-toggle=\"collapse\" href=\"#kp-accordions-11522\">\n\t\t\t\t\t\t\t\t\t\t\t\tZa jak dlouho obdr\u017e\u00edm rybu?\t\t\t\t\t\t\t\t\t\t\t<\/a>\t\t\t\t\t\n\t\t\t\t<\/h4>\n\t\t\t<\/div>\n\t\t\t<div id=\"kp-accordions-11522\" class=\"collapse\" data-parent=\"#kapee-accordion-72728\">\n\t\t\t\t<div class=\"card-body\">\n\t\t\t\t\t\n\t<div class=\"wpb_text_column wpb_content_element\" >\n\t\t<div class=\"wpb_wrapper\">\n\t\t\t<p>Objedn\u00e1vku obvykle obdr\u017e\u00edte do 7-14 pracovn\u00edch dn\u016f. V n\u011bkter\u00fdch p\u0159\u00edpadech to m\u016f\u017ee trvat i m\u011bs\u00edc.<\/p>\n\n\t\t<\/div>\n\t<\/div>\n\t\t\t\t<\/div>\n\t\t\t<\/div>\n\t\t<\/div>\n\t\t\t\n\t\t<div class=\"card\">\n\t\t\t<div class=\"card-header\">\n\t\t\t\t<h4 class=\"card-title\">\t\t\t\t\t\n\t\t\t\t\t<a class=\"card-link collapsed\" data-toggle=\"collapse\" href=\"#kp-accordions-69413\">\n\t\t\t\t\t\t\t\t\t\t\t\tPro\u010d trv\u00e1 tak dlouho, ne\u017e dostanu rybu?\t\t\t\t\t\t\t\t\t\t\t<\/a>\t\t\t\t\t\n\t\t\t\t<\/h4>\n\t\t\t<\/div>\n\t\t\t<div id=\"kp-accordions-69413\" class=\"collapse\" data-parent=\"#kapee-accordion-72728\">\n\t\t\t\t<div class=\"card-body\">\n\t\t\t\t\t\n\t<div class=\"wpb_text_column wpb_content_element\" >\n\t\t<div class=\"wpb_wrapper\">\n\t\t\t<p>Maloobchodn\u00ed objedn\u00e1vky zas\u00edl\u00e1me pouze prost\u0159ednictv\u00edm p\u0159epravce. Z\u00e1silky jsou odes\u00edl\u00e1ny na z\u00e1klad\u011b jejich dostupn\u00e9ho m\u011bs\u00ed\u010dn\u00edho pl\u00e1nu, kter\u00fd si stanovuje s\u00e1m p\u0159ekladatel.<br \/>\nN\u011bkter\u00e9 zem\u011b, kter\u00e9 nemus\u00ed m\u00edt dostate\u010dn\u011b velk\u00fd objem p\u0159epravy, maj\u00ed obvykle velmi omezen\u00e9 j\u00edzdn\u00ed \u0159\u00e1dy.<br \/>\nPokud se chcete ujistit, kdy je ten spr\u00e1vn\u00fd \u010das na zad\u00e1n\u00ed objedn\u00e1vky, m\u016f\u017eete n\u00e1s nejprve kontaktovat.<\/p>\n\n\t\t<\/div>\n\t<\/div>\n\t\t\t\t<\/div>\n\t\t\t<\/div>\n\t\t<\/div>\n\t\t\t\n\t\t<div class=\"card\">\n\t\t\t<div class=\"card-header\">\n\t\t\t\t<h4 class=\"card-title\">\t\t\t\t\t\n\t\t\t\t\t<a class=\"card-link collapsed\" data-toggle=\"collapse\" href=\"#kp-accordions-68250\">\n\t\t\t\t\t\t\t\t\t\t\t\tCo kdy\u017e moje ryba doraz\u00ed mrtv\u00e1?\t\t\t\t\t\t\t\t\t\t\t<\/a>\t\t\t\t\t\n\t\t\t\t<\/h4>\n\t\t\t<\/div>\n\t\t\t<div id=\"kp-accordions-68250\" class=\"collapse\" data-parent=\"#kapee-accordion-72728\">\n\t\t\t\t<div class=\"card-body\">\n\t\t\t\t\t\n\t<div class=\"wpb_text_column wpb_content_element\" >\n\t\t<div class=\"wpb_wrapper\">\n\t\t\t<p>V p\u0159\u00edpad\u011b, \u017ee obdr\u017e\u00edte mrtvou rybu, mus\u00edte n\u00e1s kontaktovat do 24 hodin od jej\u00edho p\u0159\u00edchodu. Na pozd\u011bj\u0161\u00ed reklamace nebude br\u00e1n z\u0159etel.<br \/>\nV p\u0159\u00edpad\u011b \u00famrt\u00ed n\u00e1m pros\u00edm za\u0161lete jasnou fotografii mrtv\u00e9 ryby v neotev\u0159en\u00e9m s\u00e1\u010dku. Z\u00e1kazn\u00edk m\u016f\u017ee svou reklamaci zaslat e-mailem na adresu support@fishbuff.com nebo prost\u0159ednictv\u00edm aplikace WhatsApp (+62) 821-3871-8445.<\/p>\n\n\t\t<\/div>\n\t<\/div>\n\t\t\t\t<\/div>\n\t\t\t<\/div>\n\t\t<\/div>\n\t\t\t\n\t\t<div class=\"card\">\n\t\t\t<div class=\"card-header\">\n\t\t\t\t<h4 class=\"card-title\">\t\t\t\t\t\n\t\t\t\t\t<a class=\"card-link collapsed\" data-toggle=\"collapse\" href=\"#kp-accordions-95939\">\n\t\t\t\t\t\t\t\t\t\t\t\tP\u0159ijali jste vr\u00e1cen\u00ed nebo v\u00fdm\u011bnu?\t\t\t\t\t\t\t\t\t\t\t<\/a>\t\t\t\t\t\n\t\t\t\t<\/h4>\n\t\t\t<\/div>\n\t\t\t<div id=\"kp-accordions-95939\" class=\"collapse\" data-parent=\"#kapee-accordion-72728\">\n\t\t\t\t<div class=\"card-body\">\n\t\t\t\t\t\n\t<div class=\"wpb_text_column wpb_content_element\" >\n\t\t<div class=\"wpb_wrapper\">\n\t\t\t<p>Nenab\u00edz\u00edme \u017e\u00e1dn\u00e9 vr\u00e1cen\u00ed ani v\u00fdm\u011bnu, ale r\u00e1di vym\u011bn\u00edme v\u0161echny objedn\u00e1vky, kter\u00e9 spl\u0148uj\u00ed na\u0161e reklama\u010dn\u00ed podm\u00ednky.<\/p>\n\n\t\t<\/div>\n\t<\/div>\n\t\t\t\t<\/div>\n\t\t\t<\/div>\n\t\t<\/div>\n\t<\/div><\/div><\/div><\/div><\/div>\n<\/div>","protected":false},"excerpt":{"rendered":"<p style=\"color: red;\">P\u0159e\u010dt\u011bte si pros\u00edm na\u0161e <a href=\"https:\/\/fishbuff.com\/cz\/terms-conditions\/\" target=\"_blank\" rel=\"noopener\">Podm\u00ednky a pravidla<\/a> p\u0159ed n\u00e1kupem.<br \/>\nN\u00e1kupem jsme dali najevo, \u017ee souhlas\u00edte s platn\u00fdmi podm\u00ednkami a souhlas\u00edte s nimi.<\/p>","protected":false},"featured_media":1041,"comment_status":"open","ping_status":"closed","template":"","meta":{"_seopress_robots_primary_cat":"91","_seopress_titles_title":"Buy Blonde Japan Blue Double Sword Guppies","_seopress_titles_desc":"Buy Blonde Japan Blue Double Sword guppies with Live Arrival Guarantee. Price includes shipping from Indonesia. Contact support for any issues!","_seopress_robots_index":""},"product_brand":[],"product_cat":[69],"product_tag":[],"class_list":{"0":"post-1011","1":"product","2":"type-product","3":"status-publish","4":"has-post-thumbnail","6":"product_cat-guppy","8":"first","9":"instock","10":"shipping-taxable","11":"purchasable","12":"product-type-simple","13":"add-to-wishlist-after_add_to_cart"},"_links":{"self":[{"href":"https:\/\/fishbuff.com\/cz\/wp-json\/wp\/v2\/product\/1011","targetHints":{"allow":["GET"]}}],"collection":[{"href":"https:\/\/fishbuff.com\/cz\/wp-json\/wp\/v2\/product"}],"about":[{"href":"https:\/\/fishbuff.com\/cz\/wp-json\/wp\/v2\/types\/product"}],"replies":[{"embeddable":true,"href":"https:\/\/fishbuff.com\/cz\/wp-json\/wp\/v2\/comments?post=1011"}],"wp:featuredmedia":[{"embeddable":true,"href":"https:\/\/fishbuff.com\/cz\/wp-json\/wp\/v2\/media\/1041"}],"wp:attachment":[{"href":"https:\/\/fishbuff.com\/cz\/wp-json\/wp\/v2\/media?parent=1011"}],"wp:term":[{"taxonomy":"product_brand","embeddable":true,"href":"https:\/\/fishbuff.com\/cz\/wp-json\/wp\/v2\/product_brand?post=1011"},{"taxonomy":"product_cat","embeddable":true,"href":"https:\/\/fishbuff.com\/cz\/wp-json\/wp\/v2\/product_cat?post=1011"},{"taxonomy":"product_tag","embeddable":true,"href":"https:\/\/fishbuff.com\/cz\/wp-json\/wp\/v2\/product_tag?post=1011"}],"curies":[{"name":"wp","href":"https:\/\/api.w.org\/{rel}","templated":true}]}}