{"id":1233,"date":"2025-12-23T15:04:53","date_gmt":"2025-12-23T15:04:53","guid":{"rendered":"https:\/\/fishbuff.com\/?post_type=product&#038;p=1233"},"modified":"2026-01-14T07:58:27","modified_gmt":"2026-01-14T07:58:27","slug":"golden-head-leopard-veiltail","status":"publish","type":"product","link":"https:\/\/fishbuff.com\/cz\/product\/golden-head-leopard-veiltail\/","title":{"rendered":"Golden Head Leopard Veiltail"},"content":{"rendered":"<div class=\"wpb-content-wrapper\"><div class=\"vc_row wpb_row vc_row-fluid\"><div class=\"wpb_column vc_column_container vc_col-sm-12\"><div class=\"vc_column-inner\"><div class=\"wpb_wrapper\">\n\t<div class=\"wpb_text_column wpb_content_element\" >\n\t\t<div class=\"wpb_wrapper\">\n\t\t\t<p style=\"font-size: 24px; color: #0ca4ff; font-weight: bold; margin: 0;\">Z\u00e1ruka 2 dny <a style=\"color: #333333; font-size: 12px; font-weight: normal;\" href=\"https:\/\/fishbuff.com\/cz\/our-guarantee\/\">Zjist\u011bte v\u00edce<\/a><\/p>\n<p><span style=\"color: red;\">Uveden\u00e1 cena je za p\u00e1r (jeden samec a jedna samice).<\/span><br \/>\nFotografie ryb jsou po\u0159\u00edzeny co nejp\u0159esn\u011bji. Zobrazen\u00e9 obr\u00e1zky jsou ilustra\u010dn\u00ed a p\u0159edstavuj\u00ed p\u0159esn\u00fd vzhled ryby.<br \/>\nUveden\u00e1 cena zahrnuje n\u00e1klady na dopravu z Indon\u00e9sie prost\u0159ednictv\u00edm spole\u010dnosti Transhipper. Kupuj\u00edc\u00ed mus\u00ed uhradit dovozn\u00ed poplatky a n\u00e1klady na vnitrost\u00e1tn\u00ed p\u0159epravu sv\u00e9mu m\u00edstn\u00edmu agentovi Transhipper.<\/p>\n\n\t\t<\/div>\n\t<\/div>\n<div id=\"kapee-header-24463\" class=\"kapee-element kapee-heading text-left kapee-width-100 separator-line separator-between-heading\">\t\n\t\t\t\n\t\t\t<div class=\"heading-wrap\">\n\t\t\t<span class=\"separator-left\"><\/span>\n\t\t\t<h2 class=\"heading-title\">Poecilia Sphenops (Common Molly) <\/h2>\t\t\t<span class=\"separator-right\"><\/span>\n\t\t\t\t\t<\/div>\n\t\t\n    <\/div><\/div><\/div><\/div><\/div><div class=\"vc_row wpb_row vc_row-fluid\"><div class=\"wpb_column vc_column_container vc_col-sm-6\"><div class=\"vc_column-inner\"><div class=\"wpb_wrapper\">\n\t<div class=\"wpb_text_column wpb_content_element\" >\n\t\t<div class=\"wpb_wrapper\">\n\t\t\t<h3 style=\"font-size: 24px; margin: 0.67em 0;\">Golden Head Leopard Molly<\/h3>\n<p>The Golden Head Leopard Veiltail, known for its golden head, leopard-like spots, and flowing, long fins (Veiltail).<\/p>\n<p><strong>P\u016fvod<\/strong> - Chov na farm\u011b<br \/>\n<strong>Dieta<\/strong> - V\u0161e\u017eravec<br \/>\n<strong>pH<\/strong> &#8211; 7.5 to 8.5<br \/>\n<strong>Temp<\/strong> \u2013 26\u00b0C to 30\u00b0C<br \/>\n<strong>Sex<\/strong> - P\u00e1r (samec a samice)<\/p>\n\n\t\t<\/div>\n\t<\/div>\n<\/div><\/div><\/div><div class=\"wpb_column vc_column_container vc_col-sm-6\"><div class=\"vc_column-inner\"><div class=\"wpb_wrapper\"><div id=\"kapee-header-98028\" class=\"kapee-element kapee-heading text-left kapee-width-100 separator-none separator-between-heading\">\t\n\t\t\t\n\t\t\t<div class=\"heading-wrap\">\n\t\t\t<span class=\"separator-left\"><\/span>\n\t\t\t<h3 class=\"heading-title\">Rychl\u00e9 statistiky <\/h3>\t\t\t<span class=\"separator-right\"><\/span>\n\t\t\t\t\t<\/div>\n\t\t\n    <\/div><div class=\"vc_progress_bar wpb_content_element\" ><div class=\"vc_general vc_single_bar\"><small class=\"vc_label\" style=\"color: #FFFFFF;\">RARITA<\/small><span class=\"vc_bar\" data-percentage-value=\"50\" data-value=\"50\" style=\"background-color: #0CA4FF;\"><\/span><\/div><div class=\"vc_general vc_single_bar\"><small class=\"vc_label\" style=\"color: #FFFFFF;\">\u00daROVE\u0147 P\u00c9\u010cE<\/small><span class=\"vc_bar\" data-percentage-value=\"50\" data-value=\"50\" style=\"background-color: #0CA4FF;\"><\/span><\/div><div class=\"vc_general vc_single_bar\"><small class=\"vc_label\" style=\"color: #FFFFFF;\">TEMPERAMENT<\/small><span class=\"vc_bar\" data-percentage-value=\"25\" data-value=\"25\" style=\"background-color: #0CA4FF;\"><\/span><\/div><div class=\"vc_general vc_single_bar\"><small class=\"vc_label\" style=\"color: #FFFFFF;\">KOMPATIBILITA<\/small><span class=\"vc_bar\" data-percentage-value=\"100\" data-value=\"100\" style=\"background-color: #0CA4FF;\"><\/span><\/div><div class=\"vc_general vc_single_bar\"><small class=\"vc_label\" style=\"color: #FFFFFF;\">N\u00c1DR\u017d S ROSTLINAMI<\/small><span class=\"vc_bar\" data-percentage-value=\"100\" data-value=\"100\" style=\"background-color: #0CA4FF;\"><\/span><\/div><\/div><\/div><\/div><\/div><\/div>\n<\/div>","protected":false},"excerpt":{"rendered":"<p style=\"color: red;\">P\u0159e\u010dt\u011bte si pros\u00edm na\u0161e <a href=\"https:\/\/fishbuff.com\/cz\/terms-conditions\/\" target=\"_blank\" rel=\"noopener\">Podm\u00ednky a pravidla<\/a> p\u0159ed n\u00e1kupem.<br \/>\nN\u00e1kupem d\u00e1v\u00e1me najevo, \u017ee souhlas\u00edte s platn\u00fdmi podm\u00ednkami a souhlas\u00edte s nimi.<\/p>","protected":false},"featured_media":1263,"comment_status":"open","ping_status":"closed","template":"","meta":{"_seopress_robots_primary_cat":"none","_seopress_titles_title":"Buy Golden Head Leopard Veiltail Mollies with Guarantee","_seopress_titles_desc":"Shop Golden Head Leopard Veiltail molly pairs from Indonesia. Includes shipping, with a Live Arrival Guarantee. Contact us for any claims within 24 hours.","_seopress_robots_index":""},"product_brand":[],"product_cat":[71],"product_tag":[],"class_list":{"0":"post-1233","1":"product","2":"type-product","3":"status-publish","4":"has-post-thumbnail","6":"product_cat-molly","8":"first","9":"instock","10":"shipping-taxable","11":"purchasable","12":"product-type-simple","13":"add-to-wishlist-after_add_to_cart"},"_links":{"self":[{"href":"https:\/\/fishbuff.com\/cz\/wp-json\/wp\/v2\/product\/1233","targetHints":{"allow":["GET"]}}],"collection":[{"href":"https:\/\/fishbuff.com\/cz\/wp-json\/wp\/v2\/product"}],"about":[{"href":"https:\/\/fishbuff.com\/cz\/wp-json\/wp\/v2\/types\/product"}],"replies":[{"embeddable":true,"href":"https:\/\/fishbuff.com\/cz\/wp-json\/wp\/v2\/comments?post=1233"}],"wp:featuredmedia":[{"embeddable":true,"href":"https:\/\/fishbuff.com\/cz\/wp-json\/wp\/v2\/media\/1263"}],"wp:attachment":[{"href":"https:\/\/fishbuff.com\/cz\/wp-json\/wp\/v2\/media?parent=1233"}],"wp:term":[{"taxonomy":"product_brand","embeddable":true,"href":"https:\/\/fishbuff.com\/cz\/wp-json\/wp\/v2\/product_brand?post=1233"},{"taxonomy":"product_cat","embeddable":true,"href":"https:\/\/fishbuff.com\/cz\/wp-json\/wp\/v2\/product_cat?post=1233"},{"taxonomy":"product_tag","embeddable":true,"href":"https:\/\/fishbuff.com\/cz\/wp-json\/wp\/v2\/product_tag?post=1233"}],"curies":[{"name":"wp","href":"https:\/\/api.w.org\/{rel}","templated":true}]}}