{"id":2000,"date":"2025-12-23T15:09:07","date_gmt":"2025-12-23T15:09:07","guid":{"rendered":"https:\/\/fishbuff.com\/?post_type=product&#038;p=2000"},"modified":"2025-12-23T15:09:10","modified_gmt":"2025-12-23T15:09:10","slug":"mandarin-vampire-crab","status":"publish","type":"product","link":"https:\/\/fishbuff.com\/cz\/product\/mandarin-vampire-crab\/","title":{"rendered":"Mandarin Vampire Crab"},"content":{"rendered":"<div class=\"wpb-content-wrapper\"><div class=\"vc_row wpb_row vc_row-fluid\"><div class=\"wpb_column vc_column_container vc_col-sm-12\"><div class=\"vc_column-inner\"><div class=\"wpb_wrapper\"><div id=\"kapee-header-94266\" class=\"kapee-element kapee-heading text-left kapee-width-100 separator-line separator-between-heading\">\t\n\t\t\t\n\t\t\t<div class=\"heading-wrap\">\n\t\t\t<span class=\"separator-left\"><\/span>\n\t\t\t<h2 class=\"heading-title\">Sladkovodn\u00ed krabi <\/h2>\t\t\t<span class=\"separator-right\"><\/span>\n\t\t\t\t\t<\/div>\n\t\t\n    <\/div>\n\t<div class=\"wpb_text_column wpb_content_element\" >\n\t\t<div class=\"wpb_wrapper\">\n\t\t\t<p><span data-huuid=\"15399584108736243872\">Na rozs\u00e1hl\u00fdch indon\u00e9sk\u00fdch ostrovech \u017eij\u00ed rozmanit\u00e9 populace sladkovodn\u00edch krab\u016f. <\/span><span data-huuid=\"16466880925361144928\">Rozs\u00e1hl\u00e1 souostrovn\u00ed p\u0159\u00edroda zem\u011b poskytuje t\u011bmto desetino\u017ec\u016fm rozmanit\u00e9 prost\u0159ed\u00ed, p\u0159i\u010dem\u017e st\u00e1le doch\u00e1z\u00ed k objev\u016fm nov\u00fdch druh\u016f a druh\u016f jako Parathelphusa pardus a Malayopotamon weh ze Sumatry.<\/span><\/p>\n\n\t\t<\/div>\n\t<\/div>\n<div id=\"kapee-header-47862\" class=\"kapee-element kapee-heading text-left kapee-width-100 separator-line separator-between-heading\">\t\n\t\t\t\n\t\t\t<div class=\"heading-wrap\">\n\t\t\t<span class=\"separator-left\"><\/span>\n\t\t\t<h3 class=\"heading-title\">Velkoobchodn\u00ed prodej sladkovodn\u00edch krab\u016f <\/h3>\t\t\t<span class=\"separator-right\"><\/span>\n\t\t\t\t\t<\/div>\n\t\t\n    <\/div>\n\t<div class=\"wpb_text_column wpb_content_element\" >\n\t\t<div class=\"wpb_wrapper\">\n\t\t\t<p>D\u00edky na\u0161\u00ed \u0161pi\u010dkov\u00e9 kvalit\u011b sladkovodn\u00edch krab\u016f n\u011bkolika druh\u016f a \u0161pi\u010dkov\u00e9 z\u00e1kaznick\u00e9 podpo\u0159e jsme uspokojili tis\u00edce z\u00e1kazn\u00edk\u016f. Objevte na\u0161i kolekci sladkovodn\u00edch krab\u016f, v\u010detn\u011b prav\u00fdch vodn\u00edch, polovodn\u00edch a suchozemsk\u00fdch druh\u016f. Pono\u0159te se do podmaniv\u00e9 nab\u00eddky kor\u00fd\u0161\u016f.<\/p>\n\n\t\t<\/div>\n\t<\/div>\n<\/div><\/div><\/div><\/div>\n<\/div>","protected":false},"excerpt":{"rendered":"Freshwater Crabs Indonesia's extensive islands support diverse freshwater crab populations. The country's vast archipelagic nature provides diverse habitats for these decapods, with ongoing discoveries of new species and species like Parathelphusa pardus and Malayopotamon weh from Sumatra. Wholesale Freshwater Crabs We have satisfied thousands of customers with our top-quality freshwater crabs from several species and our top-notch customer support. Discover our collection of Freshwater Crabs, including True Aquatic, Semi-Aquatic, and Terrestrial varieties. Delve into a captivating range of crustaceans.","protected":false},"featured_media":2030,"comment_status":"open","ping_status":"closed","template":"","meta":{"_seopress_robots_primary_cat":"none","_seopress_titles_title":"Wholesale Mandarin Vampire Crab for Sale","_seopress_titles_desc":"Discover live Mandarin Vampire Crab at wholesale prices. Perfect for your freshwater aquarium. Shop now for vibrant Geosesarma notophorum.","_seopress_robots_index":""},"product_brand":[],"product_cat":[87],"product_tag":[],"class_list":{"0":"post-2000","1":"product","2":"type-product","3":"status-publish","4":"has-post-thumbnail","6":"product_cat-crabs","8":"first","9":"instock","10":"shipping-taxable","11":"purchasable","12":"product-type-simple","13":"add-to-wishlist-after_add_to_cart"},"_links":{"self":[{"href":"https:\/\/fishbuff.com\/cz\/wp-json\/wp\/v2\/product\/2000","targetHints":{"allow":["GET"]}}],"collection":[{"href":"https:\/\/fishbuff.com\/cz\/wp-json\/wp\/v2\/product"}],"about":[{"href":"https:\/\/fishbuff.com\/cz\/wp-json\/wp\/v2\/types\/product"}],"replies":[{"embeddable":true,"href":"https:\/\/fishbuff.com\/cz\/wp-json\/wp\/v2\/comments?post=2000"}],"wp:featuredmedia":[{"embeddable":true,"href":"https:\/\/fishbuff.com\/cz\/wp-json\/wp\/v2\/media\/2030"}],"wp:attachment":[{"href":"https:\/\/fishbuff.com\/cz\/wp-json\/wp\/v2\/media?parent=2000"}],"wp:term":[{"taxonomy":"product_brand","embeddable":true,"href":"https:\/\/fishbuff.com\/cz\/wp-json\/wp\/v2\/product_brand?post=2000"},{"taxonomy":"product_cat","embeddable":true,"href":"https:\/\/fishbuff.com\/cz\/wp-json\/wp\/v2\/product_cat?post=2000"},{"taxonomy":"product_tag","embeddable":true,"href":"https:\/\/fishbuff.com\/cz\/wp-json\/wp\/v2\/product_tag?post=2000"}],"curies":[{"name":"wp","href":"https:\/\/api.w.org\/{rel}","templated":true}]}}