{"id":2583,"date":"2025-12-23T15:12:29","date_gmt":"2025-12-23T15:12:29","guid":{"rendered":"https:\/\/fishbuff.com\/?post_type=product&#038;p=2583"},"modified":"2025-12-23T15:12:36","modified_gmt":"2025-12-23T15:12:36","slug":"bucephalandra-black-pink","status":"publish","type":"product","link":"https:\/\/fishbuff.com\/cz\/product\/bucephalandra-black-pink\/","title":{"rendered":"Bucephalandra Black Pink"},"content":{"rendered":"<div class=\"wpb-content-wrapper\"><div class=\"vc_row wpb_row vc_row-fluid\"><div class=\"wpb_column vc_column_container vc_col-sm-12\"><div class=\"vc_column-inner\"><div class=\"wpb_wrapper\"><div id=\"kapee-header-72696\" class=\"kapee-element kapee-heading text-left kapee-width-100 separator-line separator-between-heading\">\t\n\t\t\t\n\t\t\t<div class=\"heading-wrap\">\n\t\t\t<span class=\"separator-left\"><\/span>\n\t\t\t<h2 class=\"heading-title\">Akvarijn\u00ed rostliny <\/h2>\t\t\t<span class=\"separator-right\"><\/span>\n\t\t\t\t\t<\/div>\n\t\t\n    <\/div>\n\t<div class=\"wpb_text_column wpb_content_element\" >\n\t\t<div class=\"wpb_wrapper\">\n\t\t\t<p>Vodn\u00edm rostlin\u00e1m se da\u0159\u00ed ve vodn\u00edm prost\u0159ed\u00ed, nap\u0159\u00edklad ve sladkovodn\u00edch jezerech, \u0159ek\u00e1ch, mok\u0159adech, a dokonce i v brakick\u00fdch a slan\u00fdch vod\u00e1ch. \u0158ad\u00ed se do r\u016fzn\u00fdch ekologick\u00fdch spole\u010denstev v\u010detn\u011b \u0159\u00ed\u010dn\u00edch, jezern\u00edch a bahenn\u00edch.<\/p>\n\n\t\t<\/div>\n\t<\/div>\n<div id=\"kapee-header-44063\" class=\"kapee-element kapee-heading text-left kapee-width-100 separator-line separator-between-heading\">\t\n\t\t\t\n\t\t\t<div class=\"heading-wrap\">\n\t\t\t<span class=\"separator-left\"><\/span>\n\t\t\t<h3 class=\"heading-title\">Velkoobchod s vodn\u00edmi rostlinami <\/h3>\t\t\t<span class=\"separator-right\"><\/span>\n\t\t\t\t\t<\/div>\n\t\t\n    <\/div>\n\t<div class=\"wpb_text_column wpb_content_element\" >\n\t\t<div class=\"wpb_wrapper\">\n\t\t\t<p>Nab\u00edz\u00edme \u0161irok\u00fd sortiment tropick\u00fdch akvarijn\u00edch rostlin nejvy\u0161\u0161\u00ed kvality. Akvarijn\u00ed rostliny zlep\u0161\u00ed vzhled va\u0161\u00ed n\u00e1dr\u017ee, dodaj\u00ed j\u00ed barvu, styl a \u017eivot. Po\u0159i\u010fte si vysoce kvalitn\u00ed \u010derstv\u00e9 akvarijn\u00ed rostliny z farem na velkoobchodn\u00ed \u00farovni.<\/p>\n\n\t\t<\/div>\n\t<\/div>\n<\/div><\/div><\/div><\/div>\n<\/div>","protected":false},"excerpt":{"rendered":"Aquarium Plants Aquatic plants thrive in water environments such as freshwater lakes, rivers, wetlands, and even brackish and saltwater regions. They are categorized into various ecological communities including riverine, lacustrine, and palustrine. Wholesale Aquatic Plants We offer a wide range of tropical aquarium plants of the highest quality. Aquarium plants enhance the look of your tank, adding colour, style and life. Get high-quality farm-fresh aquatic plants on a wholesale level.","protected":false},"featured_media":2613,"comment_status":"open","ping_status":"closed","template":"","meta":{"_seopress_robots_primary_cat":"none","_seopress_titles_title":"Bucephalandra Black Pink | Wholesale Aquatic Plants","_seopress_titles_desc":"Discover the stunning Bucephalandra Black Pink, the perfect choice for aquascaping. Buy these unique freshwater aquarium plants online today!","_seopress_robots_index":""},"product_brand":[],"product_cat":[95],"product_tag":[],"class_list":{"0":"post-2583","1":"product","2":"type-product","3":"status-publish","4":"has-post-thumbnail","6":"product_cat-aquatic-plants","8":"first","9":"instock","10":"shipping-taxable","11":"purchasable","12":"product-type-simple","13":"add-to-wishlist-after_add_to_cart"},"_links":{"self":[{"href":"https:\/\/fishbuff.com\/cz\/wp-json\/wp\/v2\/product\/2583","targetHints":{"allow":["GET"]}}],"collection":[{"href":"https:\/\/fishbuff.com\/cz\/wp-json\/wp\/v2\/product"}],"about":[{"href":"https:\/\/fishbuff.com\/cz\/wp-json\/wp\/v2\/types\/product"}],"replies":[{"embeddable":true,"href":"https:\/\/fishbuff.com\/cz\/wp-json\/wp\/v2\/comments?post=2583"}],"wp:featuredmedia":[{"embeddable":true,"href":"https:\/\/fishbuff.com\/cz\/wp-json\/wp\/v2\/media\/2613"}],"wp:attachment":[{"href":"https:\/\/fishbuff.com\/cz\/wp-json\/wp\/v2\/media?parent=2583"}],"wp:term":[{"taxonomy":"product_brand","embeddable":true,"href":"https:\/\/fishbuff.com\/cz\/wp-json\/wp\/v2\/product_brand?post=2583"},{"taxonomy":"product_cat","embeddable":true,"href":"https:\/\/fishbuff.com\/cz\/wp-json\/wp\/v2\/product_cat?post=2583"},{"taxonomy":"product_tag","embeddable":true,"href":"https:\/\/fishbuff.com\/cz\/wp-json\/wp\/v2\/product_tag?post=2583"}],"curies":[{"name":"wp","href":"https:\/\/api.w.org\/{rel}","templated":true}]}}