{"id":1668,"date":"2025-12-23T15:07:23","date_gmt":"2025-12-23T15:07:23","guid":{"rendered":"https:\/\/fishbuff.com\/?post_type=product&#038;p=1668"},"modified":"2025-12-23T15:07:26","modified_gmt":"2025-12-23T15:07:26","slug":"red-top-hongi","status":"publish","type":"product","link":"https:\/\/fishbuff.com\/de\/product\/red-top-hongi\/","title":{"rendered":"Red Top Hongi"},"content":{"rendered":"<div class=\"wpb-content-wrapper\"><div class=\"vc_row wpb_row vc_row-fluid\"><div class=\"wpb_column vc_column_container vc_col-sm-12\"><div class=\"vc_column-inner\"><div class=\"wpb_wrapper\"><div id=\"kapee-header-28429\" class=\"kapee-element kapee-heading text-left kapee-width-100 separator-line separator-between-heading\">\t\n\t\t\t\n\t\t\t<div class=\"heading-wrap\">\n\t\t\t<span class=\"separator-left\"><\/span>\n\t\t\t<h2 class=\"heading-title\">Buntbarsch Fische <\/h2>\t\t\t<span class=\"separator-right\"><\/span>\n\t\t\t\t\t<\/div>\n\t\t\n    <\/div>\n\t<div class=\"wpb_text_column wpb_content_element\" >\n\t\t<div class=\"wpb_wrapper\">\n\t\t\t<p>Buntbarsche sind eine gro\u00dfe und vielf\u00e4ltige Familie von S\u00fc\u00dfwasserfischen, die f\u00fcr ihre Anpassungsf\u00e4higkeit, ihre leuchtenden Farben und ihr komplexes Verhalten bekannt sind und in Amerika, Afrika und Teilen Asiens und des Nahen Ostens heimisch sind.<\/p>\n\n\t\t<\/div>\n\t<\/div>\n<div id=\"kapee-header-52829\" class=\"kapee-element kapee-heading text-left kapee-width-100 separator-line separator-between-heading\">\t\n\t\t\t\n\t\t\t<div class=\"heading-wrap\">\n\t\t\t<span class=\"separator-left\"><\/span>\n\t\t\t<h3 class=\"heading-title\">Buntbarsche Gro\u00dfhandel <\/h3>\t\t\t<span class=\"separator-right\"><\/span>\n\t\t\t\t\t<\/div>\n\t\t\n    <\/div>\n\t<div class=\"wpb_text_column wpb_content_element\" >\n\t\t<div class=\"wpb_wrapper\">\n\t\t\t<p>Wir liefern eine gro\u00dfe Auswahl an afrikanischen und amerikanischen (s\u00fcd- und mittelamerikanischen) Buntbarscharten an internationale Importeure und Einzelh\u00e4ndler zu den niedrigsten Preisen.<\/p>\n\n\t\t<\/div>\n\t<\/div>\n<\/div><\/div><\/div><\/div>\n<\/div>","protected":false},"excerpt":{"rendered":"Cichlid Fish Cichlids are a large and diverse family of freshwater fish known for their adaptability, vibrant colors, and complex behaviors, native to the Americas, Africa, and parts of Asia and the Middle East. Cichlids Wholesale We supply a huge range of wholesale African and American (South and Central American) cichlids species to International Importers and Retailers at the lowest prices.","protected":false},"featured_media":1698,"comment_status":"open","ping_status":"closed","template":"","meta":{"_seopress_robots_primary_cat":"none","_seopress_titles_title":"Red Top Hongi Cichlid Wholesale Deal","_seopress_titles_desc":"Discover vibrant Red Top Hongi at our Cichlid Wholesale. Perfect for aquarists seeking unique, colorful additions. Order now &amp; enrich your aquarium!","_seopress_robots_index":""},"product_brand":[],"product_cat":[83],"product_tag":[],"class_list":{"0":"post-1668","1":"product","2":"type-product","3":"status-publish","4":"has-post-thumbnail","6":"product_cat-cichlids","8":"first","9":"instock","10":"shipping-taxable","11":"purchasable","12":"product-type-simple","13":"add-to-wishlist-after_add_to_cart"},"_links":{"self":[{"href":"https:\/\/fishbuff.com\/de\/wp-json\/wp\/v2\/product\/1668","targetHints":{"allow":["GET"]}}],"collection":[{"href":"https:\/\/fishbuff.com\/de\/wp-json\/wp\/v2\/product"}],"about":[{"href":"https:\/\/fishbuff.com\/de\/wp-json\/wp\/v2\/types\/product"}],"replies":[{"embeddable":true,"href":"https:\/\/fishbuff.com\/de\/wp-json\/wp\/v2\/comments?post=1668"}],"wp:featuredmedia":[{"embeddable":true,"href":"https:\/\/fishbuff.com\/de\/wp-json\/wp\/v2\/media\/1698"}],"wp:attachment":[{"href":"https:\/\/fishbuff.com\/de\/wp-json\/wp\/v2\/media?parent=1668"}],"wp:term":[{"taxonomy":"product_brand","embeddable":true,"href":"https:\/\/fishbuff.com\/de\/wp-json\/wp\/v2\/product_brand?post=1668"},{"taxonomy":"product_cat","embeddable":true,"href":"https:\/\/fishbuff.com\/de\/wp-json\/wp\/v2\/product_cat?post=1668"},{"taxonomy":"product_tag","embeddable":true,"href":"https:\/\/fishbuff.com\/de\/wp-json\/wp\/v2\/product_tag?post=1668"}],"curies":[{"name":"wp","href":"https:\/\/api.w.org\/{rel}","templated":true}]}}