{"id":2012,"date":"2025-12-23T15:09:07","date_gmt":"2025-12-23T15:09:07","guid":{"rendered":"https:\/\/fishbuff.com\/?post_type=product&#038;p=2012"},"modified":"2025-12-23T15:09:14","modified_gmt":"2025-12-23T15:09:14","slug":"batik-crab","status":"publish","type":"product","link":"https:\/\/fishbuff.com\/de\/product\/batik-crab\/","title":{"rendered":"Batik Crab"},"content":{"rendered":"<div class=\"wpb-content-wrapper\"><div class=\"vc_row wpb_row vc_row-fluid\"><div class=\"wpb_column vc_column_container vc_col-sm-12\"><div class=\"vc_column-inner\"><div class=\"wpb_wrapper\"><div id=\"kapee-header-79621\" class=\"kapee-element kapee-heading text-left kapee-width-100 separator-line separator-between-heading\">\t\n\t\t\t\n\t\t\t<div class=\"heading-wrap\">\n\t\t\t<span class=\"separator-left\"><\/span>\n\t\t\t<h2 class=\"heading-title\">S\u00fc\u00dfwasserkrabben <\/h2>\t\t\t<span class=\"separator-right\"><\/span>\n\t\t\t\t\t<\/div>\n\t\t\n    <\/div>\n\t<div class=\"wpb_text_column wpb_content_element\" >\n\t\t<div class=\"wpb_wrapper\">\n\t\t\t<p><span data-huuid=\"15399584108736243872\">Die weitl\u00e4ufigen Inseln Indonesiens beherbergen vielf\u00e4ltige S\u00fc\u00dfwasserkrabbenpopulationen. <\/span><span data-huuid=\"16466880925361144928\">Das riesige Archipel des Landes bietet vielf\u00e4ltige Lebensr\u00e4ume f\u00fcr diese Zehnfu\u00dfkrebse, wobei immer wieder neue Arten und Arten wie Parathelphusa pardus und Malayopotamon weh aus Sumatra entdeckt werden.<\/span><\/p>\n\n\t\t<\/div>\n\t<\/div>\n<div id=\"kapee-header-69781\" class=\"kapee-element kapee-heading text-left kapee-width-100 separator-line separator-between-heading\">\t\n\t\t\t\n\t\t\t<div class=\"heading-wrap\">\n\t\t\t<span class=\"separator-left\"><\/span>\n\t\t\t<h3 class=\"heading-title\">Gro\u00dfhandel S\u00fc\u00dfwasserkrabben <\/h3>\t\t\t<span class=\"separator-right\"><\/span>\n\t\t\t\t\t<\/div>\n\t\t\n    <\/div>\n\t<div class=\"wpb_text_column wpb_content_element\" >\n\t\t<div class=\"wpb_wrapper\">\n\t\t\t<p>Wir haben Tausende von Kunden mit unseren hochwertigen S\u00fc\u00dfwasserkrabben verschiedener Arten und unserem erstklassigen Kundenservice zufrieden gestellt. Entdecken Sie unsere Kollektion von S\u00fc\u00dfwasserkrebsen, einschlie\u00dflich echter aquatischer, semiaquatischer und terrestrischer Arten. Tauchen Sie ein in eine fesselnde Auswahl an Krebstieren.<\/p>\n\n\t\t<\/div>\n\t<\/div>\n<\/div><\/div><\/div><\/div>\n<\/div>","protected":false},"excerpt":{"rendered":"Freshwater Crabs Indonesia's extensive islands support diverse freshwater crab populations. The country's vast archipelagic nature provides diverse habitats for these decapods, with ongoing discoveries of new species and species like Parathelphusa pardus and Malayopotamon weh from Sumatra. Wholesale Freshwater Crabs We have satisfied thousands of customers with our top-quality freshwater crabs from several species and our top-notch customer support. Discover our collection of Freshwater Crabs, including True Aquatic, Semi-Aquatic, and Terrestrial varieties. Delve into a captivating range of crustaceans.","protected":false},"featured_media":2042,"comment_status":"open","ping_status":"closed","template":"","meta":{"_seopress_robots_primary_cat":"none","_seopress_titles_title":"Buy Batik Crab Wholesale Live","_seopress_titles_desc":"Discover vibrant Batik Crab for your aquarium. Explore our wholesale options for lively, patterned freshwater crabs. Perfect for any aquatic setup!","_seopress_robots_index":""},"product_brand":[],"product_cat":[87],"product_tag":[],"class_list":{"0":"post-2012","1":"product","2":"type-product","3":"status-publish","4":"has-post-thumbnail","6":"product_cat-crabs","8":"first","9":"instock","10":"shipping-taxable","11":"purchasable","12":"product-type-simple","13":"add-to-wishlist-after_add_to_cart"},"_links":{"self":[{"href":"https:\/\/fishbuff.com\/de\/wp-json\/wp\/v2\/product\/2012","targetHints":{"allow":["GET"]}}],"collection":[{"href":"https:\/\/fishbuff.com\/de\/wp-json\/wp\/v2\/product"}],"about":[{"href":"https:\/\/fishbuff.com\/de\/wp-json\/wp\/v2\/types\/product"}],"replies":[{"embeddable":true,"href":"https:\/\/fishbuff.com\/de\/wp-json\/wp\/v2\/comments?post=2012"}],"wp:featuredmedia":[{"embeddable":true,"href":"https:\/\/fishbuff.com\/de\/wp-json\/wp\/v2\/media\/2042"}],"wp:attachment":[{"href":"https:\/\/fishbuff.com\/de\/wp-json\/wp\/v2\/media?parent=2012"}],"wp:term":[{"taxonomy":"product_brand","embeddable":true,"href":"https:\/\/fishbuff.com\/de\/wp-json\/wp\/v2\/product_brand?post=2012"},{"taxonomy":"product_cat","embeddable":true,"href":"https:\/\/fishbuff.com\/de\/wp-json\/wp\/v2\/product_cat?post=2012"},{"taxonomy":"product_tag","embeddable":true,"href":"https:\/\/fishbuff.com\/de\/wp-json\/wp\/v2\/product_tag?post=2012"}],"curies":[{"name":"wp","href":"https:\/\/api.w.org\/{rel}","templated":true}]}}