{"id":2298,"date":"2025-12-23T15:10:21","date_gmt":"2025-12-23T15:10:21","guid":{"rendered":"https:\/\/fishbuff.com\/?post_type=product&#038;p=2298"},"modified":"2026-01-14T17:30:45","modified_gmt":"2026-01-14T17:30:45","slug":"papua-shark-catfish","status":"publish","type":"product","link":"https:\/\/fishbuff.com\/de\/product\/papua-shark-catfish\/","title":{"rendered":"5&#8243; Papua Shark Catfish"},"content":{"rendered":"<div class=\"wpb-content-wrapper\"><div class=\"vc_row wpb_row vc_row-fluid\"><div class=\"wpb_column vc_column_container vc_col-sm-12\"><div class=\"vc_column-inner\"><div class=\"wpb_wrapper\">\n\t<div class=\"wpb_text_column wpb_content_element\" >\n\t\t<div class=\"wpb_wrapper\">\n\t\t\t<p style=\"font-size: 24px; color: #0ca4ff; font-weight: bold; margin: 0;\">2-Tage-Garantie <a style=\"color: #333333; font-size: 12px; font-weight: normal;\" href=\"https:\/\/fishbuff.com\/de\/our-guarantee\/\">Mehr erfahren<\/a><\/p>\n<p><span style=\"color: red;\">These fish are already fully adapted to a freshwater from a brackish environment.<\/span><br \/>\nFisch Bilder sind so genau wie m\u00f6glich genommen. Die Bilder sind zur Veranschaulichung, als eine Darstellung der genauen Fisch gezeigt.<br \/>\nDer angegebene Preis beinhaltet die Versandkosten aus Indonesien durch einen Transhipper. Der K\u00e4ufer muss seinen lokalen Transhipper-Agenten f\u00fcr Importgeb\u00fchren und inl\u00e4ndische Versandkosten bezahlen.<\/p>\n\n\t\t<\/div>\n\t<\/div>\n<div id=\"kapee-header-84474\" class=\"kapee-element kapee-heading text-left kapee-width-100 separator-line separator-between-heading\">\t\n\t\t\t\n\t\t\t<div class=\"heading-wrap\">\n\t\t\t<span class=\"separator-left\"><\/span>\n\t\t\t<h2 class=\"heading-title\">Neoarius Graeffei <\/h2>\t\t\t<span class=\"separator-right\"><\/span>\n\t\t\t\t\t<\/div>\n\t\t\n    <\/div><\/div><\/div><\/div><\/div><div class=\"vc_row wpb_row vc_row-fluid\"><div class=\"wpb_column vc_column_container vc_col-sm-6\"><div class=\"vc_column-inner\"><div class=\"wpb_wrapper\">\n\t<div class=\"wpb_text_column wpb_content_element\" >\n\t\t<div class=\"wpb_wrapper\">\n\t\t\t<h3 style=\"font-size: 24px; margin: 0.67em 0;\">Papuan Shark Catfish<\/h3>\n<p>The Papua shark catfish is known for its shark-like shape, using whiskers in murky water, and growing quite large (up to 50cm+).<\/p>\n<p><strong>Herkunft<\/strong> &#8211; Papua (wild caught)<br \/>\n<strong>Di\u00e4t<\/strong> - Allesfresser<br \/>\n<strong>pH-Wert<\/strong> &#8211; 6.0 to 7.5<br \/>\n<strong>Temperatur<\/strong> - 26\u00b0C bis 28\u00b0C<br \/>\n<strong>Aktuelle Gr\u00f6\u00dfe<\/strong> \u2013 5 inches<\/p>\n\n\t\t<\/div>\n\t<\/div>\n<\/div><\/div><\/div><div class=\"wpb_column vc_column_container vc_col-sm-6\"><div class=\"vc_column-inner\"><div class=\"wpb_wrapper\"><div id=\"kapee-header-27862\" class=\"kapee-element kapee-heading text-left kapee-width-100 separator-none separator-between-heading\">\t\n\t\t\t\n\t\t\t<div class=\"heading-wrap\">\n\t\t\t<span class=\"separator-left\"><\/span>\n\t\t\t<h3 class=\"heading-title\">Schnellstatistiken <\/h3>\t\t\t<span class=\"separator-right\"><\/span>\n\t\t\t\t\t<\/div>\n\t\t\n    <\/div><div class=\"vc_progress_bar wpb_content_element\" ><div class=\"vc_general vc_single_bar\"><small class=\"vc_label\" style=\"color: #FFFFFF;\">RARIT\u00c4T<\/small><span class=\"vc_bar\" data-percentage-value=\"50\" data-value=\"50\" style=\"background-color: #0CA4FF;\"><\/span><\/div><div class=\"vc_general vc_single_bar\"><small class=\"vc_label\" style=\"color: #FFFFFF;\">PFLEGELEVEL<\/small><span class=\"vc_bar\" data-percentage-value=\"50\" data-value=\"50\" style=\"background-color: #0CA4FF;\"><\/span><\/div><div class=\"vc_general vc_single_bar\"><small class=\"vc_label\" style=\"color: #FFFFFF;\">TEMPERAMENT<\/small><span class=\"vc_bar\" data-percentage-value=\"50\" data-value=\"50\" style=\"background-color: #0CA4FF;\"><\/span><\/div><div class=\"vc_general vc_single_bar\"><small class=\"vc_label\" style=\"color: #FFFFFF;\">KOMPATIBILIT\u00c4T<\/small><span class=\"vc_bar\" data-percentage-value=\"50\" data-value=\"50\" style=\"background-color: #0CA4FF;\"><\/span><\/div><div class=\"vc_general vc_single_bar\"><small class=\"vc_label\" style=\"color: #FFFFFF;\">GEPLANTER TANK<\/small><span class=\"vc_bar\" data-percentage-value=\"25\" data-value=\"25\" style=\"background-color: #0CA4FF;\"><\/span><\/div><\/div><\/div><\/div><\/div><\/div>\n<\/div>","protected":false},"excerpt":{"rendered":"<p style=\"color: red;\">Bitte lesen Sie unser <a href=\"https:\/\/fishbuff.com\/de\/terms-conditions\/\" target=\"_blank\" rel=\"noopener\">Bedingungen und Konditionen<\/a> vor dem Kauf.<br \/>\nMit dem Kauf erkl\u00e4ren Sie sich mit den geltenden Bedingungen einverstanden und akzeptieren diese.<\/p>","protected":false},"featured_media":2328,"comment_status":"open","ping_status":"closed","template":"","meta":{"_seopress_robots_primary_cat":"none","_seopress_titles_title":"Buy Papuan Shark Catfish with Live Arrival Guarantee","_seopress_titles_desc":"Explore high-quality Papuan Shark Catfish (Neoarius graeffei) with Live Arrival Guarantee. Shipping from Indonesia, perfect for aquarium enthusiasts. Order now!","_seopress_robots_index":""},"product_brand":[],"product_cat":[22],"product_tag":[],"class_list":{"0":"post-2298","1":"product","2":"type-product","3":"status-publish","4":"has-post-thumbnail","6":"product_cat-catfish","8":"first","9":"instock","10":"shipping-taxable","11":"purchasable","12":"product-type-simple","13":"add-to-wishlist-after_add_to_cart"},"_links":{"self":[{"href":"https:\/\/fishbuff.com\/de\/wp-json\/wp\/v2\/product\/2298","targetHints":{"allow":["GET"]}}],"collection":[{"href":"https:\/\/fishbuff.com\/de\/wp-json\/wp\/v2\/product"}],"about":[{"href":"https:\/\/fishbuff.com\/de\/wp-json\/wp\/v2\/types\/product"}],"replies":[{"embeddable":true,"href":"https:\/\/fishbuff.com\/de\/wp-json\/wp\/v2\/comments?post=2298"}],"wp:featuredmedia":[{"embeddable":true,"href":"https:\/\/fishbuff.com\/de\/wp-json\/wp\/v2\/media\/2328"}],"wp:attachment":[{"href":"https:\/\/fishbuff.com\/de\/wp-json\/wp\/v2\/media?parent=2298"}],"wp:term":[{"taxonomy":"product_brand","embeddable":true,"href":"https:\/\/fishbuff.com\/de\/wp-json\/wp\/v2\/product_brand?post=2298"},{"taxonomy":"product_cat","embeddable":true,"href":"https:\/\/fishbuff.com\/de\/wp-json\/wp\/v2\/product_cat?post=2298"},{"taxonomy":"product_tag","embeddable":true,"href":"https:\/\/fishbuff.com\/de\/wp-json\/wp\/v2\/product_tag?post=2298"}],"curies":[{"name":"wp","href":"https:\/\/api.w.org\/{rel}","templated":true}]}}