{"id":2735,"date":"2025-12-23T15:13:07","date_gmt":"2025-12-23T15:13:07","guid":{"rendered":"https:\/\/fishbuff.com\/?post_type=product&#038;p=2735"},"modified":"2025-12-23T15:13:09","modified_gmt":"2025-12-23T15:13:09","slug":"eriocaulon-red","status":"publish","type":"product","link":"https:\/\/fishbuff.com\/de\/product\/eriocaulon-red\/","title":{"rendered":"Eriocaulon Red"},"content":{"rendered":"<div class=\"wpb-content-wrapper\"><div class=\"vc_row wpb_row vc_row-fluid\"><div class=\"wpb_column vc_column_container vc_col-sm-12\"><div class=\"vc_column-inner\"><div class=\"wpb_wrapper\"><div id=\"kapee-header-69377\" class=\"kapee-element kapee-heading text-left kapee-width-100 separator-line separator-between-heading\">\t\n\t\t\t\n\t\t\t<div class=\"heading-wrap\">\n\t\t\t<span class=\"separator-left\"><\/span>\n\t\t\t<h2 class=\"heading-title\">Aquarium-Pflanzen <\/h2>\t\t\t<span class=\"separator-right\"><\/span>\n\t\t\t\t\t<\/div>\n\t\t\n    <\/div>\n\t<div class=\"wpb_text_column wpb_content_element\" >\n\t\t<div class=\"wpb_wrapper\">\n\t\t\t<p>Wasserpflanzen gedeihen in Wasserumgebungen wie S\u00fc\u00dfwasserseen, Fl\u00fcssen, Feuchtgebieten und sogar Brack- und Salzwasserregionen. Sie werden in verschiedene \u00f6kologische Gemeinschaften eingeteilt, darunter flussnahe, lakustrische und palustrische.<\/p>\n\n\t\t<\/div>\n\t<\/div>\n<div id=\"kapee-header-69418\" class=\"kapee-element kapee-heading text-left kapee-width-100 separator-line separator-between-heading\">\t\n\t\t\t\n\t\t\t<div class=\"heading-wrap\">\n\t\t\t<span class=\"separator-left\"><\/span>\n\t\t\t<h3 class=\"heading-title\">Gro\u00dfhandel f\u00fcr Wasserpflanzen <\/h3>\t\t\t<span class=\"separator-right\"><\/span>\n\t\t\t\t\t<\/div>\n\t\t\n    <\/div>\n\t<div class=\"wpb_text_column wpb_content_element\" >\n\t\t<div class=\"wpb_wrapper\">\n\t\t\t<p>Wir bieten eine gro\u00dfe Auswahl an tropischen Aquarienpflanzen von h\u00f6chster Qualit\u00e4t. Aquarienpflanzen werten Ihr Aquarium auf und verleihen ihm Farbe, Stil und Leben. Holen Sie sich hochwertige, farmfrische Aquarienpflanzen auf Gro\u00dfhandelsebene.<\/p>\n\n\t\t<\/div>\n\t<\/div>\n<\/div><\/div><\/div><\/div>\n<\/div>","protected":false},"excerpt":{"rendered":"[vc_row][vc_column][kapee_heading title_align=\"left\" title_font_size=\"32\" title_font_size_tablet=\"32\" title_font_size_mobile=\"22\" title_font_weight=\"300\" title_separator=\"line\" title=\"Aquarium Plants\"][vc_column_text css=\"\"]Aquatic plants thrive in water environments such as freshwater lakes, rivers, wetlands, and even brackish and saltwater regions. They are categorized into various ecological communities including riverine, lacustrine, and palustrine.[\/vc_column_text][kapee_heading title_tag=\"h3\" title_align=\"left\" title_font_size=\"32\" title_font_size_tablet=\"32\" title_font_size_mobile=\"22\" title_font_weight=\"300\" title_separator=\"line\" title=\"Wholesale Aquatic Plants\"][vc_column_text css=\"\"]We offer a wide range of tropical aquarium plants of the highest quality. Aquarium plants enhance the look of your tank, adding colour, style and life. Get high-quality farm-fresh aquatic plants on a wholesale level.[\/vc_column_text][\/vc_column][\/vc_row]\n","protected":false},"featured_media":2765,"comment_status":"open","ping_status":"closed","template":"","meta":{"_seopress_robots_primary_cat":"none","_seopress_titles_title":"Eriocaulon Red | Wholesale Aquatic Plants","_seopress_titles_desc":"Discover Eriocaulon Red for vibrant aquascapes. Buy live aquarium plants online. Perfect for aquascaping enthusiasts and freshwater tanks.","_seopress_robots_index":""},"product_brand":[],"product_cat":[95],"product_tag":[],"class_list":{"0":"post-2735","1":"product","2":"type-product","3":"status-publish","4":"has-post-thumbnail","6":"product_cat-aquatic-plants","8":"first","9":"instock","10":"shipping-taxable","11":"purchasable","12":"product-type-simple","13":"add-to-wishlist-after_add_to_cart"},"_links":{"self":[{"href":"https:\/\/fishbuff.com\/de\/wp-json\/wp\/v2\/product\/2735","targetHints":{"allow":["GET"]}}],"collection":[{"href":"https:\/\/fishbuff.com\/de\/wp-json\/wp\/v2\/product"}],"about":[{"href":"https:\/\/fishbuff.com\/de\/wp-json\/wp\/v2\/types\/product"}],"replies":[{"embeddable":true,"href":"https:\/\/fishbuff.com\/de\/wp-json\/wp\/v2\/comments?post=2735"}],"wp:featuredmedia":[{"embeddable":true,"href":"https:\/\/fishbuff.com\/de\/wp-json\/wp\/v2\/media\/2765"}],"wp:attachment":[{"href":"https:\/\/fishbuff.com\/de\/wp-json\/wp\/v2\/media?parent=2735"}],"wp:term":[{"taxonomy":"product_brand","embeddable":true,"href":"https:\/\/fishbuff.com\/de\/wp-json\/wp\/v2\/product_brand?post=2735"},{"taxonomy":"product_cat","embeddable":true,"href":"https:\/\/fishbuff.com\/de\/wp-json\/wp\/v2\/product_cat?post=2735"},{"taxonomy":"product_tag","embeddable":true,"href":"https:\/\/fishbuff.com\/de\/wp-json\/wp\/v2\/product_tag?post=2735"}],"curies":[{"name":"wp","href":"https:\/\/api.w.org\/{rel}","templated":true}]}}