{"id":299,"date":"2025-12-23T14:59:31","date_gmt":"2025-12-23T14:59:31","guid":{"rendered":"https:\/\/fishbuff.com\/?post_type=product&#038;p=299"},"modified":"2026-01-12T13:45:55","modified_gmt":"2026-01-12T13:45:55","slug":"channa-limbata","status":"publish","type":"product","link":"https:\/\/fishbuff.com\/de\/product\/channa-limbata\/","title":{"rendered":"3&#8243; Channa Limbata"},"content":{"rendered":"<div class=\"wpb-content-wrapper\"><div class=\"vc_row wpb_row vc_row-fluid\"><div class=\"wpb_column vc_column_container vc_col-sm-12\"><div class=\"vc_column-inner\"><div class=\"wpb_wrapper\">\n\t<div class=\"wpb_text_column wpb_content_element\" >\n\t\t<div class=\"wpb_wrapper\">\n\t\t\t<p style=\"font-size: 24px; color: #0ca4ff; font-weight: bold; margin: 0;\">5-Tage-Garantie <a style=\"color: #333333; font-size: 12px; font-weight: normal;\" href=\"https:\/\/fishbuff.com\/de\/our-guarantee\/\">Mehr erfahren<\/a><\/p>\n<p><span style=\"color: red;\">Wir versenden keine Channa oder Snakehead nach Australien, Barbados, Bolivien, Brasilien, Chile, Costa Rica, Dominikanische Republik, Ecuador, Guam, Haiti, Kanada, Kolumbien, Mexiko, Panama, Paraguay, Puerto Rico, Suriname, Trinidad und Tobago, in die USA und auf die US-Jungferninseln.<br \/>\nAlle Arten, die zu den Schlangenkopffischen geh\u00f6ren, gelten als invasive Arten, die nicht in diese L\u00e4nder eingef\u00fchrt werden d\u00fcrfen.<\/span><br \/>\nFisch Bilder sind so genau wie m\u00f6glich genommen. Die Bilder sind zur Veranschaulichung, als eine Darstellung der genauen Fisch gezeigt.<br \/>\nDer angegebene Preis beinhaltet die Versandkosten aus Indonesien durch einen Transhipper. Der K\u00e4ufer muss seinen lokalen Transhipper-Agenten f\u00fcr Importgeb\u00fchren und inl\u00e4ndische Versandkosten bezahlen.<\/p>\n\n\t\t<\/div>\n\t<\/div>\n<div id=\"kapee-header-68781\" class=\"kapee-element kapee-heading text-left kapee-width-100 separator-line separator-between-heading\">\t\n\t\t\t\n\t\t\t<div class=\"heading-wrap\">\n\t\t\t<span class=\"separator-left\"><\/span>\n\t\t\t<h2 class=\"heading-title\">Dwarf Snakehead <\/h2>\t\t\t<span class=\"separator-right\"><\/span>\n\t\t\t\t\t<\/div>\n\t\t\n    <\/div><\/div><\/div><\/div><\/div><div class=\"vc_row wpb_row vc_row-fluid\"><div class=\"wpb_column vc_column_container vc_col-sm-6\"><div class=\"vc_column-inner\"><div class=\"wpb_wrapper\">\n\t<div class=\"wpb_text_column wpb_content_element\" >\n\t\t<div class=\"wpb_wrapper\">\n\t\t\t<h3 style=\"font-size: 24px; margin: 0.67em 0;\">Channa Limbata<\/h3>\n<p>Channa limbata is valued in the aquarium hobby for its attractive colors, especially the red-orange fin edges.<\/p>\n<p><strong>Herkunft<\/strong> - Bauernhof aufgezogen<br \/>\n<strong>Di\u00e4t<\/strong> - Fleischfresser<br \/>\n<strong>pH-Wert<\/strong> &#8211; 5.5 to 8.0<br \/>\n<strong>Temperatur<\/strong> - 26\u00b0C bis 30\u00b0C<br \/>\n<strong>Aktuelle Gr\u00f6\u00dfe<\/strong> - 3 Zoll<\/p>\n\n\t\t<\/div>\n\t<\/div>\n<\/div><\/div><\/div><div class=\"wpb_column vc_column_container vc_col-sm-6\"><div class=\"vc_column-inner\"><div class=\"wpb_wrapper\"><div id=\"kapee-header-32500\" class=\"kapee-element kapee-heading text-left kapee-width-100 separator-none separator-between-heading\">\t\n\t\t\t\n\t\t\t<div class=\"heading-wrap\">\n\t\t\t<span class=\"separator-left\"><\/span>\n\t\t\t<h3 class=\"heading-title\">Schnellstatistiken <\/h3>\t\t\t<span class=\"separator-right\"><\/span>\n\t\t\t\t\t<\/div>\n\t\t\n    <\/div><div class=\"vc_progress_bar wpb_content_element\" ><div class=\"vc_general vc_single_bar\"><small class=\"vc_label\" style=\"color: #FFFFFF;\">RARIT\u00c4T<\/small><span class=\"vc_bar\" data-percentage-value=\"25\" data-value=\"25\" style=\"background-color: #0CA4FF;\"><\/span><\/div><div class=\"vc_general vc_single_bar\"><small class=\"vc_label\" style=\"color: #FFFFFF;\">PFLEGELEVEL<\/small><span class=\"vc_bar\" data-percentage-value=\"25\" data-value=\"25\" style=\"background-color: #0CA4FF;\"><\/span><\/div><div class=\"vc_general vc_single_bar\"><small class=\"vc_label\" style=\"color: #FFFFFF;\">TEMPERAMENT<\/small><span class=\"vc_bar\" data-percentage-value=\"100\" data-value=\"100\" style=\"background-color: #0CA4FF;\"><\/span><\/div><div class=\"vc_general vc_single_bar\"><small class=\"vc_label\" style=\"color: #FFFFFF;\">KOMPATIBILIT\u00c4T<\/small><span class=\"vc_bar\" data-percentage-value=\"50\" data-value=\"50\" style=\"background-color: #0CA4FF;\"><\/span><\/div><div class=\"vc_general vc_single_bar\"><small class=\"vc_label\" style=\"color: #FFFFFF;\">GEPLANTER TANK<\/small><span class=\"vc_bar\" data-percentage-value=\"50\" data-value=\"50\" style=\"background-color: #0CA4FF;\"><\/span><\/div><\/div><\/div><\/div><\/div><\/div>\n<\/div>","protected":false},"excerpt":{"rendered":"<p style=\"color: red;\">Bitte lesen Sie unser <a href=\"https:\/\/fishbuff.com\/de\/terms-conditions\/\" target=\"_blank\" rel=\"noopener\">Bedingungen und Konditionen<\/a> vor dem Kauf.<br \/>\nMit dem Kauf erkl\u00e4ren Sie sich mit den geltenden Bedingungen einverstanden und akzeptieren diese.<\/p>","protected":false},"featured_media":329,"comment_status":"open","ping_status":"closed","template":"","meta":{"_seopress_robots_primary_cat":"none","_seopress_titles_title":"Order Channa Limbata with Live Arrival Guarantee","_seopress_titles_desc":"Get a Channa limbata (dwarf snakehead) with accurate photos & shipping from Indonesia included. Contact us for any live arrival issues within 24hrs!","_seopress_robots_index":""},"product_brand":[],"product_cat":[43],"product_tag":[],"class_list":{"0":"post-299","1":"product","2":"type-product","3":"status-publish","4":"has-post-thumbnail","6":"product_cat-snakehead","8":"first","9":"instock","10":"shipping-taxable","11":"purchasable","12":"product-type-simple","13":"add-to-wishlist-after_add_to_cart"},"_links":{"self":[{"href":"https:\/\/fishbuff.com\/de\/wp-json\/wp\/v2\/product\/299","targetHints":{"allow":["GET"]}}],"collection":[{"href":"https:\/\/fishbuff.com\/de\/wp-json\/wp\/v2\/product"}],"about":[{"href":"https:\/\/fishbuff.com\/de\/wp-json\/wp\/v2\/types\/product"}],"replies":[{"embeddable":true,"href":"https:\/\/fishbuff.com\/de\/wp-json\/wp\/v2\/comments?post=299"}],"wp:featuredmedia":[{"embeddable":true,"href":"https:\/\/fishbuff.com\/de\/wp-json\/wp\/v2\/media\/329"}],"wp:attachment":[{"href":"https:\/\/fishbuff.com\/de\/wp-json\/wp\/v2\/media?parent=299"}],"wp:term":[{"taxonomy":"product_brand","embeddable":true,"href":"https:\/\/fishbuff.com\/de\/wp-json\/wp\/v2\/product_brand?post=299"},{"taxonomy":"product_cat","embeddable":true,"href":"https:\/\/fishbuff.com\/de\/wp-json\/wp\/v2\/product_cat?post=299"},{"taxonomy":"product_tag","embeddable":true,"href":"https:\/\/fishbuff.com\/de\/wp-json\/wp\/v2\/product_tag?post=299"}],"curies":[{"name":"wp","href":"https:\/\/api.w.org\/{rel}","templated":true}]}}