{"id":580,"date":"2025-12-23T15:01:17","date_gmt":"2025-12-23T15:01:17","guid":{"rendered":"https:\/\/fishbuff.com\/?post_type=product&#038;p=580"},"modified":"2025-12-23T15:01:26","modified_gmt":"2025-12-23T15:01:26","slug":"yellow-cobra","status":"publish","type":"product","link":"https:\/\/fishbuff.com\/de\/product\/yellow-cobra\/","title":{"rendered":"Yellow Cobra"},"content":{"rendered":"<div class=\"wpb-content-wrapper\"><div class=\"vc_row wpb_row vc_row-fluid\"><div class=\"wpb_column vc_column_container vc_col-sm-12\"><div class=\"vc_column-inner\"><div class=\"wpb_wrapper\"><div id=\"kapee-header-48935\" class=\"kapee-element kapee-heading text-left kapee-width-100 separator-line separator-between-heading\">\t\n\t\t\t\n\t\t\t<div class=\"heading-wrap\">\n\t\t\t<span class=\"separator-left\"><\/span>\n\t\t\t<h2 class=\"heading-title\">Guppy Fischladen <\/h2>\t\t\t<span class=\"separator-right\"><\/span>\n\t\t\t\t\t<\/div>\n\t\t\n    <\/div>\n\t<div class=\"wpb_text_column wpb_content_element\" >\n\t\t<div class=\"wpb_wrapper\">\n\t\t\t<p><span style=\"color: red;\">Der angegebene Preis gilt f\u00fcr ein Paar (ein M\u00e4nnchen und ein Weibchen).<\/span><br \/>\nFisch Bilder sind so genau wie m\u00f6glich genommen. Die gezeigten Bilder sind zur Veranschaulichung als eine Darstellung der genauen Fisch.<br \/>\nDer angegebene Preis beinhaltet die Versandkosten aus Indonesien durch Transhipper. Der K\u00e4ufer muss seine lokale Transhipper-Agent f\u00fcr Importgeb\u00fchren und inl\u00e4ndischen Versandkosten zu zahlen.<\/p>\n\n\t\t<\/div>\n\t<\/div>\n<div id=\"kapee-header-29459\" class=\"kapee-element kapee-heading text-left kapee-width-100 separator-none separator-between-heading\">\t\n\t\t\t\n\t\t\t<div class=\"heading-wrap\">\n\t\t\t<span class=\"separator-left\"><\/span>\n\t\t\t<h3 class=\"heading-title\">Lebende Aquarienfische online kaufen <\/h3>\t\t\t<span class=\"separator-right\"><\/span>\n\t\t\t\t\t<\/div>\n\t\t\n    <\/div>\n<div id=\"kapee-accordion-84648\" class=\"kapee-element kapee-accordion panel-group accordion-line align-left accordion-icon-plus icon-position-right\">\n\t\n\t\t\t\n\t\t<div class=\"card\">\n\t\t\t<div class=\"card-header\">\n\t\t\t\t<h4 class=\"card-title\">\t\t\t\t\t\n\t\t\t\t\t<a class=\"card-link collapsed\" data-toggle=\"collapse\" href=\"#kp-accordions-43241\">\n\t\t\t\t\t\t\t\t\t\t\t\tWohin liefern Sie Ihren Fisch?\t\t\t\t\t\t\t\t\t\t\t<\/a>\t\t\t\t\t\n\t\t\t\t<\/h4>\n\t\t\t<\/div>\n\t\t\t<div id=\"kp-accordions-43241\" class=\"collapse\" data-parent=\"#kapee-accordion-84648\">\n\t\t\t\t<div class=\"card-body\">\n\t\t\t\t\t\n\t<div class=\"wpb_text_column wpb_content_element\" >\n\t\t<div class=\"wpb_wrapper\">\n\t\t\t<p>Wir versenden unsere Fische f\u00fcr den Einzelhandel nur in bestimmte L\u00e4nder. Der Versand ist auf die folgenden L\u00e4nder beschr\u00e4nkt; Australien\/ \u00d6sterreich\/ Barbados\/ Belgien\/ Bolivien\/ Brasilien\/ Brunei\/ Bulgarien\/ Kambodscha\/ Kanada\/ Chile\/ China\/ Kolumbien\/ Costa Rica\/ Kroatien\/ Zypern\/ Tschechische Republik\/ D\u00e4nemark\/ Dominikanische Republik\/ Ecuador\/ Estland\/ Finnland\/ Frankreich\/ Deutschland\/ Griechenland\/ Guam\/ Haiti\/ Hongkong\/ Ungarn\/ Indien\/ Irland\/ Italien\/ Japan\/ Kuwait\/ Lettland\/ Liechtenstein\/ Litauen\/ Luxemburg\/ Malaysia\/ Mexiko\/ Myanmar\/ Niederlande\/ Norwegen\/ Oman\/ Panama\/ Paraguay\/ Peru\/ Puerto Rico\/ Philippinen\/ Polen\/ Portugal\/ Rum\u00e4nien\/ San Marino\/ Serbien\/ Singapur\/ Slowakei\/ Slowenien\/ S\u00fcdafrika\/ S\u00fcdkorea\/ Spanien\/ Surinam\/ Schweden\/ Schweiz\/ Taiwan\/ Thailand\/ Trinidad und Tobago\/ Turks- und Caicosinseln\/ Vereinigte Arabische Emirate\/ Vereinigtes K\u00f6nigreich\/ Vereinigte Staaten\/ US Virgin Islands\/ Vietnam.<\/p>\n\n\t\t<\/div>\n\t<\/div>\n\t\t\t\t<\/div>\n\t\t\t<\/div>\n\t\t<\/div>\n\t\t\t\n\t\t<div class=\"card\">\n\t\t\t<div class=\"card-header\">\n\t\t\t\t<h4 class=\"card-title\">\t\t\t\t\t\n\t\t\t\t\t<a class=\"card-link collapsed\" data-toggle=\"collapse\" href=\"#kp-accordions-55011\">\n\t\t\t\t\t\t\t\t\t\t\t\tWie lange wird es dauern, bis ich meinen Fisch erhalte?\t\t\t\t\t\t\t\t\t\t\t<\/a>\t\t\t\t\t\n\t\t\t\t<\/h4>\n\t\t\t<\/div>\n\t\t\t<div id=\"kp-accordions-55011\" class=\"collapse\" data-parent=\"#kapee-accordion-84648\">\n\t\t\t\t<div class=\"card-body\">\n\t\t\t\t\t\n\t<div class=\"wpb_text_column wpb_content_element\" >\n\t\t<div class=\"wpb_wrapper\">\n\t\t\t<p>Sie erhalten Ihre Bestellung in der Regel innerhalb von 7-14 Werktagen. In manchen F\u00e4llen kann es auch einen Monat dauern.<\/p>\n\n\t\t<\/div>\n\t<\/div>\n\t\t\t\t<\/div>\n\t\t\t<\/div>\n\t\t<\/div>\n\t\t\t\n\t\t<div class=\"card\">\n\t\t\t<div class=\"card-header\">\n\t\t\t\t<h4 class=\"card-title\">\t\t\t\t\t\n\t\t\t\t\t<a class=\"card-link collapsed\" data-toggle=\"collapse\" href=\"#kp-accordions-76380\">\n\t\t\t\t\t\t\t\t\t\t\t\tWarum dauert es so lange, bis ich meinen Fisch bekomme?\t\t\t\t\t\t\t\t\t\t\t<\/a>\t\t\t\t\t\n\t\t\t\t<\/h4>\n\t\t\t<\/div>\n\t\t\t<div id=\"kp-accordions-76380\" class=\"collapse\" data-parent=\"#kapee-accordion-84648\">\n\t\t\t\t<div class=\"card-body\">\n\t\t\t\t\t\n\t<div class=\"wpb_text_column wpb_content_element\" >\n\t\t<div class=\"wpb_wrapper\">\n\t\t\t<p>Wir versenden Einzelhandelsbestellungen nur \u00fcber einen Transhipper. Die Lieferungen erfolgen nach dem verf\u00fcgbaren monatlichen Zeitplan, der vom Umschlagunternehmen selbst festgelegt wird.<br \/>\nEinige L\u00e4nder, die nicht \u00fcber ein ausreichend gro\u00dfes Versandvolumen verf\u00fcgen, haben in der Regel sehr begrenzte Fahrpl\u00e4ne.<br \/>\nWenn Sie sich vergewissern wollen, wann der richtige Zeitpunkt f\u00fcr Ihre Bestellung ist, k\u00f6nnen Sie sich zun\u00e4chst mit uns in Verbindung setzen.<\/p>\n\n\t\t<\/div>\n\t<\/div>\n\t\t\t\t<\/div>\n\t\t\t<\/div>\n\t\t<\/div>\n\t\t\t\n\t\t<div class=\"card\">\n\t\t\t<div class=\"card-header\">\n\t\t\t\t<h4 class=\"card-title\">\t\t\t\t\t\n\t\t\t\t\t<a class=\"card-link collapsed\" data-toggle=\"collapse\" href=\"#kp-accordions-25954\">\n\t\t\t\t\t\t\t\t\t\t\t\tWas ist, wenn mein Fisch tot ankommt?\t\t\t\t\t\t\t\t\t\t\t<\/a>\t\t\t\t\t\n\t\t\t\t<\/h4>\n\t\t\t<\/div>\n\t\t\t<div id=\"kp-accordions-25954\" class=\"collapse\" data-parent=\"#kapee-accordion-84648\">\n\t\t\t\t<div class=\"card-body\">\n\t\t\t\t\t\n\t<div class=\"wpb_text_column wpb_content_element\" >\n\t\t<div class=\"wpb_wrapper\">\n\t\t\t<p>Im unwahrscheinlichen Fall, dass Sie einen toten Fisch erhalten, m\u00fcssen Sie sicherstellen, dass Sie uns innerhalb von 24 Stunden nach seiner Ankunft kontaktieren. Alle Anspr\u00fcche danach werden nicht anerkannt.<br \/>\nIm Falle von D.O.A. senden Sie uns bitte ein klares Foto des toten Fisches in einem unge\u00f6ffneten Beutel. Kunden k\u00f6nnen ihre Reklamation per E-Mail an support@fishbuff.com oder per WhatsApp \u00fcber (+62) 821-3871-8445 einreichen.<\/p>\n\n\t\t<\/div>\n\t<\/div>\n\t\t\t\t<\/div>\n\t\t\t<\/div>\n\t\t<\/div>\n\t\t\t\n\t\t<div class=\"card\">\n\t\t\t<div class=\"card-header\">\n\t\t\t\t<h4 class=\"card-title\">\t\t\t\t\t\n\t\t\t\t\t<a class=\"card-link collapsed\" data-toggle=\"collapse\" href=\"#kp-accordions-33117\">\n\t\t\t\t\t\t\t\t\t\t\t\tHaben Sie die R\u00fcckgabe oder den Umtausch akzeptiert?\t\t\t\t\t\t\t\t\t\t\t<\/a>\t\t\t\t\t\n\t\t\t\t<\/h4>\n\t\t\t<\/div>\n\t\t\t<div id=\"kp-accordions-33117\" class=\"collapse\" data-parent=\"#kapee-accordion-84648\">\n\t\t\t\t<div class=\"card-body\">\n\t\t\t\t\t\n\t<div class=\"wpb_text_column wpb_content_element\" >\n\t\t<div class=\"wpb_wrapper\">\n\t\t\t<p>Wir bieten keine R\u00fcckgabe oder Umtausch an, aber wir ersetzen gerne alle Bestellungen, die unseren Reklamationsrichtlinien entsprechen.<\/p>\n\n\t\t<\/div>\n\t<\/div>\n\t\t\t\t<\/div>\n\t\t\t<\/div>\n\t\t<\/div>\n\t<\/div><\/div><\/div><\/div><\/div>\n<\/div>","protected":false},"excerpt":{"rendered":"<p style=\"color: red;\">Bitte lesen Sie unser <a href=\"https:\/\/fishbuff.com\/de\/terms-conditions\/\" target=\"_blank\" rel=\"noopener\">Bedingungen und Konditionen<\/a> vor dem Kauf.<br \/>\nMit dem Kauf erkl\u00e4ren Sie sich mit den geltenden Bedingungen einverstanden und akzeptieren diese.<\/p>","protected":false},"featured_media":610,"comment_status":"open","ping_status":"closed","template":"","meta":{"_seopress_robots_primary_cat":"91","_seopress_titles_title":"Buy Stunning Yellow Cobra Guppies Today!","_seopress_titles_desc":"Get your stunning Yellow Cobra pair with shipping included! Live arrival guarantee and customer support for a smooth experience.","_seopress_robots_index":""},"product_brand":[],"product_cat":[69],"product_tag":[],"class_list":{"0":"post-580","1":"product","2":"type-product","3":"status-publish","4":"has-post-thumbnail","6":"product_cat-guppy","8":"first","9":"instock","10":"shipping-taxable","11":"purchasable","12":"product-type-simple","13":"add-to-wishlist-after_add_to_cart"},"_links":{"self":[{"href":"https:\/\/fishbuff.com\/de\/wp-json\/wp\/v2\/product\/580","targetHints":{"allow":["GET"]}}],"collection":[{"href":"https:\/\/fishbuff.com\/de\/wp-json\/wp\/v2\/product"}],"about":[{"href":"https:\/\/fishbuff.com\/de\/wp-json\/wp\/v2\/types\/product"}],"replies":[{"embeddable":true,"href":"https:\/\/fishbuff.com\/de\/wp-json\/wp\/v2\/comments?post=580"}],"wp:featuredmedia":[{"embeddable":true,"href":"https:\/\/fishbuff.com\/de\/wp-json\/wp\/v2\/media\/610"}],"wp:attachment":[{"href":"https:\/\/fishbuff.com\/de\/wp-json\/wp\/v2\/media?parent=580"}],"wp:term":[{"taxonomy":"product_brand","embeddable":true,"href":"https:\/\/fishbuff.com\/de\/wp-json\/wp\/v2\/product_brand?post=580"},{"taxonomy":"product_cat","embeddable":true,"href":"https:\/\/fishbuff.com\/de\/wp-json\/wp\/v2\/product_cat?post=580"},{"taxonomy":"product_tag","embeddable":true,"href":"https:\/\/fishbuff.com\/de\/wp-json\/wp\/v2\/product_tag?post=580"}],"curies":[{"name":"wp","href":"https:\/\/api.w.org\/{rel}","templated":true}]}}