{"id":3178,"date":"2025-12-25T16:24:06","date_gmt":"2025-12-25T16:24:06","guid":{"rendered":"https:\/\/fishbuff.com\/?page_id=3178"},"modified":"2026-01-29T09:35:36","modified_gmt":"2026-01-29T09:35:36","slug":"caridina-rejer","status":"publish","type":"page","link":"https:\/\/fishbuff.com\/dk\/vores-sortiment\/caridina-rejer\/","title":{"rendered":"Caridina-rejer"},"content":{"rendered":"<div class=\"wpb-content-wrapper\"><div class=\"vc_row wpb_row vc_row-fluid\"><div class=\"wpb_column vc_column_container vc_col-sm-12\"><div class=\"vc_column-inner\"><div class=\"wpb_wrapper\"><h2 style=\"font-size: 42px;color: #333333;line-height: 1.2;text-align: left\" class=\"vc_custom_heading vc_do_custom_heading vc_custom_1769444106828\" >Caridina-rejer<\/h2>\n\t<div class=\"wpb_text_column wpb_content_element\" >\n\t\t<div class=\"wpb_wrapper\">\n\t\t\t<p>Caridina er en sl\u00e6gt af ferskvandsrejer, som er meget ber\u00f8mt i akvariehobbyen for deres sl\u00e5ende farver og indviklede m\u00f8nstre. Hos os finder du et stort udvalg af Cardina-rejer, herunder en fascinerende gruppe af Cardina-rejer fra Sulawesi.<\/p>\n\n\t\t<\/div>\n\t<\/div>\n<div id=\"kapee-header-18512\" class=\"kapee-element kapee-heading text-left kapee-width-100 separator-line separator-between-heading\">\t\n\t\t\t\n\t\t\t<div class=\"heading-wrap\">\n\t\t\t<span class=\"separator-left\"><\/span>\n\t\t\t<h3 class=\"heading-title\">Engros Caridina-rejer <\/h3>\t\t\t<span class=\"separator-right\"><\/span>\n\t\t\t\t\t<\/div>\n\t\t\n    <\/div>\n\t<div class=\"wpb_text_column wpb_content_element\" >\n\t\t<div class=\"wpb_wrapper\">\n\t\t\t<figure class=\"wp-block-table\">\n<table class=\"has-fixed-layout\">\n<tbody>\n<tr>\n<td>Videnskabeligt navn<\/td>\n<td>Almindeligt navn<\/td>\n<td>Pris (USD)<\/td>\n<\/tr>\n<tr>\n<td>Caridina boehmei<\/td>\n<td>Mambo-bien<\/td>\n<td>0.70<\/td>\n<\/tr>\n<tr>\n<td>Caridina caerulea<\/td>\n<td>Bl\u00e5 ben poso<\/td>\n<td>0.70<\/td>\n<\/tr>\n<tr>\n<td>Caridina cf. cantonensis<\/td>\n<td>Sort bi<\/td>\n<td>0.65<\/td>\n<\/tr>\n<tr>\n<td>Caridina cf. cantonensis<\/td>\n<td>R\u00f8d bi<\/td>\n<td>0.65<\/td>\n<\/tr>\n<tr>\n<td>Caridina cf. cantonensis<\/td>\n<td>Bl\u00e5 boltbi<\/td>\n<td>0.65<\/td>\n<\/tr>\n<tr>\n<td>Caridina cf. cantonensis<\/td>\n<td>Snehvid bi<\/td>\n<td>0.65<\/td>\n<\/tr>\n<tr>\n<td>Caridina cf. glaubrechti<\/td>\n<td>Hvid orkid\u00e9-bi<\/td>\n<td>0.70<\/td>\n<\/tr>\n<tr>\n<td>Caridina cf. logemani<\/td>\n<td>Sort bi mosura<\/td>\n<td>0.65<\/td>\n<\/tr>\n<tr>\n<td>Caridina cf. logemani<\/td>\n<td>R\u00f8d bi mosura<\/td>\n<td>0.65<\/td>\n<\/tr>\n<tr>\n<td>Caridina cf. logemani<\/td>\n<td>Sorte tigerrejer<\/td>\n<td>1.50<\/td>\n<\/tr>\n<tr>\n<td>Caridina cf. logemani<\/td>\n<td>R\u00f8de tigerrejer<\/td>\n<td>2.50<\/td>\n<\/tr>\n<tr>\n<td>Caridina cf. logemani<\/td>\n<td>Sort bi hinomaru<\/td>\n<td>0.70<\/td>\n<\/tr>\n<tr>\n<td>Caridina cf. logemani<\/td>\n<td>R\u00f8d bi hinomaru<\/td>\n<td>0.70<\/td>\n<\/tr>\n<tr>\n<td>Caridina cf. spinata<\/td>\n<td>Rejer med gule kinder<\/td>\n<td>0.70<\/td>\n<\/tr>\n<tr>\n<td>Caridina cf. spinata<\/td>\n<td>Rejer med gul n\u00e6se<\/td>\n<td>0.70<\/td>\n<\/tr>\n<tr>\n<td>Caridina cf. spinata<\/td>\n<td>Malili r\u00f8d bi<\/td>\n<td>0.70<\/td>\n<\/tr>\n<tr>\n<td>Caridina cf. spinata<\/td>\n<td>Bl\u00e5 prik r\u00f8d linje rejer<\/td>\n<td>0.70<\/td>\n<\/tr>\n<tr>\n<td>Caridina dennerli<\/td>\n<td>Kardinalrejer<\/td>\n<td>0.70<\/td>\n<\/tr>\n<tr>\n<td>Caridina ensifera<\/td>\n<td>Brun morfereje<\/td>\n<td>0.70<\/td>\n<\/tr>\n<tr>\n<td>Caridina glaubrechti<\/td>\n<td>R\u00f8d orkid\u00e9-bi<\/td>\n<td>0.70<\/td>\n<\/tr>\n<tr>\n<td>Caridina gracilirostris<\/td>\n<td>Pinokio-rejer<\/td>\n<td>0.70<\/td>\n<\/tr>\n<tr>\n<td>Caridina gracilirostris sp.<\/td>\n<td>Gul pinokio-reje<\/td>\n<td>0.70<\/td>\n<\/tr>\n<tr>\n<td>Caridina holthuisi<\/td>\n<td>Matano tigerrejer<\/td>\n<td>0.70<\/td>\n<\/tr>\n<tr>\n<td>Caridina lanceolata<\/td>\n<td>-<\/td>\n<td>0.70<\/td>\n<\/tr>\n<tr>\n<td>Caridina lingkonae<\/td>\n<td>-<\/td>\n<td>0.70<\/td>\n<\/tr>\n<tr>\n<td>Caridina loehae<\/td>\n<td>-<\/td>\n<td>0.70<\/td>\n<\/tr>\n<tr>\n<td>Caridina multidentata<\/td>\n<td>Amano rejer<\/td>\n<td>0.70<\/td>\n<\/tr>\n<tr>\n<td>Caridina profundicola<\/td>\n<td>Solstribet reje<\/td>\n<td>0.70<\/td>\n<\/tr>\n<tr>\n<td>Caridina propinqua<\/td>\n<td>Orange sunkist-bi<\/td>\n<td>0.70<\/td>\n<\/tr>\n<tr>\n<td>Caridina sarasinorum<\/td>\n<td>-<\/td>\n<td>0.70<\/td>\n<\/tr>\n<tr>\n<td>Caridina serrata sp.<\/td>\n<td>Sort tigerbi<\/td>\n<td>0.70<\/td>\n<\/tr>\n<tr>\n<td>Caridina serrata sp.<\/td>\n<td>R\u00f8d tigerbi<\/td>\n<td>0.70<\/td>\n<\/tr>\n<tr>\n<td>Caridina serratirostris<\/td>\n<td>Ninja-rejer<\/td>\n<td>0.70<\/td>\n<\/tr>\n<tr>\n<td>Caridina spinata<\/td>\n<td>Gul guldfnug-bi<\/td>\n<td>0.70<\/td>\n<\/tr>\n<tr>\n<td>Caridina spongicola<\/td>\n<td>Caridina tigris<\/td>\n<td>0.70<\/td>\n<\/tr>\n<tr>\n<td>Caridina striata<\/td>\n<td>Rejer i r\u00f8d linje<\/td>\n<td>0.70<\/td>\n<\/tr>\n<tr>\n<td>Caridina trimaculatus<\/td>\n<td>R\u00f8d bi med tre pletter<\/td>\n<td>0.70<\/td>\n<\/tr>\n<tr>\n<td>Caridina villadolidi<\/td>\n<td>Guldt\u00e5ge-rejer<\/td>\n<td>0.70<\/td>\n<\/tr>\n<tr>\n<td>Caridina woltereckae<\/td>\n<td>Harlekin-rejer<\/td>\n<td>0.70<\/td>\n<\/tr>\n<\/tbody>\n<\/table>\n<\/figure>\n\n\t\t<\/div>\n\t<\/div>\n<\/div><\/div><\/div><\/div><!-- \/wp:post-content --><\/div>","protected":false},"excerpt":{"rendered":"Caridina Shrimps Caridina is a genus of freshwater shrimp, widely celebrated in the aquarium hobby for their striking colors and intricate patterns. With us, you will find a large selection of Cardina shrimp, including a fascinating group of Cardina shrimp from Sulawesi. Wholesale Caridina Shrimps Scientific name Common name Price (USD) Caridina boehmei Mambo bee 0.70 Caridina caerulea Blue leg poso 0.70 Caridina cf. cantonensis Black bee 0.65 Caridina cf. cantonensis Red bee 0.65 Caridina cf. cantonensis Blue bolt bee 0.65 Caridina cf. cantonensis Snow white bee 0.65 Caridina cf. glaubrechti White orchid bee 0.70 Caridina cf. logemani Black bee","protected":false},"author":1,"featured_media":0,"parent":136,"menu_order":0,"comment_status":"closed","ping_status":"closed","template":"","meta":{"_seopress_robots_primary_cat":"","_seopress_titles_title":"Caridina Shrimps | Wholesale Caridina Shrimps","_seopress_titles_desc":"Discover top-quality Caridina & Sulawesi shrimps from Indonesia's leading supplier. Perfect for wholesale, explore our diverse selection today!","_seopress_robots_index":"","footnotes":""},"class_list":["post-3178","page","type-page","status-publish","hentry"],"_links":{"self":[{"href":"https:\/\/fishbuff.com\/dk\/wp-json\/wp\/v2\/pages\/3178","targetHints":{"allow":["GET"]}}],"collection":[{"href":"https:\/\/fishbuff.com\/dk\/wp-json\/wp\/v2\/pages"}],"about":[{"href":"https:\/\/fishbuff.com\/dk\/wp-json\/wp\/v2\/types\/page"}],"author":[{"embeddable":true,"href":"https:\/\/fishbuff.com\/dk\/wp-json\/wp\/v2\/users\/1"}],"replies":[{"embeddable":true,"href":"https:\/\/fishbuff.com\/dk\/wp-json\/wp\/v2\/comments?post=3178"}],"version-history":[{"count":4,"href":"https:\/\/fishbuff.com\/dk\/wp-json\/wp\/v2\/pages\/3178\/revisions"}],"predecessor-version":[{"id":5306,"href":"https:\/\/fishbuff.com\/dk\/wp-json\/wp\/v2\/pages\/3178\/revisions\/5306"}],"up":[{"embeddable":true,"href":"https:\/\/fishbuff.com\/dk\/wp-json\/wp\/v2\/pages\/136"}],"wp:attachment":[{"href":"https:\/\/fishbuff.com\/dk\/wp-json\/wp\/v2\/media?parent=3178"}],"curies":[{"name":"wp","href":"https:\/\/api.w.org\/{rel}","templated":true}]}}