{"id":1060,"date":"2025-12-23T15:04:05","date_gmt":"2025-12-23T15:04:05","guid":{"rendered":"https:\/\/fishbuff.com\/?post_type=product&#038;p=1060"},"modified":"2025-12-23T15:04:10","modified_gmt":"2025-12-23T15:04:10","slug":"albino-metal-snakeskin-red-lace","status":"publish","type":"product","link":"https:\/\/fishbuff.com\/dk\/product\/albino-metal-snakeskin-red-lace\/","title":{"rendered":"Albino Metal Snakeskin Red Lace"},"content":{"rendered":"<div class=\"wpb-content-wrapper\"><div class=\"vc_row wpb_row vc_row-fluid\"><div class=\"wpb_column vc_column_container vc_col-sm-12\"><div class=\"vc_column-inner\"><div class=\"wpb_wrapper\"><div id=\"kapee-header-50932\" class=\"kapee-element kapee-heading text-left kapee-width-100 separator-line separator-between-heading\">\t\n\t\t\t\n\t\t\t<div class=\"heading-wrap\">\n\t\t\t<span class=\"separator-left\"><\/span>\n\t\t\t<h2 class=\"heading-title\">Guppy Fiskebutik <\/h2>\t\t\t<span class=\"separator-right\"><\/span>\n\t\t\t\t\t<\/div>\n\t\t\n    <\/div>\n\t<div class=\"wpb_text_column wpb_content_element\" >\n\t\t<div class=\"wpb_wrapper\">\n\t\t\t<p><span style=\"color: red;\">Prisen er for et par (en han og en hun).<\/span><br \/>\nFiskebilleder er taget s\u00e5 n\u00f8jagtigt som muligt. De viste billeder er til illustration som en gengivelse af den n\u00f8jagtige fisk.<br \/>\nDen angivne pris inkluderer forsendelsesomkostninger fra Indonesien via Transhipper. K\u00f8ber skal betale deres lokale transhipper-agent for importgebyrer og indenlandske forsendelsesomkostninger.<\/p>\n\n\t\t<\/div>\n\t<\/div>\n<div id=\"kapee-header-20223\" class=\"kapee-element kapee-heading text-left kapee-width-100 separator-none separator-between-heading\">\t\n\t\t\t\n\t\t\t<div class=\"heading-wrap\">\n\t\t\t<span class=\"separator-left\"><\/span>\n\t\t\t<h3 class=\"heading-title\">K\u00f8b levende akvariefisk online <\/h3>\t\t\t<span class=\"separator-right\"><\/span>\n\t\t\t\t\t<\/div>\n\t\t\n    <\/div>\n<div id=\"kapee-accordion-60928\" class=\"kapee-element kapee-accordion panel-group accordion-line align-left accordion-icon-plus icon-position-right\">\n\t\n\t\t\t\n\t\t<div class=\"card\">\n\t\t\t<div class=\"card-header\">\n\t\t\t\t<h4 class=\"card-title\">\t\t\t\t\t\n\t\t\t\t\t<a class=\"card-link collapsed\" data-toggle=\"collapse\" href=\"#kp-accordions-90734\">\n\t\t\t\t\t\t\t\t\t\t\t\tHvor sender du dine fisk hen?\t\t\t\t\t\t\t\t\t\t\t<\/a>\t\t\t\t\t\n\t\t\t\t<\/h4>\n\t\t\t<\/div>\n\t\t\t<div id=\"kp-accordions-90734\" class=\"collapse\" data-parent=\"#kapee-accordion-60928\">\n\t\t\t\t<div class=\"card-body\">\n\t\t\t\t\t\n\t<div class=\"wpb_text_column wpb_content_element\" >\n\t\t<div class=\"wpb_wrapper\">\n\t\t\t<p>Vi sender kun vores fisk til detailordrer til visse lande. Forsendelse er begr\u00e6nset til f\u00f8lgende lande; Australien\/ \u00d8strig\/ Barbados\/ Belgien\/ Bolivia\/ Brasilien\/ Brunei\/ Bulgarien\/ Cambodja\/ Canada\/ Chile\/ Kina\/ Colombia\/ Costa Rica\/ Kroatien\/ Cypern\/ Tjekkiet\/ Danmark\/ Dominikanske Republik\/ Ecuador\/ Estland\/ Finland\/ Frankrig\/ Tyskland\/ Gr\u00e6kenland\/ Guam\/ Haiti\/ Hongkong\/ Ungarn\/ Indien\/ Irland\/ Italien\/ Japan\/ Kuwait\/ Letland\/ Liechtenstein\/ Litauen\/ Luxembourg\/ Malaysia\/ Mexico\/ Myanmar\/ Holland\/ Norge\/ Oman\/ Panama\/ Paraguay\/ Peru\/ Puerto Rico\/ Philipinerne\/ Polen\/ Portugal\/ Rum\u00e6nien\/ San Marino\/ Serbien\/ Singapore\/ Slovakiet\/ Slovenien\/ Sydafrika\/ Sydkorea\/ Spanien\/ Surinam\/ Sverige\/ Schweiz\/ Taiwan\/ Thailand\/ Trinidad og Tobago\/ Turks- og Caicos\u00f8erne\/ Uni Emirat Arab\/ Storbritannien\/ USA\/ De Amerikanske Jomfru\u00f8er\/ Vietnam.<\/p>\n\n\t\t<\/div>\n\t<\/div>\n\t\t\t\t<\/div>\n\t\t\t<\/div>\n\t\t<\/div>\n\t\t\t\n\t\t<div class=\"card\">\n\t\t\t<div class=\"card-header\">\n\t\t\t\t<h4 class=\"card-title\">\t\t\t\t\t\n\t\t\t\t\t<a class=\"card-link collapsed\" data-toggle=\"collapse\" href=\"#kp-accordions-63868\">\n\t\t\t\t\t\t\t\t\t\t\t\tHvor lang tid tager det at modtage min fisk?\t\t\t\t\t\t\t\t\t\t\t<\/a>\t\t\t\t\t\n\t\t\t\t<\/h4>\n\t\t\t<\/div>\n\t\t\t<div id=\"kp-accordions-63868\" class=\"collapse\" data-parent=\"#kapee-accordion-60928\">\n\t\t\t\t<div class=\"card-body\">\n\t\t\t\t\t\n\t<div class=\"wpb_text_column wpb_content_element\" >\n\t\t<div class=\"wpb_wrapper\">\n\t\t\t<p>Du vil typisk modtage din ordre i l\u00f8bet af 7-14 arbejdsdage. I nogle tilf\u00e6lde vil det tage en m\u00e5ned.<\/p>\n\n\t\t<\/div>\n\t<\/div>\n\t\t\t\t<\/div>\n\t\t\t<\/div>\n\t\t<\/div>\n\t\t\t\n\t\t<div class=\"card\">\n\t\t\t<div class=\"card-header\">\n\t\t\t\t<h4 class=\"card-title\">\t\t\t\t\t\n\t\t\t\t\t<a class=\"card-link collapsed\" data-toggle=\"collapse\" href=\"#kp-accordions-28360\">\n\t\t\t\t\t\t\t\t\t\t\t\tHvorfor tager det s\u00e5 lang tid at f\u00e5 mine fisk?\t\t\t\t\t\t\t\t\t\t\t<\/a>\t\t\t\t\t\n\t\t\t\t<\/h4>\n\t\t\t<\/div>\n\t\t\t<div id=\"kp-accordions-28360\" class=\"collapse\" data-parent=\"#kapee-accordion-60928\">\n\t\t\t\t<div class=\"card-body\">\n\t\t\t\t\t\n\t<div class=\"wpb_text_column wpb_content_element\" >\n\t\t<div class=\"wpb_wrapper\">\n\t\t\t<p>Vi sender kun detailordrer gennem en omlader. Forsendelser sker p\u00e5 baggrund af deres tilg\u00e6ngelige m\u00e5nedlige tidsplan, som fasts\u00e6ttes af omlasteren selv.<br \/>\nFlere lande, som m\u00e5ske ikke har en stor nok forsendelsesm\u00e6ngde, har normalt meget begr\u00e6nsede tidsplaner.<br \/>\nHvis du vil v\u00e6re sikker p\u00e5, hvorn\u00e5r det er det rigtige tidspunkt at afgive din bestilling, kan du kontakte os f\u00f8rst.<\/p>\n\n\t\t<\/div>\n\t<\/div>\n\t\t\t\t<\/div>\n\t\t\t<\/div>\n\t\t<\/div>\n\t\t\t\n\t\t<div class=\"card\">\n\t\t\t<div class=\"card-header\">\n\t\t\t\t<h4 class=\"card-title\">\t\t\t\t\t\n\t\t\t\t\t<a class=\"card-link collapsed\" data-toggle=\"collapse\" href=\"#kp-accordions-66788\">\n\t\t\t\t\t\t\t\t\t\t\t\tHvad hvis min fisk ankommer d\u00f8d?\t\t\t\t\t\t\t\t\t\t\t<\/a>\t\t\t\t\t\n\t\t\t\t<\/h4>\n\t\t\t<\/div>\n\t\t\t<div id=\"kp-accordions-66788\" class=\"collapse\" data-parent=\"#kapee-accordion-60928\">\n\t\t\t\t<div class=\"card-body\">\n\t\t\t\t\t\n\t<div class=\"wpb_text_column wpb_content_element\" >\n\t\t<div class=\"wpb_wrapper\">\n\t\t\t<p>I det usandsynlige tilf\u00e6lde, at du modtager en d\u00f8d fisk, skal du s\u00f8rge for at kontakte os inden for 24 timer efter dens ankomst. Eventuelle krav efter dette tidspunkt vil ikke blive im\u00f8dekommet.<br \/>\nI tilf\u00e6lde af D.O.A. bedes du sende os et tydeligt billede af den d\u00f8de fisk i en u\u00e5bnet pose. Kunden kan indsende sit krav via e-mail p\u00e5 support@fishbuff.com eller WhatsApp via (+62) 821-3871-8445.<\/p>\n\n\t\t<\/div>\n\t<\/div>\n\t\t\t\t<\/div>\n\t\t\t<\/div>\n\t\t<\/div>\n\t\t\t\n\t\t<div class=\"card\">\n\t\t\t<div class=\"card-header\">\n\t\t\t\t<h4 class=\"card-title\">\t\t\t\t\t\n\t\t\t\t\t<a class=\"card-link collapsed\" data-toggle=\"collapse\" href=\"#kp-accordions-86350\">\n\t\t\t\t\t\t\t\t\t\t\t\tAccepterede du returnering eller ombytning?\t\t\t\t\t\t\t\t\t\t\t<\/a>\t\t\t\t\t\n\t\t\t\t<\/h4>\n\t\t\t<\/div>\n\t\t\t<div id=\"kp-accordions-86350\" class=\"collapse\" data-parent=\"#kapee-accordion-60928\">\n\t\t\t\t<div class=\"card-body\">\n\t\t\t\t\t\n\t<div class=\"wpb_text_column wpb_content_element\" >\n\t\t<div class=\"wpb_wrapper\">\n\t\t\t<p>Vi tilbyder ikke returnering eller ombytning, men vi erstatter gerne ordrer, der opfylder vores reklamationspolitik.<\/p>\n\n\t\t<\/div>\n\t<\/div>\n\t\t\t\t<\/div>\n\t\t\t<\/div>\n\t\t<\/div>\n\t<\/div><\/div><\/div><\/div><\/div>\n<\/div>","protected":false},"excerpt":{"rendered":"<p style=\"color: red;\">L\u00e6s venligst vores <a href=\"https:\/\/fishbuff.com\/dk\/terms-conditions\/\" target=\"_blank\" rel=\"noopener\">Vilk\u00e5r og betingelser<\/a> f\u00f8r du k\u00f8ber.<br \/>\nVed at k\u00f8be indikerer vi, at du accepterer de g\u00e6ldende vilk\u00e5r og betingelser.<\/p>","protected":false},"featured_media":1090,"comment_status":"open","ping_status":"closed","template":"","meta":{"_seopress_robots_primary_cat":"91","_seopress_titles_title":"Buy Albino Metal Snakeskin Red Lace Guppies","_seopress_titles_desc":"Buy a stunning pair of Albino Metal Snakeskin Red Lace guppies, shipped from Indonesia. Enjoy our Live Arrival Guarantee. Contact us for any inquiries!","_seopress_robots_index":""},"product_brand":[],"product_cat":[69],"product_tag":[],"class_list":{"0":"post-1060","1":"product","2":"type-product","3":"status-publish","4":"has-post-thumbnail","6":"product_cat-guppy","8":"first","9":"instock","10":"shipping-taxable","11":"purchasable","12":"product-type-simple","13":"add-to-wishlist-after_add_to_cart"},"_links":{"self":[{"href":"https:\/\/fishbuff.com\/dk\/wp-json\/wp\/v2\/product\/1060","targetHints":{"allow":["GET"]}}],"collection":[{"href":"https:\/\/fishbuff.com\/dk\/wp-json\/wp\/v2\/product"}],"about":[{"href":"https:\/\/fishbuff.com\/dk\/wp-json\/wp\/v2\/types\/product"}],"replies":[{"embeddable":true,"href":"https:\/\/fishbuff.com\/dk\/wp-json\/wp\/v2\/comments?post=1060"}],"wp:featuredmedia":[{"embeddable":true,"href":"https:\/\/fishbuff.com\/dk\/wp-json\/wp\/v2\/media\/1090"}],"wp:attachment":[{"href":"https:\/\/fishbuff.com\/dk\/wp-json\/wp\/v2\/media?parent=1060"}],"wp:term":[{"taxonomy":"product_brand","embeddable":true,"href":"https:\/\/fishbuff.com\/dk\/wp-json\/wp\/v2\/product_brand?post=1060"},{"taxonomy":"product_cat","embeddable":true,"href":"https:\/\/fishbuff.com\/dk\/wp-json\/wp\/v2\/product_cat?post=1060"},{"taxonomy":"product_tag","embeddable":true,"href":"https:\/\/fishbuff.com\/dk\/wp-json\/wp\/v2\/product_tag?post=1060"}],"curies":[{"name":"wp","href":"https:\/\/api.w.org\/{rel}","templated":true}]}}