{"id":2161,"date":"2025-12-23T15:09:42","date_gmt":"2025-12-23T15:09:42","guid":{"rendered":"https:\/\/fishbuff.com\/?post_type=product&#038;p=2161"},"modified":"2025-12-23T15:09:48","modified_gmt":"2025-12-23T15:09:48","slug":"koi-plakat-double-tail-betta","status":"publish","type":"product","link":"https:\/\/fishbuff.com\/dk\/product\/koi-plakat-double-tail-betta\/","title":{"rendered":"Koi Plakat Double Tail Betta"},"content":{"rendered":"<div class=\"wpb-content-wrapper\"><div class=\"vc_row wpb_row vc_row-fluid\"><div class=\"wpb_column vc_column_container vc_col-sm-12\"><div class=\"vc_column-inner\"><div class=\"wpb_wrapper\"><div id=\"kapee-header-73699\" class=\"kapee-element kapee-heading text-left kapee-width-100 separator-line separator-between-heading\">\t\n\t\t\t\n\t\t\t<div class=\"heading-wrap\">\n\t\t\t<span class=\"separator-left\"><\/span>\n\t\t\t<h2 class=\"heading-title\">Betta-fisk <\/h2>\t\t\t<span class=\"separator-right\"><\/span>\n\t\t\t\t\t<\/div>\n\t\t\n    <\/div>\n\t<div class=\"wpb_text_column wpb_content_element\" >\n\t\t<div class=\"wpb_wrapper\">\n\t\t\t<p>Betta splendens er hjemmeh\u00f8rende i Thailand, Cambodja, Laos og Vietnam, hvor de lever i gr\u00f8fter, rismarker, lavvandede bassiner og langsomt flydende vandl\u00f8b. Bettaer anses generelt for at v\u00e6re begyndervenlige, fordi de kan holdes alene i ret sm\u00e5 akvarier (mindst 5 liter).<\/p>\n\n\t\t<\/div>\n\t<\/div>\n<div id=\"kapee-header-3148\" class=\"kapee-element kapee-heading text-left kapee-width-100 separator-line separator-between-heading\">\t\n\t\t\t\n\t\t\t<div class=\"heading-wrap\">\n\t\t\t<span class=\"separator-left\"><\/span>\n\t\t\t<h3 class=\"heading-title\">Engros Betta-fisk <\/h3>\t\t\t<span class=\"separator-right\"><\/span>\n\t\t\t\t\t<\/div>\n\t\t\n    <\/div>\n\t<div class=\"wpb_text_column wpb_content_element\" >\n\t\t<div class=\"wpb_wrapper\">\n\t\t\t<p>Vi tilbyder smukke, sj\u00e6ldne engros betta-hanfisk og betta-hunfisk med smukke og levende farver. Vi bestr\u00e6ber os p\u00e5 at tilbyde et bredt udvalg af sunde og levende betta-fisk, som hver is\u00e6r er n\u00f8je udvalgt til at opfylde de h\u00f8jeste standarder for sk\u00f8nhed og sundhed.<\/p>\n\n\t\t<\/div>\n\t<\/div>\n<\/div><\/div><\/div><\/div>\n<\/div>","protected":false},"excerpt":{"rendered":"Betta Fish Betta splendens are native to Thailand, Cambodia, Laos and Vietnam, where they live in ditches, rice paddies, shallow pools and slow moving streams. Bettas are generally considered to be beginner-friendly because they can be kept alone in fairly small (5 gallons at least) tanks. Wholesale Betta Fish We offer gorgeous, rare wholesale male betta fish and female betta fish with beautiful and vibrant colors. We strive to provide a wide selection of healthy and vibrant betta fish, each carefully selected to meet the highest standards of beauty and health.","protected":false},"featured_media":2181,"comment_status":"open","ping_status":"closed","template":"","meta":{"_seopress_robots_primary_cat":"none","_seopress_titles_title":"Wholesale Koi Plakat Double Tail Betta Fish Online","_seopress_titles_desc":"Discover vibrant Koi Plakat Double Tail Betta at wholesale prices. Perfect for bulk orders. Transform your aquarium with our high-quality fish selection.","_seopress_robots_index":""},"product_brand":[],"product_cat":[88],"product_tag":[],"class_list":{"0":"post-2161","1":"product","2":"type-product","3":"status-publish","4":"has-post-thumbnail","6":"product_cat-bettas","8":"first","9":"instock","10":"shipping-taxable","11":"purchasable","12":"product-type-simple","13":"add-to-wishlist-after_add_to_cart"},"_links":{"self":[{"href":"https:\/\/fishbuff.com\/dk\/wp-json\/wp\/v2\/product\/2161","targetHints":{"allow":["GET"]}}],"collection":[{"href":"https:\/\/fishbuff.com\/dk\/wp-json\/wp\/v2\/product"}],"about":[{"href":"https:\/\/fishbuff.com\/dk\/wp-json\/wp\/v2\/types\/product"}],"replies":[{"embeddable":true,"href":"https:\/\/fishbuff.com\/dk\/wp-json\/wp\/v2\/comments?post=2161"}],"wp:featuredmedia":[{"embeddable":true,"href":"https:\/\/fishbuff.com\/dk\/wp-json\/wp\/v2\/media\/2181"}],"wp:attachment":[{"href":"https:\/\/fishbuff.com\/dk\/wp-json\/wp\/v2\/media?parent=2161"}],"wp:term":[{"taxonomy":"product_brand","embeddable":true,"href":"https:\/\/fishbuff.com\/dk\/wp-json\/wp\/v2\/product_brand?post=2161"},{"taxonomy":"product_cat","embeddable":true,"href":"https:\/\/fishbuff.com\/dk\/wp-json\/wp\/v2\/product_cat?post=2161"},{"taxonomy":"product_tag","embeddable":true,"href":"https:\/\/fishbuff.com\/dk\/wp-json\/wp\/v2\/product_tag?post=2161"}],"curies":[{"name":"wp","href":"https:\/\/api.w.org\/{rel}","templated":true}]}}