{"id":2277,"date":"2025-12-23T15:10:20","date_gmt":"2025-12-23T15:10:20","guid":{"rendered":"https:\/\/fishbuff.com\/?post_type=product&#038;p=2277"},"modified":"2025-12-23T15:10:23","modified_gmt":"2025-12-23T15:10:23","slug":"red-carpet-anemone","status":"publish","type":"product","link":"https:\/\/fishbuff.com\/dk\/product\/red-carpet-anemone\/","title":{"rendered":"Red Carpet Anemone"},"content":{"rendered":"<p style=\"color: red;\">Forsendelse af alle arter af anemoner og koraller er begr\u00e6nset til f\u00f8lgende lande\/omr\u00e5der: det europ\u00e6iske kontinent (midlertidigt begr\u00e6nset til Hviderusland, Rusland og Ukraine) og USA.<\/p>\n<p>Billederne er taget s\u00e5 n\u00f8jagtigt som muligt. De viste billeder er til illustration som en gengivelse af det n\u00f8jagtige produkt.<br \/>\nDen angivne pris inkluderer forsendelsesomkostninger fra Indonesien via Transhipper. K\u00f8ber skal betale deres lokale transhipper-agent for importgebyrer og indenlandske forsendelsesomkostninger.<\/p>\n<p><strong>Garanti for levende ankomst<\/strong><br \/>\nI det usandsynlige tilf\u00e6lde, at du modtager et d\u00f8dt produkt, skal du s\u00f8rge for at kontakte os inden for 24 timer efter ankomsten. Eventuelle krav efter dette vil ikke blive respekteret. Kunder kan indsende deres krav via e-mail p\u00e5 support@fishbuff.com eller WhatsApp via (+62) 821-3871-8445.<\/p>\n<p><strong>Returnering og ombytning<\/strong><br \/>\nVi tilbyder ikke returnering eller ombytning, men vi erstatter gerne ordrer, der opfylder vores reklamationspolitik.<\/p>","protected":false},"excerpt":{"rendered":"<p style=\"color: red;\">L\u00e6s venligst vores <a href=\"https:\/\/fishbuff.com\/dk\/terms-conditions\/\" target=\"_blank\" rel=\"noopener\">Vilk\u00e5r og betingelser<\/a> f\u00f8r du k\u00f8ber.<br \/>\nVed at k\u00f8be indikerer vi, at du accepterer de g\u00e6ldende vilk\u00e5r og betingelser.<\/p>","protected":false},"featured_media":2307,"comment_status":"open","ping_status":"closed","template":"","meta":{"_seopress_robots_primary_cat":"none","_seopress_titles_title":"Live Red Carpet Anemone for Sale Online","_seopress_titles_desc":"Explore our stunning Sea Anemones for Sale with shipping across the US &amp; Europe. Guaranteed live arrival direct from Indonesia!","_seopress_robots_index":""},"product_brand":[],"product_cat":[91],"product_tag":[],"class_list":{"0":"post-2277","1":"product","2":"type-product","3":"status-publish","4":"has-post-thumbnail","6":"product_cat-sea-anemones-corals","8":"first","9":"outofstock","10":"shipping-taxable","11":"purchasable","12":"product-type-simple","13":"add-to-wishlist-after_add_to_cart"},"_links":{"self":[{"href":"https:\/\/fishbuff.com\/dk\/wp-json\/wp\/v2\/product\/2277","targetHints":{"allow":["GET"]}}],"collection":[{"href":"https:\/\/fishbuff.com\/dk\/wp-json\/wp\/v2\/product"}],"about":[{"href":"https:\/\/fishbuff.com\/dk\/wp-json\/wp\/v2\/types\/product"}],"replies":[{"embeddable":true,"href":"https:\/\/fishbuff.com\/dk\/wp-json\/wp\/v2\/comments?post=2277"}],"wp:featuredmedia":[{"embeddable":true,"href":"https:\/\/fishbuff.com\/dk\/wp-json\/wp\/v2\/media\/2307"}],"wp:attachment":[{"href":"https:\/\/fishbuff.com\/dk\/wp-json\/wp\/v2\/media?parent=2277"}],"wp:term":[{"taxonomy":"product_brand","embeddable":true,"href":"https:\/\/fishbuff.com\/dk\/wp-json\/wp\/v2\/product_brand?post=2277"},{"taxonomy":"product_cat","embeddable":true,"href":"https:\/\/fishbuff.com\/dk\/wp-json\/wp\/v2\/product_cat?post=2277"},{"taxonomy":"product_tag","embeddable":true,"href":"https:\/\/fishbuff.com\/dk\/wp-json\/wp\/v2\/product_tag?post=2277"}],"curies":[{"name":"wp","href":"https:\/\/api.w.org\/{rel}","templated":true}]}}