{"id":300,"date":"2025-12-23T14:59:31","date_gmt":"2025-12-23T14:59:31","guid":{"rendered":"https:\/\/fishbuff.com\/?post_type=product&#038;p=300"},"modified":"2026-01-12T13:49:55","modified_gmt":"2026-01-12T13:49:55","slug":"channa-bleheri","status":"publish","type":"product","link":"https:\/\/fishbuff.com\/dk\/product\/channa-bleheri\/","title":{"rendered":"3\u2033 Channa Bleheri"},"content":{"rendered":"<div class=\"wpb-content-wrapper\"><div class=\"vc_row wpb_row vc_row-fluid\"><div class=\"wpb_column vc_column_container vc_col-sm-12\"><div class=\"vc_column-inner\"><div class=\"wpb_wrapper\">\n\t<div class=\"wpb_text_column wpb_content_element\" >\n\t\t<div class=\"wpb_wrapper\">\n\t\t\t<p style=\"font-size: 24px; color: #0ca4ff; font-weight: bold; margin: 0;\">5-dages garanti <a style=\"color: #333333; font-size: 12px; font-weight: normal;\" href=\"https:\/\/fishbuff.com\/dk\/our-guarantee\/\">F\u00e5 mere at vide<\/a><\/p>\n<p><span style=\"color: red;\">Vi sender ikke Channa eller Snakehead til Australien, Barbados, Bolivia, Brasilien, Canada, Chile, Colombia, Costa Rica, Den Dominikanske Republik, Ecuador, Guam, Haiti, Mexico, Panama, Paraguay, Puerto Rico, Surinam, Trinidad og Tobago, USA og De Amerikanske Jomfru\u00f8er.<br \/>\nAlle arter, der tilh\u00f8rer slangehovedfamilien, betragtes som invasive arter, som det er forbudt at importere til disse lande.<\/span><br \/>\nFiskebilleder er taget s\u00e5 n\u00f8jagtigt som muligt. De viste billeder er til illustration, som en gengivelse af den n\u00f8jagtige fisk.<br \/>\nDen angivne pris inkluderer forsendelsesomkostninger fra Indonesien via en omlader. K\u00f8ber skal betale sin lokale omlastningsagent for importgebyrer og indenlandske forsendelsesomkostninger.<\/p>\n\n\t\t<\/div>\n\t<\/div>\n<div id=\"kapee-header-28053\" class=\"kapee-element kapee-heading text-left kapee-width-100 separator-line separator-between-heading\">\t\n\t\t\t\n\t\t\t<div class=\"heading-wrap\">\n\t\t\t<span class=\"separator-left\"><\/span>\n\t\t\t<h2 class=\"heading-title\">Rainbow Snakehead <\/h2>\t\t\t<span class=\"separator-right\"><\/span>\n\t\t\t\t\t<\/div>\n\t\t\n    <\/div><\/div><\/div><\/div><\/div><div class=\"vc_row wpb_row vc_row-fluid\"><div class=\"wpb_column vc_column_container vc_col-sm-6\"><div class=\"vc_column-inner\"><div class=\"wpb_wrapper\">\n\t<div class=\"wpb_text_column wpb_content_element\" >\n\t\t<div class=\"wpb_wrapper\">\n\t\t\t<h3 style=\"font-size: 24px; margin: 0.67em 0;\">Channa Bleheri<\/h3>\n<p>Channa bleheri is a small, vibrantly colored dwarf snakehead fish, prized by aquarists for its beauty.<\/p>\n<p><strong>Oprindelse<\/strong> - Opdr\u00e6ttet p\u00e5 g\u00e5rden<br \/>\n<strong>Kost<\/strong> - K\u00f8d\u00e6der<br \/>\n<strong>pH-v\u00e6rdi<\/strong> - 6,0 til 7,5<br \/>\n<strong>Temp.<\/strong> - 26\u00b0C til 30\u00b0C<br \/>\n<strong>Nuv\u00e6rende st\u00f8rrelse<\/strong> - 3 tommer<\/p>\n\n\t\t<\/div>\n\t<\/div>\n<\/div><\/div><\/div><div class=\"wpb_column vc_column_container vc_col-sm-6\"><div class=\"vc_column-inner\"><div class=\"wpb_wrapper\"><div id=\"kapee-header-83860\" class=\"kapee-element kapee-heading text-left kapee-width-100 separator-none separator-between-heading\">\t\n\t\t\t\n\t\t\t<div class=\"heading-wrap\">\n\t\t\t<span class=\"separator-left\"><\/span>\n\t\t\t<h3 class=\"heading-title\">Hurtig statistik <\/h3>\t\t\t<span class=\"separator-right\"><\/span>\n\t\t\t\t\t<\/div>\n\t\t\n    <\/div><div class=\"vc_progress_bar wpb_content_element\" ><div class=\"vc_general vc_single_bar\"><small class=\"vc_label\" style=\"color: #FFFFFF;\">SJ\u00c6LDENHED<\/small><span class=\"vc_bar\" data-percentage-value=\"50\" data-value=\"50\" style=\"background-color: #0CA4FF;\"><\/span><\/div><div class=\"vc_general vc_single_bar\"><small class=\"vc_label\" style=\"color: #FFFFFF;\">PLEJENIVEAU<\/small><span class=\"vc_bar\" data-percentage-value=\"25\" data-value=\"25\" style=\"background-color: #0CA4FF;\"><\/span><\/div><div class=\"vc_general vc_single_bar\"><small class=\"vc_label\" style=\"color: #FFFFFF;\">TEMPERAMENT<\/small><span class=\"vc_bar\" data-percentage-value=\"100\" data-value=\"100\" style=\"background-color: #0CA4FF;\"><\/span><\/div><div class=\"vc_general vc_single_bar\"><small class=\"vc_label\" style=\"color: #FFFFFF;\">KOMPATIBILITET<\/small><span class=\"vc_bar\" data-percentage-value=\"50\" data-value=\"50\" style=\"background-color: #0CA4FF;\"><\/span><\/div><div class=\"vc_general vc_single_bar\"><small class=\"vc_label\" style=\"color: #FFFFFF;\">PLANTERET TANK<\/small><span class=\"vc_bar\" data-percentage-value=\"50\" data-value=\"50\" style=\"background-color: #0CA4FF;\"><\/span><\/div><\/div><\/div><\/div><\/div><\/div>\n<\/div>","protected":false},"excerpt":{"rendered":"<p style=\"color: red;\">L\u00e6s venligst vores <a href=\"https:\/\/fishbuff.com\/dk\/terms-conditions\/\" target=\"_blank\" rel=\"noopener\">Vilk\u00e5r og betingelser<\/a> f\u00f8r du k\u00f8ber.<br \/>\nVed at k\u00f8be indikerer vi, at du er enig i og accepterer de g\u00e6ldende vilk\u00e5r og betingelser.<\/p>","protected":false},"featured_media":330,"comment_status":"open","ping_status":"closed","template":"","meta":{"_seopress_robots_primary_cat":"none","_seopress_titles_title":"Shop Channa Bleheri Plus Shipping","_seopress_titles_desc":"Buy Channa bleheri (rainbow snakehead), shipping from Indonesia included. Live arrival guaranteed. Claim within 24 hours for any DOA fish. Contact for support.","_seopress_robots_index":""},"product_brand":[],"product_cat":[43],"product_tag":[],"class_list":{"0":"post-300","1":"product","2":"type-product","3":"status-publish","4":"has-post-thumbnail","6":"product_cat-snakehead","8":"first","9":"instock","10":"shipping-taxable","11":"purchasable","12":"product-type-simple","13":"add-to-wishlist-after_add_to_cart"},"_links":{"self":[{"href":"https:\/\/fishbuff.com\/dk\/wp-json\/wp\/v2\/product\/300","targetHints":{"allow":["GET"]}}],"collection":[{"href":"https:\/\/fishbuff.com\/dk\/wp-json\/wp\/v2\/product"}],"about":[{"href":"https:\/\/fishbuff.com\/dk\/wp-json\/wp\/v2\/types\/product"}],"replies":[{"embeddable":true,"href":"https:\/\/fishbuff.com\/dk\/wp-json\/wp\/v2\/comments?post=300"}],"wp:featuredmedia":[{"embeddable":true,"href":"https:\/\/fishbuff.com\/dk\/wp-json\/wp\/v2\/media\/330"}],"wp:attachment":[{"href":"https:\/\/fishbuff.com\/dk\/wp-json\/wp\/v2\/media?parent=300"}],"wp:term":[{"taxonomy":"product_brand","embeddable":true,"href":"https:\/\/fishbuff.com\/dk\/wp-json\/wp\/v2\/product_brand?post=300"},{"taxonomy":"product_cat","embeddable":true,"href":"https:\/\/fishbuff.com\/dk\/wp-json\/wp\/v2\/product_cat?post=300"},{"taxonomy":"product_tag","embeddable":true,"href":"https:\/\/fishbuff.com\/dk\/wp-json\/wp\/v2\/product_tag?post=300"}],"curies":[{"name":"wp","href":"https:\/\/api.w.org\/{rel}","templated":true}]}}