{"id":707,"date":"2025-12-23T15:02:04","date_gmt":"2025-12-23T15:02:04","guid":{"rendered":"https:\/\/fishbuff.com\/?post_type=product&#038;p=707"},"modified":"2026-01-08T01:05:28","modified_gmt":"2026-01-08T01:05:28","slug":"bicolor-angelfish","status":"publish","type":"product","link":"https:\/\/fishbuff.com\/dk\/product\/bicolor-angelfish\/","title":{"rendered":"2&#8243; Bicolor Angelfish"},"content":{"rendered":"<div class=\"wpb-content-wrapper\"><div class=\"vc_row wpb_row vc_row-fluid\"><div class=\"wpb_column vc_column_container vc_col-sm-12\"><div class=\"vc_column-inner\"><div class=\"wpb_wrapper\">\n\t<div class=\"wpb_text_column wpb_content_element\" >\n\t\t<div class=\"wpb_wrapper\">\n\t\t\t<p style=\"font-size: 24px; color: #0ca4ff; font-weight: bold; margin: 0;\">2-dages garanti <a style=\"color: #333333; font-size: 12px; font-weight: normal;\" href=\"https:\/\/fishbuff.com\/dk\/our-guarantee\/\">F\u00e5 mere at vide<\/a><\/p>\n<p>Fiskebilleder er taget s\u00e5 n\u00f8jagtigt som muligt. De viste billeder er til illustration som en gengivelse af den n\u00f8jagtige fisk.<br \/>\nDen angivne pris inkluderer forsendelsesomkostninger fra Indonesien via Transhipper. K\u00f8ber skal betale deres lokale transhipper-agent for importgebyrer og indenlandske forsendelsesomkostninger.<\/p>\n\n\t\t<\/div>\n\t<\/div>\n<div id=\"kapee-header-43866\" class=\"kapee-element kapee-heading text-left kapee-width-100 separator-line separator-between-heading\">\t\n\t\t\t\n\t\t\t<div class=\"heading-wrap\">\n\t\t\t<span class=\"separator-left\"><\/span>\n\t\t\t<h2 class=\"heading-title\">Centropyge Bicolor <\/h2>\t\t\t<span class=\"separator-right\"><\/span>\n\t\t\t\t\t<\/div>\n\t\t\n    <\/div><\/div><\/div><\/div><\/div><div class=\"vc_row wpb_row vc_row-fluid\"><div class=\"wpb_column vc_column_container vc_col-sm-6\"><div class=\"vc_column-inner\"><div class=\"wpb_wrapper\">\n\t<div class=\"wpb_text_column wpb_content_element\" >\n\t\t<div class=\"wpb_wrapper\">\n\t\t\t<h3 style=\"font-size: 24px; margin: 0.67em 0;\">Bicolor Dwarf Angelfish<\/h3>\n<p>The Bicolor angelfish is known for its bright yellow on the front half, transitioning to deep blue on the rear half, with a yellow tail.<\/p>\n<p><strong>Oprindelse<\/strong> - Indo-Stillehavet<br \/>\n<strong>Kost<\/strong> - Alt\u00e6dende<br \/>\n<strong>pH-v\u00e6rdi<\/strong> - 8,0 til 8,5<br \/>\n<strong>Temp.<\/strong> - 25\u00b0C til 28\u00b0C<br \/>\n<strong>Saltholdighed<\/strong> - 1,020 til 1,025<\/p>\n\n\t\t<\/div>\n\t<\/div>\n<\/div><\/div><\/div><div class=\"wpb_column vc_column_container vc_col-sm-6\"><div class=\"vc_column-inner\"><div class=\"wpb_wrapper\"><div id=\"kapee-header-77364\" class=\"kapee-element kapee-heading text-left kapee-width-100 separator-none separator-between-heading\">\t\n\t\t\t\n\t\t\t<div class=\"heading-wrap\">\n\t\t\t<span class=\"separator-left\"><\/span>\n\t\t\t<h3 class=\"heading-title\">Hurtig statistik <\/h3>\t\t\t<span class=\"separator-right\"><\/span>\n\t\t\t\t\t<\/div>\n\t\t\n    <\/div><div class=\"vc_progress_bar wpb_content_element\" ><div class=\"vc_general vc_single_bar\"><small class=\"vc_label\" style=\"color: #FFFFFF;\">SJ\u00c6LDENHED<\/small><span class=\"vc_bar\" data-percentage-value=\"25\" data-value=\"25\" style=\"background-color: #0CA4FF;\"><\/span><\/div><div class=\"vc_general vc_single_bar\"><small class=\"vc_label\" style=\"color: #FFFFFF;\">PLEJENIVEAU<\/small><span class=\"vc_bar\" data-percentage-value=\"25\" data-value=\"25\" style=\"background-color: #0CA4FF;\"><\/span><\/div><div class=\"vc_general vc_single_bar\"><small class=\"vc_label\" style=\"color: #FFFFFF;\">TEMPERAMENT<\/small><span class=\"vc_bar\" data-percentage-value=\"50\" data-value=\"50\" style=\"background-color: #0CA4FF;\"><\/span><\/div><div class=\"vc_general vc_single_bar\"><small class=\"vc_label\" style=\"color: #FFFFFF;\">KOMPATIBILITET<\/small><span class=\"vc_bar\" data-percentage-value=\"75\" data-value=\"75\" style=\"background-color: #0CA4FF;\"><\/span><\/div><div class=\"vc_general vc_single_bar\"><small class=\"vc_label\" style=\"color: #FFFFFF;\">REEF SAFE<\/small><span class=\"vc_bar\" data-percentage-value=\"50\" data-value=\"50\" style=\"background-color: #0CA4FF;\"><\/span><\/div><\/div><\/div><\/div><\/div><\/div>\n<\/div>","protected":false},"excerpt":{"rendered":"<p style=\"color: red;\">L\u00e6s venligst vores <a href=\"https:\/\/fishbuff.com\/dk\/terms-conditions\/\" target=\"_blank\" rel=\"noopener\">Vilk\u00e5r og betingelser<\/a> f\u00f8r du k\u00f8ber.<br \/>\nVed at k\u00f8be indikerer vi, at du er enig i og accepterer de g\u00e6ldende vilk\u00e5r og betingelser.<\/p>","protected":false},"featured_media":737,"comment_status":"open","ping_status":"closed","template":"","meta":{"_seopress_robots_primary_cat":"none","_seopress_titles_title":"Buy Bicolor Angelfish with Secure Shipping & Guarantee","_seopress_titles_desc":"Shop Bicolor Angelfish (Centropyge bicolor) with confidence! Includes shipping from Indonesia. Contact us within 24hrs for Live Arrival Guarantee.","_seopress_robots_index":""},"product_brand":[],"product_cat":[58],"product_tag":[],"class_list":{"0":"post-707","1":"product","2":"type-product","3":"status-publish","4":"has-post-thumbnail","6":"product_cat-angelfish-saltwater","8":"first","9":"instock","10":"sale","11":"shipping-taxable","12":"purchasable","13":"product-type-simple","14":"add-to-wishlist-after_add_to_cart"},"_links":{"self":[{"href":"https:\/\/fishbuff.com\/dk\/wp-json\/wp\/v2\/product\/707","targetHints":{"allow":["GET"]}}],"collection":[{"href":"https:\/\/fishbuff.com\/dk\/wp-json\/wp\/v2\/product"}],"about":[{"href":"https:\/\/fishbuff.com\/dk\/wp-json\/wp\/v2\/types\/product"}],"replies":[{"embeddable":true,"href":"https:\/\/fishbuff.com\/dk\/wp-json\/wp\/v2\/comments?post=707"}],"wp:featuredmedia":[{"embeddable":true,"href":"https:\/\/fishbuff.com\/dk\/wp-json\/wp\/v2\/media\/737"}],"wp:attachment":[{"href":"https:\/\/fishbuff.com\/dk\/wp-json\/wp\/v2\/media?parent=707"}],"wp:term":[{"taxonomy":"product_brand","embeddable":true,"href":"https:\/\/fishbuff.com\/dk\/wp-json\/wp\/v2\/product_brand?post=707"},{"taxonomy":"product_cat","embeddable":true,"href":"https:\/\/fishbuff.com\/dk\/wp-json\/wp\/v2\/product_cat?post=707"},{"taxonomy":"product_tag","embeddable":true,"href":"https:\/\/fishbuff.com\/dk\/wp-json\/wp\/v2\/product_tag?post=707"}],"curies":[{"name":"wp","href":"https:\/\/api.w.org\/{rel}","templated":true}]}}