{"id":3083,"date":"2025-12-25T09:55:20","date_gmt":"2025-12-25T09:55:20","guid":{"rendered":"https:\/\/fishbuff.com\/?page_id=3083"},"modified":"2026-01-28T14:14:49","modified_gmt":"2026-01-28T14:14:49","slug":"kuldkala","status":"publish","type":"page","link":"https:\/\/fishbuff.com\/ee\/meie-sortiment\/kuldkala\/","title":{"rendered":"Kuldkala"},"content":{"rendered":"<div class=\"wpb-content-wrapper\"><div class=\"vc_row wpb_row vc_row-fluid\"><div class=\"wpb_column vc_column_container vc_col-sm-12\"><div class=\"vc_column-inner\"><div class=\"wpb_wrapper\"><h2 style=\"font-size: 42px;color: #333333;line-height: 1.2;text-align: left\" class=\"vc_custom_heading vc_do_custom_heading vc_custom_1769353243173\" >Kuldkala<\/h2>\n\t<div class=\"wpb_text_column wpb_content_element\" >\n\t\t<div class=\"wpb_wrapper\">\n\t\t\t<p>Kuldkalad (Carassius auratus) on populaarsed kodustatud mageveekalad karpkalade perekonnast, mis on tuntud oma erksate v\u00e4rvide (kuldne, oran\u017e, punane, valge) ja mitmekesiste fancy sortide poolest. Pakume erinevaid kuldkalade liike, nagu komeedid, shubunkiinid ja fancy t\u00f5ugud, alates tavalistest s\u00f6\u00f6tjatest kuni k\u00f5rgekvaliteediliste showkaladeni.<\/p>\n\n\t\t<\/div>\n\t<\/div>\n<div id=\"kapee-header-54945\" class=\"kapee-element kapee-heading text-left kapee-width-100 separator-line separator-between-heading\">\t\n\t\t\t\n\t\t\t<div class=\"heading-wrap\">\n\t\t\t<span class=\"separator-left\"><\/span>\n\t\t\t<h3 class=\"heading-title\">Hulgim\u00fc\u00fck kuldkala <\/h3>\t\t\t<span class=\"separator-right\"><\/span>\n\t\t\t\t\t<\/div>\n\t\t\n    <\/div>\n\t<div class=\"wpb_text_column wpb_content_element\" >\n\t\t<div class=\"wpb_wrapper\">\n\t\t\t<figure class=\"wp-block-table\">\n<table class=\"has-fixed-layout\">\n<tbody>\n<tr>\n<td>Teaduslik nimi<\/td>\n<td>\u00dcldnimetus<\/td>\n<td>Hind (USD)<\/td>\n<\/tr>\n<tr>\n<td>Carassius auratus spp. (S)<\/td>\n<td>Bubble eye (punane, kaliko, punane ja valge)<\/td>\n<td>0.50<\/td>\n<\/tr>\n<tr>\n<td>Carassius auratus spp. (M)<\/td>\n<td>Bubble eye (punane, kaliko, punane ja valge)<\/td>\n<td>1.00<\/td>\n<\/tr>\n<tr>\n<td>Carassius auratus spp. (S)<\/td>\n<td>Butterfly teleskoop (must, calico)<\/td>\n<td>1.00<\/td>\n<\/tr>\n<tr>\n<td>Carassius auratus spp. (M)<\/td>\n<td>Butterfly teleskoop (must, calico)<\/td>\n<td>1.50<\/td>\n<\/tr>\n<tr>\n<td>Carassius auratus spp. (S)<\/td>\n<td>Fantail (kaliko, must, oran\u017e)<\/td>\n<td>0.50<\/td>\n<\/tr>\n<tr>\n<td>Carassius auratus spp. (M)<\/td>\n<td>Fantail (kaliko, must, oran\u017e)<\/td>\n<td>1.00<\/td>\n<\/tr>\n<tr>\n<td>Carassius auratus spp. (S)<\/td>\n<td>Ranchu (k\u00f5ik v\u00e4rvivariandid)<\/td>\n<td>0.50<\/td>\n<\/tr>\n<tr>\n<td>Carassius auratus spp. (M)<\/td>\n<td>Ranchu (k\u00f5ik v\u00e4rvivariandid)<\/td>\n<td>1.00<\/td>\n<\/tr>\n<tr>\n<td>Carassius auratus spp. (S)<\/td>\n<td>Ryukin (punane, valge, kaliko, kolmev\u00e4rviline)<\/td>\n<td>0.70<\/td>\n<\/tr>\n<tr>\n<td>Carassius auratus spp. (M)<\/td>\n<td>Ryukin (punane, valge, kaliko, kolmev\u00e4rviline)<\/td>\n<td>1.20<\/td>\n<\/tr>\n<tr>\n<td>Carassius auratus spp. (S)<\/td>\n<td>Oranda (k\u00f5ik v\u00e4rvivariandid)<\/td>\n<td>0.50<\/td>\n<\/tr>\n<tr>\n<td>Carassius auratus spp. (M)<\/td>\n<td>Oranda (k\u00f5ik v\u00e4rvivariandid)<\/td>\n<td>1.00<\/td>\n<\/tr>\n<tr>\n<td>Carassius auratus spp. (S)<\/td>\n<td>Helme (punane, kaltsuv\u00e4rvi, punane ja valge)<\/td>\n<td>0.50<\/td>\n<\/tr>\n<tr>\n<td>Carassius auratus spp. (M)<\/td>\n<td>Helme (punane, kaltsuv\u00e4rvi, punane ja valge)<\/td>\n<td>1.00<\/td>\n<\/tr>\n<tr>\n<td>Carassius auratus spp. (S)<\/td>\n<td>Lokkis fantail\/ tosakin ( oran\u017evalge, kaliko)<\/td>\n<td>0.70<\/td>\n<\/tr>\n<tr>\n<td>Carassius auratus spp. (M)<\/td>\n<td>Lokkis fantail\/ tosakin ( oran\u017evalge, kaliko)<\/td>\n<td>1.20<\/td>\n<\/tr>\n<tr>\n<td>Carassius auratus spp. (S)<\/td>\n<td>Sarasa komeedid (calico, punane ja valge)<\/td>\n<td>0.40<\/td>\n<\/tr>\n<tr>\n<td>Carassius auratus spp. (M)<\/td>\n<td>Sarasa komeedid (calico, punane ja valge)<\/td>\n<td>0.90<\/td>\n<\/tr>\n<tr>\n<td>Carassius auratus spp. (S)<\/td>\n<td>Pika uime Sarasa komeedid (calico, punane ja valge)<\/td>\n<td>0.40<\/td>\n<\/tr>\n<tr>\n<td>Carassius auratus spp. (M)<\/td>\n<td>Pika uime Sarasa komeedid (calico, punane ja valge)<\/td>\n<td>0.90<\/td>\n<\/tr>\n<tr>\n<td>Carassius auratus spp. (S)<\/td>\n<td>Tamasaba (punane, punane ja valge)<\/td>\n<td>2.50<\/td>\n<\/tr>\n<tr>\n<td>Carassius auratus spp. (M)<\/td>\n<td>Tamasaba (punane, punane ja valge)<\/td>\n<td>3.50<\/td>\n<\/tr>\n<\/tbody>\n<\/table>\n<\/figure>\n\n\t\t<\/div>\n\t<\/div>\n<\/div><\/div><\/div><\/div><\/div>","protected":false},"excerpt":{"rendered":"Goldfish Goldfish (Carassius auratus) are popular domesticated freshwater fish from the carp family, known for their vibrant colors (gold, orange, red, white) and diverse fancy varieties. We offer various types of goldfish, like comets, shubunkins, and fancy breeds, ranging from common feeders to high-quality show fish. Wholesale Goldfish Scientific name Common name Price (USD) Carassius auratus spp. (S) Bubble eye (red, calico, red and white) 0.50 Carassius auratus spp. (M) Bubble eye (red, calico, red and white) 1.00 Carassius auratus spp. (S) Butterfly telescope (black, calico) 1.00 Carassius auratus spp. (M) Butterfly telescope (black, calico) 1.50 Carassius auratus spp. (S)","protected":false},"author":1,"featured_media":0,"parent":136,"menu_order":0,"comment_status":"closed","ping_status":"closed","template":"","meta":{"_seopress_robots_primary_cat":"","_seopress_titles_title":"Goldfish | Wholesale Goldfish","_seopress_titles_desc":"Explore our diverse range of goldfish from a top goldfish supplier in Indonesia. Perfect for wholesale aquarium fish needs!","_seopress_robots_index":"","footnotes":""},"class_list":["post-3083","page","type-page","status-publish","hentry"],"_links":{"self":[{"href":"https:\/\/fishbuff.com\/ee\/wp-json\/wp\/v2\/pages\/3083","targetHints":{"allow":["GET"]}}],"collection":[{"href":"https:\/\/fishbuff.com\/ee\/wp-json\/wp\/v2\/pages"}],"about":[{"href":"https:\/\/fishbuff.com\/ee\/wp-json\/wp\/v2\/types\/page"}],"author":[{"embeddable":true,"href":"https:\/\/fishbuff.com\/ee\/wp-json\/wp\/v2\/users\/1"}],"replies":[{"embeddable":true,"href":"https:\/\/fishbuff.com\/ee\/wp-json\/wp\/v2\/comments?post=3083"}],"version-history":[{"count":8,"href":"https:\/\/fishbuff.com\/ee\/wp-json\/wp\/v2\/pages\/3083\/revisions"}],"predecessor-version":[{"id":4995,"href":"https:\/\/fishbuff.com\/ee\/wp-json\/wp\/v2\/pages\/3083\/revisions\/4995"}],"up":[{"embeddable":true,"href":"https:\/\/fishbuff.com\/ee\/wp-json\/wp\/v2\/pages\/136"}],"wp:attachment":[{"href":"https:\/\/fishbuff.com\/ee\/wp-json\/wp\/v2\/media?parent=3083"}],"curies":[{"name":"wp","href":"https:\/\/api.w.org\/{rel}","templated":true}]}}