{"id":3191,"date":"2025-12-25T17:04:43","date_gmt":"2025-12-25T17:04:43","guid":{"rendered":"https:\/\/fishbuff.com\/?page_id=3191"},"modified":"2026-01-29T16:10:09","modified_gmt":"2026-01-29T16:10:09","slug":"vahk","status":"publish","type":"page","link":"https:\/\/fishbuff.com\/ee\/meie-sortiment\/vahk\/","title":{"rendered":"V\u00e4hid"},"content":{"rendered":"<div class=\"wpb-content-wrapper\"><div class=\"vc_row wpb_row vc_row-fluid\"><div class=\"wpb_column vc_column_container vc_col-sm-12\"><div class=\"vc_column-inner\"><div class=\"wpb_wrapper\"><h2 style=\"font-size: 42px;color: #333333;line-height: 1.2;text-align: left\" class=\"vc_custom_heading vc_do_custom_heading vc_custom_1769448809074\" >V\u00e4hid<\/h2>\n\t<div class=\"wpb_text_column wpb_content_element\" >\n\t\t<div class=\"wpb_wrapper\">\n\t\t\t<p>Akvaariumiv\u00e4hid on vastupidavad, aktiivsed ja territoriaalsed magevee koorikloomad, mis on huvitavad lemmikloomad, kuid nende agressiivse iseloomu t\u00f5ttu on neid k\u00f5ige parem hoida ainult liigiakvaariumis. Nad on tuntud oma erksate v\u00e4rvide (sinine, valge, oran\u017e) poolest ja on suurep\u00e4rased aadril\u00f5ikajad.<\/p>\n\n\t\t<\/div>\n\t<\/div>\n<div id=\"kapee-header-25334\" class=\"kapee-element kapee-heading text-left kapee-width-100 separator-line separator-between-heading\">\t\n\t\t\t\n\t\t\t<div class=\"heading-wrap\">\n\t\t\t<span class=\"separator-left\"><\/span>\n\t\t\t<h3 class=\"heading-title\">Hulgim\u00fc\u00fck v\u00e4hid <\/h3>\t\t\t<span class=\"separator-right\"><\/span>\n\t\t\t\t\t<\/div>\n\t\t\n    <\/div>\n\t<div class=\"wpb_text_column wpb_content_element\" >\n\t\t<div class=\"wpb_wrapper\">\n\t\t\t<figure class=\"wp-block-table\">\n<table class=\"has-fixed-layout\">\n<tbody>\n<tr>\n<td>Teaduslik nimi<\/td>\n<td>\u00dcldnimetus<\/td>\n<td>Hind (USD)<\/td>\n<\/tr>\n<tr>\n<td>Cambarellus diminutus<\/td>\n<td>Sinine k\u00e4\u00e4busv\u00e4hk<\/td>\n<td>0.35<\/td>\n<\/tr>\n<tr>\n<td>Cambarellus patzcuarensis<\/td>\n<td>K\u00e4\u00e4bus oran\u017e v\u00e4hk<\/td>\n<td>0.35<\/td>\n<\/tr>\n<tr>\n<td>Cambarellus shufeldtii<\/td>\n<td>Sinine cajun'i k\u00e4\u00e4busv\u00e4hk<\/td>\n<td>0.35<\/td>\n<\/tr>\n<tr>\n<td>Cambarellus texanus<\/td>\n<td>Texase k\u00e4\u00e4busv\u00e4hk<\/td>\n<td>0.35<\/td>\n<\/tr>\n<tr>\n<td>Cherax alyciae<\/td>\n<td>Sinine kongi sebrakrabi<\/td>\n<td>10.00<\/td>\n<\/tr>\n<tr>\n<td>Cherax alyciae sp.<\/td>\n<td>Black kong sebrakrabi<\/td>\n<td>10.00<\/td>\n<\/tr>\n<tr>\n<td>Cherax boesemani<\/td>\n<td>Paapua sinise kuu v\u00e4hk<\/td>\n<td>12.00<\/td>\n<\/tr>\n<tr>\n<td>Cherax boesemani sp.<\/td>\n<td>Papua rohelised pruunid j\u00f5ev\u00e4hkid<\/td>\n<td>12.00<\/td>\n<\/tr>\n<tr>\n<td>Cherax boesemani sp.<\/td>\n<td>Paapua punane telliskivikrabi<\/td>\n<td>12.00<\/td>\n<\/tr>\n<tr>\n<td>Cherax boesemani sp.<\/td>\n<td>Paapua punase p\u00f5sep\u00f5llu v\u00e4hk<\/td>\n<td>12.00<\/td>\n<\/tr>\n<tr>\n<td>Cherax boesemani sp.<\/td>\n<td>Paapua punane v\u00e4hk<\/td>\n<td>12.00<\/td>\n<\/tr>\n<tr>\n<td>Cherax boesemani sp.<\/td>\n<td>Snakeskin blue moon crayfish<\/td>\n<td>12.00<\/td>\n<\/tr>\n<tr>\n<td>Cherax holthuisi<\/td>\n<td>Aprikoosikrabi<\/td>\n<td>12.00<\/td>\n<\/tr>\n<tr>\n<td>Cherax peknyi<\/td>\n<td>Paapua sebrakrabi<\/td>\n<td>15.00<\/td>\n<\/tr>\n<tr>\n<td>Cherax peknyi sp.<\/td>\n<td>Sinik\u00fc\u00fcne sebrakrabi<\/td>\n<td>15.00<\/td>\n<\/tr>\n<tr>\n<td>Cherax pulcher<\/td>\n<td>Thunderbolt v\u00e4hk<\/td>\n<td>15.00<\/td>\n<\/tr>\n<tr>\n<td>Cherax snowdeni<\/td>\n<td>Paapua oran\u017eikas v\u00e4hk<\/td>\n<td>15.00<\/td>\n<\/tr>\n<tr>\n<td>Cherax warsamsonicus sp.<\/td>\n<td>Hoa creek cherax<\/td>\n<td>15.00<\/td>\n<\/tr>\n<tr>\n<td>Procambarus alleni<\/td>\n<td>Sinine florida j\u00f5ev\u00e4hk<\/td>\n<td>0.40<\/td>\n<\/tr>\n<tr>\n<td>Procambarus alleni spp.<\/td>\n<td>Lumivalge v\u00e4hk<\/td>\n<td>0.40<\/td>\n<\/tr>\n<tr>\n<td>Procambarus alleni spp.<\/td>\n<td>Oran\u017e neoonpunased v\u00e4hid<\/td>\n<td>0.40<\/td>\n<\/tr>\n<tr>\n<td>Procambarus alleni spp.<\/td>\n<td>Punane marlboro v\u00e4hk<\/td>\n<td>0.40<\/td>\n<\/tr>\n<\/tbody>\n<\/table>\n<\/figure>\n\n\t\t<\/div>\n\t<\/div>\n<\/div><\/div><\/div><\/div><!-- \/wp:post-content --><\/div>","protected":false},"excerpt":{"rendered":"Crayfish Aquarium crayfish are hardy, active, and territorial freshwater crustaceans that make fascinating pets, but they are best kept in a species-only tank due to their aggressive nature. They are known for their vibrant colors (blue, white, orange) and are excellent scavengers. Wholesale Crayfish Scientific name Common name Price (USD) Cambarellus diminutus Blue dwarf crayfish 0.35 Cambarellus patzcuarensis Dwarf orange crayfish 0.35 Cambarellus shufeldtii Blue cajun dwarf crayfish 0.35 Cambarellus texanus Texas dwarf crayfish 0.35 Cherax alyciae Blue kong zebra crayfish 10.00 Cherax alyciae sp. Black kong zebra crayfish 10.00 Cherax boesemani Papuan blue moon crayfish 12.00 Cherax boesemani sp.","protected":false},"author":1,"featured_media":0,"parent":136,"menu_order":0,"comment_status":"closed","ping_status":"closed","template":"","meta":{"_seopress_robots_primary_cat":"","_seopress_titles_title":"Crayfish | Wholesale Crayfish","_seopress_titles_desc":"Discover premium crayfish varieties from a top exporter in Indonesia. Secure your supply today with a trusted aquarium crayfish exporter.","_seopress_robots_index":"","footnotes":""},"class_list":["post-3191","page","type-page","status-publish","hentry"],"_links":{"self":[{"href":"https:\/\/fishbuff.com\/ee\/wp-json\/wp\/v2\/pages\/3191","targetHints":{"allow":["GET"]}}],"collection":[{"href":"https:\/\/fishbuff.com\/ee\/wp-json\/wp\/v2\/pages"}],"about":[{"href":"https:\/\/fishbuff.com\/ee\/wp-json\/wp\/v2\/types\/page"}],"author":[{"embeddable":true,"href":"https:\/\/fishbuff.com\/ee\/wp-json\/wp\/v2\/users\/1"}],"replies":[{"embeddable":true,"href":"https:\/\/fishbuff.com\/ee\/wp-json\/wp\/v2\/comments?post=3191"}],"version-history":[{"count":3,"href":"https:\/\/fishbuff.com\/ee\/wp-json\/wp\/v2\/pages\/3191\/revisions"}],"predecessor-version":[{"id":5129,"href":"https:\/\/fishbuff.com\/ee\/wp-json\/wp\/v2\/pages\/3191\/revisions\/5129"}],"up":[{"embeddable":true,"href":"https:\/\/fishbuff.com\/ee\/wp-json\/wp\/v2\/pages\/136"}],"wp:attachment":[{"href":"https:\/\/fishbuff.com\/ee\/wp-json\/wp\/v2\/media?parent=3191"}],"curies":[{"name":"wp","href":"https:\/\/api.w.org\/{rel}","templated":true}]}}