{"id":3272,"date":"2025-12-26T09:49:22","date_gmt":"2025-12-26T09:49:22","guid":{"rendered":"https:\/\/fishbuff.com\/?page_id=3272"},"modified":"2026-01-29T16:07:20","modified_gmt":"2026-01-29T16:07:20","slug":"kirurgiakala","status":"publish","type":"page","link":"https:\/\/fishbuff.com\/ee\/meie-sortiment\/kirurgiakala\/","title":{"rendered":"Tangs &#038; Surgeons"},"content":{"rendered":"<div class=\"wpb-content-wrapper\"><div class=\"vc_row wpb_row vc_row-fluid\"><div class=\"wpb_column vc_column_container vc_col-sm-12\"><div class=\"vc_column-inner\"><div class=\"wpb_wrapper\"><h2 style=\"font-size: 42px;color: #333333;line-height: 1.2;text-align: left\" class=\"vc_custom_heading vc_do_custom_heading vc_custom_1769472892449\" >Tangid ja kirurgid<\/h2>\n\t<div class=\"wpb_text_column wpb_content_element\" >\n\t\t<div class=\"wpb_wrapper\">\n\t\t\t<p>Tangid, mida tuntakse ka kirurgiakalana, on eluj\u00f5ulised, taimtoidulised riffkalad, mis on kuulsad oma teravate, skalpellilaadsete ogade poolest sabade juurest. Pakume suurimat valikut merekalade hulgim\u00fc\u00fcgi sortimenti alates tavalisest Surgeonfishist kuni kummalise v\u00e4limusega k\u00f5rvaliste liikideni.<\/p>\n\n\t\t<\/div>\n\t<\/div>\n<div id=\"kapee-header-91982\" class=\"kapee-element kapee-heading text-left kapee-width-100 separator-line separator-between-heading\">\t\n\t\t\t\n\t\t\t<div class=\"heading-wrap\">\n\t\t\t<span class=\"separator-left\"><\/span>\n\t\t\t<h3 class=\"heading-title\">Hulgim\u00fc\u00fck Kirurgikala <\/h3>\t\t\t<span class=\"separator-right\"><\/span>\n\t\t\t\t\t<\/div>\n\t\t\n    <\/div>\n\t<div class=\"wpb_text_column wpb_content_element\" >\n\t\t<div class=\"wpb_wrapper\">\n\t\t\t<figure class=\"wp-block-table\">\n<table class=\"has-fixed-layout\">\n<tbody>\n<tr>\n<td>Teaduslik nimi<\/td>\n<td>\u00dcldnimetus<\/td>\n<td>Hind (USD)<\/td>\n<\/tr>\n<tr>\n<td>Acanthurus bariene<\/td>\n<td>Musta laiguga surnukala<\/td>\n<td>11.50<\/td>\n<\/tr>\n<tr>\n<td>Acanthurus blochii<\/td>\n<td>R\u00f5ngassaba hariliku v\u00f6\u00f6thaari<\/td>\n<td>27.50<\/td>\n<\/tr>\n<tr>\n<td>Acanthurus chronixis<\/td>\n<td>Chronixis kirurgiakala<\/td>\n<td>1.85<\/td>\n<\/tr>\n<tr>\n<td>Acanthurus dussumieri<\/td>\n<td>Silmaribaline surnukalamari<\/td>\n<td>25.00<\/td>\n<\/tr>\n<tr>\n<td>Acanthurus fowleri<\/td>\n<td>Fowler's surgeonfish<\/td>\n<td>19.00<\/td>\n<\/tr>\n<tr>\n<td>Acanthurus guttatus<\/td>\n<td>Jewel tang<\/td>\n<td>18.50<\/td>\n<\/tr>\n<tr>\n<td>Acanthurus japonicus<\/td>\n<td>Jaapani kirurgiakala<\/td>\n<td>3.95<\/td>\n<\/tr>\n<tr>\n<td>Acanthurus leucocheilus<\/td>\n<td>Palelipped kirurgiakala<\/td>\n<td>17.50<\/td>\n<\/tr>\n<tr>\n<td>Acanthurus leucosternon<\/td>\n<td>Puudersinine tang<\/td>\n<td>7.50<\/td>\n<\/tr>\n<tr>\n<td>Acanthurus leucopareius<\/td>\n<td>Valgepiiriline kirurgiakala<\/td>\n<td>17.50<\/td>\n<\/tr>\n<tr>\n<td>Acanthurus lineatus<\/td>\n<td>Vooderdatud kirurgiakala<\/td>\n<td>2.50<\/td>\n<\/tr>\n<tr>\n<td>Acanthurus maculiceps<\/td>\n<td>Valge vurruga surnukala<\/td>\n<td>19.00<\/td>\n<\/tr>\n<tr>\n<td>Acanthurus mata<\/td>\n<td>Sinine vooderdatud hariliku kammeljala<\/td>\n<td>1.75<\/td>\n<\/tr>\n<tr>\n<td>Acanthurus nigricans<\/td>\n<td>Valgep\u00f5sk-\u00e4\u00e4rsukkala<\/td>\n<td>4.10<\/td>\n<\/tr>\n<tr>\n<td>Acanthurus nigrofuscus juv.<\/td>\n<td>Pruun surnukalamari<\/td>\n<td>1.35<\/td>\n<\/tr>\n<tr>\n<td>Acanthurus nigrofuscus<\/td>\n<td>Lavendli tang<\/td>\n<td>2.75<\/td>\n<\/tr>\n<tr>\n<td>Acanthurus nigricanus<\/td>\n<td>Valgep\u00f5seline surnukalamari<\/td>\n<td>4.15<\/td>\n<\/tr>\n<tr>\n<td>Acanthurus nubilus<\/td>\n<td>Pinstripe suregonfish<\/td>\n<td>37.50<\/td>\n<\/tr>\n<tr>\n<td>Acanthurus olivaceus juv.<\/td>\n<td>Oran\u017eipunane kammkarpkala<\/td>\n<td>3.25<\/td>\n<\/tr>\n<tr>\n<td>Acanthurus olivaceus (M)<\/td>\n<td>Oran\u017eipunane kammkarpkala<\/td>\n<td>4.00<\/td>\n<\/tr>\n<tr>\n<td>Acanthurus olivaceus (L)<\/td>\n<td>Oran\u017eipunane kammkarpkala<\/td>\n<td>6.50<\/td>\n<\/tr>\n<tr>\n<td>Acanthurus pyroferus juv.<\/td>\n<td>Mimic yellow tang<\/td>\n<td>3.75<\/td>\n<\/tr>\n<tr>\n<td>Acanthurus pyroferus<\/td>\n<td>\u0160okolaadist kirurgiakala<\/td>\n<td>5.50<\/td>\n<\/tr>\n<tr>\n<td>Acanthurus tennenti<\/td>\n<td>Leitnant Tang<\/td>\n<td>8.50<\/td>\n<\/tr>\n<tr>\n<td>Acanthurus thompsoni<\/td>\n<td>Thompson's surgeonfish<\/td>\n<td>4.00<\/td>\n<\/tr>\n<tr>\n<td>Acanthurus triostegus<\/td>\n<td>Vangi tang<\/td>\n<td>1.10<\/td>\n<\/tr>\n<tr>\n<td>Acanthurus tristis juv.<\/td>\n<td>Mimic eibli tang<\/td>\n<td>3.50<\/td>\n<\/tr>\n<tr>\n<td>Acanthurus tristis<\/td>\n<td>Mimic eibli tang<\/td>\n<td>3.75<\/td>\n<\/tr>\n<tr>\n<td>Acanthurus xanthopterus<\/td>\n<td>Kuldkala surnukala<\/td>\n<td>4.00<\/td>\n<\/tr>\n<tr>\n<td>Ctenochaetus striatus<\/td>\n<td>Sinise joone harja hammas<\/td>\n<td>6.25<\/td>\n<\/tr>\n<tr>\n<td>Ctenochaetus tominiensis<\/td>\n<td>Harjatsaba tomini tang<\/td>\n<td>6.50<\/td>\n<\/tr>\n<tr>\n<td>Ctenochaetus cyanocheilus juv.<\/td>\n<td>Bluelip harjapea tang<\/td>\n<td>1.10<\/td>\n<\/tr>\n<tr>\n<td>Ctenochaetus cyanocheilus<\/td>\n<td>Bluelip harjapea tang<\/td>\n<td>1.35<\/td>\n<\/tr>\n<tr>\n<td>Ctenochaetus binotatus<\/td>\n<td>Sinisilmne tang<\/td>\n<td>1.50<\/td>\n<\/tr>\n<tr>\n<td>Ctenochaetus truncatus juv.<\/td>\n<td>India kuldr\u00f5ngaga haruhammas<\/td>\n<td>1.75<\/td>\n<\/tr>\n<tr>\n<td>Ctenochaetus truncatus<\/td>\n<td>India kuldr\u00f5ngaga haruhammas<\/td>\n<td>1.95<\/td>\n<\/tr>\n<tr>\n<td>Naso tonganus juv.<\/td>\n<td>T\u00e4heldatud k\u00fchmn\u00e4\u00e4rme \u00fckssarvik<\/td>\n<td>3.50<\/td>\n<\/tr>\n<tr>\n<td>Naso elegans<\/td>\n<td>Blond naso tang<\/td>\n<td>11.50<\/td>\n<\/tr>\n<tr>\n<td>Naso lituratus (S)<\/td>\n<td>Kloun \u00fchekorvkala<\/td>\n<td>1.75<\/td>\n<\/tr>\n<tr>\n<td>Naso lituratus (M)<\/td>\n<td>Kloun \u00fchekorvkala<\/td>\n<td>2.75<\/td>\n<\/tr>\n<tr>\n<td>Naso lituratus (L)<\/td>\n<td>Kloun \u00fchekorvkala<\/td>\n<td>3.75<\/td>\n<\/tr>\n<tr>\n<td>Naso unicornis<\/td>\n<td>Sinine \u00fckssarvikkala<\/td>\n<td>6.50<\/td>\n<\/tr>\n<tr>\n<td>Naso vlamingii<\/td>\n<td>\u00dckssarvikkala (Bignose)<\/td>\n<td>4.00<\/td>\n<\/tr>\n<tr>\n<td>Paracanthurus hepatus (T)<\/td>\n<td>Sinine j\u00f5ehobu tang<\/td>\n<td>8.50<\/td>\n<\/tr>\n<tr>\n<td>Paracanthurus hepatus (S)<\/td>\n<td>Sinine j\u00f5ehobu tang<\/td>\n<td>9.75<\/td>\n<\/tr>\n<tr>\n<td>Paracanthurus hepatus (S+)<\/td>\n<td>Sinine j\u00f5ehobu tang<\/td>\n<td>10.50<\/td>\n<\/tr>\n<tr>\n<td>Paracanthurus hepatus (S++)<\/td>\n<td>Sinine j\u00f5ehobu tang<\/td>\n<td>12.50<\/td>\n<\/tr>\n<tr>\n<td>Paracanthurus hepatus (M)<\/td>\n<td>Sinine j\u00f5ehobu tang<\/td>\n<td>15.50<\/td>\n<\/tr>\n<tr>\n<td>Paracanthurus hepatus var.<\/td>\n<td>Kollase k\u00f5huga sinine j\u00f5ehobu tang<\/td>\n<td>14.50<\/td>\n<\/tr>\n<tr>\n<td>Prionurus chrysurus<\/td>\n<td>Indoneesia saesaba<\/td>\n<td>50.00<\/td>\n<\/tr>\n<tr>\n<td>Zebrasoma desjardinii<\/td>\n<td>Desjardini sailfin tang<\/td>\n<td>6.50<\/td>\n<\/tr>\n<tr>\n<td>Zebrasoma scopas<\/td>\n<td>Pruun tang<\/td>\n<td>1.50<\/td>\n<\/tr>\n<tr>\n<td>Zebrasoma scopas var.<\/td>\n<td>Sinise n\u00e4oga koi tang<\/td>\n<td>-<\/td>\n<\/tr>\n<tr>\n<td>Zebrasoma scopas var.<\/td>\n<td>Aberrant scopas tang<\/td>\n<td>-<\/td>\n<\/tr>\n<tr>\n<td>Zebrasoma velifer<\/td>\n<td>Purjejooksja tang<\/td>\n<td>3.50<\/td>\n<\/tr>\n<\/tbody>\n<\/table>\n<\/figure>\n\n\t\t<\/div>\n\t<\/div>\n<\/div><\/div><\/div><\/div><\/div>","protected":false},"excerpt":{"rendered":"Tangs &amp; Surgeons Tangs, also known as Surgeonfish, are vibrant, herbivorous reef fish famous for the sharp, scalpel-like spines at the base of their tails. We offer the largest range of wholesale marine fish from the common Surgeonfish to the strange-looking aberrant types. Wholesale Surgeonfish Scientific name Common name Price (USD) Acanthurus bariene Black-spot surgeonfish 11.50 Acanthurus blochii Ringtail surgeonfish 27.50 Acanthurus chronixis Chronixis surgeonfish 1.85 Acanthurus dussumieri Eyestripe surgeonfish 25.00 Acanthurus fowleri Fowler's surgeonfish 19.00 Acanthurus guttatus Jewel tang 18.50 Acanthurus japonicus Japan surgeonfish 3.95 Acanthurus leucocheilus Palelipped surgeonfish 17.50 Acanthurus leucosternon Powder blue tang 7.50 Acanthurus leucopareius Whitebar","protected":false},"author":1,"featured_media":0,"parent":136,"menu_order":0,"comment_status":"closed","ping_status":"closed","template":"","meta":{"_seopress_robots_primary_cat":"","_seopress_titles_title":"Tangs & Surgeons | Wholesale Surgeonfish","_seopress_titles_desc":"Leading surgeonfish exporter in Indonesia. Quality assured wholesale supplier of vibrant tangs & surgeons. Contact us for your aquatic needs.","_seopress_robots_index":"","footnotes":""},"class_list":["post-3272","page","type-page","status-publish","hentry"],"_links":{"self":[{"href":"https:\/\/fishbuff.com\/ee\/wp-json\/wp\/v2\/pages\/3272","targetHints":{"allow":["GET"]}}],"collection":[{"href":"https:\/\/fishbuff.com\/ee\/wp-json\/wp\/v2\/pages"}],"about":[{"href":"https:\/\/fishbuff.com\/ee\/wp-json\/wp\/v2\/types\/page"}],"author":[{"embeddable":true,"href":"https:\/\/fishbuff.com\/ee\/wp-json\/wp\/v2\/users\/1"}],"replies":[{"embeddable":true,"href":"https:\/\/fishbuff.com\/ee\/wp-json\/wp\/v2\/comments?post=3272"}],"version-history":[{"count":5,"href":"https:\/\/fishbuff.com\/ee\/wp-json\/wp\/v2\/pages\/3272\/revisions"}],"predecessor-version":[{"id":3739,"href":"https:\/\/fishbuff.com\/ee\/wp-json\/wp\/v2\/pages\/3272\/revisions\/3739"}],"up":[{"embeddable":true,"href":"https:\/\/fishbuff.com\/ee\/wp-json\/wp\/v2\/pages\/136"}],"wp:attachment":[{"href":"https:\/\/fishbuff.com\/ee\/wp-json\/wp\/v2\/media?parent=3272"}],"curies":[{"name":"wp","href":"https:\/\/api.w.org\/{rel}","templated":true}]}}