{"id":1067,"date":"2025-12-23T15:04:06","date_gmt":"2025-12-23T15:04:06","guid":{"rendered":"https:\/\/fishbuff.com\/?post_type=product&#038;p=1067"},"modified":"2025-12-23T15:04:13","modified_gmt":"2025-12-23T15:04:13","slug":"albino-blue-sky-swallow-ribbon","status":"publish","type":"product","link":"https:\/\/fishbuff.com\/ee\/product\/albino-blue-sky-swallow-ribbon\/","title":{"rendered":"Albino Blue Sky Swallow Ribbon"},"content":{"rendered":"<div class=\"wpb-content-wrapper\"><div class=\"vc_row wpb_row vc_row-fluid\"><div class=\"wpb_column vc_column_container vc_col-sm-12\"><div class=\"vc_column-inner\"><div class=\"wpb_wrapper\"><div id=\"kapee-header-95980\" class=\"kapee-element kapee-heading text-left kapee-width-100 separator-line separator-between-heading\">\t\n\t\t\t\n\t\t\t<div class=\"heading-wrap\">\n\t\t\t<span class=\"separator-left\"><\/span>\n\t\t\t<h2 class=\"heading-title\">Guppy Fish Shop <\/h2>\t\t\t<span class=\"separator-right\"><\/span>\n\t\t\t\t\t<\/div>\n\t\t\n    <\/div>\n\t<div class=\"wpb_text_column wpb_content_element\" >\n\t\t<div class=\"wpb_wrapper\">\n\t\t\t<p><span style=\"color: red;\">Hind on toodud paari kohta (\u00fcks isane ja \u00fcks emane).<\/span><br \/>\nKalapildid on tehtud v\u00f5imalikult t\u00e4pselt. N\u00e4idatud pildid on illustratsiooniks, et kujutada t\u00e4pseid kalu.<br \/>\nLoetletud hind sisaldas transpordikulusid Indoneesiast Transhipperi kaudu. Ostja peab maksma oma kohalikule transhipper agendile imporditasud ja riigisisesed saatekulud.<\/p>\n\n\t\t<\/div>\n\t<\/div>\n<div id=\"kapee-header-37530\" class=\"kapee-element kapee-heading text-left kapee-width-100 separator-none separator-between-heading\">\t\n\t\t\t\n\t\t\t<div class=\"heading-wrap\">\n\t\t\t<span class=\"separator-left\"><\/span>\n\t\t\t<h3 class=\"heading-title\">Osta elusat akvaariumikala online <\/h3>\t\t\t<span class=\"separator-right\"><\/span>\n\t\t\t\t\t<\/div>\n\t\t\n    <\/div>\n<div id=\"kapee-accordion-85730\" class=\"kapee-element kapee-accordion panel-group accordion-line align-left accordion-icon-plus icon-position-right\">\n\t\n\t\t\t\n\t\t<div class=\"card\">\n\t\t\t<div class=\"card-header\">\n\t\t\t\t<h4 class=\"card-title\">\t\t\t\t\t\n\t\t\t\t\t<a class=\"card-link collapsed\" data-toggle=\"collapse\" href=\"#kp-accordions-49416\">\n\t\t\t\t\t\t\t\t\t\t\t\tKuhu te oma kala saadate?\t\t\t\t\t\t\t\t\t\t\t<\/a>\t\t\t\t\t\n\t\t\t\t<\/h4>\n\t\t\t<\/div>\n\t\t\t<div id=\"kp-accordions-49416\" class=\"collapse\" data-parent=\"#kapee-accordion-85730\">\n\t\t\t\t<div class=\"card-body\">\n\t\t\t\t\t\n\t<div class=\"wpb_text_column wpb_content_element\" >\n\t\t<div class=\"wpb_wrapper\">\n\t\t\t<p>Me saadame oma kala jaem\u00fc\u00fcgi tellimusteks ainult teatud riikidesse. Saatmine on piiratud j\u00e4rgmistesse riikidesse; Austraalia\/ Austria\/ Barbados\/ Belgia\/ Boliivia\/ Brasiilia\/ Brunei\/ Bulgaaria\/ Kambod\u017ea\/ Kanada\/ T\u0161iili\/ Hiina\/ Colombia\/ Costa Rica\/ Horvaatia\/ K\u00fcpros\/ T\u0161ehhi Vabariik\/ Taani\/ Dominikaani Vabariik\/ Ecuador\/ Eesti\/ Soome\/ Prantsusmaa\/ Saksamaa\/ Kreeka\/ Guam\/ Haiti\/ Hongkong\/ Ungari\/ India\/ Iirimaa\/ Itaalia\/ Jaapan\/ Kuveit\/ L\u00e4ti\/ Liechtenstein\/ Leedu\/ Luksemburg\/ Malaisia\/ Eesti\/ Soome\/ T\u0161ehhi Vabariik\/ Taani\/ Taani\/ Ecuador\/ Soome\/ Prantsusmaa\/ Saksamaa\/ Guam\/ Haiti\/ Hongkong\/ Ungari\/ India\/ Iirimaa\/ Itaalia\/ Jaapan\/ Kuveidi\/ L\u00e4ti\/ Liechtenstein\/ Luksemburg\/ Malaisia\/ Mehhiko\/ Myanmar\/ Madalmaad\/ Norra\/ Omaan\/ Panama\/ Paraguay\/ Peruu\/ Puerto Rico\/ Filipiinid\/ Poola\/ Portugal\/ Rumeenia\/ San Marino\/ Serbia\/ Singapur\/ Slovakkia\/ Sloveenia\/ L\u00f5una-Aafrika\/ L\u00f5una-Korea\/ Hispaania\/ Suriname\/ Rootsi\/ \u0160veits\/ Taiwan\/ Tai\/ Trinidad ja Tobago\/ Turks ja Caicos saared\/ Uni Emirat Arab\/ \u00dchendkuningriik\/ Ameerika \u00dchendriigid\/ USA Neitsisaared\/ Vietnam.<\/p>\n\n\t\t<\/div>\n\t<\/div>\n\t\t\t\t<\/div>\n\t\t\t<\/div>\n\t\t<\/div>\n\t\t\t\n\t\t<div class=\"card\">\n\t\t\t<div class=\"card-header\">\n\t\t\t\t<h4 class=\"card-title\">\t\t\t\t\t\n\t\t\t\t\t<a class=\"card-link collapsed\" data-toggle=\"collapse\" href=\"#kp-accordions-87148\">\n\t\t\t\t\t\t\t\t\t\t\t\tKui kaua v\u00f5tab minu kala k\u00e4ttesaamine aega?\t\t\t\t\t\t\t\t\t\t\t<\/a>\t\t\t\t\t\n\t\t\t\t<\/h4>\n\t\t\t<\/div>\n\t\t\t<div id=\"kp-accordions-87148\" class=\"collapse\" data-parent=\"#kapee-accordion-85730\">\n\t\t\t\t<div class=\"card-body\">\n\t\t\t\t\t\n\t<div class=\"wpb_text_column wpb_content_element\" >\n\t\t<div class=\"wpb_wrapper\">\n\t\t\t<p>Tavaliselt saate oma tellimuse k\u00e4tte 7-14 t\u00f6\u00f6p\u00e4eva jooksul. M\u00f5nel juhul v\u00f5tab see aega kuu aega.<\/p>\n\n\t\t<\/div>\n\t<\/div>\n\t\t\t\t<\/div>\n\t\t\t<\/div>\n\t\t<\/div>\n\t\t\t\n\t\t<div class=\"card\">\n\t\t\t<div class=\"card-header\">\n\t\t\t\t<h4 class=\"card-title\">\t\t\t\t\t\n\t\t\t\t\t<a class=\"card-link collapsed\" data-toggle=\"collapse\" href=\"#kp-accordions-24564\">\n\t\t\t\t\t\t\t\t\t\t\t\tMiks v\u00f5tab minu kala k\u00e4ttesaamine nii kaua aega?\t\t\t\t\t\t\t\t\t\t\t<\/a>\t\t\t\t\t\n\t\t\t\t<\/h4>\n\t\t\t<\/div>\n\t\t\t<div id=\"kp-accordions-24564\" class=\"collapse\" data-parent=\"#kapee-accordion-85730\">\n\t\t\t\t<div class=\"card-body\">\n\t\t\t\t\t\n\t<div class=\"wpb_text_column wpb_content_element\" >\n\t\t<div class=\"wpb_wrapper\">\n\t\t\t<p>Me saadame jaem\u00fc\u00fcgitellimusi ainult \u00fcmberlaadijaga. Saadetised toimuvad vastavalt nende k\u00e4ttesaadavale igakuisele ajakavale, mille m\u00e4\u00e4rab \u00fcmberlaadija ise.<br \/>\nMitmetes riikides, kus ei pruugi olla piisavalt suur veomaht, on tavaliselt v\u00e4ga piiratud s\u00f5idugraafikud.<br \/>\nKui soovite veenduda, millal on \u00f5ige aeg tellimuse esitamiseks, v\u00f5ite meiega k\u00f5igepealt \u00fchendust v\u00f5tta.<\/p>\n\n\t\t<\/div>\n\t<\/div>\n\t\t\t\t<\/div>\n\t\t\t<\/div>\n\t\t<\/div>\n\t\t\t\n\t\t<div class=\"card\">\n\t\t\t<div class=\"card-header\">\n\t\t\t\t<h4 class=\"card-title\">\t\t\t\t\t\n\t\t\t\t\t<a class=\"card-link collapsed\" data-toggle=\"collapse\" href=\"#kp-accordions-27069\">\n\t\t\t\t\t\t\t\t\t\t\t\tMis siis, kui mu kala saabub surnuna?\t\t\t\t\t\t\t\t\t\t\t<\/a>\t\t\t\t\t\n\t\t\t\t<\/h4>\n\t\t\t<\/div>\n\t\t\t<div id=\"kp-accordions-27069\" class=\"collapse\" data-parent=\"#kapee-accordion-85730\">\n\t\t\t\t<div class=\"card-body\">\n\t\t\t\t\t\n\t<div class=\"wpb_text_column wpb_content_element\" >\n\t\t<div class=\"wpb_wrapper\">\n\t\t\t<p>Juhul, kui te saate surnud kala, peate tagama, et v\u00f5tate meiega \u00fchendust 24 tunni jooksul p\u00e4rast kala saabumist. P\u00e4rast seda ei rahuldata \u00fchtegi pretensiooni.<br \/>\nKukkumise korral palume saata meile selge foto surnud kalast avamata kotis. Klient saab esitada oma n\u00f5ude e-posti aadressil support@fishbuff.com v\u00f5i WhatsAppi kaudu (+62) 821-3871-8445.<\/p>\n\n\t\t<\/div>\n\t<\/div>\n\t\t\t\t<\/div>\n\t\t\t<\/div>\n\t\t<\/div>\n\t\t\t\n\t\t<div class=\"card\">\n\t\t\t<div class=\"card-header\">\n\t\t\t\t<h4 class=\"card-title\">\t\t\t\t\t\n\t\t\t\t\t<a class=\"card-link collapsed\" data-toggle=\"collapse\" href=\"#kp-accordions-64680\">\n\t\t\t\t\t\t\t\t\t\t\t\tKas te v\u00f5tsite vastu tagastuse v\u00f5i vahetuse?\t\t\t\t\t\t\t\t\t\t\t<\/a>\t\t\t\t\t\n\t\t\t\t<\/h4>\n\t\t\t<\/div>\n\t\t\t<div id=\"kp-accordions-64680\" class=\"collapse\" data-parent=\"#kapee-accordion-85730\">\n\t\t\t\t<div class=\"card-body\">\n\t\t\t\t\t\n\t<div class=\"wpb_text_column wpb_content_element\" >\n\t\t<div class=\"wpb_wrapper\">\n\t\t\t<p>Me ei paku tagastamist ega vahetust, kuid me asendame hea meelega k\u00f5ik tellimused, mis vastavad meie pretensioonipoliitikale.<\/p>\n\n\t\t<\/div>\n\t<\/div>\n\t\t\t\t<\/div>\n\t\t\t<\/div>\n\t\t<\/div>\n\t<\/div><\/div><\/div><\/div><\/div>\n<\/div>","protected":false},"excerpt":{"rendered":"<p style=\"color: red;\">Palun lugege meie <a href=\"https:\/\/fishbuff.com\/ee\/terms-conditions\/\" target=\"_blank\" rel=\"noopener\">Tingimused<\/a> enne ostmist.<br \/>\nOstes n\u00e4itame, et n\u00f5ustute ja aktsepteerite kehtivaid tingimusi.<\/p>","protected":false},"featured_media":1097,"comment_status":"open","ping_status":"closed","template":"","meta":{"_seopress_robots_primary_cat":"91","_seopress_titles_title":"Buy Albino Blue Sky Swallow Ribbon Guppies with Shipping","_seopress_titles_desc":"Shop Albino Blue Sky Swallow Ribbon guppies with shipping included. Ensure live delivery or claim within 24 hours. Import fees require local payment.","_seopress_robots_index":""},"product_brand":[],"product_cat":[69],"product_tag":[],"class_list":{"0":"post-1067","1":"product","2":"type-product","3":"status-publish","4":"has-post-thumbnail","6":"product_cat-guppy","8":"first","9":"instock","10":"shipping-taxable","11":"purchasable","12":"product-type-simple","13":"add-to-wishlist-after_add_to_cart"},"_links":{"self":[{"href":"https:\/\/fishbuff.com\/ee\/wp-json\/wp\/v2\/product\/1067","targetHints":{"allow":["GET"]}}],"collection":[{"href":"https:\/\/fishbuff.com\/ee\/wp-json\/wp\/v2\/product"}],"about":[{"href":"https:\/\/fishbuff.com\/ee\/wp-json\/wp\/v2\/types\/product"}],"replies":[{"embeddable":true,"href":"https:\/\/fishbuff.com\/ee\/wp-json\/wp\/v2\/comments?post=1067"}],"wp:featuredmedia":[{"embeddable":true,"href":"https:\/\/fishbuff.com\/ee\/wp-json\/wp\/v2\/media\/1097"}],"wp:attachment":[{"href":"https:\/\/fishbuff.com\/ee\/wp-json\/wp\/v2\/media?parent=1067"}],"wp:term":[{"taxonomy":"product_brand","embeddable":true,"href":"https:\/\/fishbuff.com\/ee\/wp-json\/wp\/v2\/product_brand?post=1067"},{"taxonomy":"product_cat","embeddable":true,"href":"https:\/\/fishbuff.com\/ee\/wp-json\/wp\/v2\/product_cat?post=1067"},{"taxonomy":"product_tag","embeddable":true,"href":"https:\/\/fishbuff.com\/ee\/wp-json\/wp\/v2\/product_tag?post=1067"}],"curies":[{"name":"wp","href":"https:\/\/api.w.org\/{rel}","templated":true}]}}