{"id":1120,"date":"2025-12-23T15:04:21","date_gmt":"2025-12-23T15:04:21","guid":{"rendered":"https:\/\/fishbuff.com\/?post_type=product&#038;p=1120"},"modified":"2026-01-11T10:15:03","modified_gmt":"2026-01-11T10:15:03","slug":"wild-betta-hendra","status":"publish","type":"product","link":"https:\/\/fishbuff.com\/ee\/product\/wild-betta-hendra\/","title":{"rendered":"Wild Betta Hendra"},"content":{"rendered":"<div class=\"wpb-content-wrapper\"><div class=\"vc_row wpb_row vc_row-fluid\"><div class=\"wpb_column vc_column_container vc_col-sm-12\"><div class=\"vc_column-inner\"><div class=\"wpb_wrapper\">\n\t<div class=\"wpb_text_column wpb_content_element\" >\n\t\t<div class=\"wpb_wrapper\">\n\t\t\t<p style=\"font-size: 24px; color: #0ca4ff; font-weight: bold; margin: 0;\">2-p\u00e4evane garantii <a style=\"color: #333333; font-size: 12px; font-weight: normal;\" href=\"https:\/\/fishbuff.com\/ee\/our-guarantee\/\">Lisateave<\/a><\/p>\n<p><span style=\"color: red;\">Hind on toodud paari kohta (\u00fcks isane ja \u00fcks emane).<\/span><br \/>\nKalapildid on tehtud v\u00f5imalikult t\u00e4pselt. N\u00e4idatud pildid on illustratsiooniks, et kujutada t\u00e4pseid kalu.<br \/>\nLoetletud hind sisaldas transpordikulusid Indoneesiast Transhipperi kaudu. Ostja peab maksma oma kohalikule transhipper agendile imporditasud ja riigisisesed saatekulud.<\/p>\n\n\t\t<\/div>\n\t<\/div>\n<div id=\"kapee-header-95748\" class=\"kapee-element kapee-heading text-left kapee-width-100 separator-line separator-between-heading\">\t\n\t\t\t\n\t\t\t<div class=\"heading-wrap\">\n\t\t\t<span class=\"separator-left\"><\/span>\n\t\t\t<h2 class=\"heading-title\">Betta Hendra <\/h2>\t\t\t<span class=\"separator-right\"><\/span>\n\t\t\t\t\t<\/div>\n\t\t\n    <\/div><\/div><\/div><\/div><\/div><div class=\"vc_row wpb_row vc_row-fluid\"><div class=\"wpb_column vc_column_container vc_col-sm-6\"><div class=\"vc_column-inner\"><div class=\"wpb_wrapper\">\n\t<div class=\"wpb_text_column wpb_content_element\" >\n\t\t<div class=\"wpb_wrapper\">\n\t\t\t<h3 style=\"font-size: 24px; margin: 0.67em 0;\">Betta Hendra<\/h3>\n<p>Betta hendra has a slender body with brilliant blue-green iridescence on flanks and fins, contrasting with red\/brown accents.<\/p>\n<p><strong>P\u00e4ritolu<\/strong> &#8211; Borneo (wild caught)<br \/>\n<strong>Dieet<\/strong> - Lihas\u00f6\u00f6ja<br \/>\n<strong>pH<\/strong> &#8211; 4.5 to 6.5<br \/>\n<strong>Temp<\/strong> - 26\u00b0C kuni 28\u00b0C<br \/>\n<strong>Sugu<\/strong> - Paar (isane ja emane)<\/p>\n\n\t\t<\/div>\n\t<\/div>\n<\/div><\/div><\/div><div class=\"wpb_column vc_column_container vc_col-sm-6\"><div class=\"vc_column-inner\"><div class=\"wpb_wrapper\"><div id=\"kapee-header-31274\" class=\"kapee-element kapee-heading text-left kapee-width-100 separator-none separator-between-heading\">\t\n\t\t\t\n\t\t\t<div class=\"heading-wrap\">\n\t\t\t<span class=\"separator-left\"><\/span>\n\t\t\t<h3 class=\"heading-title\">Kiire statistika <\/h3>\t\t\t<span class=\"separator-right\"><\/span>\n\t\t\t\t\t<\/div>\n\t\t\n    <\/div><div class=\"vc_progress_bar wpb_content_element\" ><div class=\"vc_general vc_single_bar\"><small class=\"vc_label\" style=\"color: #FFFFFF;\">RARITEET<\/small><span class=\"vc_bar\" data-percentage-value=\"50\" data-value=\"50\" style=\"background-color: #0CA4FF;\"><\/span><\/div><div class=\"vc_general vc_single_bar\"><small class=\"vc_label\" style=\"color: #FFFFFF;\">HOOLDUSE TASE<\/small><span class=\"vc_bar\" data-percentage-value=\"75\" data-value=\"75\" style=\"background-color: #0CA4FF;\"><\/span><\/div><div class=\"vc_general vc_single_bar\"><small class=\"vc_label\" style=\"color: #FFFFFF;\">TEMPERAMENT<\/small><span class=\"vc_bar\" data-percentage-value=\"50\" data-value=\"50\" style=\"background-color: #0CA4FF;\"><\/span><\/div><div class=\"vc_general vc_single_bar\"><small class=\"vc_label\" style=\"color: #FFFFFF;\">KOMPATIBILITEET<\/small><span class=\"vc_bar\" data-percentage-value=\"50\" data-value=\"50\" style=\"background-color: #0CA4FF;\"><\/span><\/div><div class=\"vc_general vc_single_bar\"><small class=\"vc_label\" style=\"color: #FFFFFF;\">PLANEERITUD TANK<\/small><span class=\"vc_bar\" data-percentage-value=\"100\" data-value=\"100\" style=\"background-color: #0CA4FF;\"><\/span><\/div><\/div><\/div><\/div><\/div><\/div>\n<\/div>","protected":false},"excerpt":{"rendered":"<p style=\"color: red;\">Palun lugege meie <a href=\"https:\/\/fishbuff.com\/ee\/terms-conditions\/\" target=\"_blank\" rel=\"noopener\">Tingimused<\/a> enne ostmist.<br \/>\nOstmisega anname m\u00e4rku, et n\u00f5ustute ja aktsepteerite kohaldatavaid tingimusi.<\/p>","protected":false},"featured_media":1150,"comment_status":"open","ping_status":"closed","template":"","meta":{"_seopress_robots_primary_cat":"none","_seopress_titles_title":"Buy Wild Betta Hendra Pair with Shipping Included","_seopress_titles_desc":"Buy Wild betta hendra with live arrival guarantee & shipping from Indonesia. Contact within 24hrs for claims. Import fees not included.","_seopress_robots_index":""},"product_brand":[],"product_cat":[73],"product_tag":[],"class_list":{"0":"post-1120","1":"product","2":"type-product","3":"status-publish","4":"has-post-thumbnail","6":"product_cat-wild-betta","8":"first","9":"instock","10":"shipping-taxable","11":"purchasable","12":"product-type-simple","13":"add-to-wishlist-after_add_to_cart"},"_links":{"self":[{"href":"https:\/\/fishbuff.com\/ee\/wp-json\/wp\/v2\/product\/1120","targetHints":{"allow":["GET"]}}],"collection":[{"href":"https:\/\/fishbuff.com\/ee\/wp-json\/wp\/v2\/product"}],"about":[{"href":"https:\/\/fishbuff.com\/ee\/wp-json\/wp\/v2\/types\/product"}],"replies":[{"embeddable":true,"href":"https:\/\/fishbuff.com\/ee\/wp-json\/wp\/v2\/comments?post=1120"}],"wp:featuredmedia":[{"embeddable":true,"href":"https:\/\/fishbuff.com\/ee\/wp-json\/wp\/v2\/media\/1150"}],"wp:attachment":[{"href":"https:\/\/fishbuff.com\/ee\/wp-json\/wp\/v2\/media?parent=1120"}],"wp:term":[{"taxonomy":"product_brand","embeddable":true,"href":"https:\/\/fishbuff.com\/ee\/wp-json\/wp\/v2\/product_brand?post=1120"},{"taxonomy":"product_cat","embeddable":true,"href":"https:\/\/fishbuff.com\/ee\/wp-json\/wp\/v2\/product_cat?post=1120"},{"taxonomy":"product_tag","embeddable":true,"href":"https:\/\/fishbuff.com\/ee\/wp-json\/wp\/v2\/product_tag?post=1120"}],"curies":[{"name":"wp","href":"https:\/\/api.w.org\/{rel}","templated":true}]}}