{"id":1429,"date":"2025-12-23T15:06:08","date_gmt":"2025-12-23T15:06:08","guid":{"rendered":"https:\/\/fishbuff.com\/?post_type=product&#038;p=1429"},"modified":"2025-12-23T15:06:13","modified_gmt":"2025-12-23T15:06:13","slug":"limbata-golden-striped-snakehead","status":"publish","type":"product","link":"https:\/\/fishbuff.com\/ee\/product\/limbata-golden-striped-snakehead\/","title":{"rendered":"Limbata Golden Striped Snakehead"},"content":{"rendered":"<div class=\"wpb-content-wrapper\"><div class=\"vc_row wpb_row vc_row-fluid\"><div class=\"wpb_column vc_column_container vc_col-sm-12\"><div class=\"vc_column-inner\"><div class=\"wpb_wrapper\"><div id=\"kapee-header-91652\" class=\"kapee-element kapee-heading text-left kapee-width-100 separator-line separator-between-heading\">\t\n\t\t\t\n\t\t\t<div class=\"heading-wrap\">\n\t\t\t<span class=\"separator-left\"><\/span>\n\t\t\t<h2 class=\"heading-title\">Channa kala <\/h2>\t\t\t<span class=\"separator-right\"><\/span>\n\t\t\t\t\t<\/div>\n\t\t\n    <\/div>\n\t<div class=\"wpb_text_column wpb_content_element\" >\n\t\t<div class=\"wpb_wrapper\">\n\t\t\t<p>Channa on r\u00f6\u00f6vkalade perekonda Channidae kuuluv perekond, mida \u00fcldiselt tuntakse madu, ja mis on levinud Aasia magevee elupaikades. K\u00f5ik k\u00e4\u00e4rmepead on v\u00e4ga r\u00f6\u00f6vloomad ning Channa eri liikide toidulaual on kalad, kahepaiksed (nt konnad), maod, n\u00e4rilised, linnud ja selgrootud (putukad ja koorikloomad).<\/p>\n\n\t\t<\/div>\n\t<\/div>\n<div id=\"kapee-header-62343\" class=\"kapee-element kapee-heading text-left kapee-width-100 separator-line separator-between-heading\">\t\n\t\t\t\n\t\t\t<div class=\"heading-wrap\">\n\t\t\t<span class=\"separator-left\"><\/span>\n\t\t\t<h3 class=\"heading-title\">Channa kala hulgim\u00fc\u00fck <\/h3>\t\t\t<span class=\"separator-right\"><\/span>\n\t\t\t\t\t<\/div>\n\t\t\n    <\/div>\n\t<div class=\"wpb_text_column wpb_content_element\" >\n\t\t<div class=\"wpb_wrapper\">\n\t\t\t<p>Oleme juhtivad kvaliteetsete Channa kalade tarnijad, mida saab kasvatada akvaariumis. Pakume valikut terveid channa liike, sealhulgas haruldast liiki snakehead'i.<\/p>\n\n\t\t<\/div>\n\t<\/div>\n<\/div><\/div><\/div><\/div>\n<\/div>","protected":false},"excerpt":{"rendered":"Channa Fish Channa is a genus of predatory fish in the family Channidae, commonly known as snakeheads, native to freshwater habitats in Asia. All snakeheads are highly predatory, and the diets of the various species of Channa include fish, amphibians (like frogs), snakes, rodents, birds, and invertebrates (insects and crustaceans). Channa Fish Wholesale We are leading suppliers of premium quality Channa that can be raised in an aquarium. We offer a selection of healthy channa species, including a rare species of snakehead.","protected":false},"featured_media":328,"comment_status":"open","ping_status":"closed","template":"","meta":{"_seopress_robots_primary_cat":"none","_seopress_titles_title":"Buy Limbata Golden Striped Snakehead Online","_seopress_titles_desc":"Buy Limbata Golden Striped Snakehead fish wholesale online. Perfect for bulk orders, ensuring top quality and health. Shop now!","_seopress_robots_index":""},"product_brand":[],"product_cat":[80],"product_tag":[],"class_list":{"0":"post-1429","1":"product","2":"type-product","3":"status-publish","4":"has-post-thumbnail","6":"product_cat-channa","8":"first","9":"instock","10":"shipping-taxable","11":"purchasable","12":"product-type-simple","13":"add-to-wishlist-after_add_to_cart"},"_links":{"self":[{"href":"https:\/\/fishbuff.com\/ee\/wp-json\/wp\/v2\/product\/1429","targetHints":{"allow":["GET"]}}],"collection":[{"href":"https:\/\/fishbuff.com\/ee\/wp-json\/wp\/v2\/product"}],"about":[{"href":"https:\/\/fishbuff.com\/ee\/wp-json\/wp\/v2\/types\/product"}],"replies":[{"embeddable":true,"href":"https:\/\/fishbuff.com\/ee\/wp-json\/wp\/v2\/comments?post=1429"}],"wp:featuredmedia":[{"embeddable":true,"href":"https:\/\/fishbuff.com\/ee\/wp-json\/wp\/v2\/media\/328"}],"wp:attachment":[{"href":"https:\/\/fishbuff.com\/ee\/wp-json\/wp\/v2\/media?parent=1429"}],"wp:term":[{"taxonomy":"product_brand","embeddable":true,"href":"https:\/\/fishbuff.com\/ee\/wp-json\/wp\/v2\/product_brand?post=1429"},{"taxonomy":"product_cat","embeddable":true,"href":"https:\/\/fishbuff.com\/ee\/wp-json\/wp\/v2\/product_cat?post=1429"},{"taxonomy":"product_tag","embeddable":true,"href":"https:\/\/fishbuff.com\/ee\/wp-json\/wp\/v2\/product_tag?post=1429"}],"curies":[{"name":"wp","href":"https:\/\/api.w.org\/{rel}","templated":true}]}}