{"id":1543,"date":"2025-12-23T15:06:46","date_gmt":"2025-12-23T15:06:46","guid":{"rendered":"https:\/\/fishbuff.com\/?post_type=product&#038;p=1543"},"modified":"2025-12-23T15:06:51","modified_gmt":"2025-12-23T15:06:51","slug":"golden-discus","status":"publish","type":"product","link":"https:\/\/fishbuff.com\/ee\/product\/golden-discus\/","title":{"rendered":"Kuldne diskus"},"content":{"rendered":"<div class=\"wpb-content-wrapper\"><div class=\"vc_row wpb_row vc_row-fluid\"><div class=\"wpb_column vc_column_container vc_col-sm-12\"><div class=\"vc_column-inner\"><div class=\"wpb_wrapper\"><div id=\"kapee-header-71322\" class=\"kapee-element kapee-heading text-left kapee-width-100 separator-line separator-between-heading\">\t\n\t\t\t\n\t\t\t<div class=\"heading-wrap\">\n\t\t\t<span class=\"separator-left\"><\/span>\n\t\t\t<h2 class=\"heading-title\">Symphysodon Discus <\/h2>\t\t\t<span class=\"separator-right\"><\/span>\n\t\t\t\t\t<\/div>\n\t\t\n    <\/div>\n\t<div class=\"wpb_text_column wpb_content_element\" >\n\t\t<div class=\"wpb_wrapper\">\n\t\t\t<p><span id=\"_vI61aPXAN4iQ4-EPktTU6QI_59\" class=\"wtBS9\">Symphysodon on Brasiilia Amazonase j\u00f5e vesikonnas elavate tsirkliidide sugukond. T\u00e4nu oma iseloomulikule kujule, rahulikule k\u00e4itumisele, paljudele erksatele v\u00e4rvidele ja mustritele ning spetsiaalsetele kasvatustehnikatele on diskuskalad populaarsed mageveekalad.<\/span>.<\/p>\n\n\t\t<\/div>\n\t<\/div>\n<div id=\"kapee-header-47314\" class=\"kapee-element kapee-heading text-left kapee-width-100 separator-line separator-between-heading\">\t\n\t\t\t\n\t\t\t<div class=\"heading-wrap\">\n\t\t\t<span class=\"separator-left\"><\/span>\n\t\t\t<h3 class=\"heading-title\">Hulgim\u00fc\u00fck Symphysodon Discus <\/h3>\t\t\t<span class=\"separator-right\"><\/span>\n\t\t\t\t\t<\/div>\n\t\t\n    <\/div>\n\t<div class=\"wpb_text_column wpb_content_element\" >\n\t\t<div class=\"wpb_wrapper\">\n\t\t\t<p>Pakume kvaliteetseid diskuskalu, usaldusv\u00e4\u00e4rset hulgim\u00fc\u00fcki ja konkurentsiv\u00f5imelist hinda. ostke meie suurest valikust diskuskalade hulgim\u00fc\u00fcki erinevates v\u00e4rvides ja t\u00fcvedes.<\/p>\n\n\t\t<\/div>\n\t<\/div>\n<\/div><\/div><\/div><\/div>\n<\/div>","protected":false},"excerpt":{"rendered":"Symphysodon Discus Symphysodon is a genus of cichlids native to the Amazon river basin in Brazil. Due to their distinctive shape, calm behavior, many bright colors and patterns, and dedicated parenting techniques, discus are popular as freshwater aquarium fish. Wholesale Symphysodon Discus We offer high-quality Discus fish, reliable wholesale supply, and competitive pricing. shop our great selection of discus fish wholesale in a variety of colors and strains.","protected":false},"featured_media":1551,"comment_status":"open","ping_status":"closed","template":"","meta":{"_seopress_robots_primary_cat":"none","_seopress_titles_title":"Buy Golden Discus Fish Wholesale Online Today","_seopress_titles_desc":"Discover premium Golden Discus for your aquarium. Buy discus fish wholesale online at FishBuff for vibrant freshwater additions. Act now!","_seopress_robots_index":""},"product_brand":[],"product_cat":[84],"product_tag":[],"class_list":{"0":"post-1543","1":"product","2":"type-product","3":"status-publish","4":"has-post-thumbnail","6":"product_cat-angelfish-discus","8":"first","9":"instock","10":"shipping-taxable","11":"purchasable","12":"product-type-simple","13":"add-to-wishlist-after_add_to_cart"},"_links":{"self":[{"href":"https:\/\/fishbuff.com\/ee\/wp-json\/wp\/v2\/product\/1543","targetHints":{"allow":["GET"]}}],"collection":[{"href":"https:\/\/fishbuff.com\/ee\/wp-json\/wp\/v2\/product"}],"about":[{"href":"https:\/\/fishbuff.com\/ee\/wp-json\/wp\/v2\/types\/product"}],"replies":[{"embeddable":true,"href":"https:\/\/fishbuff.com\/ee\/wp-json\/wp\/v2\/comments?post=1543"}],"wp:featuredmedia":[{"embeddable":true,"href":"https:\/\/fishbuff.com\/ee\/wp-json\/wp\/v2\/media\/1551"}],"wp:attachment":[{"href":"https:\/\/fishbuff.com\/ee\/wp-json\/wp\/v2\/media?parent=1543"}],"wp:term":[{"taxonomy":"product_brand","embeddable":true,"href":"https:\/\/fishbuff.com\/ee\/wp-json\/wp\/v2\/product_brand?post=1543"},{"taxonomy":"product_cat","embeddable":true,"href":"https:\/\/fishbuff.com\/ee\/wp-json\/wp\/v2\/product_cat?post=1543"},{"taxonomy":"product_tag","embeddable":true,"href":"https:\/\/fishbuff.com\/ee\/wp-json\/wp\/v2\/product_tag?post=1543"}],"curies":[{"name":"wp","href":"https:\/\/api.w.org\/{rel}","templated":true}]}}