{"id":2255,"date":"2025-12-23T15:10:07","date_gmt":"2025-12-23T15:10:07","guid":{"rendered":"https:\/\/fishbuff.com\/?post_type=product&#038;p=2255"},"modified":"2026-01-09T10:40:49","modified_gmt":"2026-01-09T10:40:49","slug":"neptune-grouper","status":"publish","type":"product","link":"https:\/\/fishbuff.com\/ee\/product\/neptune-grouper\/","title":{"rendered":"3\u2033 Neptunuse gr\u00f6\u00f6ni"},"content":{"rendered":"<div class=\"wpb-content-wrapper\"><div class=\"vc_row wpb_row vc_row-fluid\"><div class=\"wpb_column vc_column_container vc_col-sm-12\"><div class=\"vc_column-inner\"><div class=\"wpb_wrapper\">\n\t<div class=\"wpb_text_column wpb_content_element\" >\n\t\t<div class=\"wpb_wrapper\">\n\t\t\t<p style=\"font-size: 24px; color: #0ca4ff; font-weight: bold; margin: 0;\">3-p\u00e4evane garantii <a style=\"color: #333333; font-size: 12px; font-weight: normal;\" href=\"https:\/\/fishbuff.com\/ee\/our-guarantee\/\">Lisateave<\/a><\/p>\n<p><span style=\"color: red;\">Seda eset peaksid ostma ainult kogenud harrastajad, kellel on selliste isendite hooldamiseks vajalikud teadmised.<\/span><br \/>\nKalapildid on tehtud v\u00f5imalikult t\u00e4pselt. N\u00e4idatud pildid on illustratsiooniks, et kujutada t\u00e4pseid kalu.<br \/>\nLoetletud hind sisaldas transpordikulusid Indoneesiast Transhipperi kaudu. Ostja peab maksma oma kohalikule transhipper agendile imporditasud ja riigisisesed saatekulud.<\/p>\n\n\t\t<\/div>\n\t<\/div>\n\n\t<div class=\"wpb_text_column wpb_content_element\" >\n\t\t<div class=\"wpb_wrapper\">\n\t\t\t<h3 style=\"font-size: 24px; margin: 0.67em 0;\">Cephalopholis Igarashiensis<\/h3>\n<p>Cephalopholis igarashiensis is a stunning, rare, deep-water grouper, characterized by its vibrant reddish-orange body with brilliant yellow bands, making it a highly prized but difficult species for advanced aquarists due to its deep-sea habitat (80-250m).<\/p>\n<p><strong>P\u00e4ritolu<\/strong> - India-Vaikse ookeani piirkond<br \/>\n<strong>Dieet<\/strong> - Lihas\u00f6\u00f6ja<br \/>\n<strong>pH<\/strong> - 8,0 kuni 8,5<br \/>\n<strong>Temp<\/strong> - 22\u00b0C kuni 24\u00b0C<br \/>\n<strong>Soolasisaldus<\/strong> - 1,020 kuni 1,025<\/p>\n\n\t\t<\/div>\n\t<\/div>\n<div id=\"kapee-header-11765\" class=\"kapee-element kapee-heading text-left kapee-width-100 separator-line separator-between-heading\">\t\n\t\t\t\n\t\t\t<div class=\"heading-wrap\">\n\t\t\t<span class=\"separator-left\"><\/span>\n\t\t\t<h2 class=\"heading-title\">Garish Hind <\/h2>\t\t\t<span class=\"separator-right\"><\/span>\n\t\t\t\t\t<\/div>\n\t\t\n    <\/div><\/div><\/div><\/div><\/div><div class=\"vc_row wpb_row vc_row-fluid\"><div class=\"wpb_column vc_column_container vc_col-sm-6\"><div class=\"vc_column-inner\"><div class=\"wpb_wrapper\">\n\t<div class=\"wpb_video_widget wpb_content_element vc_clearfix   vc_video-aspect-ratio-169 vc_video-el-width-100 vc_video-align-left\" >\n\t\t<div class=\"wpb_wrapper\">\n\t\t\t\n\t\t\t<div class=\"wpb_video_wrapper\"><iframe loading=\"lazy\" title=\"Neptunuskala\" width=\"500\" height=\"281\" src=\"https:\/\/www.youtube.com\/embed\/QFQKdVhXUcQ?feature=oembed\" frameborder=\"0\" allow=\"accelerometer; autoplay; clipboard-write; encrypted-media; gyroscope; picture-in-picture; web-share\" referrerpolicy=\"strict-origin-when-cross-origin\" allowfullscreen><\/iframe><\/div>\n\t\t<\/div>\n\t<\/div>\n<\/div><\/div><\/div><div class=\"wpb_column vc_column_container vc_col-sm-6\"><div class=\"vc_column-inner\"><div class=\"wpb_wrapper\"><div id=\"kapee-header-92553\" class=\"kapee-element kapee-heading text-left kapee-width-100 separator-none separator-between-heading\">\t\n\t\t\t\n\t\t\t<div class=\"heading-wrap\">\n\t\t\t<span class=\"separator-left\"><\/span>\n\t\t\t<h3 class=\"heading-title\">Kiire statistika <\/h3>\t\t\t<span class=\"separator-right\"><\/span>\n\t\t\t\t\t<\/div>\n\t\t\n    <\/div><div class=\"vc_progress_bar wpb_content_element\" ><div class=\"vc_general vc_single_bar\"><small class=\"vc_label\" style=\"color: #FFFFFF;\">RARITEET<\/small><span class=\"vc_bar\" data-percentage-value=\"100\" data-value=\"100\" style=\"background-color: #0CA4FF;\"><\/span><\/div><div class=\"vc_general vc_single_bar\"><small class=\"vc_label\" style=\"color: #FFFFFF;\">HOOLDUSE TASE<\/small><span class=\"vc_bar\" data-percentage-value=\"100\" data-value=\"100\" style=\"background-color: #0CA4FF;\"><\/span><\/div><div class=\"vc_general vc_single_bar\"><small class=\"vc_label\" style=\"color: #FFFFFF;\">TEMPERAMENT<\/small><span class=\"vc_bar\" data-percentage-value=\"75\" data-value=\"75\" style=\"background-color: #0CA4FF;\"><\/span><\/div><div class=\"vc_general vc_single_bar\"><small class=\"vc_label\" style=\"color: #FFFFFF;\">KOMPATIBILITEET<\/small><span class=\"vc_bar\" data-percentage-value=\"50\" data-value=\"50\" style=\"background-color: #0CA4FF;\"><\/span><\/div><div class=\"vc_general vc_single_bar\"><small class=\"vc_label\" style=\"color: #FFFFFF;\">REEF SAFE<\/small><span class=\"vc_bar\" data-percentage-value=\"25\" data-value=\"25\" style=\"background-color: #0CA4FF;\"><\/span><\/div><\/div><\/div><\/div><\/div><\/div>\n<\/div>","protected":false},"excerpt":{"rendered":"<p style=\"color: red;\">Palun lugege meie <a href=\"https:\/\/fishbuff.com\/ee\/terms-conditions\/\" target=\"_blank\" rel=\"noopener\">Tingimused<\/a> enne ostmist.<br \/>\nOstmisega anname m\u00e4rku, et n\u00f5ustute ja aktsepteerite kohaldatavaid tingimusi.<\/p>","protected":false},"featured_media":2270,"comment_status":"open","ping_status":"closed","template":"","meta":{"_seopress_robots_primary_cat":"none","_seopress_titles_title":"Buy Exclusive Neptune Grouper for Expert Hobbyists","_seopress_titles_desc":"Purchase Neptune Grouper (Cephalopholis igarashiensis) with confidence! Accurate pictures, shipping included. Experienced buyers only.","_seopress_robots_index":""},"product_brand":[],"product_cat":[57],"product_tag":[],"class_list":{"0":"post-2255","1":"product","2":"type-product","3":"status-publish","4":"has-post-thumbnail","6":"product_cat-miscellaneous-saltwater","8":"first","9":"instock","10":"sold-individually","11":"shipping-taxable","12":"purchasable","13":"product-type-simple","14":"add-to-wishlist-after_add_to_cart"},"_links":{"self":[{"href":"https:\/\/fishbuff.com\/ee\/wp-json\/wp\/v2\/product\/2255","targetHints":{"allow":["GET"]}}],"collection":[{"href":"https:\/\/fishbuff.com\/ee\/wp-json\/wp\/v2\/product"}],"about":[{"href":"https:\/\/fishbuff.com\/ee\/wp-json\/wp\/v2\/types\/product"}],"replies":[{"embeddable":true,"href":"https:\/\/fishbuff.com\/ee\/wp-json\/wp\/v2\/comments?post=2255"}],"wp:featuredmedia":[{"embeddable":true,"href":"https:\/\/fishbuff.com\/ee\/wp-json\/wp\/v2\/media\/2270"}],"wp:attachment":[{"href":"https:\/\/fishbuff.com\/ee\/wp-json\/wp\/v2\/media?parent=2255"}],"wp:term":[{"taxonomy":"product_brand","embeddable":true,"href":"https:\/\/fishbuff.com\/ee\/wp-json\/wp\/v2\/product_brand?post=2255"},{"taxonomy":"product_cat","embeddable":true,"href":"https:\/\/fishbuff.com\/ee\/wp-json\/wp\/v2\/product_cat?post=2255"},{"taxonomy":"product_tag","embeddable":true,"href":"https:\/\/fishbuff.com\/ee\/wp-json\/wp\/v2\/product_tag?post=2255"}],"curies":[{"name":"wp","href":"https:\/\/api.w.org\/{rel}","templated":true}]}}