{"id":2686,"date":"2025-12-23T15:12:55","date_gmt":"2025-12-23T15:12:55","guid":{"rendered":"https:\/\/fishbuff.com\/?post_type=product&#038;p=2686"},"modified":"2025-12-23T15:13:00","modified_gmt":"2025-12-23T15:13:00","slug":"cryptocoryne-tiger","status":"publish","type":"product","link":"https:\/\/fishbuff.com\/es\/product\/cryptocoryne-tiger\/","title":{"rendered":"Cryptocoryne Tiger"},"content":{"rendered":"<div class=\"wpb-content-wrapper\"><div class=\"vc_row wpb_row vc_row-fluid\"><div class=\"wpb_column vc_column_container vc_col-sm-12\"><div class=\"vc_column-inner\"><div class=\"wpb_wrapper\"><div id=\"kapee-header-32554\" class=\"kapee-element kapee-heading text-left kapee-width-100 separator-line separator-between-heading\">\t\n\t\t\t\n\t\t\t<div class=\"heading-wrap\">\n\t\t\t<span class=\"separator-left\"><\/span>\n\t\t\t<h2 class=\"heading-title\">Plantas de acuario <\/h2>\t\t\t<span class=\"separator-right\"><\/span>\n\t\t\t\t\t<\/div>\n\t\t\n    <\/div>\n\t<div class=\"wpb_text_column wpb_content_element\" >\n\t\t<div class=\"wpb_wrapper\">\n\t\t\t<p>Las plantas acu\u00e1ticas prosperan en entornos acu\u00e1ticos como lagos de agua dulce, r\u00edos, humedales e incluso regiones de agua salobre y salada. Se clasifican en varias comunidades ecol\u00f3gicas: ribere\u00f1as, lacustres y palustres.<\/p>\n\n\t\t<\/div>\n\t<\/div>\n<div id=\"kapee-header-38153\" class=\"kapee-element kapee-heading text-left kapee-width-100 separator-line separator-between-heading\">\t\n\t\t\t\n\t\t\t<div class=\"heading-wrap\">\n\t\t\t<span class=\"separator-left\"><\/span>\n\t\t\t<h3 class=\"heading-title\">Plantas acu\u00e1ticas al por mayor <\/h3>\t\t\t<span class=\"separator-right\"><\/span>\n\t\t\t\t\t<\/div>\n\t\t\n    <\/div>\n\t<div class=\"wpb_text_column wpb_content_element\" >\n\t\t<div class=\"wpb_wrapper\">\n\t\t\t<p>Ofrecemos una amplia gama de plantas de acuario tropicales de la mejor calidad. Las plantas de acuario realzan el aspecto de su acuario, a\u00f1adiendo color, estilo y vida. Consiga plantas acu\u00e1ticas de granja de alta calidad al por mayor.<\/p>\n\n\t\t<\/div>\n\t<\/div>\n<\/div><\/div><\/div><\/div>\n<\/div>","protected":false},"excerpt":{"rendered":"[vc_row][vc_column][kapee_heading title_align=\"left\" title_font_size=\"32\" title_font_size_tablet=\"32\" title_font_size_mobile=\"22\" title_font_weight=\"300\" title_separator=\"line\" title=\"Aquarium Plants\"][vc_column_text css=\"\"]Aquatic plants thrive in water environments such as freshwater lakes, rivers, wetlands, and even brackish and saltwater regions. They are categorized into various ecological communities including riverine, lacustrine, and palustrine.[\/vc_column_text][kapee_heading title_tag=\"h3\" title_align=\"left\" title_font_size=\"32\" title_font_size_tablet=\"32\" title_font_size_mobile=\"22\" title_font_weight=\"300\" title_separator=\"line\" title=\"Wholesale Aquatic Plants\"][vc_column_text css=\"\"]We offer a wide range of tropical aquarium plants of the highest quality. Aquarium plants enhance the look of your tank, adding colour, style and life. Get high-quality farm-fresh aquatic plants on a wholesale level.[\/vc_column_text][\/vc_column][\/vc_row]\n","protected":false},"featured_media":2716,"comment_status":"open","ping_status":"closed","template":"","meta":{"_seopress_robots_primary_cat":"none","_seopress_titles_title":"Cryptocoryne Tiger | Wholesale Aquatic Plants","_seopress_titles_desc":"Discover stunning Cryptocoryne Tiger plants for sale. Perfect for aquascaping, these live aquarium plants enhance any aquatic environment.","_seopress_robots_index":""},"product_brand":[],"product_cat":[95],"product_tag":[],"class_list":{"0":"post-2686","1":"product","2":"type-product","3":"status-publish","4":"has-post-thumbnail","6":"product_cat-aquatic-plants","8":"first","9":"instock","10":"shipping-taxable","11":"purchasable","12":"product-type-simple","13":"add-to-wishlist-after_add_to_cart"},"_links":{"self":[{"href":"https:\/\/fishbuff.com\/es\/wp-json\/wp\/v2\/product\/2686","targetHints":{"allow":["GET"]}}],"collection":[{"href":"https:\/\/fishbuff.com\/es\/wp-json\/wp\/v2\/product"}],"about":[{"href":"https:\/\/fishbuff.com\/es\/wp-json\/wp\/v2\/types\/product"}],"replies":[{"embeddable":true,"href":"https:\/\/fishbuff.com\/es\/wp-json\/wp\/v2\/comments?post=2686"}],"wp:featuredmedia":[{"embeddable":true,"href":"https:\/\/fishbuff.com\/es\/wp-json\/wp\/v2\/media\/2716"}],"wp:attachment":[{"href":"https:\/\/fishbuff.com\/es\/wp-json\/wp\/v2\/media?parent=2686"}],"wp:term":[{"taxonomy":"product_brand","embeddable":true,"href":"https:\/\/fishbuff.com\/es\/wp-json\/wp\/v2\/product_brand?post=2686"},{"taxonomy":"product_cat","embeddable":true,"href":"https:\/\/fishbuff.com\/es\/wp-json\/wp\/v2\/product_cat?post=2686"},{"taxonomy":"product_tag","embeddable":true,"href":"https:\/\/fishbuff.com\/es\/wp-json\/wp\/v2\/product_tag?post=2686"}],"curies":[{"name":"wp","href":"https:\/\/api.w.org\/{rel}","templated":true}]}}