{"id":4578,"date":"2026-01-15T00:14:02","date_gmt":"2026-01-15T00:14:02","guid":{"rendered":"https:\/\/fishbuff.com\/?post_type=product&#038;p=4578"},"modified":"2026-01-15T07:48:47","modified_gmt":"2026-01-15T07:48:47","slug":"984520605-tricolor-oranda","status":"publish","type":"product","link":"https:\/\/fishbuff.com\/es\/product\/984520605-tricolor-oranda\/","title":{"rendered":"4.7&#8243; Tricolor Oranda"},"content":{"rendered":"<div class=\"wpb-content-wrapper\"><div class=\"vc_row wpb_row vc_row-fluid\"><div class=\"wpb_column vc_column_container vc_col-sm-12\"><div class=\"vc_column-inner\"><div class=\"wpb_wrapper\">\n\t<div class=\"wpb_text_column wpb_content_element\" >\n\t\t<div class=\"wpb_wrapper\">\n\t\t\t<p style=\"font-size: 24px; color: #0ca4ff; font-weight: bold; margin: 0;\">Garant\u00eda de 2 d\u00edas <a style=\"color: #333333; font-size: 12px; font-weight: normal;\" href=\"https:\/\/fishbuff.com\/es\/our-guarantee\/\">M\u00e1s informaci\u00f3n<\/a><\/p>\n<p><span style=\"color: red;\">Under current regulations, we are temporarily unable to ship koi carp to the United States.<\/span><br \/>\nLas fotos de los peces se toman con la mayor precisi\u00f3n posible. Las im\u00e1genes que se muestran son para la ilustraci\u00f3n, como una representaci\u00f3n de los peces exacta.<br \/>\nEl precio indicado incluye los gastos de env\u00edo desde Indonesia a trav\u00e9s de un transportista. El comprador debe pagar a su agente de transbordo local las tasas de importaci\u00f3n y los gastos de env\u00edo nacionales.<\/p>\n\n\t\t<\/div>\n\t<\/div>\n<div id=\"kapee-header-4505\" class=\"kapee-element kapee-heading text-left kapee-width-100 separator-line separator-between-heading\">\t\n\t\t\t\n\t\t\t<div class=\"heading-wrap\">\n\t\t\t<span class=\"separator-left\"><\/span>\n\t\t\t<h2 class=\"heading-title\">Oranda Goldfish <\/h2>\t\t\t<span class=\"separator-right\"><\/span>\n\t\t\t\t\t<\/div>\n\t\t\n    <\/div><\/div><\/div><\/div><\/div><div class=\"vc_row wpb_row vc_row-fluid\"><div class=\"wpb_column vc_column_container vc_col-sm-6\"><div class=\"vc_column-inner\"><div class=\"wpb_wrapper\">\n\t<div class=\"wpb_text_column wpb_content_element\" >\n\t\t<div class=\"wpb_wrapper\">\n\t\t\t<h3 style=\"font-size: 24px; margin: 0.67em 0;\">Tri-color Oranda<\/h3>\n<p>The Tricolor Oranda is recognized for its vibrant patches of red, white, and black scales, often referred to as &#8220;panda&#8221; when black patches predominate.<\/p>\n<p><strong>Origen<\/strong> - Criado en granja<br \/>\n<strong>pH<\/strong> &#8211; 7.0 to 8.5<br \/>\n<strong>Temp<\/strong> - 26\u00b0C a 28\u00b0C<br \/>\n<strong>Tama\u00f1o actual<\/strong> \u2013 4,7 inches<br \/>\n<strong>Sexo<\/strong> \u2013 Unknown<\/p>\n\n\t\t<\/div>\n\t<\/div>\n<\/div><\/div><\/div><div class=\"wpb_column vc_column_container vc_col-sm-6\"><div class=\"vc_column-inner\"><div class=\"wpb_wrapper\"><div id=\"kapee-header-81298\" class=\"kapee-element kapee-heading text-left kapee-width-100 separator-none separator-between-heading\">\t\n\t\t\t\n\t\t\t<div class=\"heading-wrap\">\n\t\t\t<span class=\"separator-left\"><\/span>\n\t\t\t<h3 class=\"heading-title\">Estad\u00edsticas r\u00e1pidas <\/h3>\t\t\t<span class=\"separator-right\"><\/span>\n\t\t\t\t\t<\/div>\n\t\t\n    <\/div><div class=\"vc_progress_bar wpb_content_element\" ><div class=\"vc_general vc_single_bar\"><small class=\"vc_label\" style=\"color: #FFFFFF;\">QUALITY<\/small><span class=\"vc_bar\" data-percentage-value=\"50\" data-value=\"50\" style=\"background-color: #0CA4FF;\"><\/span><\/div><div class=\"vc_general vc_single_bar\"><small class=\"vc_label\" style=\"color: #FFFFFF;\">BODY SHAPE<\/small><span class=\"vc_bar\" data-percentage-value=\"100\" data-value=\"100\" style=\"background-color: #0CA4FF;\"><\/span><\/div><div class=\"vc_general vc_single_bar\"><small class=\"vc_label\" style=\"color: #FFFFFF;\">COLOR<\/small><span class=\"vc_bar\" data-percentage-value=\"100\" data-value=\"100\" style=\"background-color: #0CA4FF;\"><\/span><\/div><div class=\"vc_general vc_single_bar\"><small class=\"vc_label\" style=\"color: #FFFFFF;\">PATTERN<\/small><span class=\"vc_bar\" data-percentage-value=\"50\" data-value=\"50\" style=\"background-color: #0CA4FF;\"><\/span><\/div><div class=\"vc_general vc_single_bar\"><small class=\"vc_label\" style=\"color: #FFFFFF;\">SIZE &amp; GROWTH<\/small><span class=\"vc_bar\" data-percentage-value=\"75\" data-value=\"75\" style=\"background-color: #0CA4FF;\"><\/span><\/div><\/div><\/div><\/div><\/div><\/div>\n<\/div>","protected":false},"excerpt":{"rendered":"<p style=\"color: red;\">Lea nuestro <a href=\"https:\/\/fishbuff.com\/es\/terms-conditions\/\" target=\"_blank\" rel=\"noopener\">Condiciones generales<\/a> antes de comprar.<br \/>\nAl comprar, indicamos que est\u00e1 de acuerdo y acepta las condiciones aplicables.<\/p>","protected":false},"featured_media":4579,"comment_status":"open","ping_status":"closed","template":"","meta":{"_seopress_robots_primary_cat":"none","_seopress_titles_title":"Buy Tricolor Oranda Goldfish Online at Great Prices","_seopress_titles_desc":"Discover vibrant Tricolor Oranda Goldfish at unbeatable prices. Buy Tricolor Oranda Goldfish online today for your aquarium.","_seopress_robots_index":""},"product_brand":[],"product_cat":[48],"product_tag":[],"class_list":{"0":"post-4578","1":"product","2":"type-product","3":"status-publish","4":"has-post-thumbnail","6":"product_cat-goldfish","8":"first","9":"instock","10":"shipping-taxable","11":"purchasable","12":"product-type-simple","13":"add-to-wishlist-after_add_to_cart"},"_links":{"self":[{"href":"https:\/\/fishbuff.com\/es\/wp-json\/wp\/v2\/product\/4578","targetHints":{"allow":["GET"]}}],"collection":[{"href":"https:\/\/fishbuff.com\/es\/wp-json\/wp\/v2\/product"}],"about":[{"href":"https:\/\/fishbuff.com\/es\/wp-json\/wp\/v2\/types\/product"}],"replies":[{"embeddable":true,"href":"https:\/\/fishbuff.com\/es\/wp-json\/wp\/v2\/comments?post=4578"}],"wp:featuredmedia":[{"embeddable":true,"href":"https:\/\/fishbuff.com\/es\/wp-json\/wp\/v2\/media\/4579"}],"wp:attachment":[{"href":"https:\/\/fishbuff.com\/es\/wp-json\/wp\/v2\/media?parent=4578"}],"wp:term":[{"taxonomy":"product_brand","embeddable":true,"href":"https:\/\/fishbuff.com\/es\/wp-json\/wp\/v2\/product_brand?post=4578"},{"taxonomy":"product_cat","embeddable":true,"href":"https:\/\/fishbuff.com\/es\/wp-json\/wp\/v2\/product_cat?post=4578"},{"taxonomy":"product_tag","embeddable":true,"href":"https:\/\/fishbuff.com\/es\/wp-json\/wp\/v2\/product_tag?post=4578"}],"curies":[{"name":"wp","href":"https:\/\/api.w.org\/{rel}","templated":true}]}}