{"id":542,"date":"2025-12-23T15:00:54","date_gmt":"2025-12-23T15:00:54","guid":{"rendered":"https:\/\/fishbuff.com\/?post_type=product&#038;p=542"},"modified":"2025-12-23T15:01:09","modified_gmt":"2025-12-23T15:01:09","slug":"yellow-tiger-king-cobra-swallow-ribbon","status":"publish","type":"product","link":"https:\/\/fishbuff.com\/es\/product\/yellow-tiger-king-cobra-swallow-ribbon\/","title":{"rendered":"Yellow Tiger King Cobra Swallow Ribbon"},"content":{"rendered":"<div class=\"wpb-content-wrapper\"><div class=\"vc_row wpb_row vc_row-fluid\"><div class=\"wpb_column vc_column_container vc_col-sm-12\"><div class=\"vc_column-inner\"><div class=\"wpb_wrapper\"><div id=\"kapee-header-21910\" class=\"kapee-element kapee-heading text-left kapee-width-100 separator-line separator-between-heading\">\t\n\t\t\t\n\t\t\t<div class=\"heading-wrap\">\n\t\t\t<span class=\"separator-left\"><\/span>\n\t\t\t<h2 class=\"heading-title\">Pescader\u00eda Guppy <\/h2>\t\t\t<span class=\"separator-right\"><\/span>\n\t\t\t\t\t<\/div>\n\t\t\n    <\/div>\n\t<div class=\"wpb_text_column wpb_content_element\" >\n\t\t<div class=\"wpb_wrapper\">\n\t\t\t<p><span style=\"color: red;\">El precio indicado es por una pareja (un macho y una hembra).<\/span><br \/>\nLas fotos de los peces se toman con la mayor precisi\u00f3n posible. Las im\u00e1genes que se muestran son para la ilustraci\u00f3n como una representaci\u00f3n de los peces exacta.<br \/>\nEl precio indicado incluye los gastos de env\u00edo desde Indonesia a trav\u00e9s de Transhipper. El comprador debe pagar a su agente local de transhipper las tasas de importaci\u00f3n y los gastos de env\u00edo nacionales.<\/p>\n\n\t\t<\/div>\n\t<\/div>\n<div id=\"kapee-header-19432\" class=\"kapee-element kapee-heading text-left kapee-width-100 separator-none separator-between-heading\">\t\n\t\t\t\n\t\t\t<div class=\"heading-wrap\">\n\t\t\t<span class=\"separator-left\"><\/span>\n\t\t\t<h3 class=\"heading-title\">Comprar peces de acuario vivos en l\u00ednea <\/h3>\t\t\t<span class=\"separator-right\"><\/span>\n\t\t\t\t\t<\/div>\n\t\t\n    <\/div>\n<div id=\"kapee-accordion-11921\" class=\"kapee-element kapee-accordion panel-group accordion-line align-left accordion-icon-plus icon-position-right\">\n\t\n\t\t\t\n\t\t<div class=\"card\">\n\t\t\t<div class=\"card-header\">\n\t\t\t\t<h4 class=\"card-title\">\t\t\t\t\t\n\t\t\t\t\t<a class=\"card-link collapsed\" data-toggle=\"collapse\" href=\"#kp-accordions-39769\">\n\t\t\t\t\t\t\t\t\t\t\t\t\u00bfAd\u00f3nde env\u00eda el pescado?\t\t\t\t\t\t\t\t\t\t\t<\/a>\t\t\t\t\t\n\t\t\t\t<\/h4>\n\t\t\t<\/div>\n\t\t\t<div id=\"kp-accordions-39769\" class=\"collapse\" data-parent=\"#kapee-accordion-11921\">\n\t\t\t\t<div class=\"card-body\">\n\t\t\t\t\t\n\t<div class=\"wpb_text_column wpb_content_element\" >\n\t\t<div class=\"wpb_wrapper\">\n\t\t\t<p>Enviamos nuestro pescado para pedidos al por menor s\u00f3lo a determinados pa\u00edses. El env\u00edo est\u00e1 limitado a los siguientes pa\u00edses; Alemania\/ Australia\/ Austria\/ Barbados\/ B\u00e9lgica\/ Bolivia\/ Brasil\/ Brunei\/ Bulgaria\/ Camboya\/ Canad\u00e1\/ Chile\/ China\/ Chipre\/ Colombia\/ Costa Rica\/ Croacia\/ Dinamarca\/ Ecuador\/ Eslovaquia\/ Eslovenia\/ Espa\u00f1a\/ Estonia\/ Finlandia\/ Francia\/ Grecia\/ Guam\/ Hait\u00ed\/ Hongkong\/ Hungr\u00eda\/ India\/ Irlanda\/ Italia\/ Jap\u00f3n\/ Kuwait\/ Letonia\/ Liechtenstein\/ Lituania\/ Luxemburgo\/ Malasia\/ M\u00e9xico\/ Myanmar\/ Noruega\/ Om\u00e1n\/ Pa\u00edses Bajos\/ Panam\u00e1\/ Paraguay\/ Per\u00fa\/ Puerto Rico\/ Filipinas\/ Polonia\/ Portugal\/ Reino Unido\/ Rep\u00fablica Checa\/ Rep\u00fablica Dominicana M\u00e9xico\/ Myanmar\/ Pa\u00edses Bajos\/ Noruega\/ Om\u00e1n\/ Panam\u00e1\/ Paraguay\/ Per\u00fa\/ Puerto Rico\/ Filipinas\/ Polonia\/ Portugal\/ Ruman\u00eda\/ San Marino\/ Serbia\/ Singapur\/ Eslovaquia\/ Eslovenia\/ Sud\u00e1frica\/ Corea del Sur\/ Espa\u00f1a\/ Surinam\/ Suecia\/ Suiza\/ Taiw\u00e1n\/ Tailandia\/ Trinidad y Tobago\/ Islas Turcas y Caicos\/ Emiratos \u00c1rabes Unidos\/ Reino Unido\/ Estados Unidos\/ Islas V\u00edrgenes Americanas\/ Vietnam.<\/p>\n\n\t\t<\/div>\n\t<\/div>\n\t\t\t\t<\/div>\n\t\t\t<\/div>\n\t\t<\/div>\n\t\t\t\n\t\t<div class=\"card\">\n\t\t\t<div class=\"card-header\">\n\t\t\t\t<h4 class=\"card-title\">\t\t\t\t\t\n\t\t\t\t\t<a class=\"card-link collapsed\" data-toggle=\"collapse\" href=\"#kp-accordions-83981\">\n\t\t\t\t\t\t\t\t\t\t\t\t\u00bfCu\u00e1nto tardar\u00e9 en recibir el pescado?\t\t\t\t\t\t\t\t\t\t\t<\/a>\t\t\t\t\t\n\t\t\t\t<\/h4>\n\t\t\t<\/div>\n\t\t\t<div id=\"kp-accordions-83981\" class=\"collapse\" data-parent=\"#kapee-accordion-11921\">\n\t\t\t\t<div class=\"card-body\">\n\t\t\t\t\t\n\t<div class=\"wpb_text_column wpb_content_element\" >\n\t\t<div class=\"wpb_wrapper\">\n\t\t\t<p>Normalmente recibir\u00e1 su pedido en 7-14 d\u00edas laborables. En algunos casos, tardar\u00e1 un mes.<\/p>\n\n\t\t<\/div>\n\t<\/div>\n\t\t\t\t<\/div>\n\t\t\t<\/div>\n\t\t<\/div>\n\t\t\t\n\t\t<div class=\"card\">\n\t\t\t<div class=\"card-header\">\n\t\t\t\t<h4 class=\"card-title\">\t\t\t\t\t\n\t\t\t\t\t<a class=\"card-link collapsed\" data-toggle=\"collapse\" href=\"#kp-accordions-31823\">\n\t\t\t\t\t\t\t\t\t\t\t\t\u00bfPor qu\u00e9 tarda tanto en llegar mi pescado?\t\t\t\t\t\t\t\t\t\t\t<\/a>\t\t\t\t\t\n\t\t\t\t<\/h4>\n\t\t\t<\/div>\n\t\t\t<div id=\"kp-accordions-31823\" class=\"collapse\" data-parent=\"#kapee-accordion-11921\">\n\t\t\t\t<div class=\"card-body\">\n\t\t\t\t\t\n\t<div class=\"wpb_text_column wpb_content_element\" >\n\t\t<div class=\"wpb_wrapper\">\n\t\t\t<p>Enviamos los pedidos al por menor \u00fanicamente a trav\u00e9s de un transportista. Los env\u00edos se realizan en funci\u00f3n de su calendario mensual disponible, que establece el propio transportista.<br \/>\nVarios pa\u00edses que no tienen un volumen de env\u00edos suficientemente grande suelen tener horarios muy limitados.<br \/>\nSi quiere asegurarse de cu\u00e1l es el momento adecuado para hacer su pedido, puede ponerse en contacto con nosotros antes.<\/p>\n\n\t\t<\/div>\n\t<\/div>\n\t\t\t\t<\/div>\n\t\t\t<\/div>\n\t\t<\/div>\n\t\t\t\n\t\t<div class=\"card\">\n\t\t\t<div class=\"card-header\">\n\t\t\t\t<h4 class=\"card-title\">\t\t\t\t\t\n\t\t\t\t\t<a class=\"card-link collapsed\" data-toggle=\"collapse\" href=\"#kp-accordions-48648\">\n\t\t\t\t\t\t\t\t\t\t\t\t\u00bfY si mi pez llega muerto?\t\t\t\t\t\t\t\t\t\t\t<\/a>\t\t\t\t\t\n\t\t\t\t<\/h4>\n\t\t\t<\/div>\n\t\t\t<div id=\"kp-accordions-48648\" class=\"collapse\" data-parent=\"#kapee-accordion-11921\">\n\t\t\t\t<div class=\"card-body\">\n\t\t\t\t\t\n\t<div class=\"wpb_text_column wpb_content_element\" >\n\t\t<div class=\"wpb_wrapper\">\n\t\t\t<p>En el caso improbable de que reciba un pez muerto, p\u00f3ngase en contacto con nosotros en las 24 horas siguientes a su llegada. Cualquier reclamaci\u00f3n posterior no ser\u00e1 atendida.<br \/>\nEn caso de D.O.A, env\u00edenos una foto clara del pez muerto en una bolsa sin abrir. El cliente puede enviar su reclamaci\u00f3n por correo electr\u00f3nico a support@fishbuff.com o por WhatsApp a trav\u00e9s del (+62) 821-3871-8445.<\/p>\n\n\t\t<\/div>\n\t<\/div>\n\t\t\t\t<\/div>\n\t\t\t<\/div>\n\t\t<\/div>\n\t\t\t\n\t\t<div class=\"card\">\n\t\t\t<div class=\"card-header\">\n\t\t\t\t<h4 class=\"card-title\">\t\t\t\t\t\n\t\t\t\t\t<a class=\"card-link collapsed\" data-toggle=\"collapse\" href=\"#kp-accordions-29035\">\n\t\t\t\t\t\t\t\t\t\t\t\t\u00bfAcept\u00f3 la devoluci\u00f3n o el cambio?\t\t\t\t\t\t\t\t\t\t\t<\/a>\t\t\t\t\t\n\t\t\t\t<\/h4>\n\t\t\t<\/div>\n\t\t\t<div id=\"kp-accordions-29035\" class=\"collapse\" data-parent=\"#kapee-accordion-11921\">\n\t\t\t\t<div class=\"card-body\">\n\t\t\t\t\t\n\t<div class=\"wpb_text_column wpb_content_element\" >\n\t\t<div class=\"wpb_wrapper\">\n\t\t\t<p>No ofrecemos devoluciones ni cambios, pero estaremos encantados de sustituir cualquier pedido que cumpla nuestra pol\u00edtica de reclamaciones.<\/p>\n\n\t\t<\/div>\n\t<\/div>\n\t\t\t\t<\/div>\n\t\t\t<\/div>\n\t\t<\/div>\n\t<\/div><\/div><\/div><\/div><\/div>\n<\/div>","protected":false},"excerpt":{"rendered":"<p style=\"color: red;\">Lea nuestro <a href=\"https:\/\/fishbuff.com\/es\/terms-conditions\/\" target=\"_blank\" rel=\"noopener\">Condiciones generales<\/a> antes de comprar.<br \/>\nAl comprar indicamos que est\u00e1 de acuerdo y acepta los t\u00e9rminos y condiciones aplicables.<\/p>","protected":false},"featured_media":572,"comment_status":"open","ping_status":"closed","template":"","meta":{"_seopress_robots_primary_cat":"91","_seopress_titles_title":"Buy Yellow Tiger King Cobra Swallow Ribbon Guppies","_seopress_titles_desc":"Order your pair of Yellow Tiger King Cobra Swallow Ribbon guppies with guaranteed live arrival. Contact us for any claims within 24 hours!","_seopress_robots_index":""},"product_brand":[],"product_cat":[69],"product_tag":[],"class_list":{"0":"post-542","1":"product","2":"type-product","3":"status-publish","4":"has-post-thumbnail","6":"product_cat-guppy","8":"first","9":"instock","10":"shipping-taxable","11":"purchasable","12":"product-type-simple","13":"add-to-wishlist-after_add_to_cart"},"_links":{"self":[{"href":"https:\/\/fishbuff.com\/es\/wp-json\/wp\/v2\/product\/542","targetHints":{"allow":["GET"]}}],"collection":[{"href":"https:\/\/fishbuff.com\/es\/wp-json\/wp\/v2\/product"}],"about":[{"href":"https:\/\/fishbuff.com\/es\/wp-json\/wp\/v2\/types\/product"}],"replies":[{"embeddable":true,"href":"https:\/\/fishbuff.com\/es\/wp-json\/wp\/v2\/comments?post=542"}],"wp:featuredmedia":[{"embeddable":true,"href":"https:\/\/fishbuff.com\/es\/wp-json\/wp\/v2\/media\/572"}],"wp:attachment":[{"href":"https:\/\/fishbuff.com\/es\/wp-json\/wp\/v2\/media?parent=542"}],"wp:term":[{"taxonomy":"product_brand","embeddable":true,"href":"https:\/\/fishbuff.com\/es\/wp-json\/wp\/v2\/product_brand?post=542"},{"taxonomy":"product_cat","embeddable":true,"href":"https:\/\/fishbuff.com\/es\/wp-json\/wp\/v2\/product_cat?post=542"},{"taxonomy":"product_tag","embeddable":true,"href":"https:\/\/fishbuff.com\/es\/wp-json\/wp\/v2\/product_tag?post=542"}],"curies":[{"name":"wp","href":"https:\/\/api.w.org\/{rel}","templated":true}]}}