{"id":2074,"date":"2025-12-23T15:09:22","date_gmt":"2025-12-23T15:09:22","guid":{"rendered":"https:\/\/fishbuff.com\/?post_type=product&#038;p=2074"},"modified":"2025-12-23T15:09:27","modified_gmt":"2025-12-23T15:09:27","slug":"samurai-halfmoon-plakat-betta","status":"publish","type":"product","link":"https:\/\/fishbuff.com\/fi\/product\/samurai-halfmoon-plakat-betta\/","title":{"rendered":"Samurai Halfmoon Plakat Betta"},"content":{"rendered":"<div class=\"wpb-content-wrapper\"><div class=\"vc_row wpb_row vc_row-fluid\"><div class=\"wpb_column vc_column_container vc_col-sm-12\"><div class=\"vc_column-inner\"><div class=\"wpb_wrapper\"><div id=\"kapee-header-28590\" class=\"kapee-element kapee-heading text-left kapee-width-100 separator-line separator-between-heading\">\t\n\t\t\t\n\t\t\t<div class=\"heading-wrap\">\n\t\t\t<span class=\"separator-left\"><\/span>\n\t\t\t<h2 class=\"heading-title\">Betta kala <\/h2>\t\t\t<span class=\"separator-right\"><\/span>\n\t\t\t\t\t<\/div>\n\t\t\n    <\/div>\n\t<div class=\"wpb_text_column wpb_content_element\" >\n\t\t<div class=\"wpb_wrapper\">\n\t\t\t<p>Betta splendens on kotoisin Thaimaasta, Kambod\u017easta, Laosista ja Vietnamista, miss\u00e4 se el\u00e4\u00e4 ojissa, riisipelloilla, matalissa altaissa ja hitaasti virtaavissa puroissa. Bettoja pidet\u00e4\u00e4n yleens\u00e4 aloittelijoille sopivina, koska niit\u00e4 voidaan pit\u00e4\u00e4 yksin melko pieniss\u00e4 (v\u00e4hint\u00e4\u00e4n 5 gallonan) akvaarioissa.<\/p>\n\n\t\t<\/div>\n\t<\/div>\n<div id=\"kapee-header-73292\" class=\"kapee-element kapee-heading text-left kapee-width-100 separator-line separator-between-heading\">\t\n\t\t\t\n\t\t\t<div class=\"heading-wrap\">\n\t\t\t<span class=\"separator-left\"><\/span>\n\t\t\t<h3 class=\"heading-title\">Tukku Betta kala <\/h3>\t\t\t<span class=\"separator-right\"><\/span>\n\t\t\t\t\t<\/div>\n\t\t\n    <\/div>\n\t<div class=\"wpb_text_column wpb_content_element\" >\n\t\t<div class=\"wpb_wrapper\">\n\t\t\t<p>Tarjoamme upeita, harvinaisia tukku uros betta kaloja ja naaras betta kaloja kauniilla ja eloisilla v\u00e4reill\u00e4. Pyrimme tarjoamaan laajan valikoiman terveit\u00e4 ja elinvoimaisia betta-kaloja, jotka on valittu huolellisesti t\u00e4ytt\u00e4m\u00e4\u00e4n korkeimmat kauneus- ja terveysvaatimukset.<\/p>\n\n\t\t<\/div>\n\t<\/div>\n<\/div><\/div><\/div><\/div>\n<\/div>","protected":false},"excerpt":{"rendered":"Betta Fish Betta splendens are native to Thailand, Cambodia, Laos and Vietnam, where they live in ditches, rice paddies, shallow pools and slow moving streams. Bettas are generally considered to be beginner-friendly because they can be kept alone in fairly small (5 gallons at least) tanks. Wholesale Betta Fish We offer gorgeous, rare wholesale male betta fish and female betta fish with beautiful and vibrant colors. We strive to provide a wide selection of healthy and vibrant betta fish, each carefully selected to meet the highest standards of beauty and health.","protected":false},"featured_media":1027,"comment_status":"open","ping_status":"closed","template":"","meta":{"_seopress_robots_primary_cat":"none","_seopress_titles_title":"Buy Samurai Halfmoon Plakat Betta Wholesale Online","_seopress_titles_desc":"Discover top-tier Samurai Halfmoon Plakat Betta in bulk. Order live, premium bettas wholesale online at unbeatable prices.","_seopress_robots_index":""},"product_brand":[],"product_cat":[88],"product_tag":[],"class_list":{"0":"post-2074","1":"product","2":"type-product","3":"status-publish","4":"has-post-thumbnail","6":"product_cat-bettas","8":"first","9":"instock","10":"shipping-taxable","11":"purchasable","12":"product-type-simple","13":"add-to-wishlist-after_add_to_cart"},"_links":{"self":[{"href":"https:\/\/fishbuff.com\/fi\/wp-json\/wp\/v2\/product\/2074","targetHints":{"allow":["GET"]}}],"collection":[{"href":"https:\/\/fishbuff.com\/fi\/wp-json\/wp\/v2\/product"}],"about":[{"href":"https:\/\/fishbuff.com\/fi\/wp-json\/wp\/v2\/types\/product"}],"replies":[{"embeddable":true,"href":"https:\/\/fishbuff.com\/fi\/wp-json\/wp\/v2\/comments?post=2074"}],"wp:featuredmedia":[{"embeddable":true,"href":"https:\/\/fishbuff.com\/fi\/wp-json\/wp\/v2\/media\/1027"}],"wp:attachment":[{"href":"https:\/\/fishbuff.com\/fi\/wp-json\/wp\/v2\/media?parent=2074"}],"wp:term":[{"taxonomy":"product_brand","embeddable":true,"href":"https:\/\/fishbuff.com\/fi\/wp-json\/wp\/v2\/product_brand?post=2074"},{"taxonomy":"product_cat","embeddable":true,"href":"https:\/\/fishbuff.com\/fi\/wp-json\/wp\/v2\/product_cat?post=2074"},{"taxonomy":"product_tag","embeddable":true,"href":"https:\/\/fishbuff.com\/fi\/wp-json\/wp\/v2\/product_tag?post=2074"}],"curies":[{"name":"wp","href":"https:\/\/api.w.org\/{rel}","templated":true}]}}