{"id":2287,"date":"2025-12-23T15:10:21","date_gmt":"2025-12-23T15:10:21","guid":{"rendered":"https:\/\/fishbuff.com\/?post_type=product&#038;p=2287"},"modified":"2025-12-23T15:10:26","modified_gmt":"2025-12-23T15:10:26","slug":"orange-bounce-rhodactis-mushroom","status":"publish","type":"product","link":"https:\/\/fishbuff.com\/fi\/product\/orange-bounce-rhodactis-mushroom\/","title":{"rendered":"Orange Bounce Rhodactis Mushroom"},"content":{"rendered":"<p style=\"color: red;\">Shipping for all species of Anemones and Corals is limited to the following countries\/ territories: the European continent (temporarily restricted to Belarus, Russia, and Ukraine) and the United States.<\/p>\n<p>Pictures are taken as accurate as possible. Pictures shown are for illustration as a representation of the exact product.<br \/>\nLueteltu hinta sis\u00e4lsi toimituskulut Indonesiasta Transhipperin kautta. Ostajan on maksettava paikalliselle transhipper-agentilleen tuontimaksut ja kotimaan toimituskulut.<\/p>\n<p><strong>Live Arrival Guarantee<\/strong><br \/>\nIn the unlikely event that you do receive a dead product, you must ensure to contact us within 24 hours of its arrival. Any claims after that will not be honored. Customer can submit their claim by email at support@fishbuff.com or WhatsApp through (+62) 821-3871-8445.<\/p>\n<p><strong>Return &amp; Exchange<\/strong><br \/>\nEmme tarjoa palautuksia tai vaihtoja, mutta korvaamme mielell\u00e4mme kaikki tilaukset, jotka t\u00e4ytt\u00e4v\u00e4t reklamaatiok\u00e4yt\u00e4nt\u00f6mme.<\/p>","protected":false},"excerpt":{"rendered":"<p style=\"color: red;\">Lue meid\u00e4n <a href=\"https:\/\/fishbuff.com\/fi\/terms-conditions\/\" target=\"_blank\" rel=\"noopener\">Ehdot ja edellytykset<\/a> ennen ostamista.<br \/>\nOstamalla ilmoitamme, ett\u00e4 hyv\u00e4ksyt ja hyv\u00e4ksyt sovellettavat ehdot.<\/p>","protected":false},"featured_media":2317,"comment_status":"open","ping_status":"closed","template":"","meta":{"_seopress_robots_primary_cat":"none","_seopress_titles_title":"Orange Bounce Rhodactis Mushroom for Sale Online","_seopress_titles_desc":"Get vibrant Orange Bounce Rhodactis Mushroom &amp; more. Live arrival guaranteed! Shipping available in the U.S. &amp; Europe. Contact support for details.","_seopress_robots_index":""},"product_brand":[],"product_cat":[91],"product_tag":[],"class_list":{"0":"post-2287","1":"product","2":"type-product","3":"status-publish","4":"has-post-thumbnail","6":"product_cat-sea-anemones-corals","8":"first","9":"outofstock","10":"shipping-taxable","11":"purchasable","12":"product-type-simple","13":"add-to-wishlist-after_add_to_cart"},"_links":{"self":[{"href":"https:\/\/fishbuff.com\/fi\/wp-json\/wp\/v2\/product\/2287","targetHints":{"allow":["GET"]}}],"collection":[{"href":"https:\/\/fishbuff.com\/fi\/wp-json\/wp\/v2\/product"}],"about":[{"href":"https:\/\/fishbuff.com\/fi\/wp-json\/wp\/v2\/types\/product"}],"replies":[{"embeddable":true,"href":"https:\/\/fishbuff.com\/fi\/wp-json\/wp\/v2\/comments?post=2287"}],"wp:featuredmedia":[{"embeddable":true,"href":"https:\/\/fishbuff.com\/fi\/wp-json\/wp\/v2\/media\/2317"}],"wp:attachment":[{"href":"https:\/\/fishbuff.com\/fi\/wp-json\/wp\/v2\/media?parent=2287"}],"wp:term":[{"taxonomy":"product_brand","embeddable":true,"href":"https:\/\/fishbuff.com\/fi\/wp-json\/wp\/v2\/product_brand?post=2287"},{"taxonomy":"product_cat","embeddable":true,"href":"https:\/\/fishbuff.com\/fi\/wp-json\/wp\/v2\/product_cat?post=2287"},{"taxonomy":"product_tag","embeddable":true,"href":"https:\/\/fishbuff.com\/fi\/wp-json\/wp\/v2\/product_tag?post=2287"}],"curies":[{"name":"wp","href":"https:\/\/api.w.org\/{rel}","templated":true}]}}