{"id":293,"date":"2025-12-23T14:59:31","date_gmt":"2025-12-23T14:59:31","guid":{"rendered":"https:\/\/fishbuff.com\/?post_type=product&#038;p=293"},"modified":"2026-01-12T14:10:49","modified_gmt":"2026-01-12T14:10:49","slug":"channa-melasoma","status":"publish","type":"product","link":"https:\/\/fishbuff.com\/fi\/product\/channa-melasoma\/","title":{"rendered":"3&#8243; Channa Melasoma"},"content":{"rendered":"<div class=\"wpb-content-wrapper\"><div class=\"vc_row wpb_row vc_row-fluid\"><div class=\"wpb_column vc_column_container vc_col-sm-12\"><div class=\"vc_column-inner\"><div class=\"wpb_wrapper\">\n\t<div class=\"wpb_text_column wpb_content_element\" >\n\t\t<div class=\"wpb_wrapper\">\n\t\t\t<p style=\"font-size: 24px; color: #0ca4ff; font-weight: bold; margin: 0;\">5 p\u00e4iv\u00e4n takuu <a style=\"color: #333333; font-size: 12px; font-weight: normal;\" href=\"https:\/\/fishbuff.com\/fi\/our-guarantee\/\">Lue lis\u00e4\u00e4<\/a><\/p>\n<p><span style=\"color: red;\">We don\u2019t ship Channa or Snakehead to the Australia, Barbados, Bolivia, Brazil, Canada, Chile, Colombia, Costa Rica, Dominican Republic, Ecuador, Guam, Haiti, Mexico, Panama, Paraguay, Puerto Rico, Suriname, Trinidad and Tobago, United States, and US Virgin Islands.<br \/>\nAll species belonging to the snakehead members are considered invasive species, which are prohibited from being imported into those countries.<\/span><br \/>\nFish pictures are taken as accurately as possible. Pictures shown are for illustration, as a representation of the exact fish.<br \/>\nThe price listed included shipping costs from Indonesia through a transhipper. Buyer must pay their local transhipper agent for import fees and domestic shipping costs.<\/p>\n\n\t\t<\/div>\n\t<\/div>\n<div id=\"kapee-header-97276\" class=\"kapee-element kapee-heading text-left kapee-width-100 separator-line separator-between-heading\">\t\n\t\t\t\n\t\t\t<div class=\"heading-wrap\">\n\t\t\t<span class=\"separator-left\"><\/span>\n\t\t\t<h2 class=\"heading-title\">Black Snakehead <\/h2>\t\t\t<span class=\"separator-right\"><\/span>\n\t\t\t\t\t<\/div>\n\t\t\n    <\/div><\/div><\/div><\/div><\/div><div class=\"vc_row wpb_row vc_row-fluid\"><div class=\"wpb_column vc_column_container vc_col-sm-6\"><div class=\"vc_column-inner\"><div class=\"wpb_wrapper\">\n\t<div class=\"wpb_text_column wpb_content_element\" >\n\t\t<div class=\"wpb_wrapper\">\n\t\t\t<h3 style=\"font-size: 24px; margin: 0.67em 0;\">Channa Melasoma<\/h3>\n<p>Channa melasoma has a slender body, dark brown to black, often with faint dark bars or white fin edges; juveniles have bright red lateral stripes.<\/p>\n<p><strong>Alkuper\u00e4<\/strong> &#8211; Sumatra island (wild caught)<br \/>\n<strong>Ruokavalio<\/strong> - Lihansy\u00f6j\u00e4<br \/>\n<strong>pH<\/strong> &#8211; 5.5 to 7.0<br \/>\n<strong>Temp<\/strong> - 26\u00b0C - 30\u00b0C<br \/>\n<strong>Current size<\/strong> \u2013 3 inches<\/p>\n\n\t\t<\/div>\n\t<\/div>\n<\/div><\/div><\/div><div class=\"wpb_column vc_column_container vc_col-sm-6\"><div class=\"vc_column-inner\"><div class=\"wpb_wrapper\"><div id=\"kapee-header-48493\" class=\"kapee-element kapee-heading text-left kapee-width-100 separator-none separator-between-heading\">\t\n\t\t\t\n\t\t\t<div class=\"heading-wrap\">\n\t\t\t<span class=\"separator-left\"><\/span>\n\t\t\t<h3 class=\"heading-title\">Pikatilastot <\/h3>\t\t\t<span class=\"separator-right\"><\/span>\n\t\t\t\t\t<\/div>\n\t\t\n    <\/div><div class=\"vc_progress_bar wpb_content_element\" ><div class=\"vc_general vc_single_bar\"><small class=\"vc_label\" style=\"color: #FFFFFF;\">RARITY<\/small><span class=\"vc_bar\" data-percentage-value=\"75\" data-value=\"75\" style=\"background-color: #0CA4FF;\"><\/span><\/div><div class=\"vc_general vc_single_bar\"><small class=\"vc_label\" style=\"color: #FFFFFF;\">HOITOTASO<\/small><span class=\"vc_bar\" data-percentage-value=\"25\" data-value=\"25\" style=\"background-color: #0CA4FF;\"><\/span><\/div><div class=\"vc_general vc_single_bar\"><small class=\"vc_label\" style=\"color: #FFFFFF;\">TEMPERAMENTTI<\/small><span class=\"vc_bar\" data-percentage-value=\"100\" data-value=\"100\" style=\"background-color: #0CA4FF;\"><\/span><\/div><div class=\"vc_general vc_single_bar\"><small class=\"vc_label\" style=\"color: #FFFFFF;\">YHTEENSOPIVUUS<\/small><span class=\"vc_bar\" data-percentage-value=\"50\" data-value=\"50\" style=\"background-color: #0CA4FF;\"><\/span><\/div><div class=\"vc_general vc_single_bar\"><small class=\"vc_label\" style=\"color: #FFFFFF;\">ASENNETTU TANKKI<\/small><span class=\"vc_bar\" data-percentage-value=\"50\" data-value=\"50\" style=\"background-color: #0CA4FF;\"><\/span><\/div><\/div><\/div><\/div><\/div><\/div>\n<\/div>","protected":false},"excerpt":{"rendered":"<p style=\"color: red;\">Lue meid\u00e4n <a href=\"https:\/\/fishbuff.com\/fi\/terms-conditions\/\" target=\"_blank\" rel=\"noopener\">Ehdot ja edellytykset<\/a> ennen ostamista.<br \/>\nOstamalla osoitamme, ett\u00e4 hyv\u00e4ksyt ja hyv\u00e4ksyt sovellettavat ehdot.<\/p>","protected":false},"featured_media":323,"comment_status":"open","ping_status":"closed","template":"","meta":{"_seopress_robots_primary_cat":"none","_seopress_titles_title":"Get Channa Melasoma Online with Shipping Included","_seopress_titles_desc":"Order a Channa melasoma (black snakehead) today! Includes shipping from Indonesia. Contact for claims if D.O.A. Secure your exotic fish now!","_seopress_robots_index":""},"product_brand":[],"product_cat":[43],"product_tag":[],"class_list":{"0":"post-293","1":"product","2":"type-product","3":"status-publish","4":"has-post-thumbnail","6":"product_cat-snakehead","8":"first","9":"instock","10":"shipping-taxable","11":"purchasable","12":"product-type-simple","13":"add-to-wishlist-after_add_to_cart"},"_links":{"self":[{"href":"https:\/\/fishbuff.com\/fi\/wp-json\/wp\/v2\/product\/293","targetHints":{"allow":["GET"]}}],"collection":[{"href":"https:\/\/fishbuff.com\/fi\/wp-json\/wp\/v2\/product"}],"about":[{"href":"https:\/\/fishbuff.com\/fi\/wp-json\/wp\/v2\/types\/product"}],"replies":[{"embeddable":true,"href":"https:\/\/fishbuff.com\/fi\/wp-json\/wp\/v2\/comments?post=293"}],"wp:featuredmedia":[{"embeddable":true,"href":"https:\/\/fishbuff.com\/fi\/wp-json\/wp\/v2\/media\/323"}],"wp:attachment":[{"href":"https:\/\/fishbuff.com\/fi\/wp-json\/wp\/v2\/media?parent=293"}],"wp:term":[{"taxonomy":"product_brand","embeddable":true,"href":"https:\/\/fishbuff.com\/fi\/wp-json\/wp\/v2\/product_brand?post=293"},{"taxonomy":"product_cat","embeddable":true,"href":"https:\/\/fishbuff.com\/fi\/wp-json\/wp\/v2\/product_cat?post=293"},{"taxonomy":"product_tag","embeddable":true,"href":"https:\/\/fishbuff.com\/fi\/wp-json\/wp\/v2\/product_tag?post=293"}],"curies":[{"name":"wp","href":"https:\/\/api.w.org\/{rel}","templated":true}]}}