{"id":633,"date":"2025-12-23T15:01:39","date_gmt":"2025-12-23T15:01:39","guid":{"rendered":"https:\/\/fishbuff.com\/?post_type=product&#038;p=633"},"modified":"2025-12-23T15:01:44","modified_gmt":"2025-12-23T15:01:44","slug":"red-saddleback-crowntail","status":"publish","type":"product","link":"https:\/\/fishbuff.com\/fi\/product\/red-saddleback-crowntail\/","title":{"rendered":"Red Saddleback Crowntail"},"content":{"rendered":"<div class=\"wpb-content-wrapper\"><div class=\"vc_row wpb_row vc_row-fluid\"><div class=\"wpb_column vc_column_container vc_col-sm-12\"><div class=\"vc_column-inner\"><div class=\"wpb_wrapper\"><div id=\"kapee-header-17505\" class=\"kapee-element kapee-heading text-left kapee-width-100 separator-line separator-between-heading\">\t\n\t\t\t\n\t\t\t<div class=\"heading-wrap\">\n\t\t\t<span class=\"separator-left\"><\/span>\n\t\t\t<h2 class=\"heading-title\">Guppy Fish Shop <\/h2>\t\t\t<span class=\"separator-right\"><\/span>\n\t\t\t\t\t<\/div>\n\t\t\n    <\/div>\n\t<div class=\"wpb_text_column wpb_content_element\" >\n\t\t<div class=\"wpb_wrapper\">\n\t\t\t<p><span style=\"color: red;\">Hinta koskee paria (yksi uros ja yksi naaras).<\/span><br \/>\nKalakuvat otetaan mahdollisimman tarkasti. Esitetyt kuvat ovat havainnollistavia, sill\u00e4 ne edustavat tarkkaa kalaa.<br \/>\nLueteltu hinta sis\u00e4lsi toimituskulut Indonesiasta Transhipperin kautta. Ostajan on maksettava paikalliselle transhipper-agentilleen tuontimaksut ja kotimaan toimituskulut.<\/p>\n\n\t\t<\/div>\n\t<\/div>\n<div id=\"kapee-header-65896\" class=\"kapee-element kapee-heading text-left kapee-width-100 separator-none separator-between-heading\">\t\n\t\t\t\n\t\t\t<div class=\"heading-wrap\">\n\t\t\t<span class=\"separator-left\"><\/span>\n\t\t\t<h3 class=\"heading-title\">Osta el\u00e4vi\u00e4 akvaariokaloja verkossa <\/h3>\t\t\t<span class=\"separator-right\"><\/span>\n\t\t\t\t\t<\/div>\n\t\t\n    <\/div>\n<div id=\"kapee-accordion-13858\" class=\"kapee-element kapee-accordion panel-group accordion-line align-left accordion-icon-plus icon-position-right\">\n\t\n\t\t\t\n\t\t<div class=\"card\">\n\t\t\t<div class=\"card-header\">\n\t\t\t\t<h4 class=\"card-title\">\t\t\t\t\t\n\t\t\t\t\t<a class=\"card-link collapsed\" data-toggle=\"collapse\" href=\"#kp-accordions-30217\">\n\t\t\t\t\t\t\t\t\t\t\t\tMinne l\u00e4het\u00e4tte kalanne?\t\t\t\t\t\t\t\t\t\t\t<\/a>\t\t\t\t\t\n\t\t\t\t<\/h4>\n\t\t\t<\/div>\n\t\t\t<div id=\"kp-accordions-30217\" class=\"collapse\" data-parent=\"#kapee-accordion-13858\">\n\t\t\t\t<div class=\"card-body\">\n\t\t\t\t\t\n\t<div class=\"wpb_text_column wpb_content_element\" >\n\t\t<div class=\"wpb_wrapper\">\n\t\t\t<p>Toimitamme kaloja v\u00e4hitt\u00e4ismyyntitilauksia varten vain tiettyihin maihin. Toimitus on rajoitettu seuraaviin maihin; Australia\/ It\u00e4valta\/ Barbados\/ Belgia\/ Bolivia\/ Brasilia\/ Brunei\/ Bulgaria\/ Kambod\u017ea\/ Kanada\/ Chile\/ Kiina\/ Kolumbia\/ Costa Rica\/ Kroatia\/ Kypros\/ T\u0161ekin tasavalta\/ Tanska\/ Dominikaaninen tasavalta\/ Ecuador\/ Viro\/ Suomi\/ Ranska\/ Saksa\/ Kreikka\/ Guam\/ Haiti\/ Hongkong\/ Unkari\/ Intia\/ Irlanti\/ Italia\/ Japani\/ Kuwait\/ Latvia\/Liechtenstein\/Liettua\/Luxemburg\/Malesia\/ Suomi\/ Ranska\/ Saksa\/ Kreikka\/ Guam\/ Haiti\/ Hongkong\/ Intia\/ Irlanti\/ Italia\/ Japani\/ Kuwait\/ Latvia\/Liechtenstein\/Liettua\/Luxemburg\/Malesia\/ Meksiko\/ Myanmar\/ Alankomaat\/ Norja\/ Oman\/ Panama\/ Paraguay\/ Peru\/ Puerto Rico\/ Filippiinit\/ Puola\/ Portugali\/ Romania\/ San Marino\/ Serbia\/ Singapore\/ Slovakia\/ Slovenia\/ Etel\u00e4-Afrikka\/ Etel\u00e4-Afrikka\/ Etel\u00e4-Korea\/ Espanja\/ Suriname\/ Ruotsi\/ Sveitsi\/ Taiwan\/ Thaimaa\/ Trinidad ja Tobago\/ Turks- ja Caicossaaret\/ Yhdistyneet arabiemiirikunnat\/ Iso-Britannia\/ Yhdysvallat\/ Neitsytsaaret\/ Vietnam.<\/p>\n\n\t\t<\/div>\n\t<\/div>\n\t\t\t\t<\/div>\n\t\t\t<\/div>\n\t\t<\/div>\n\t\t\t\n\t\t<div class=\"card\">\n\t\t\t<div class=\"card-header\">\n\t\t\t\t<h4 class=\"card-title\">\t\t\t\t\t\n\t\t\t\t\t<a class=\"card-link collapsed\" data-toggle=\"collapse\" href=\"#kp-accordions-25983\">\n\t\t\t\t\t\t\t\t\t\t\t\tKuinka kauan kest\u00e4\u00e4 saada kalani?\t\t\t\t\t\t\t\t\t\t\t<\/a>\t\t\t\t\t\n\t\t\t\t<\/h4>\n\t\t\t<\/div>\n\t\t\t<div id=\"kp-accordions-25983\" class=\"collapse\" data-parent=\"#kapee-accordion-13858\">\n\t\t\t\t<div class=\"card-body\">\n\t\t\t\t\t\n\t<div class=\"wpb_text_column wpb_content_element\" >\n\t\t<div class=\"wpb_wrapper\">\n\t\t\t<p>Saat tilauksesi yleens\u00e4 7-14 arkip\u00e4iv\u00e4n kuluessa. Joissakin tapauksissa se voi kest\u00e4\u00e4 kuukauden.<\/p>\n\n\t\t<\/div>\n\t<\/div>\n\t\t\t\t<\/div>\n\t\t\t<\/div>\n\t\t<\/div>\n\t\t\t\n\t\t<div class=\"card\">\n\t\t\t<div class=\"card-header\">\n\t\t\t\t<h4 class=\"card-title\">\t\t\t\t\t\n\t\t\t\t\t<a class=\"card-link collapsed\" data-toggle=\"collapse\" href=\"#kp-accordions-98284\">\n\t\t\t\t\t\t\t\t\t\t\t\tMiksi kalojeni saaminen kest\u00e4\u00e4 niin kauan?\t\t\t\t\t\t\t\t\t\t\t<\/a>\t\t\t\t\t\n\t\t\t\t<\/h4>\n\t\t\t<\/div>\n\t\t\t<div id=\"kp-accordions-98284\" class=\"collapse\" data-parent=\"#kapee-accordion-13858\">\n\t\t\t\t<div class=\"card-body\">\n\t\t\t\t\t\n\t<div class=\"wpb_text_column wpb_content_element\" >\n\t\t<div class=\"wpb_wrapper\">\n\t\t\t<p>Toimitamme v\u00e4hitt\u00e4ismyyntitilaukset vain j\u00e4lleenmyyj\u00e4n kautta. L\u00e4hetykset tehd\u00e4\u00e4n niiden k\u00e4ytett\u00e4viss\u00e4 olevan kuukausittaisen aikataulun mukaisesti, jonka kuljetusliike itse asettaa.<br \/>\nUseissa maissa, joissa ei ehk\u00e4 ole tarpeeksi suuria l\u00e4hetysm\u00e4\u00e4ri\u00e4, on yleens\u00e4 hyvin rajoitetut aikataulut.<br \/>\nJos haluat varmistaa, milloin on oikea aika tehd\u00e4 tilaus, voit ottaa meihin yhteytt\u00e4 ensin.<\/p>\n\n\t\t<\/div>\n\t<\/div>\n\t\t\t\t<\/div>\n\t\t\t<\/div>\n\t\t<\/div>\n\t\t\t\n\t\t<div class=\"card\">\n\t\t\t<div class=\"card-header\">\n\t\t\t\t<h4 class=\"card-title\">\t\t\t\t\t\n\t\t\t\t\t<a class=\"card-link collapsed\" data-toggle=\"collapse\" href=\"#kp-accordions-77650\">\n\t\t\t\t\t\t\t\t\t\t\t\tEnt\u00e4 jos kalani saapuu kuolleena?\t\t\t\t\t\t\t\t\t\t\t<\/a>\t\t\t\t\t\n\t\t\t\t<\/h4>\n\t\t\t<\/div>\n\t\t\t<div id=\"kp-accordions-77650\" class=\"collapse\" data-parent=\"#kapee-accordion-13858\">\n\t\t\t\t<div class=\"card-body\">\n\t\t\t\t\t\n\t<div class=\"wpb_text_column wpb_content_element\" >\n\t\t<div class=\"wpb_wrapper\">\n\t\t\t<p>Siin\u00e4 ep\u00e4todenn\u00e4k\u00f6isess\u00e4 tapauksessa, ett\u00e4 saat kuolleen kalan, sinun on otettava meihin yhteytt\u00e4 24 tunnin kuluessa sen saapumisesta. T\u00e4m\u00e4n j\u00e4lkeen tehtyj\u00e4 reklamaatioita ei hyv\u00e4ksyt\u00e4.<br \/>\nJos kyseess\u00e4 on kuolemantapaus, l\u00e4het\u00e4 meille selke\u00e4 kuva kuolleesta kalasta avaamattomassa pussissa. Asiakas voi l\u00e4hett\u00e4\u00e4 reklamaationsa s\u00e4hk\u00f6postitse osoitteeseen support@fishbuff.com tai WhatsAppilla numeroon (+62) 821-3871-8445.<\/p>\n\n\t\t<\/div>\n\t<\/div>\n\t\t\t\t<\/div>\n\t\t\t<\/div>\n\t\t<\/div>\n\t\t\t\n\t\t<div class=\"card\">\n\t\t\t<div class=\"card-header\">\n\t\t\t\t<h4 class=\"card-title\">\t\t\t\t\t\n\t\t\t\t\t<a class=\"card-link collapsed\" data-toggle=\"collapse\" href=\"#kp-accordions-90169\">\n\t\t\t\t\t\t\t\t\t\t\t\tHyv\u00e4ksyitk\u00f6 palautuksen tai vaihdon?\t\t\t\t\t\t\t\t\t\t\t<\/a>\t\t\t\t\t\n\t\t\t\t<\/h4>\n\t\t\t<\/div>\n\t\t\t<div id=\"kp-accordions-90169\" class=\"collapse\" data-parent=\"#kapee-accordion-13858\">\n\t\t\t\t<div class=\"card-body\">\n\t\t\t\t\t\n\t<div class=\"wpb_text_column wpb_content_element\" >\n\t\t<div class=\"wpb_wrapper\">\n\t\t\t<p>Emme tarjoa palautuksia tai vaihtoja, mutta korvaamme mielell\u00e4mme kaikki tilaukset, jotka t\u00e4ytt\u00e4v\u00e4t reklamaatiok\u00e4yt\u00e4nt\u00f6mme.<\/p>\n\n\t\t<\/div>\n\t<\/div>\n\t\t\t\t<\/div>\n\t\t\t<\/div>\n\t\t<\/div>\n\t<\/div><\/div><\/div><\/div><\/div>\n<\/div>","protected":false},"excerpt":{"rendered":"<p style=\"color: red;\">Lue meid\u00e4n <a href=\"https:\/\/fishbuff.com\/fi\/terms-conditions\/\" target=\"_blank\" rel=\"noopener\">Ehdot ja edellytykset<\/a> ennen ostamista.<br \/>\nOstamalla ilmoitamme, ett\u00e4 hyv\u00e4ksyt ja hyv\u00e4ksyt sovellettavat ehdot.<\/p>","protected":false},"featured_media":663,"comment_status":"open","ping_status":"closed","template":"","meta":{"_seopress_robots_primary_cat":"91","_seopress_titles_title":"Stunning Red Saddleback Crowntail Guppies for Sale","_seopress_titles_desc":"Get your Red Saddleback Crowntail pair, male and female, with guaranteed live arrival. Secure your aquatic beauty today!","_seopress_robots_index":""},"product_brand":[],"product_cat":[69],"product_tag":[],"class_list":{"0":"post-633","1":"product","2":"type-product","3":"status-publish","4":"has-post-thumbnail","6":"product_cat-guppy","8":"first","9":"instock","10":"shipping-taxable","11":"purchasable","12":"product-type-simple","13":"add-to-wishlist-after_add_to_cart"},"_links":{"self":[{"href":"https:\/\/fishbuff.com\/fi\/wp-json\/wp\/v2\/product\/633","targetHints":{"allow":["GET"]}}],"collection":[{"href":"https:\/\/fishbuff.com\/fi\/wp-json\/wp\/v2\/product"}],"about":[{"href":"https:\/\/fishbuff.com\/fi\/wp-json\/wp\/v2\/types\/product"}],"replies":[{"embeddable":true,"href":"https:\/\/fishbuff.com\/fi\/wp-json\/wp\/v2\/comments?post=633"}],"wp:featuredmedia":[{"embeddable":true,"href":"https:\/\/fishbuff.com\/fi\/wp-json\/wp\/v2\/media\/663"}],"wp:attachment":[{"href":"https:\/\/fishbuff.com\/fi\/wp-json\/wp\/v2\/media?parent=633"}],"wp:term":[{"taxonomy":"product_brand","embeddable":true,"href":"https:\/\/fishbuff.com\/fi\/wp-json\/wp\/v2\/product_brand?post=633"},{"taxonomy":"product_cat","embeddable":true,"href":"https:\/\/fishbuff.com\/fi\/wp-json\/wp\/v2\/product_cat?post=633"},{"taxonomy":"product_tag","embeddable":true,"href":"https:\/\/fishbuff.com\/fi\/wp-json\/wp\/v2\/product_tag?post=633"}],"curies":[{"name":"wp","href":"https:\/\/api.w.org\/{rel}","templated":true}]}}