{"id":719,"date":"2025-12-23T15:02:06","date_gmt":"2025-12-23T15:02:06","guid":{"rendered":"https:\/\/fishbuff.com\/?post_type=product&#038;p=719"},"modified":"2026-01-10T04:06:35","modified_gmt":"2026-01-10T04:06:35","slug":"six-line-wrasse","status":"publish","type":"product","link":"https:\/\/fishbuff.com\/fi\/product\/six-line-wrasse\/","title":{"rendered":"1.5\u2033 kuuden siiman ahvenviehi\u00e4"},"content":{"rendered":"<div class=\"wpb-content-wrapper\"><div class=\"vc_row wpb_row vc_row-fluid\"><div class=\"wpb_column vc_column_container vc_col-sm-12\"><div class=\"vc_column-inner\"><div class=\"wpb_wrapper\">\n\t<div class=\"wpb_text_column wpb_content_element\" >\n\t\t<div class=\"wpb_wrapper\">\n\t\t\t<p style=\"font-size: 24px; color: #0ca4ff; font-weight: bold; margin: 0;\">2 p\u00e4iv\u00e4n takuu <a style=\"color: #333333; font-size: 12px; font-weight: normal;\" href=\"https:\/\/fishbuff.com\/fi\/our-guarantee\/\">Lue lis\u00e4\u00e4<\/a><\/p>\n<p>Kalakuvat otetaan mahdollisimman tarkasti. Esitetyt kuvat ovat havainnollistavia, sill\u00e4 ne edustavat tarkkaa kalaa.<br \/>\nLueteltu hinta sis\u00e4lsi toimituskulut Indonesiasta Transhipperin kautta. Ostajan on maksettava paikalliselle transhipper-agentilleen tuontimaksut ja kotimaan toimituskulut.<\/p>\n\n\t\t<\/div>\n\t<\/div>\n<div id=\"kapee-header-82485\" class=\"kapee-element kapee-heading text-left kapee-width-100 separator-line separator-between-heading\">\t\n\t\t\t\n\t\t\t<div class=\"heading-wrap\">\n\t\t\t<span class=\"separator-left\"><\/span>\n\t\t\t<h2 class=\"heading-title\">Pseudocheilinus Hexataenia <\/h2>\t\t\t<span class=\"separator-right\"><\/span>\n\t\t\t\t\t<\/div>\n\t\t\n    <\/div><\/div><\/div><\/div><\/div><div class=\"vc_row wpb_row vc_row-fluid\"><div class=\"wpb_column vc_column_container vc_col-sm-6\"><div class=\"vc_column-inner\"><div class=\"wpb_wrapper\">\n\t<div class=\"wpb_text_column wpb_content_element\" >\n\t\t<div class=\"wpb_wrapper\">\n\t\t\t<h3 style=\"font-size: 24px; margin: 0.67em 0;\">Sixline Wrasse<\/h3>\n<p>Pseudocheilinus hexataenia is popular in the aquarium trade for its striking colors (orange body, six blue\/red stripes) and role as a pest controller (e.g., bristleworms).<\/p>\n<p><strong>Alkuper\u00e4<\/strong> - Indo-Tyynenmeren alue<br \/>\n<strong>Ruokavalio<\/strong> - Kaikkiruokainen<br \/>\n<strong>pH<\/strong> - 8,0-8,5<br \/>\n<strong>Temp<\/strong> - 24\u00b0C - 27\u00b0C<br \/>\n<strong>Suolapitoisuus<\/strong> - 1,020-1,025<\/p>\n\n\t\t<\/div>\n\t<\/div>\n<\/div><\/div><\/div><div class=\"wpb_column vc_column_container vc_col-sm-6\"><div class=\"vc_column-inner\"><div class=\"wpb_wrapper\"><div id=\"kapee-header-1592\" class=\"kapee-element kapee-heading text-left kapee-width-100 separator-none separator-between-heading\">\t\n\t\t\t\n\t\t\t<div class=\"heading-wrap\">\n\t\t\t<span class=\"separator-left\"><\/span>\n\t\t\t<h3 class=\"heading-title\">Pikatilastot <\/h3>\t\t\t<span class=\"separator-right\"><\/span>\n\t\t\t\t\t<\/div>\n\t\t\n    <\/div><div class=\"vc_progress_bar wpb_content_element\" ><div class=\"vc_general vc_single_bar\"><small class=\"vc_label\" style=\"color: #FFFFFF;\">RARITY<\/small><span class=\"vc_bar\" data-percentage-value=\"25\" data-value=\"25\" style=\"background-color: #0CA4FF;\"><\/span><\/div><div class=\"vc_general vc_single_bar\"><small class=\"vc_label\" style=\"color: #FFFFFF;\">HOITOTASO<\/small><span class=\"vc_bar\" data-percentage-value=\"50\" data-value=\"50\" style=\"background-color: #0CA4FF;\"><\/span><\/div><div class=\"vc_general vc_single_bar\"><small class=\"vc_label\" style=\"color: #FFFFFF;\">TEMPERAMENTTI<\/small><span class=\"vc_bar\" data-percentage-value=\"25\" data-value=\"25\" style=\"background-color: #0CA4FF;\"><\/span><\/div><div class=\"vc_general vc_single_bar\"><small class=\"vc_label\" style=\"color: #FFFFFF;\">YHTEENSOPIVUUS<\/small><span class=\"vc_bar\" data-percentage-value=\"100\" data-value=\"100\" style=\"background-color: #0CA4FF;\"><\/span><\/div><div class=\"vc_general vc_single_bar\"><small class=\"vc_label\" style=\"color: #FFFFFF;\">REEF SAFE<\/small><span class=\"vc_bar\" data-percentage-value=\"100\" data-value=\"100\" style=\"background-color: #0CA4FF;\"><\/span><\/div><\/div><\/div><\/div><\/div><\/div>\n<\/div>","protected":false},"excerpt":{"rendered":"<p style=\"color: red;\">Lue meid\u00e4n <a href=\"https:\/\/fishbuff.com\/fi\/terms-conditions\/\" target=\"_blank\" rel=\"noopener\">Ehdot ja edellytykset<\/a> ennen ostamista.<br \/>\nOstamalla osoitamme, ett\u00e4 hyv\u00e4ksyt ja hyv\u00e4ksyt sovellettavat ehdot.<\/p>","protected":false},"featured_media":749,"comment_status":"open","ping_status":"closed","template":"","meta":{"_seopress_robots_primary_cat":"none","_seopress_titles_title":"Buy Six-line Wrasse with Live Arrival Guarantee","_seopress_titles_desc":"Explore vibrant Six-line Wrasse (Pseudocheilinus hexataenia) with guaranteed live arrival! Contact us within 24hrs for any DOA claims.","_seopress_robots_index":""},"product_brand":[],"product_cat":[65],"product_tag":[],"class_list":{"0":"post-719","1":"product","2":"type-product","3":"status-publish","4":"has-post-thumbnail","6":"product_cat-wrasse","8":"first","9":"instock","10":"shipping-taxable","11":"purchasable","12":"product-type-simple","13":"add-to-wishlist-after_add_to_cart"},"_links":{"self":[{"href":"https:\/\/fishbuff.com\/fi\/wp-json\/wp\/v2\/product\/719","targetHints":{"allow":["GET"]}}],"collection":[{"href":"https:\/\/fishbuff.com\/fi\/wp-json\/wp\/v2\/product"}],"about":[{"href":"https:\/\/fishbuff.com\/fi\/wp-json\/wp\/v2\/types\/product"}],"replies":[{"embeddable":true,"href":"https:\/\/fishbuff.com\/fi\/wp-json\/wp\/v2\/comments?post=719"}],"wp:featuredmedia":[{"embeddable":true,"href":"https:\/\/fishbuff.com\/fi\/wp-json\/wp\/v2\/media\/749"}],"wp:attachment":[{"href":"https:\/\/fishbuff.com\/fi\/wp-json\/wp\/v2\/media?parent=719"}],"wp:term":[{"taxonomy":"product_brand","embeddable":true,"href":"https:\/\/fishbuff.com\/fi\/wp-json\/wp\/v2\/product_brand?post=719"},{"taxonomy":"product_cat","embeddable":true,"href":"https:\/\/fishbuff.com\/fi\/wp-json\/wp\/v2\/product_cat?post=719"},{"taxonomy":"product_tag","embeddable":true,"href":"https:\/\/fishbuff.com\/fi\/wp-json\/wp\/v2\/product_tag?post=719"}],"curies":[{"name":"wp","href":"https:\/\/api.w.org\/{rel}","templated":true}]}}