{"id":3182,"date":"2025-12-25T16:40:50","date_gmt":"2025-12-25T16:40:50","guid":{"rendered":"https:\/\/fishbuff.com\/?page_id=3182"},"modified":"2026-01-29T10:03:54","modified_gmt":"2026-01-29T10:03:54","slug":"crabes","status":"publish","type":"page","link":"https:\/\/fishbuff.com\/fr\/notre-assortiment\/crabes\/","title":{"rendered":"Crabes"},"content":{"rendered":"<div class=\"wpb-content-wrapper\"><div class=\"vc_row wpb_row vc_row-fluid\"><div class=\"wpb_column vc_column_container vc_col-sm-12\"><div class=\"vc_column-inner\"><div class=\"wpb_wrapper\"><h2 style=\"font-size: 42px;color: #333333;line-height: 1.2;text-align: left\" class=\"vc_custom_heading vc_do_custom_heading vc_custom_1769447597290\" >Crabes (eau douce)<\/h2>\n\t<div class=\"wpb_text_column wpb_content_element\" >\n\t\t<div class=\"wpb_wrapper\">\n\t\t\t<p>Les crabes d'eau douce sont des crustac\u00e9s divers, souvent color\u00e9s, qui vivent dans les rivi\u00e8res, les ruisseaux et les \u00e9tangs. Populaires dans l'aquariophilie (comme les crabes vampires, les crabes Pom-Pom) pour leur aspect unique, ils n\u00e9cessitent des installations sp\u00e9cifiques, souvent \u00e0 la fois dans l'eau et sur terre (semi-aquatiques).<\/p>\n\n\t\t<\/div>\n\t<\/div>\n<div id=\"kapee-header-11010\" class=\"kapee-element kapee-heading text-left kapee-width-100 separator-line separator-between-heading\">\t\n\t\t\t\n\t\t\t<div class=\"heading-wrap\">\n\t\t\t<span class=\"separator-left\"><\/span>\n\t\t\t<h3 class=\"heading-title\">Vente en gros de crabes d'eau douce <\/h3>\t\t\t<span class=\"separator-right\"><\/span>\n\t\t\t\t\t<\/div>\n\t\t\n    <\/div>\n\t<div class=\"wpb_text_column wpb_content_element\" >\n\t\t<div class=\"wpb_wrapper\">\n\t\t\t<figure class=\"wp-block-table\">\n<table class=\"has-fixed-layout\">\n<tbody>\n<tr>\n<td>Nom scientifique<\/td>\n<td>Nom commun<\/td>\n<td>Prix (USD)<\/td>\n<\/tr>\n<tr>\n<td>Epigrapsus politus<\/td>\n<td>-<\/td>\n<td>1.20<\/td>\n<\/tr>\n<tr>\n<td>Geosesarma bicolor sp.<\/td>\n<td>Crabe vampire d'Halloween<\/td>\n<td>0.35<\/td>\n<\/tr>\n<tr>\n<td>Geosesarma bicolor sp.<\/td>\n<td>Crabe vampire en marbre<\/td>\n<td>0.35<\/td>\n<\/tr>\n<tr>\n<td>Geosesarma bicolor sp.<\/td>\n<td>Crabe vampire \u00e0 bras rouge<\/td>\n<td>0.35<\/td>\n<\/tr>\n<tr>\n<td>Geosesarma bogorensis<\/td>\n<td>Crabe vampire violet<\/td>\n<td>0.35<\/td>\n<\/tr>\n<tr>\n<td>Geosesarma cf. tiomanicum<\/td>\n<td>Crabe vampire disco<\/td>\n<td>0.35<\/td>\n<\/tr>\n<tr>\n<td>Geosesarma dennerle sp.<\/td>\n<td>Crabe vampire gris graphite<\/td>\n<td>0.35<\/td>\n<\/tr>\n<tr>\n<td>Geosesarma dennerle sp.<\/td>\n<td>Crabe vampire \u00e0 la lavande<\/td>\n<td>0.35<\/td>\n<\/tr>\n<tr>\n<td>Geosesarma dennerle sp.<\/td>\n<td>Crabe vampire orchid\u00e9e<\/td>\n<td>0.35<\/td>\n<\/tr>\n<tr>\n<td>Geosesarma dennerle sp.<\/td>\n<td>Crabe vampire du soleil<\/td>\n<td>0.35<\/td>\n<\/tr>\n<tr>\n<td>Geosesarma hagen<\/td>\n<td>Crabe vampire diable rouge<\/td>\n<td>0.35<\/td>\n<\/tr>\n<tr>\n<td>Geosesarma larsi<\/td>\n<td>Lars crabe vampire<\/td>\n<td>0.35<\/td>\n<\/tr>\n<tr>\n<td>Geosesarma notophorum<\/td>\n<td>Crabe vampire \u00e0 la mandarine<\/td>\n<td>0.55<\/td>\n<\/tr>\n<tr>\n<td>Geosesarma pontianak<\/td>\n<td>Crabe vampire \u00e0 la mandarine blanche<\/td>\n<td>1.00<\/td>\n<\/tr>\n<tr>\n<td>Geosesarma rouxi<\/td>\n<td>Crabe vampire arc-en-ciel<\/td>\n<td>0.35<\/td>\n<\/tr>\n<tr>\n<td>Geosesarma sp.<\/td>\n<td>Crabe vampire \u00e0 l'abricot<\/td>\n<td>0.35<\/td>\n<\/tr>\n<tr>\n<td>Geosesarma sp.<\/td>\n<td>Crabe vampire Lecaude<\/td>\n<td>0.35<\/td>\n<\/tr>\n<tr>\n<td>Geosesarma sp.<\/td>\n<td>Crabe vampire \u00e0 \u0153il orange<\/td>\n<td>0.35<\/td>\n<\/tr>\n<tr>\n<td>Geosesarma sp.<\/td>\n<td>Crabe vampire \u00e0 la tomate<\/td>\n<td>0.35<\/td>\n<\/tr>\n<tr>\n<td>Labuanium vitatum<\/td>\n<td>Crabe grimpeur<\/td>\n<td>0.45<\/td>\n<\/tr>\n<tr>\n<td>Lepidothelphusa cognetti<\/td>\n<td>Crabe panda de Born\u00e9o<\/td>\n<td>1.00<\/td>\n<\/tr>\n<tr>\n<td>Lepidothelphusa sp.<\/td>\n<td>Crabe bleu de Born\u00e9o<\/td>\n<td>1.00<\/td>\n<\/tr>\n<tr>\n<td>Lepidothelphusa sp.<\/td>\n<td>Crabe \u00e0 bras orange de Born\u00e9o<\/td>\n<td>1.00<\/td>\n<\/tr>\n<tr>\n<td>Metasesarma aubryi<\/td>\n<td>Crabe aux pommes rouges<\/td>\n<td>0.35<\/td>\n<\/tr>\n<tr>\n<td>Metasesarma obesum<\/td>\n<td>Batik crabe<\/td>\n<td>0.35<\/td>\n<\/tr>\n<tr>\n<td>Neosarmatium rotundifrons<\/td>\n<td>Araign\u00e9e de mer bleue<\/td>\n<td>0.35<\/td>\n<\/tr>\n<tr>\n<td>Neosarmatium smithi<\/td>\n<td>Araign\u00e9e de mer rouge<\/td>\n<td>0.35<\/td>\n<\/tr>\n<tr>\n<td>Parasesarma eumolpe<\/td>\n<td>Crabe des marais \u00e0 pinces rouges<\/td>\n<td>0.35<\/td>\n<\/tr>\n<tr>\n<td>Parathelphusa ferruginea<\/td>\n<td>Patte blanche de crabe matano<\/td>\n<td>0.65<\/td>\n<\/tr>\n<tr>\n<td>Parathelphusa pantherina<\/td>\n<td>Crabe panth\u00e8re<\/td>\n<td>0.35<\/td>\n<\/tr>\n<tr>\n<td>Ptychognathus barbatus<\/td>\n<td>Crabe d'eau douce Pom pom<\/td>\n<td>0.65<\/td>\n<\/tr>\n<tr>\n<td>Syntripsa flavichela<\/td>\n<td>Crabe \u00e0 pinces blanches<\/td>\n<td>0.65<\/td>\n<\/tr>\n<tr>\n<td>Syntripsa matannensis<\/td>\n<td>Crabe matano violet<\/td>\n<td>0.65<\/td>\n<\/tr>\n<tr>\n<td>Terrathelphusa kaufen<\/td>\n<td>Crabe-banane<\/td>\n<td>0.55<\/td>\n<\/tr>\n<tr>\n<td>Tubuca capricornis<\/td>\n<td>Crabe violoniste bleu capricorne<\/td>\n<td>0.35<\/td>\n<\/tr>\n<\/tbody>\n<\/table>\n<\/figure>\n\n\t\t<\/div>\n\t<\/div>\n<\/div><\/div><\/div><\/div><!-- \/wp:post-content --><\/div>","protected":false},"excerpt":{"rendered":"Crabs (Freshwater) Freshwater crabs are diverse, often colorful crustaceans living in rivers, streams, and ponds. Popular in the aquarium trade (like Vampire crabs, Pom-Pom crabs) for their unique looks, they need specific setups, often requiring both water and land (semi-aquatic). Wholesale Freshwater Crabs Scientific name Common name Price (USD) Epigrapsus politus - 1.20 Geosesarma bicolor sp. Halloween vampire crab 0.35 Geosesarma bicolor sp. Marble vampire crab 0.35 Geosesarma bicolor sp. Red arm vampire crab 0.35 Geosesarma bogorensis Purple vampire crab 0.35 Geosesarma cf. tiomanicum Disco vampire crab 0.35 Geosesarma dennerle sp. Graphite grey vampire crab 0.35 Geosesarma dennerle sp. Lavender","protected":false},"author":1,"featured_media":0,"parent":136,"menu_order":0,"comment_status":"closed","ping_status":"closed","template":"","meta":{"_seopress_robots_primary_cat":"","_seopress_titles_title":"Crabs | Wholesale Freshwater Crabs","_seopress_titles_desc":"Discover top-quality wholesale freshwater crabs from the leading supplier and exporter in Indonesia. Perfect for your aquarium business needs!","_seopress_robots_index":"","footnotes":""},"class_list":["post-3182","page","type-page","status-publish","hentry"],"_links":{"self":[{"href":"https:\/\/fishbuff.com\/fr\/wp-json\/wp\/v2\/pages\/3182","targetHints":{"allow":["GET"]}}],"collection":[{"href":"https:\/\/fishbuff.com\/fr\/wp-json\/wp\/v2\/pages"}],"about":[{"href":"https:\/\/fishbuff.com\/fr\/wp-json\/wp\/v2\/types\/page"}],"author":[{"embeddable":true,"href":"https:\/\/fishbuff.com\/fr\/wp-json\/wp\/v2\/users\/1"}],"replies":[{"embeddable":true,"href":"https:\/\/fishbuff.com\/fr\/wp-json\/wp\/v2\/comments?post=3182"}],"version-history":[{"count":6,"href":"https:\/\/fishbuff.com\/fr\/wp-json\/wp\/v2\/pages\/3182\/revisions"}],"predecessor-version":[{"id":5315,"href":"https:\/\/fishbuff.com\/fr\/wp-json\/wp\/v2\/pages\/3182\/revisions\/5315"}],"up":[{"embeddable":true,"href":"https:\/\/fishbuff.com\/fr\/wp-json\/wp\/v2\/pages\/136"}],"wp:attachment":[{"href":"https:\/\/fishbuff.com\/fr\/wp-json\/wp\/v2\/media?parent=3182"}],"curies":[{"name":"wp","href":"https:\/\/api.w.org\/{rel}","templated":true}]}}