{"id":3186,"date":"2025-12-25T16:49:13","date_gmt":"2025-12-25T16:49:13","guid":{"rendered":"https:\/\/fishbuff.com\/?page_id=3186"},"modified":"2026-01-29T09:45:04","modified_gmt":"2026-01-29T09:45:04","slug":"snails","status":"publish","type":"page","link":"https:\/\/fishbuff.com\/fr\/notre-assortiment\/snails\/","title":{"rendered":"Escargots"},"content":{"rendered":"<div class=\"wpb-content-wrapper\"><div class=\"vc_row wpb_row vc_row-fluid\"><div class=\"wpb_column vc_column_container vc_col-sm-12\"><div class=\"vc_column-inner\"><div class=\"wpb_wrapper\"><h2 style=\"font-size: 42px;color: #333333;line-height: 1.2;text-align: left\" class=\"vc_custom_heading vc_do_custom_heading vc_custom_1769446702386\" >Escargots (eau douce)<\/h2>\n\t<div class=\"wpb_text_column wpb_content_element\" >\n\t\t<div class=\"wpb_wrapper\">\n\t\t\t<p>Les escargots sont tr\u00e8s appr\u00e9ci\u00e9s dans les aquariums depuis des dizaines d'ann\u00e9es, surtout pour lutter contre les algues, mais aussi pour leur aspect et leur int\u00e9r\u00eat. Chez fishbuff, vous trouverez une vari\u00e9t\u00e9 d'escargots d'eau douce qui s'adapteront parfaitement \u00e0 l'aquarium, y compris l'esp\u00e8ce populaire des escargots de Lapin de Sulawesi.<\/p>\n\n\t\t<\/div>\n\t<\/div>\n<div id=\"kapee-header-87846\" class=\"kapee-element kapee-heading text-left kapee-width-100 separator-line separator-between-heading\">\t\n\t\t\t\n\t\t\t<div class=\"heading-wrap\">\n\t\t\t<span class=\"separator-left\"><\/span>\n\t\t\t<h3 class=\"heading-title\">Escargots d'eau douce en gros <\/h3>\t\t\t<span class=\"separator-right\"><\/span>\n\t\t\t\t\t<\/div>\n\t\t\n    <\/div>\n\t<div class=\"wpb_text_column wpb_content_element\" >\n\t\t<div class=\"wpb_wrapper\">\n\t\t\t<figure class=\"wp-block-table\">\n<table class=\"has-fixed-layout\">\n<tbody>\n<tr>\n<td>Nom scientifique<\/td>\n<td>Nom commun<\/td>\n<td>Prix (USD)<\/td>\n<\/tr>\n<tr>\n<td>Celetaia persculpta<\/td>\n<td>-<\/td>\n<td>0.70<\/td>\n<\/tr>\n<tr>\n<td>Cerithidea cf. obtusa<\/td>\n<td>Escargots royaux escargot de lapin<\/td>\n<td>0.70<\/td>\n<\/tr>\n<tr>\n<td>Clea helena<\/td>\n<td>Escargot assassin<\/td>\n<td>0.20<\/td>\n<\/tr>\n<tr>\n<td>Clithon corona<\/td>\n<td>Escargot cornu<\/td>\n<td>0.25<\/td>\n<\/tr>\n<tr>\n<td>Clithon diadema<\/td>\n<td>Escargots n\u00e9rites de l'\u00e9pine z\u00e9br\u00e9e<\/td>\n<td>0.25<\/td>\n<\/tr>\n<tr>\n<td>Faunus ater<\/td>\n<td>Escargot noir<\/td>\n<td>0.30<\/td>\n<\/tr>\n<tr>\n<td>Filopaludina sp.<\/td>\n<td>-<\/td>\n<td>0.50<\/td>\n<\/tr>\n<tr>\n<td>Melanoides cf. maculata<\/td>\n<td>-<\/td>\n<td>0.50<\/td>\n<\/tr>\n<tr>\n<td>Miratesta celebensis<\/td>\n<td>-<\/td>\n<td>0.70<\/td>\n<\/tr>\n<tr>\n<td>Nerita balteata<\/td>\n<td>-<\/td>\n<td>0.40<\/td>\n<\/tr>\n<tr>\n<td>Neritina auriculata<\/td>\n<td>Escargot Batman<\/td>\n<td>0.25<\/td>\n<\/tr>\n<tr>\n<td>Neritina juttingae<\/td>\n<td>Roi koopa nerite<\/td>\n<td>0.40<\/td>\n<\/tr>\n<tr>\n<td>Neritina pulligera<\/td>\n<td>Casque militaire noir escargot<\/td>\n<td>0.25<\/td>\n<\/tr>\n<tr>\n<td>Neritina semiconica<\/td>\n<td>Escargots n\u00e9rites tigr\u00e9s<\/td>\n<td>0.25<\/td>\n<\/tr>\n<tr>\n<td>Neritina turrita<\/td>\n<td>Escargot z\u00e9br\u00e9<\/td>\n<td>0.25<\/td>\n<\/tr>\n<tr>\n<td>Neritina variegata<\/td>\n<td>Batik escargot nerite<\/td>\n<td>0.25<\/td>\n<\/tr>\n<tr>\n<td>Neritina violacea<\/td>\n<td>Escargot \u00e0 l\u00e8vres rouges<\/td>\n<td>0.25<\/td>\n<\/tr>\n<tr>\n<td>Neritodryas cornea<\/td>\n<td>-<\/td>\n<td>0.25<\/td>\n<\/tr>\n<tr>\n<td>Neritodryas dubia<\/td>\n<td>L'\u00e9clair de nerite<\/td>\n<td>0.25<\/td>\n<\/tr>\n<tr>\n<td>Neritodryas javanica<\/td>\n<td>Escargot de mer \u00e0 anneau en forme de O<\/td>\n<td>0.25<\/td>\n<\/tr>\n<tr>\n<td>Planorbidae<\/td>\n<td>Escargots \u00e0 bosse<\/td>\n<td>0.10<\/td>\n<\/tr>\n<tr>\n<td>Pomacea cf. bridgesii<\/td>\n<td>Escargot myst\u00e9rieux<\/td>\n<td>0.20<\/td>\n<\/tr>\n<tr>\n<td>Septaria sp.<\/td>\n<td>-<\/td>\n<td>0.50<\/td>\n<\/tr>\n<tr>\n<td>Stenomelania acutospira<\/td>\n<td>Escargot \u00e0 baguettes en forme de tigre<\/td>\n<td>0.25<\/td>\n<\/tr>\n<tr>\n<td>Stenomelania cf. clavus<\/td>\n<td>-<\/td>\n<td>0.25<\/td>\n<\/tr>\n<tr>\n<td>Stenomelania cf. torulosa<\/td>\n<td>Chopstick snail<\/td>\n<td>0.50<\/td>\n<\/tr>\n<tr>\n<td>Sulcospira testudinaria<\/td>\n<td>Black panther snail<\/td>\n<td>0.40<\/td>\n<\/tr>\n<tr>\n<td>Tarebia sp.<\/td>\n<td>-<\/td>\n<td>0.30<\/td>\n<\/tr>\n<tr>\n<td>Thiara cancellata<\/td>\n<td>Hairy snail<\/td>\n<td>0.30<\/td>\n<\/tr>\n<tr>\n<td>Thiara winteri<\/td>\n<td>Trumpet snails<\/td>\n<td>0.20<\/td>\n<\/tr>\n<tr>\n<td>Tylomelania baskasti<\/td>\n<td>-<\/td>\n<td>0.50<\/td>\n<\/tr>\n<tr>\n<td>Tylomelania cf. wolterecki<\/td>\n<td>Green sponge rabbit snail<\/td>\n<td>0.70<\/td>\n<\/tr>\n<tr>\n<td>Tylomelania gemmifera<\/td>\n<td>Yellow antenna rabbit snail<\/td>\n<td>0.50<\/td>\n<\/tr>\n<tr>\n<td>Tylomelania helmuti<\/td>\n<td>Black rabbit snail<\/td>\n<td>0.50<\/td>\n<\/tr>\n<tr>\n<td>Tylomelania marwotoae<\/td>\n<td>-<\/td>\n<td>0.50<\/td>\n<\/tr>\n<tr>\n<td>Tylomelania patriarchalis<\/td>\n<td>White spot rabbit snail<\/td>\n<td>0.50<\/td>\n<\/tr>\n<tr>\n<td>Tylomelania sarasinorum<\/td>\n<td>-<\/td>\n<td>0.50<\/td>\n<\/tr>\n<tr>\n<td>Tylomelania sinabartfeldi<\/td>\n<td>-<\/td>\n<td>0.35<\/td>\n<\/tr>\n<tr>\n<td>Tylomelania sp.<\/td>\n<td>Yellow spotted rabbit snail<\/td>\n<td>0.50<\/td>\n<\/tr>\n<tr>\n<td>Tylomelania sp.<\/td>\n<td>Yellow rabbit snail<\/td>\n<td>0.50<\/td>\n<\/tr>\n<tr>\n<td>Tylomelania sp. mini<\/td>\n<td>Mini rabbit snail<\/td>\n<td>0.35<\/td>\n<\/tr>\n<tr>\n<td>Tylomelania sp.<\/td>\n<td>Chocolate poso rabbit snail<\/td>\n<td>0.50<\/td>\n<\/tr>\n<tr>\n<td>Tylomelania towutensis<\/td>\n<td>Orange rabbit snail<\/td>\n<td>0.50<\/td>\n<\/tr>\n<tr>\n<td>Tylomelania towutica<\/td>\n<td>Gold spot rabbit snail<\/td>\n<td>0.50<\/td>\n<\/tr>\n<tr>\n<td>Tylomelania wolterecki<\/td>\n<td>Towuti yellow spot rabbit snail<\/td>\n<td>0.50<\/td>\n<\/tr>\n<\/tbody>\n<\/table>\n<\/figure>\n\n\t\t<\/div>\n\t<\/div>\n<\/div><\/div><\/div><\/div><\/div>","protected":false},"excerpt":{"rendered":"Snails (Freshwater) Snails have been popular additions to aquaria for decades, mostly to help control algae but also for their looks and interest. At fishbuff you can find a variety of freshwater snails that will fit perfectly inside the aquarium, including the popular species Rabbit snails from Sulawesi. Wholesale Freshwater Snails Scientific name Common name Price (USD) Celetaia persculpta - 0.70 Cerithidea cf. obtusa King snails rabbit snail 0.70 Clea helena Assassin snail 0.20 Clithon corona Horned nerite snail 0.25 Clithon diadema Zebra thorn nerite snails 0.25 Faunus ater Black devil snail 0.30 Filopaludina sp. - 0.50 Melanoides cf. maculata","protected":false},"author":1,"featured_media":0,"parent":136,"menu_order":0,"comment_status":"closed","ping_status":"closed","template":"","meta":{"_seopress_robots_primary_cat":"","_seopress_titles_title":"Snails | Wholesale Freshwater Snails","_seopress_titles_desc":"Discover top-tier wholesale freshwater snails from Indonesia. We are your reliable aquarium snails supplier delivering quality worldwide.","_seopress_robots_index":"","footnotes":""},"class_list":["post-3186","page","type-page","status-publish","hentry"],"_links":{"self":[{"href":"https:\/\/fishbuff.com\/fr\/wp-json\/wp\/v2\/pages\/3186","targetHints":{"allow":["GET"]}}],"collection":[{"href":"https:\/\/fishbuff.com\/fr\/wp-json\/wp\/v2\/pages"}],"about":[{"href":"https:\/\/fishbuff.com\/fr\/wp-json\/wp\/v2\/types\/page"}],"author":[{"embeddable":true,"href":"https:\/\/fishbuff.com\/fr\/wp-json\/wp\/v2\/users\/1"}],"replies":[{"embeddable":true,"href":"https:\/\/fishbuff.com\/fr\/wp-json\/wp\/v2\/comments?post=3186"}],"version-history":[{"count":9,"href":"https:\/\/fishbuff.com\/fr\/wp-json\/wp\/v2\/pages\/3186\/revisions"}],"predecessor-version":[{"id":5310,"href":"https:\/\/fishbuff.com\/fr\/wp-json\/wp\/v2\/pages\/3186\/revisions\/5310"}],"up":[{"embeddable":true,"href":"https:\/\/fishbuff.com\/fr\/wp-json\/wp\/v2\/pages\/136"}],"wp:attachment":[{"href":"https:\/\/fishbuff.com\/fr\/wp-json\/wp\/v2\/media?parent=3186"}],"curies":[{"name":"wp","href":"https:\/\/api.w.org\/{rel}","templated":true}]}}