{"id":1234,"date":"2025-12-23T15:04:53","date_gmt":"2025-12-23T15:04:53","guid":{"rendered":"https:\/\/fishbuff.com\/?post_type=product&#038;p=1234"},"modified":"2026-01-14T08:06:58","modified_gmt":"2026-01-14T08:06:58","slug":"albino-lyretail-balloon","status":"publish","type":"product","link":"https:\/\/fishbuff.com\/fr\/product\/albino-lyretail-balloon\/","title":{"rendered":"Albino Lyretail Balloon"},"content":{"rendered":"<div class=\"wpb-content-wrapper\"><div class=\"vc_row wpb_row vc_row-fluid\"><div class=\"wpb_column vc_column_container vc_col-sm-12\"><div class=\"vc_column-inner\"><div class=\"wpb_wrapper\">\n\t<div class=\"wpb_text_column wpb_content_element\" >\n\t\t<div class=\"wpb_wrapper\">\n\t\t\t<p style=\"font-size: 24px; color: #0ca4ff; font-weight: bold; margin: 0;\">Garantie de 2 jours <a style=\"color: #333333; font-size: 12px; font-weight: normal;\" href=\"https:\/\/fishbuff.com\/fr\/our-guarantee\/\">En savoir plus<\/a><\/p>\n<p><span style=\"color: red;\">Le prix indiqu\u00e9 est celui d'une paire (un m\u00e2le et une femelle).<\/span><br \/>\nLes photos des poissons sont prises avec le plus d'exactitude possible. Les photos sont pr\u00e9sent\u00e9es \u00e0 titre d'illustration et ne repr\u00e9sentent que le poisson exact.<br \/>\nLe prix indiqu\u00e9 comprend les frais d'exp\u00e9dition depuis l'Indon\u00e9sie par Transhipper. L'acheteur doit payer \u00e0 son agent local de transbordement les frais d'importation et les frais d'exp\u00e9dition nationaux.<\/p>\n\n\t\t<\/div>\n\t<\/div>\n<div id=\"kapee-header-35611\" class=\"kapee-element kapee-heading text-left kapee-width-100 separator-line separator-between-heading\">\t\n\t\t\t\n\t\t\t<div class=\"heading-wrap\">\n\t\t\t<span class=\"separator-left\"><\/span>\n\t\t\t<h2 class=\"heading-title\">Poecilia Sphenops (Molly commune) <\/h2>\t\t\t<span class=\"separator-right\"><\/span>\n\t\t\t\t\t<\/div>\n\t\t\n    <\/div><\/div><\/div><\/div><\/div><div class=\"vc_row wpb_row vc_row-fluid\"><div class=\"wpb_column vc_column_container vc_col-sm-6\"><div class=\"vc_column-inner\"><div class=\"wpb_wrapper\">\n\t<div class=\"wpb_text_column wpb_content_element\" >\n\t\t<div class=\"wpb_wrapper\">\n\t\t\t<h3 style=\"font-size: 24px; margin: 0.67em 0;\">Molly albinos<\/h3>\n<p>The Albino Lyretail Balloon is known for its rounded &#8220;balloon&#8221; body, shimmering albino color, flowing lyretail, and distinct red eyes.<\/p>\n<p><strong>Origine<\/strong> - \u00c9levage en ferme<br \/>\n<strong>R\u00e9gime alimentaire<\/strong> - Omnivore<br \/>\n<strong>pH<\/strong> - 7,5 \u00e0 8,5<br \/>\n<strong>Temp<\/strong> - 26\u00b0C \u00e0 30\u00b0C<br \/>\n<strong>Le sexe<\/strong> - Paire (m\u00e2le et femelle)<\/p>\n\n\t\t<\/div>\n\t<\/div>\n<\/div><\/div><\/div><div class=\"wpb_column vc_column_container vc_col-sm-6\"><div class=\"vc_column-inner\"><div class=\"wpb_wrapper\"><div id=\"kapee-header-27191\" class=\"kapee-element kapee-heading text-left kapee-width-100 separator-none separator-between-heading\">\t\n\t\t\t\n\t\t\t<div class=\"heading-wrap\">\n\t\t\t<span class=\"separator-left\"><\/span>\n\t\t\t<h3 class=\"heading-title\">Statistiques rapides <\/h3>\t\t\t<span class=\"separator-right\"><\/span>\n\t\t\t\t\t<\/div>\n\t\t\n    <\/div><div class=\"vc_progress_bar wpb_content_element\" ><div class=\"vc_general vc_single_bar\"><small class=\"vc_label\" style=\"color: #FFFFFF;\">RARIT\u00c9<\/small><span class=\"vc_bar\" data-percentage-value=\"25\" data-value=\"25\" style=\"background-color: #0CA4FF;\"><\/span><\/div><div class=\"vc_general vc_single_bar\"><small class=\"vc_label\" style=\"color: #FFFFFF;\">NIVEAU DE SOINS<\/small><span class=\"vc_bar\" data-percentage-value=\"50\" data-value=\"50\" style=\"background-color: #0CA4FF;\"><\/span><\/div><div class=\"vc_general vc_single_bar\"><small class=\"vc_label\" style=\"color: #FFFFFF;\">TEMPERAMENT<\/small><span class=\"vc_bar\" data-percentage-value=\"25\" data-value=\"25\" style=\"background-color: #0CA4FF;\"><\/span><\/div><div class=\"vc_general vc_single_bar\"><small class=\"vc_label\" style=\"color: #FFFFFF;\">COMPATIBILIT\u00c9<\/small><span class=\"vc_bar\" data-percentage-value=\"100\" data-value=\"100\" style=\"background-color: #0CA4FF;\"><\/span><\/div><div class=\"vc_general vc_single_bar\"><small class=\"vc_label\" style=\"color: #FFFFFF;\">TANK PLANTED<\/small><span class=\"vc_bar\" data-percentage-value=\"100\" data-value=\"100\" style=\"background-color: #0CA4FF;\"><\/span><\/div><\/div><\/div><\/div><\/div><\/div>\n<\/div>","protected":false},"excerpt":{"rendered":"<p style=\"color: red;\">Veuillez lire notre <a href=\"https:\/\/fishbuff.com\/fr\/terms-conditions\/\" target=\"_blank\" rel=\"noopener\">Conditions g\u00e9n\u00e9rales d'utilisation<\/a> avant d'acheter.<br \/>\nEn achetant, nous indiquons que vous acceptez les conditions g\u00e9n\u00e9rales applicables.<\/p>","protected":false},"featured_media":1264,"comment_status":"open","ping_status":"closed","template":"","meta":{"_seopress_robots_primary_cat":"none","_seopress_titles_title":"Get Albino Lyretail Balloon Mollies with Shipping","_seopress_titles_desc":"Buy an Albino Lyretail Balloon pair with shipping from Indonesia included. Live Arrival Guarantee. Stunning aquarium addition with our customer support.","_seopress_robots_index":""},"product_brand":[],"product_cat":[71],"product_tag":[],"class_list":{"0":"post-1234","1":"product","2":"type-product","3":"status-publish","4":"has-post-thumbnail","6":"product_cat-molly","8":"first","9":"instock","10":"shipping-taxable","11":"purchasable","12":"product-type-simple","13":"add-to-wishlist-after_add_to_cart"},"_links":{"self":[{"href":"https:\/\/fishbuff.com\/fr\/wp-json\/wp\/v2\/product\/1234","targetHints":{"allow":["GET"]}}],"collection":[{"href":"https:\/\/fishbuff.com\/fr\/wp-json\/wp\/v2\/product"}],"about":[{"href":"https:\/\/fishbuff.com\/fr\/wp-json\/wp\/v2\/types\/product"}],"replies":[{"embeddable":true,"href":"https:\/\/fishbuff.com\/fr\/wp-json\/wp\/v2\/comments?post=1234"}],"wp:featuredmedia":[{"embeddable":true,"href":"https:\/\/fishbuff.com\/fr\/wp-json\/wp\/v2\/media\/1264"}],"wp:attachment":[{"href":"https:\/\/fishbuff.com\/fr\/wp-json\/wp\/v2\/media?parent=1234"}],"wp:term":[{"taxonomy":"product_brand","embeddable":true,"href":"https:\/\/fishbuff.com\/fr\/wp-json\/wp\/v2\/product_brand?post=1234"},{"taxonomy":"product_cat","embeddable":true,"href":"https:\/\/fishbuff.com\/fr\/wp-json\/wp\/v2\/product_cat?post=1234"},{"taxonomy":"product_tag","embeddable":true,"href":"https:\/\/fishbuff.com\/fr\/wp-json\/wp\/v2\/product_tag?post=1234"}],"curies":[{"name":"wp","href":"https:\/\/api.w.org\/{rel}","templated":true}]}}