{"id":2161,"date":"2025-12-23T15:09:42","date_gmt":"2025-12-23T15:09:42","guid":{"rendered":"https:\/\/fishbuff.com\/?post_type=product&#038;p=2161"},"modified":"2025-12-23T15:09:48","modified_gmt":"2025-12-23T15:09:48","slug":"koi-plakat-double-tail-betta","status":"publish","type":"product","link":"https:\/\/fishbuff.com\/fr\/product\/koi-plakat-double-tail-betta\/","title":{"rendered":"Koi Plakat Double Tail Betta"},"content":{"rendered":"<div class=\"wpb-content-wrapper\"><div class=\"vc_row wpb_row vc_row-fluid\"><div class=\"wpb_column vc_column_container vc_col-sm-12\"><div class=\"vc_column-inner\"><div class=\"wpb_wrapper\"><div id=\"kapee-header-42171\" class=\"kapee-element kapee-heading text-left kapee-width-100 separator-line separator-between-heading\">\t\n\t\t\t\n\t\t\t<div class=\"heading-wrap\">\n\t\t\t<span class=\"separator-left\"><\/span>\n\t\t\t<h2 class=\"heading-title\">Poisson Betta <\/h2>\t\t\t<span class=\"separator-right\"><\/span>\n\t\t\t\t\t<\/div>\n\t\t\n    <\/div>\n\t<div class=\"wpb_text_column wpb_content_element\" >\n\t\t<div class=\"wpb_wrapper\">\n\t\t\t<p>Les Betta splendens sont originaires de Tha\u00eflande, du Cambodge, du Laos et du Vietnam, o\u00f9 ils vivent dans les foss\u00e9s, les rizi\u00e8res, les mares peu profondes et les cours d'eau lents. Les Bettas sont g\u00e9n\u00e9ralement consid\u00e9r\u00e9s comme des animaux faciles \u00e0 vivre pour les d\u00e9butants, car ils peuvent \u00eatre maintenus seuls dans des aquariums relativement petits (5 gallons au moins).<\/p>\n\n\t\t<\/div>\n\t<\/div>\n<div id=\"kapee-header-65765\" class=\"kapee-element kapee-heading text-left kapee-width-100 separator-line separator-between-heading\">\t\n\t\t\t\n\t\t\t<div class=\"heading-wrap\">\n\t\t\t<span class=\"separator-left\"><\/span>\n\t\t\t<h3 class=\"heading-title\">Vente en gros de poissons Betta <\/h3>\t\t\t<span class=\"separator-right\"><\/span>\n\t\t\t\t\t<\/div>\n\t\t\n    <\/div>\n\t<div class=\"wpb_text_column wpb_content_element\" >\n\t\t<div class=\"wpb_wrapper\">\n\t\t\t<p>Nous proposons en gros de magnifiques poissons betta m\u00e2les et femelles aux couleurs magnifiques et \u00e9clatantes. Nous nous effor\u00e7ons de fournir une large s\u00e9lection de poissons betta sains et dynamiques, chacun \u00e9tant soigneusement s\u00e9lectionn\u00e9 pour r\u00e9pondre aux normes les plus \u00e9lev\u00e9es en mati\u00e8re de beaut\u00e9 et de sant\u00e9.<\/p>\n\n\t\t<\/div>\n\t<\/div>\n<\/div><\/div><\/div><\/div>\n<\/div>","protected":false},"excerpt":{"rendered":"Betta Fish Betta splendens are native to Thailand, Cambodia, Laos and Vietnam, where they live in ditches, rice paddies, shallow pools and slow moving streams. Bettas are generally considered to be beginner-friendly because they can be kept alone in fairly small (5 gallons at least) tanks. Wholesale Betta Fish We offer gorgeous, rare wholesale male betta fish and female betta fish with beautiful and vibrant colors. We strive to provide a wide selection of healthy and vibrant betta fish, each carefully selected to meet the highest standards of beauty and health.","protected":false},"featured_media":2181,"comment_status":"open","ping_status":"closed","template":"","meta":{"_seopress_robots_primary_cat":"none","_seopress_titles_title":"Wholesale Koi Plakat Double Tail Betta Fish Online","_seopress_titles_desc":"Discover vibrant Koi Plakat Double Tail Betta at wholesale prices. Perfect for bulk orders. Transform your aquarium with our high-quality fish selection.","_seopress_robots_index":""},"product_brand":[],"product_cat":[88],"product_tag":[],"class_list":{"0":"post-2161","1":"product","2":"type-product","3":"status-publish","4":"has-post-thumbnail","6":"product_cat-bettas","8":"first","9":"instock","10":"shipping-taxable","11":"purchasable","12":"product-type-simple","13":"add-to-wishlist-after_add_to_cart"},"_links":{"self":[{"href":"https:\/\/fishbuff.com\/fr\/wp-json\/wp\/v2\/product\/2161","targetHints":{"allow":["GET"]}}],"collection":[{"href":"https:\/\/fishbuff.com\/fr\/wp-json\/wp\/v2\/product"}],"about":[{"href":"https:\/\/fishbuff.com\/fr\/wp-json\/wp\/v2\/types\/product"}],"replies":[{"embeddable":true,"href":"https:\/\/fishbuff.com\/fr\/wp-json\/wp\/v2\/comments?post=2161"}],"wp:featuredmedia":[{"embeddable":true,"href":"https:\/\/fishbuff.com\/fr\/wp-json\/wp\/v2\/media\/2181"}],"wp:attachment":[{"href":"https:\/\/fishbuff.com\/fr\/wp-json\/wp\/v2\/media?parent=2161"}],"wp:term":[{"taxonomy":"product_brand","embeddable":true,"href":"https:\/\/fishbuff.com\/fr\/wp-json\/wp\/v2\/product_brand?post=2161"},{"taxonomy":"product_cat","embeddable":true,"href":"https:\/\/fishbuff.com\/fr\/wp-json\/wp\/v2\/product_cat?post=2161"},{"taxonomy":"product_tag","embeddable":true,"href":"https:\/\/fishbuff.com\/fr\/wp-json\/wp\/v2\/product_tag?post=2161"}],"curies":[{"name":"wp","href":"https:\/\/api.w.org\/{rel}","templated":true}]}}