{"id":2190,"date":"2025-12-23T15:09:54","date_gmt":"2025-12-23T15:09:54","guid":{"rendered":"https:\/\/fishbuff.com\/?post_type=product&#038;p=2190"},"modified":"2025-12-23T15:09:56","modified_gmt":"2025-12-23T15:09:56","slug":"papuan-red-crayfish","status":"publish","type":"product","link":"https:\/\/fishbuff.com\/fr\/product\/papuan-red-crayfish\/","title":{"rendered":"Papuan Red Crayfish"},"content":{"rendered":"<div class=\"wpb-content-wrapper\"><div class=\"vc_row wpb_row vc_row-fluid\"><div class=\"wpb_column vc_column_container vc_col-sm-12\"><div class=\"vc_column-inner\"><div class=\"wpb_wrapper\"><div id=\"kapee-header-49575\" class=\"kapee-element kapee-heading text-left kapee-width-100 separator-line separator-between-heading\">\t\n\t\t\t\n\t\t\t<div class=\"heading-wrap\">\n\t\t\t<span class=\"separator-left\"><\/span>\n\t\t\t<h2 class=\"heading-title\">\u00c9crevisses d'aquarium <\/h2>\t\t\t<span class=\"separator-right\"><\/span>\n\t\t\t\t\t<\/div>\n\t\t\n    <\/div>\n\t<div class=\"wpb_text_column wpb_content_element\" >\n\t\t<div class=\"wpb_wrapper\">\n\t\t\t<p>Les \u00e9crevisses d'aquarium sont des crustac\u00e9s d'eau douce populaires qui sont gard\u00e9s comme animaux de compagnie pour leurs comportements int\u00e9ressants et leurs couleurs vives. Elles sont actives, territoriales et ont besoin d'un aquarium avec de nombreuses cachettes, comme des grottes ou des rochers, et suffisamment d'eau pour une bonne mue.<\/p>\n\n\t\t<\/div>\n\t<\/div>\n<div id=\"kapee-header-42704\" class=\"kapee-element kapee-heading text-left kapee-width-100 separator-line separator-between-heading\">\t\n\t\t\t\n\t\t\t<div class=\"heading-wrap\">\n\t\t\t<span class=\"separator-left\"><\/span>\n\t\t\t<h3 class=\"heading-title\">Vente en gros d'\u00e9crevisses d'aquarium <\/h3>\t\t\t<span class=\"separator-right\"><\/span>\n\t\t\t\t\t<\/div>\n\t\t\n    <\/div>\n\t<div class=\"wpb_text_column wpb_content_element\" >\n\t\t<div class=\"wpb_wrapper\">\n\t\t\t<p>Des \u00e9crevisses d'aquarium d'eau douce en gros sont disponibles \u00e0 l'achat, offrant une s\u00e9lection vari\u00e9e d'esp\u00e8ces d'\u00e9crevisses originaires d'Indon\u00e9sie.<\/p>\n\n\t\t<\/div>\n\t<\/div>\n<\/div><\/div><\/div><\/div>\n<\/div>","protected":false},"excerpt":{"rendered":"Aquarium Crayfish Aquarium crayfish are popular freshwater crustaceans kept as pets for their interesting behaviors and vibrant colors. They are active, territorial, and require a tank with plenty of hiding places, like caves or rocks, and sufficient water for proper molting. Wholesale Aquarium Crayfish Wholesale freshwater aquarium crayfish are available for purchase, offering a diverse selection of crayfish species originating from Indonesia.","protected":false},"featured_media":2219,"comment_status":"open","ping_status":"closed","template":"","meta":{"_seopress_robots_primary_cat":"none","_seopress_titles_title":"Buy Papuan Red Crayfish for Aquariums Online","_seopress_titles_desc":"Discover Papuan Red Crayfish, the perfect addition to your aquarium. Explore our live crayfish for sale and elevate your aquatic environment today.","_seopress_robots_index":""},"product_brand":[],"product_cat":[89],"product_tag":[],"class_list":{"0":"post-2190","1":"product","2":"type-product","3":"status-publish","4":"has-post-thumbnail","6":"product_cat-crayfish","8":"first","9":"instock","10":"shipping-taxable","11":"purchasable","12":"product-type-simple","13":"add-to-wishlist-after_add_to_cart"},"_links":{"self":[{"href":"https:\/\/fishbuff.com\/fr\/wp-json\/wp\/v2\/product\/2190","targetHints":{"allow":["GET"]}}],"collection":[{"href":"https:\/\/fishbuff.com\/fr\/wp-json\/wp\/v2\/product"}],"about":[{"href":"https:\/\/fishbuff.com\/fr\/wp-json\/wp\/v2\/types\/product"}],"replies":[{"embeddable":true,"href":"https:\/\/fishbuff.com\/fr\/wp-json\/wp\/v2\/comments?post=2190"}],"wp:featuredmedia":[{"embeddable":true,"href":"https:\/\/fishbuff.com\/fr\/wp-json\/wp\/v2\/media\/2219"}],"wp:attachment":[{"href":"https:\/\/fishbuff.com\/fr\/wp-json\/wp\/v2\/media?parent=2190"}],"wp:term":[{"taxonomy":"product_brand","embeddable":true,"href":"https:\/\/fishbuff.com\/fr\/wp-json\/wp\/v2\/product_brand?post=2190"},{"taxonomy":"product_cat","embeddable":true,"href":"https:\/\/fishbuff.com\/fr\/wp-json\/wp\/v2\/product_cat?post=2190"},{"taxonomy":"product_tag","embeddable":true,"href":"https:\/\/fishbuff.com\/fr\/wp-json\/wp\/v2\/product_tag?post=2190"}],"curies":[{"name":"wp","href":"https:\/\/api.w.org\/{rel}","templated":true}]}}