{"id":2287,"date":"2025-12-23T15:10:21","date_gmt":"2025-12-23T15:10:21","guid":{"rendered":"https:\/\/fishbuff.com\/?post_type=product&#038;p=2287"},"modified":"2025-12-23T15:10:26","modified_gmt":"2025-12-23T15:10:26","slug":"orange-bounce-rhodactis-mushroom","status":"publish","type":"product","link":"https:\/\/fishbuff.com\/fr\/product\/orange-bounce-rhodactis-mushroom\/","title":{"rendered":"Orange Bounce Rhodactis Mushroom"},"content":{"rendered":"<p style=\"color: red;\">Shipping for all species of Anemones and Corals is limited to the following countries\/ territories: the European continent (temporarily restricted to Belarus, Russia, and Ukraine) and the United States.<\/p>\n<p>Pictures are taken as accurate as possible. Pictures shown are for illustration as a representation of the exact product.<br \/>\nLe prix indiqu\u00e9 comprend les frais d'exp\u00e9dition depuis l'Indon\u00e9sie par Transhipper. L'acheteur doit payer \u00e0 son agent local de transbordement les frais d'importation et les frais d'exp\u00e9dition nationaux.<\/p>\n<p><strong>Live Arrival Guarantee<\/strong><br \/>\nIn the unlikely event that you do receive a dead product, you must ensure to contact us within 24 hours of its arrival. Any claims after that will not be honored. Customer can submit their claim by email at support@fishbuff.com or WhatsApp through (+62) 821-3871-8445.<\/p>\n<p><strong>Return &amp; Exchange<\/strong><br \/>\nNous n'offrons pas de retours ou d'\u00e9changes, mais nous sommes heureux de remplacer les commandes qui r\u00e9pondent \u00e0 notre politique de r\u00e9clamation.<\/p>","protected":false},"excerpt":{"rendered":"<p style=\"color: red;\">Veuillez lire notre <a href=\"https:\/\/fishbuff.com\/fr\/terms-conditions\/\" target=\"_blank\" rel=\"noopener\">Conditions g\u00e9n\u00e9rales d'utilisation<\/a> avant d'acheter.<br \/>\nEn achetant, nous indiquons que vous acceptez les conditions g\u00e9n\u00e9rales applicables.<\/p>","protected":false},"featured_media":2317,"comment_status":"open","ping_status":"closed","template":"","meta":{"_seopress_robots_primary_cat":"none","_seopress_titles_title":"Orange Bounce Rhodactis Mushroom for Sale Online","_seopress_titles_desc":"Get vibrant Orange Bounce Rhodactis Mushroom &amp; more. Live arrival guaranteed! Shipping available in the U.S. &amp; Europe. Contact support for details.","_seopress_robots_index":""},"product_brand":[],"product_cat":[91],"product_tag":[],"class_list":{"0":"post-2287","1":"product","2":"type-product","3":"status-publish","4":"has-post-thumbnail","6":"product_cat-sea-anemones-corals","8":"first","9":"outofstock","10":"shipping-taxable","11":"purchasable","12":"product-type-simple","13":"add-to-wishlist-after_add_to_cart"},"_links":{"self":[{"href":"https:\/\/fishbuff.com\/fr\/wp-json\/wp\/v2\/product\/2287","targetHints":{"allow":["GET"]}}],"collection":[{"href":"https:\/\/fishbuff.com\/fr\/wp-json\/wp\/v2\/product"}],"about":[{"href":"https:\/\/fishbuff.com\/fr\/wp-json\/wp\/v2\/types\/product"}],"replies":[{"embeddable":true,"href":"https:\/\/fishbuff.com\/fr\/wp-json\/wp\/v2\/comments?post=2287"}],"wp:featuredmedia":[{"embeddable":true,"href":"https:\/\/fishbuff.com\/fr\/wp-json\/wp\/v2\/media\/2317"}],"wp:attachment":[{"href":"https:\/\/fishbuff.com\/fr\/wp-json\/wp\/v2\/media?parent=2287"}],"wp:term":[{"taxonomy":"product_brand","embeddable":true,"href":"https:\/\/fishbuff.com\/fr\/wp-json\/wp\/v2\/product_brand?post=2287"},{"taxonomy":"product_cat","embeddable":true,"href":"https:\/\/fishbuff.com\/fr\/wp-json\/wp\/v2\/product_cat?post=2287"},{"taxonomy":"product_tag","embeddable":true,"href":"https:\/\/fishbuff.com\/fr\/wp-json\/wp\/v2\/product_tag?post=2287"}],"curies":[{"name":"wp","href":"https:\/\/api.w.org\/{rel}","templated":true}]}}