{"id":634,"date":"2025-12-23T15:01:39","date_gmt":"2025-12-23T15:01:39","guid":{"rendered":"https:\/\/fishbuff.com\/?post_type=product&#038;p=634"},"modified":"2025-12-23T15:01:45","modified_gmt":"2025-12-23T15:01:45","slug":"red-neon-spear-tail","status":"publish","type":"product","link":"https:\/\/fishbuff.com\/fr\/product\/red-neon-spear-tail\/","title":{"rendered":"Red Neon Spear Tail"},"content":{"rendered":"<div class=\"wpb-content-wrapper\"><div class=\"vc_row wpb_row vc_row-fluid\"><div class=\"wpb_column vc_column_container vc_col-sm-12\"><div class=\"vc_column-inner\"><div class=\"wpb_wrapper\"><div id=\"kapee-header-74818\" class=\"kapee-element kapee-heading text-left kapee-width-100 separator-line separator-between-heading\">\t\n\t\t\t\n\t\t\t<div class=\"heading-wrap\">\n\t\t\t<span class=\"separator-left\"><\/span>\n\t\t\t<h2 class=\"heading-title\">Poissonnerie Guppy <\/h2>\t\t\t<span class=\"separator-right\"><\/span>\n\t\t\t\t\t<\/div>\n\t\t\n    <\/div>\n\t<div class=\"wpb_text_column wpb_content_element\" >\n\t\t<div class=\"wpb_wrapper\">\n\t\t\t<p><span style=\"color: red;\">Le prix indiqu\u00e9 est celui d'une paire (un m\u00e2le et une femelle).<\/span><br \/>\nLes photos des poissons sont prises avec le plus d'exactitude possible. Les photos sont pr\u00e9sent\u00e9es \u00e0 titre d'illustration et ne repr\u00e9sentent que le poisson exact.<br \/>\nLe prix indiqu\u00e9 comprend les frais d'exp\u00e9dition depuis l'Indon\u00e9sie par Transhipper. L'acheteur doit payer \u00e0 son agent local de transbordement les frais d'importation et les frais d'exp\u00e9dition nationaux.<\/p>\n\n\t\t<\/div>\n\t<\/div>\n<div id=\"kapee-header-8672\" class=\"kapee-element kapee-heading text-left kapee-width-100 separator-none separator-between-heading\">\t\n\t\t\t\n\t\t\t<div class=\"heading-wrap\">\n\t\t\t<span class=\"separator-left\"><\/span>\n\t\t\t<h3 class=\"heading-title\">Acheter des poissons d'aquarium vivants en ligne <\/h3>\t\t\t<span class=\"separator-right\"><\/span>\n\t\t\t\t\t<\/div>\n\t\t\n    <\/div>\n<div id=\"kapee-accordion-31570\" class=\"kapee-element kapee-accordion panel-group accordion-line align-left accordion-icon-plus icon-position-right\">\n\t\n\t\t\t\n\t\t<div class=\"card\">\n\t\t\t<div class=\"card-header\">\n\t\t\t\t<h4 class=\"card-title\">\t\t\t\t\t\n\t\t\t\t\t<a class=\"card-link collapsed\" data-toggle=\"collapse\" href=\"#kp-accordions-55346\">\n\t\t\t\t\t\t\t\t\t\t\t\tO\u00f9 exp\u00e9diez-vous votre poisson ?\t\t\t\t\t\t\t\t\t\t\t<\/a>\t\t\t\t\t\n\t\t\t\t<\/h4>\n\t\t\t<\/div>\n\t\t\t<div id=\"kp-accordions-55346\" class=\"collapse\" data-parent=\"#kapee-accordion-31570\">\n\t\t\t\t<div class=\"card-body\">\n\t\t\t\t\t\n\t<div class=\"wpb_text_column wpb_content_element\" >\n\t\t<div class=\"wpb_wrapper\">\n\t\t\t<p>Nous n'exp\u00e9dions nos poissons destin\u00e9s \u00e0 la vente au d\u00e9tail que dans certains pays. L'exp\u00e9dition est limit\u00e9e aux pays suivants ; Australie\/ Autriche\/ Barbade\/ Belgique\/ Bolivie\/ Br\u00e9sil\/ Brunei\/ Bulgarie\/ Cambodge\/ Canada\/ Chili\/ Chine\/ Colombie\/ Costa Rica\/ Croatie\/ Chypre\/ R\u00e9publique tch\u00e8que\/ Danemark\/ R\u00e9publique dominicaine\/ \u00c9quateur\/ Estonie\/ Finlande\/ France\/ Allemagne\/ Gr\u00e8ce\/ Guam\/ Ha\u00efti\/ Hongkong\/ Hongrie\/ Inde\/ Irlande\/ Italie\/ Japon\/ Kowe\u00eft\/ Lettonie\/ Liechtenstein\/ Lituanie\/ Luxembourg\/ Malaisie\/ Mexique\/ Myanmar\/ Norv\u00e8ge\/ Pays-Bas\/ Oman\/ Panama\/ Paraguay\/ P\u00e9rou\/ Porto Rico\/ Philippines\/ Pologne\/ Portugal\/ Roumanie\/ Saint-Marin\/ Serbie\/ Singapour\/ Slovaquie\/ Slov\u00e9nie\/ Afrique du Sud\/ Cor\u00e9e du Sud\/ Espagne\/ Suriname\/ Su\u00e8de\/ Suisse\/ Ta\u00efwan\/ Tha\u00eflande\/ Trinit\u00e9-et-Tobago\/ \u00celes Turks et Caicos\/ \u00c9mirats arabes unis\/ Royaume-Uni\/ \u00c9tats-Unis\/ \u00celes Vierges am\u00e9ricaines\/ Vi\u00eat Nam.<\/p>\n\n\t\t<\/div>\n\t<\/div>\n\t\t\t\t<\/div>\n\t\t\t<\/div>\n\t\t<\/div>\n\t\t\t\n\t\t<div class=\"card\">\n\t\t\t<div class=\"card-header\">\n\t\t\t\t<h4 class=\"card-title\">\t\t\t\t\t\n\t\t\t\t\t<a class=\"card-link collapsed\" data-toggle=\"collapse\" href=\"#kp-accordions-43470\">\n\t\t\t\t\t\t\t\t\t\t\t\tCombien de temps faut-il pour recevoir mon poisson ?\t\t\t\t\t\t\t\t\t\t\t<\/a>\t\t\t\t\t\n\t\t\t\t<\/h4>\n\t\t\t<\/div>\n\t\t\t<div id=\"kp-accordions-43470\" class=\"collapse\" data-parent=\"#kapee-accordion-31570\">\n\t\t\t\t<div class=\"card-body\">\n\t\t\t\t\t\n\t<div class=\"wpb_text_column wpb_content_element\" >\n\t\t<div class=\"wpb_wrapper\">\n\t\t\t<p>Vous recevrez g\u00e9n\u00e9ralement votre commande dans un d\u00e9lai de 7 \u00e0 14 jours ouvrables. Dans certains cas, cela peut prendre un mois.<\/p>\n\n\t\t<\/div>\n\t<\/div>\n\t\t\t\t<\/div>\n\t\t\t<\/div>\n\t\t<\/div>\n\t\t\t\n\t\t<div class=\"card\">\n\t\t\t<div class=\"card-header\">\n\t\t\t\t<h4 class=\"card-title\">\t\t\t\t\t\n\t\t\t\t\t<a class=\"card-link collapsed\" data-toggle=\"collapse\" href=\"#kp-accordions-13015\">\n\t\t\t\t\t\t\t\t\t\t\t\tPourquoi faut-il tant de temps pour obtenir mon poisson ?\t\t\t\t\t\t\t\t\t\t\t<\/a>\t\t\t\t\t\n\t\t\t\t<\/h4>\n\t\t\t<\/div>\n\t\t\t<div id=\"kp-accordions-13015\" class=\"collapse\" data-parent=\"#kapee-accordion-31570\">\n\t\t\t\t<div class=\"card-body\">\n\t\t\t\t\t\n\t<div class=\"wpb_text_column wpb_content_element\" >\n\t\t<div class=\"wpb_wrapper\">\n\t\t\t<p>Nous n'exp\u00e9dions les commandes de d\u00e9tail que par l'interm\u00e9diaire d'un transitaire. Les exp\u00e9ditions sont effectu\u00e9es en fonction de leur calendrier mensuel disponible, qui est fix\u00e9 par le transitaire lui-m\u00eame.<br \/>\nPlusieurs pays qui n'ont pas un volume d'exp\u00e9dition suffisant ont g\u00e9n\u00e9ralement des horaires tr\u00e8s limit\u00e9s.<br \/>\nSi vous souhaitez vous assurer du moment opportun pour passer votre commande, vous pouvez d'abord nous contacter.<\/p>\n\n\t\t<\/div>\n\t<\/div>\n\t\t\t\t<\/div>\n\t\t\t<\/div>\n\t\t<\/div>\n\t\t\t\n\t\t<div class=\"card\">\n\t\t\t<div class=\"card-header\">\n\t\t\t\t<h4 class=\"card-title\">\t\t\t\t\t\n\t\t\t\t\t<a class=\"card-link collapsed\" data-toggle=\"collapse\" href=\"#kp-accordions-23018\">\n\t\t\t\t\t\t\t\t\t\t\t\tQue se passe-t-il si mon poisson arrive mort ?\t\t\t\t\t\t\t\t\t\t\t<\/a>\t\t\t\t\t\n\t\t\t\t<\/h4>\n\t\t\t<\/div>\n\t\t\t<div id=\"kp-accordions-23018\" class=\"collapse\" data-parent=\"#kapee-accordion-31570\">\n\t\t\t\t<div class=\"card-body\">\n\t\t\t\t\t\n\t<div class=\"wpb_text_column wpb_content_element\" >\n\t\t<div class=\"wpb_wrapper\">\n\t\t\t<p>Dans le cas improbable o\u00f9 vous recevriez un poisson mort, vous devez vous assurer de nous contacter dans les 24 heures suivant son arriv\u00e9e. Toute r\u00e9clamation apr\u00e8s ce d\u00e9lai ne sera pas honor\u00e9e.<br \/>\nEn cas de D.O.A., veuillez nous envoyer une photo claire du poisson mort dans un sac non ouvert. Les clients peuvent soumettre leur r\u00e9clamation par courriel \u00e0 support@fishbuff.com ou par WhatsApp au (+62) 821-3871-8445.<\/p>\n\n\t\t<\/div>\n\t<\/div>\n\t\t\t\t<\/div>\n\t\t\t<\/div>\n\t\t<\/div>\n\t\t\t\n\t\t<div class=\"card\">\n\t\t\t<div class=\"card-header\">\n\t\t\t\t<h4 class=\"card-title\">\t\t\t\t\t\n\t\t\t\t\t<a class=\"card-link collapsed\" data-toggle=\"collapse\" href=\"#kp-accordions-44114\">\n\t\t\t\t\t\t\t\t\t\t\t\tAvez-vous accept\u00e9 un retour ou un \u00e9change ?\t\t\t\t\t\t\t\t\t\t\t<\/a>\t\t\t\t\t\n\t\t\t\t<\/h4>\n\t\t\t<\/div>\n\t\t\t<div id=\"kp-accordions-44114\" class=\"collapse\" data-parent=\"#kapee-accordion-31570\">\n\t\t\t\t<div class=\"card-body\">\n\t\t\t\t\t\n\t<div class=\"wpb_text_column wpb_content_element\" >\n\t\t<div class=\"wpb_wrapper\">\n\t\t\t<p>Nous n'offrons pas de retours ou d'\u00e9changes, mais nous sommes heureux de remplacer les commandes qui r\u00e9pondent \u00e0 notre politique de r\u00e9clamation.<\/p>\n\n\t\t<\/div>\n\t<\/div>\n\t\t\t\t<\/div>\n\t\t\t<\/div>\n\t\t<\/div>\n\t<\/div><\/div><\/div><\/div><\/div>\n<\/div>","protected":false},"excerpt":{"rendered":"<p style=\"color: red;\">Veuillez lire notre <a href=\"https:\/\/fishbuff.com\/fr\/terms-conditions\/\" target=\"_blank\" rel=\"noopener\">Conditions g\u00e9n\u00e9rales d'utilisation<\/a> avant d'acheter.<br \/>\nEn achetant, nous indiquons que vous acceptez les conditions g\u00e9n\u00e9rales applicables.<\/p>","protected":false},"featured_media":664,"comment_status":"open","ping_status":"closed","template":"","meta":{"_seopress_robots_primary_cat":"91","_seopress_titles_title":"Purchase Red Neon Spear Tail Guppies","_seopress_titles_desc":"Get your Red Neon Spear Tail pair with guaranteed live arrival! Explore our shipping options and contact us for claims within 24 hours.","_seopress_robots_index":""},"product_brand":[],"product_cat":[69],"product_tag":[],"class_list":{"0":"post-634","1":"product","2":"type-product","3":"status-publish","4":"has-post-thumbnail","6":"product_cat-guppy","8":"first","9":"instock","10":"shipping-taxable","11":"purchasable","12":"product-type-simple","13":"add-to-wishlist-after_add_to_cart"},"_links":{"self":[{"href":"https:\/\/fishbuff.com\/fr\/wp-json\/wp\/v2\/product\/634","targetHints":{"allow":["GET"]}}],"collection":[{"href":"https:\/\/fishbuff.com\/fr\/wp-json\/wp\/v2\/product"}],"about":[{"href":"https:\/\/fishbuff.com\/fr\/wp-json\/wp\/v2\/types\/product"}],"replies":[{"embeddable":true,"href":"https:\/\/fishbuff.com\/fr\/wp-json\/wp\/v2\/comments?post=634"}],"wp:featuredmedia":[{"embeddable":true,"href":"https:\/\/fishbuff.com\/fr\/wp-json\/wp\/v2\/media\/664"}],"wp:attachment":[{"href":"https:\/\/fishbuff.com\/fr\/wp-json\/wp\/v2\/media?parent=634"}],"wp:term":[{"taxonomy":"product_brand","embeddable":true,"href":"https:\/\/fishbuff.com\/fr\/wp-json\/wp\/v2\/product_brand?post=634"},{"taxonomy":"product_cat","embeddable":true,"href":"https:\/\/fishbuff.com\/fr\/wp-json\/wp\/v2\/product_cat?post=634"},{"taxonomy":"product_tag","embeddable":true,"href":"https:\/\/fishbuff.com\/fr\/wp-json\/wp\/v2\/product_tag?post=634"}],"curies":[{"name":"wp","href":"https:\/\/api.w.org\/{rel}","templated":true}]}}