{"id":1176,"date":"2025-12-23T15:04:39","date_gmt":"2025-12-23T15:04:39","guid":{"rendered":"https:\/\/fishbuff.com\/?post_type=product&#038;p=1176"},"modified":"2026-01-12T13:15:19","modified_gmt":"2026-01-12T13:15:19","slug":"channa-brunnea","status":"publish","type":"product","link":"https:\/\/fishbuff.com\/hr\/product\/channa-brunnea\/","title":{"rendered":"3&#8243; Channa Brunnea"},"content":{"rendered":"<div class=\"wpb-content-wrapper\"><div class=\"vc_row wpb_row vc_row-fluid\"><div class=\"wpb_column vc_column_container vc_col-sm-12\"><div class=\"vc_column-inner\"><div class=\"wpb_wrapper\">\n\t<div class=\"wpb_text_column wpb_content_element\" >\n\t\t<div class=\"wpb_wrapper\">\n\t\t\t<p style=\"font-size: 24px; color: #0ca4ff; font-weight: bold; margin: 0;\">5-dnevna garancija <a style=\"color: #333333; font-size: 12px; font-weight: normal;\" href=\"https:\/\/fishbuff.com\/hr\/our-guarantee\/\">Saznajte vi\u0161e<\/a><\/p>\n<p><span style=\"color: red;\">We don\u2019t ship Channa or Snakehead to the Australia, Barbados, Bolivia, Brazil, Canada, Chile, Colombia, Costa Rica, Dominican Republic, Ecuador, Guam, Haiti, Mexico, Panama, Paraguay, Puerto Rico, Suriname, Trinidad and Tobago, United States, and US Virgin Islands.<br \/>\nAll species belonging to the snakehead members are considered invasive species, which are prohibited from being imported into those countries.<\/span><br \/>\nFotografije riba snimaju se \u0161to je mogu\u0107e preciznije. Prikazane fotografije slu\u017ee samo kao ilustracija i ne predstavljaju to\u010dnu ribu.<br \/>\nNavedena cijena uklju\u010duje tro\u0161kove dostave iz Indonezije preko prijevoznika. Kupac mora platiti svom lokalnom agentu prijevoznika naknade za uvoz i tro\u0161kove doma\u0107e dostave.<\/p>\n\n\t\t<\/div>\n\t<\/div>\n<div id=\"kapee-header-87428\" class=\"kapee-element kapee-heading text-left kapee-width-100 separator-line separator-between-heading\">\t\n\t\t\t\n\t\t\t<div class=\"heading-wrap\">\n\t\t\t<span class=\"separator-left\"><\/span>\n\t\t\t<h2 class=\"heading-title\">Chocolate Snakehead <\/h2>\t\t\t<span class=\"separator-right\"><\/span>\n\t\t\t\t\t<\/div>\n\t\t\n    <\/div><\/div><\/div><\/div><\/div><div class=\"vc_row wpb_row vc_row-fluid\"><div class=\"wpb_column vc_column_container vc_col-sm-6\"><div class=\"vc_column-inner\"><div class=\"wpb_wrapper\">\n\t<div class=\"wpb_text_column wpb_content_element\" >\n\t\t<div class=\"wpb_wrapper\">\n\t\t\t<h3 style=\"font-size: 24px; margin: 0.67em 0;\">Channa Brunnea<\/h3>\n<p>Channa brunnea is known for its dark brown body, bright orange\/ochre fins with dark patterns, often with a bluish patch under the eye.<\/p>\n<p><strong>Porijeklo<\/strong> \u2013 uzgojeno na farmi<br \/>\n<strong>Dijeta<\/strong> \u2013 Mesojed<br \/>\n<strong>pH<\/strong> \u2013 6,0 do 7,5<br \/>\n<strong>Privremeni<\/strong> \u2013 26\u00b0C do 30\u00b0C<br \/>\n<strong>Trenutna veli\u010dina<\/strong> \u2013 3 inches<\/p>\n\n\t\t<\/div>\n\t<\/div>\n<\/div><\/div><\/div><div class=\"wpb_column vc_column_container vc_col-sm-6\"><div class=\"vc_column-inner\"><div class=\"wpb_wrapper\"><div id=\"kapee-header-91291\" class=\"kapee-element kapee-heading text-left kapee-width-100 separator-none separator-between-heading\">\t\n\t\t\t\n\t\t\t<div class=\"heading-wrap\">\n\t\t\t<span class=\"separator-left\"><\/span>\n\t\t\t<h3 class=\"heading-title\">Brze statistike <\/h3>\t\t\t<span class=\"separator-right\"><\/span>\n\t\t\t\t\t<\/div>\n\t\t\n    <\/div><div class=\"vc_progress_bar wpb_content_element\" ><div class=\"vc_general vc_single_bar\"><small class=\"vc_label\" style=\"color: #FFFFFF;\">Rijetkost<\/small><span class=\"vc_bar\" data-percentage-value=\"75\" data-value=\"75\" style=\"background-color: #0CA4FF;\"><\/span><\/div><div class=\"vc_general vc_single_bar\"><small class=\"vc_label\" style=\"color: #FFFFFF;\">Razina njege<\/small><span class=\"vc_bar\" data-percentage-value=\"25\" data-value=\"25\" style=\"background-color: #0CA4FF;\"><\/span><\/div><div class=\"vc_general vc_single_bar\"><small class=\"vc_label\" style=\"color: #FFFFFF;\">TEMPERAMENT<\/small><span class=\"vc_bar\" data-percentage-value=\"100\" data-value=\"100\" style=\"background-color: #0CA4FF;\"><\/span><\/div><div class=\"vc_general vc_single_bar\"><small class=\"vc_label\" style=\"color: #FFFFFF;\">Kompatibilnost<\/small><span class=\"vc_bar\" data-percentage-value=\"50\" data-value=\"50\" style=\"background-color: #0CA4FF;\"><\/span><\/div><div class=\"vc_general vc_single_bar\"><small class=\"vc_label\" style=\"color: #FFFFFF;\">AKVARIJ S RASTINJAMA<\/small><span class=\"vc_bar\" data-percentage-value=\"50\" data-value=\"50\" style=\"background-color: #0CA4FF;\"><\/span><\/div><\/div><\/div><\/div><\/div><\/div>\n<\/div>","protected":false},"excerpt":{"rendered":"<p style=\"color: red;\">Molimo pro\u010ditajte na\u0161e <a href=\"https:\/\/fishbuff.com\/hr\/terms-conditions\/\" target=\"_blank\" rel=\"noopener\">Uvjeti i odredbe<\/a> prije kupnje.<br \/>\nKupnjom potvr\u0111ujete da se sla\u017eete i prihva\u0107ate va\u017ee\u0107e uvjete i odredbe.<\/p>","protected":false},"featured_media":1206,"comment_status":"open","ping_status":"closed","template":"","meta":{"_seopress_robots_primary_cat":"none","_seopress_titles_title":"Buy Channa Brunnea with Shipping Included Offer","_seopress_titles_desc":"Purchase Channa brunnea (brown bleheri ) with shipping from Indonesia included. Enjoy a live arrival guarantee. Contact us within 24 hours for any issues.","_seopress_robots_index":""},"product_brand":[],"product_cat":[43],"product_tag":[],"class_list":{"0":"post-1176","1":"product","2":"type-product","3":"status-publish","4":"has-post-thumbnail","6":"product_cat-snakehead","8":"first","9":"instock","10":"shipping-taxable","11":"purchasable","12":"product-type-simple","13":"add-to-wishlist-after_add_to_cart"},"_links":{"self":[{"href":"https:\/\/fishbuff.com\/hr\/wp-json\/wp\/v2\/product\/1176","targetHints":{"allow":["GET"]}}],"collection":[{"href":"https:\/\/fishbuff.com\/hr\/wp-json\/wp\/v2\/product"}],"about":[{"href":"https:\/\/fishbuff.com\/hr\/wp-json\/wp\/v2\/types\/product"}],"replies":[{"embeddable":true,"href":"https:\/\/fishbuff.com\/hr\/wp-json\/wp\/v2\/comments?post=1176"}],"wp:featuredmedia":[{"embeddable":true,"href":"https:\/\/fishbuff.com\/hr\/wp-json\/wp\/v2\/media\/1206"}],"wp:attachment":[{"href":"https:\/\/fishbuff.com\/hr\/wp-json\/wp\/v2\/media?parent=1176"}],"wp:term":[{"taxonomy":"product_brand","embeddable":true,"href":"https:\/\/fishbuff.com\/hr\/wp-json\/wp\/v2\/product_brand?post=1176"},{"taxonomy":"product_cat","embeddable":true,"href":"https:\/\/fishbuff.com\/hr\/wp-json\/wp\/v2\/product_cat?post=1176"},{"taxonomy":"product_tag","embeddable":true,"href":"https:\/\/fishbuff.com\/hr\/wp-json\/wp\/v2\/product_tag?post=1176"}],"curies":[{"name":"wp","href":"https:\/\/api.w.org\/{rel}","templated":true}]}}