{"id":2512,"date":"2025-12-23T15:11:58","date_gmt":"2025-12-23T15:11:58","guid":{"rendered":"https:\/\/fishbuff.com\/?post_type=product&#038;p=2512"},"modified":"2026-01-14T17:28:40","modified_gmt":"2026-01-14T17:28:40","slug":"short-body-red-tailed-catfish","status":"publish","type":"product","link":"https:\/\/fishbuff.com\/hr\/product\/short-body-red-tailed-catfish\/","title":{"rendered":"3.5&#8243; Short Body Red Tailed Catfish"},"content":{"rendered":"<div class=\"wpb-content-wrapper\"><div class=\"vc_row wpb_row vc_row-fluid\"><div class=\"wpb_column vc_column_container vc_col-sm-12\"><div class=\"vc_column-inner\"><div class=\"wpb_wrapper\">\n\t<div class=\"wpb_text_column wpb_content_element\" >\n\t\t<div class=\"wpb_wrapper\">\n\t\t\t<p style=\"font-size: 24px; color: #0ca4ff; font-weight: bold; margin: 0;\">Dvodnevna garancija <a style=\"color: #333333; font-size: 12px; font-weight: normal;\" href=\"https:\/\/fishbuff.com\/hr\/our-guarantee\/\">Saznajte vi\u0161e<\/a><\/p>\n<p>Fotografije riba snimaju se \u0161to je mogu\u0107e preciznije. Prikazane fotografije slu\u017ee samo kao ilustracija i ne predstavljaju to\u010dnu ribu.<br \/>\nNavedena cijena uklju\u010duje tro\u0161kove dostave iz Indonezije preko prijevoznika. Kupac mora platiti svom lokalnom agentu prijevoznika naknade za uvoz i tro\u0161kove doma\u0107e dostave.<\/p>\n\n\t\t<\/div>\n\t<\/div>\n<div id=\"kapee-header-68674\" class=\"kapee-element kapee-heading text-left kapee-width-100 separator-line separator-between-heading\">\t\n\t\t\t\n\t\t\t<div class=\"heading-wrap\">\n\t\t\t<span class=\"separator-left\"><\/span>\n\t\t\t<h2 class=\"heading-title\">Phractocephalus Hemioliopterus <\/h2>\t\t\t<span class=\"separator-right\"><\/span>\n\t\t\t\t\t<\/div>\n\t\t\n    <\/div><\/div><\/div><\/div><\/div><div class=\"vc_row wpb_row vc_row-fluid\"><div class=\"wpb_column vc_column_container vc_col-sm-6\"><div class=\"vc_column-inner\"><div class=\"wpb_wrapper\">\n\t<div class=\"wpb_text_column wpb_content_element\" >\n\t\t<div class=\"wpb_wrapper\">\n\t\t\t<h3 style=\"font-size: 24px; margin: 0.67em 0;\">Short Body Phractocephalus Hemioliopterus<\/h3>\n<p>The short body redtail catfish is a popular, chubby variant of the Redtail Catfish, known for its robust, bowling-ball-like shape.<\/p>\n<p><strong>Porijeklo<\/strong> \u2013 uzgojeno na farmi<br \/>\n<strong>Dijeta<\/strong> \u2013 Sve\u017eder<br \/>\n<strong>pH<\/strong> &#8211; 5.5 to 8.0<br \/>\n<strong>Privremeni<\/strong> \u2013 26\u00b0C do 30\u00b0C<br \/>\n<strong>Trenutna veli\u010dina<\/strong> \u2013 3,5 inches<\/p>\n\n\t\t<\/div>\n\t<\/div>\n<\/div><\/div><\/div><div class=\"wpb_column vc_column_container vc_col-sm-6\"><div class=\"vc_column-inner\"><div class=\"wpb_wrapper\"><div id=\"kapee-header-19499\" class=\"kapee-element kapee-heading text-left kapee-width-100 separator-none separator-between-heading\">\t\n\t\t\t\n\t\t\t<div class=\"heading-wrap\">\n\t\t\t<span class=\"separator-left\"><\/span>\n\t\t\t<h3 class=\"heading-title\">Brze statistike <\/h3>\t\t\t<span class=\"separator-right\"><\/span>\n\t\t\t\t\t<\/div>\n\t\t\n    <\/div><div class=\"vc_progress_bar wpb_content_element\" ><div class=\"vc_general vc_single_bar\"><small class=\"vc_label\" style=\"color: #FFFFFF;\">Rijetkost<\/small><span class=\"vc_bar\" data-percentage-value=\"75\" data-value=\"75\" style=\"background-color: #0CA4FF;\"><\/span><\/div><div class=\"vc_general vc_single_bar\"><small class=\"vc_label\" style=\"color: #FFFFFF;\">Razina njege<\/small><span class=\"vc_bar\" data-percentage-value=\"50\" data-value=\"50\" style=\"background-color: #0CA4FF;\"><\/span><\/div><div class=\"vc_general vc_single_bar\"><small class=\"vc_label\" style=\"color: #FFFFFF;\">TEMPERAMENT<\/small><span class=\"vc_bar\" data-percentage-value=\"50\" data-value=\"50\" style=\"background-color: #0CA4FF;\"><\/span><\/div><div class=\"vc_general vc_single_bar\"><small class=\"vc_label\" style=\"color: #FFFFFF;\">Kompatibilnost<\/small><span class=\"vc_bar\" data-percentage-value=\"50\" data-value=\"50\" style=\"background-color: #0CA4FF;\"><\/span><\/div><div class=\"vc_general vc_single_bar\"><small class=\"vc_label\" style=\"color: #FFFFFF;\">AKVARIJ S RASTINJAMA<\/small><span class=\"vc_bar\" data-percentage-value=\"25\" data-value=\"25\" style=\"background-color: #0CA4FF;\"><\/span><\/div><\/div><\/div><\/div><\/div><\/div>\n<\/div>","protected":false},"excerpt":{"rendered":"<p style=\"color: red;\">Molimo pro\u010ditajte na\u0161e <a href=\"https:\/\/fishbuff.com\/hr\/terms-conditions\/\" target=\"_blank\" rel=\"noopener\">Uvjeti i odredbe<\/a> prije kupnje.<br \/>\nKupnjom potvr\u0111ujete da se sla\u017eete i prihva\u0107ate va\u017ee\u0107e uvjete i odredbe.<\/p>","protected":false},"featured_media":2540,"comment_status":"open","ping_status":"closed","template":"","meta":{"_seopress_robots_primary_cat":"none","_seopress_titles_title":"Buy Short Body Red Tailed Catfish Online","_seopress_titles_desc":"Shop live freshwater catfish for sale online with guaranteed live arrival. Order now for exotic species like the Short Body Red Tailed Catfish!","_seopress_robots_index":""},"product_brand":[],"product_cat":[22],"product_tag":[],"class_list":{"0":"post-2512","1":"product","2":"type-product","3":"status-publish","4":"has-post-thumbnail","6":"product_cat-catfish","8":"first","9":"instock","10":"sale","11":"shipping-taxable","12":"purchasable","13":"product-type-simple","14":"add-to-wishlist-after_add_to_cart"},"_links":{"self":[{"href":"https:\/\/fishbuff.com\/hr\/wp-json\/wp\/v2\/product\/2512","targetHints":{"allow":["GET"]}}],"collection":[{"href":"https:\/\/fishbuff.com\/hr\/wp-json\/wp\/v2\/product"}],"about":[{"href":"https:\/\/fishbuff.com\/hr\/wp-json\/wp\/v2\/types\/product"}],"replies":[{"embeddable":true,"href":"https:\/\/fishbuff.com\/hr\/wp-json\/wp\/v2\/comments?post=2512"}],"wp:featuredmedia":[{"embeddable":true,"href":"https:\/\/fishbuff.com\/hr\/wp-json\/wp\/v2\/media\/2540"}],"wp:attachment":[{"href":"https:\/\/fishbuff.com\/hr\/wp-json\/wp\/v2\/media?parent=2512"}],"wp:term":[{"taxonomy":"product_brand","embeddable":true,"href":"https:\/\/fishbuff.com\/hr\/wp-json\/wp\/v2\/product_brand?post=2512"},{"taxonomy":"product_cat","embeddable":true,"href":"https:\/\/fishbuff.com\/hr\/wp-json\/wp\/v2\/product_cat?post=2512"},{"taxonomy":"product_tag","embeddable":true,"href":"https:\/\/fishbuff.com\/hr\/wp-json\/wp\/v2\/product_tag?post=2512"}],"curies":[{"name":"wp","href":"https:\/\/api.w.org\/{rel}","templated":true}]}}