{"id":2519,"date":"2025-12-23T15:11:59","date_gmt":"2025-12-23T15:11:59","guid":{"rendered":"https:\/\/fishbuff.com\/?post_type=product&#038;p=2519"},"modified":"2025-12-23T15:12:13","modified_gmt":"2025-12-23T15:12:13","slug":"anubias-coffeefolia","status":"publish","type":"product","link":"https:\/\/fishbuff.com\/hr\/product\/anubias-coffeefolia\/","title":{"rendered":"Anubias Coffeefolia"},"content":{"rendered":"<div class=\"wpb-content-wrapper\"><div class=\"vc_row wpb_row vc_row-fluid\"><div class=\"wpb_column vc_column_container vc_col-sm-12\"><div class=\"vc_column-inner\"><div class=\"wpb_wrapper\"><div id=\"kapee-header-14795\" class=\"kapee-element kapee-heading text-left kapee-width-100 separator-line separator-between-heading\">\t\n\t\t\t\n\t\t\t<div class=\"heading-wrap\">\n\t\t\t<span class=\"separator-left\"><\/span>\n\t\t\t<h2 class=\"heading-title\">Akvarijske biljke <\/h2>\t\t\t<span class=\"separator-right\"><\/span>\n\t\t\t\t\t<\/div>\n\t\t\n    <\/div>\n\t<div class=\"wpb_text_column wpb_content_element\" >\n\t\t<div class=\"wpb_wrapper\">\n\t\t\t<p>Vodene biljke uspijevaju u vodenim okru\u017eenjima poput slatkovodnih jezera, rijeka, mo\u010dvara, pa \u010dak i u podru\u010djima s brackom i slanom vodom. Kategoriziraju se u razli\u010dite ekolo\u0161ke zajednice, uklju\u010duju\u0107i rije\u010dne, jezerske i mo\u010dvarne.<\/p>\n\n\t\t<\/div>\n\t<\/div>\n<div id=\"kapee-header-31896\" class=\"kapee-element kapee-heading text-left kapee-width-100 separator-line separator-between-heading\">\t\n\t\t\t\n\t\t\t<div class=\"heading-wrap\">\n\t\t\t<span class=\"separator-left\"><\/span>\n\t\t\t<h3 class=\"heading-title\">Veleprodaja vodnih biljaka <\/h3>\t\t\t<span class=\"separator-right\"><\/span>\n\t\t\t\t\t<\/div>\n\t\t\n    <\/div>\n\t<div class=\"wpb_text_column wpb_content_element\" >\n\t\t<div class=\"wpb_wrapper\">\n\t\t\t<p>Nudimo \u0161irok asortiman tropskih akvarijskih biljaka najvi\u0161e kvalitete. Akvarijske biljke pobolj\u0161avaju izgled va\u0161eg akvarija, dodaju\u0107i boju, stil i \u017eivot. Nabavite visokokvalitetne, svje\u017ee uzgojene vodene biljke na veleprodajnoj razini.<\/p>\n\n\t\t<\/div>\n\t<\/div>\n<\/div><\/div><\/div><\/div>\n<\/div>","protected":false},"excerpt":{"rendered":"Aquarium Plants Aquatic plants thrive in water environments such as freshwater lakes, rivers, wetlands, and even brackish and saltwater regions. They are categorized into various ecological communities including riverine, lacustrine, and palustrine. Wholesale Aquatic Plants We offer a wide range of tropical aquarium plants of the highest quality. Aquarium plants enhance the look of your tank, adding colour, style and life. Get high-quality farm-fresh aquatic plants on a wholesale level.","protected":false},"featured_media":2547,"comment_status":"open","ping_status":"closed","template":"","meta":{"_seopress_robots_primary_cat":"none","_seopress_titles_title":"Anubias Coffeefolia | Wholesale Aquatic Plants","_seopress_titles_desc":"Discover thriving aquarium plants with Anubias Coffeefolia. Perfect for aquascaping! Shop quality live aquatic plants for sale online today.","_seopress_robots_index":""},"product_brand":[],"product_cat":[95],"product_tag":[],"class_list":{"0":"post-2519","1":"product","2":"type-product","3":"status-publish","4":"has-post-thumbnail","6":"product_cat-aquatic-plants","8":"first","9":"instock","10":"shipping-taxable","11":"purchasable","12":"product-type-simple","13":"add-to-wishlist-after_add_to_cart"},"_links":{"self":[{"href":"https:\/\/fishbuff.com\/hr\/wp-json\/wp\/v2\/product\/2519","targetHints":{"allow":["GET"]}}],"collection":[{"href":"https:\/\/fishbuff.com\/hr\/wp-json\/wp\/v2\/product"}],"about":[{"href":"https:\/\/fishbuff.com\/hr\/wp-json\/wp\/v2\/types\/product"}],"replies":[{"embeddable":true,"href":"https:\/\/fishbuff.com\/hr\/wp-json\/wp\/v2\/comments?post=2519"}],"wp:featuredmedia":[{"embeddable":true,"href":"https:\/\/fishbuff.com\/hr\/wp-json\/wp\/v2\/media\/2547"}],"wp:attachment":[{"href":"https:\/\/fishbuff.com\/hr\/wp-json\/wp\/v2\/media?parent=2519"}],"wp:term":[{"taxonomy":"product_brand","embeddable":true,"href":"https:\/\/fishbuff.com\/hr\/wp-json\/wp\/v2\/product_brand?post=2519"},{"taxonomy":"product_cat","embeddable":true,"href":"https:\/\/fishbuff.com\/hr\/wp-json\/wp\/v2\/product_cat?post=2519"},{"taxonomy":"product_tag","embeddable":true,"href":"https:\/\/fishbuff.com\/hr\/wp-json\/wp\/v2\/product_tag?post=2519"}],"curies":[{"name":"wp","href":"https:\/\/api.w.org\/{rel}","templated":true}]}}