{"id":634,"date":"2025-12-23T15:01:39","date_gmt":"2025-12-23T15:01:39","guid":{"rendered":"https:\/\/fishbuff.com\/?post_type=product&#038;p=634"},"modified":"2025-12-23T15:01:45","modified_gmt":"2025-12-23T15:01:45","slug":"red-neon-spear-tail","status":"publish","type":"product","link":"https:\/\/fishbuff.com\/hr\/product\/red-neon-spear-tail\/","title":{"rendered":"Red Neon Spear Tail"},"content":{"rendered":"<div class=\"wpb-content-wrapper\"><div class=\"vc_row wpb_row vc_row-fluid\"><div class=\"wpb_column vc_column_container vc_col-sm-12\"><div class=\"vc_column-inner\"><div class=\"wpb_wrapper\"><div id=\"kapee-header-46104\" class=\"kapee-element kapee-heading text-left kapee-width-100 separator-line separator-between-heading\">\t\n\t\t\t\n\t\t\t<div class=\"heading-wrap\">\n\t\t\t<span class=\"separator-left\"><\/span>\n\t\t\t<h2 class=\"heading-title\">Trgovina akvarijskih riba <\/h2>\t\t\t<span class=\"separator-right\"><\/span>\n\t\t\t\t\t<\/div>\n\t\t\n    <\/div>\n\t<div class=\"wpb_text_column wpb_content_element\" >\n\t\t<div class=\"wpb_wrapper\">\n\t\t\t<p><span style=\"color: red;\">Navedeno cijena je za par (jedan mu\u017ejak i jedna \u017eenka).<\/span><br \/>\nFotografije riba snimaju se \u0161to je mogu\u0107e preciznije. Prikazane fotografije slu\u017ee samo kao ilustracija i ne predstavljaju to\u010dnu ribu.<br \/>\nNavedena cijena uklju\u010duje tro\u0161kove dostave iz Indonezije putem Transhippera. Kupac mora platiti svom lokalnom agentu Transhippera naknade za uvoz i tro\u0161kove doma\u0107e dostave.<\/p>\n\n\t\t<\/div>\n\t<\/div>\n<div id=\"kapee-header-20969\" class=\"kapee-element kapee-heading text-left kapee-width-100 separator-none separator-between-heading\">\t\n\t\t\t\n\t\t\t<div class=\"heading-wrap\">\n\t\t\t<span class=\"separator-left\"><\/span>\n\t\t\t<h3 class=\"heading-title\">Kupite \u017eive akvarijske ribe online <\/h3>\t\t\t<span class=\"separator-right\"><\/span>\n\t\t\t\t\t<\/div>\n\t\t\n    <\/div>\n<div id=\"kapee-accordion-40270\" class=\"kapee-element kapee-accordion panel-group accordion-line align-left accordion-icon-plus icon-position-right\">\n\t\n\t\t\t\n\t\t<div class=\"card\">\n\t\t\t<div class=\"card-header\">\n\t\t\t\t<h4 class=\"card-title\">\t\t\t\t\t\n\t\t\t\t\t<a class=\"card-link collapsed\" data-toggle=\"collapse\" href=\"#kp-accordions-19308\">\n\t\t\t\t\t\t\t\t\t\t\t\tGdje \u0161aljete svoju ribu?\t\t\t\t\t\t\t\t\t\t\t<\/a>\t\t\t\t\t\n\t\t\t\t<\/h4>\n\t\t\t<\/div>\n\t\t\t<div id=\"kp-accordions-19308\" class=\"collapse\" data-parent=\"#kapee-accordion-40270\">\n\t\t\t\t<div class=\"card-body\">\n\t\t\t\t\t\n\t<div class=\"wpb_text_column wpb_content_element\" >\n\t\t<div class=\"wpb_wrapper\">\n\t\t\t<p>Ribu za maloprodajne narud\u017ebe \u0161aljemo samo u odre\u0111ene zemlje. Po\u0161iljka je ograni\u010dena na sljede\u0107e zemlje; Australija\/ Austrija\/ Barbados\/ Belgija\/ Bolivija\/ Brazil\/ Brunej\/ Bugarska\/ Kambod\u017ea\/ Kanada\/ \u010cile\/ Kina\/ Kolumbija\/ Kostarika\/ Hrvatska\/ Cipar\/ \u010ce\u0161ka Republika\/ Danska\/ Dominikanska Republika\/ Ekvador\/ Estonija\/ Finska\/ Francuska\/ Njema\u010dka\/ Gr\u010dka\/ Guam\/ Haiti\/ Hong Kong\/ Ma\u0111arska\/ Indija\/ Irska\/ Italija\/ Japan\/ Kuvajt\/ Latvija\/ Lihten\u0161tajn\/ Litva\/ Luksemburg\/ Malezija\/ Meksiko\/ Mjanmar\/ Nizozemska\/ Norve\u0161ka\/ Oman\/ Panama\/ Paragvaj\/ Peru\/ Portoriko\/ Filipini\/ Poljska\/ Portugal\/ Rumunjska\/ San Marino\/ Srbija\/ Singapur\/ Slova\u010dka\/ Slovenija\/ Ju\u017ena Afrika\/ Ju\u017ena Koreja\/ \u0160panjolska\/ Surinam\/ \u0160vedska\/ \u0160vicarska\/ Tajvan\/ Tajland\/ Trinidad i Tobago\/ Turkske i Kajmanske Otoke\/ Ujedinjeni Arapski Emirati\/ Ujedinjeno Kraljevstvo\/ Sjedinjene Ameri\u010dke Dr\u017eave\/ Ameri\u010dki Djevi\u010danski Otoci\/ Vijetnam.<\/p>\n\n\t\t<\/div>\n\t<\/div>\n\t\t\t\t<\/div>\n\t\t\t<\/div>\n\t\t<\/div>\n\t\t\t\n\t\t<div class=\"card\">\n\t\t\t<div class=\"card-header\">\n\t\t\t\t<h4 class=\"card-title\">\t\t\t\t\t\n\t\t\t\t\t<a class=\"card-link collapsed\" data-toggle=\"collapse\" href=\"#kp-accordions-63716\">\n\t\t\t\t\t\t\t\t\t\t\t\tKoliko \u0107e vremena trebati da dobijem ribu?\t\t\t\t\t\t\t\t\t\t\t<\/a>\t\t\t\t\t\n\t\t\t\t<\/h4>\n\t\t\t<\/div>\n\t\t\t<div id=\"kp-accordions-63716\" class=\"collapse\" data-parent=\"#kapee-accordion-40270\">\n\t\t\t\t<div class=\"card-body\">\n\t\t\t\t\t\n\t<div class=\"wpb_text_column wpb_content_element\" >\n\t\t<div class=\"wpb_wrapper\">\n\t\t\t<p>Obi\u010dno \u0107ete svoju narud\u017ebu primiti u roku od 7 do 14 radnih dana. U nekim slu\u010dajevima mo\u017ee potrajati mjesec dana.<\/p>\n\n\t\t<\/div>\n\t<\/div>\n\t\t\t\t<\/div>\n\t\t\t<\/div>\n\t\t<\/div>\n\t\t\t\n\t\t<div class=\"card\">\n\t\t\t<div class=\"card-header\">\n\t\t\t\t<h4 class=\"card-title\">\t\t\t\t\t\n\t\t\t\t\t<a class=\"card-link collapsed\" data-toggle=\"collapse\" href=\"#kp-accordions-90244\">\n\t\t\t\t\t\t\t\t\t\t\t\tZa\u0161to mi treba toliko dugo da dobijem ribu?\t\t\t\t\t\t\t\t\t\t\t<\/a>\t\t\t\t\t\n\t\t\t\t<\/h4>\n\t\t\t<\/div>\n\t\t\t<div id=\"kp-accordions-90244\" class=\"collapse\" data-parent=\"#kapee-accordion-40270\">\n\t\t\t\t<div class=\"card-body\">\n\t\t\t\t\t\n\t<div class=\"wpb_text_column wpb_content_element\" >\n\t\t<div class=\"wpb_wrapper\">\n\t\t\t<p>Maloprodajne narud\u017ebe \u0161aljemo isklju\u010divo putem transhippera. Po\u0161iljke se vr\u0161e prema njihovom dostupnom mjese\u010dnom rasporedu, koji sam transhipper odre\u0111uje.<br \/>\nNekoliko zemalja koje mo\u017eda nemaju dovoljno velik obujam po\u0161iljki obi\u010dno imaju vrlo ograni\u010dene rasporede.<br \/>\nAko \u017eelite biti sigurni kada je pravo vrijeme za narud\u017ebu, mo\u017eete nas prvo kontaktirati.<\/p>\n\n\t\t<\/div>\n\t<\/div>\n\t\t\t\t<\/div>\n\t\t\t<\/div>\n\t\t<\/div>\n\t\t\t\n\t\t<div class=\"card\">\n\t\t\t<div class=\"card-header\">\n\t\t\t\t<h4 class=\"card-title\">\t\t\t\t\t\n\t\t\t\t\t<a class=\"card-link collapsed\" data-toggle=\"collapse\" href=\"#kp-accordions-13480\">\n\t\t\t\t\t\t\t\t\t\t\t\t\u0160to ako moja riba stigne mrtva?\t\t\t\t\t\t\t\t\t\t\t<\/a>\t\t\t\t\t\n\t\t\t\t<\/h4>\n\t\t\t<\/div>\n\t\t\t<div id=\"kp-accordions-13480\" class=\"collapse\" data-parent=\"#kapee-accordion-40270\">\n\t\t\t\t<div class=\"card-body\">\n\t\t\t\t\t\n\t<div class=\"wpb_text_column wpb_content_element\" >\n\t\t<div class=\"wpb_wrapper\">\n\t\t\t<p>U malo vjerojatnom slu\u010daju da primite mrtvu ribu, morate nas kontaktirati unutar 24 sata od njezina dolaska. Sve naknadne reklamacije ne\u0107e biti uva\u017eene.<br \/>\nU slu\u010daju D.O.A. molimo po\u0161aljite nam jasnu fotografiju mrtve ribe u neotvorenoj vre\u0107ici. Kupac mo\u017ee podnijeti svoj prigovor putem e-po\u0161te na support@fishbuff.com ili WhatsAppa na (+62) 821-3871-8445.<\/p>\n\n\t\t<\/div>\n\t<\/div>\n\t\t\t\t<\/div>\n\t\t\t<\/div>\n\t\t<\/div>\n\t\t\t\n\t\t<div class=\"card\">\n\t\t\t<div class=\"card-header\">\n\t\t\t\t<h4 class=\"card-title\">\t\t\t\t\t\n\t\t\t\t\t<a class=\"card-link collapsed\" data-toggle=\"collapse\" href=\"#kp-accordions-24977\">\n\t\t\t\t\t\t\t\t\t\t\t\tJeste li prihvatili povrat ili zamjenu?\t\t\t\t\t\t\t\t\t\t\t<\/a>\t\t\t\t\t\n\t\t\t\t<\/h4>\n\t\t\t<\/div>\n\t\t\t<div id=\"kp-accordions-24977\" class=\"collapse\" data-parent=\"#kapee-accordion-40270\">\n\t\t\t\t<div class=\"card-body\">\n\t\t\t\t\t\n\t<div class=\"wpb_text_column wpb_content_element\" >\n\t\t<div class=\"wpb_wrapper\">\n\t\t\t<p>Ne nudimo povrat niti zamjenu, ali rado \u0107emo zamijeniti sve narud\u017ebe koje ispunjavaju na\u0161a pravila o reklamacijama.<\/p>\n\n\t\t<\/div>\n\t<\/div>\n\t\t\t\t<\/div>\n\t\t\t<\/div>\n\t\t<\/div>\n\t<\/div><\/div><\/div><\/div><\/div>\n<\/div>","protected":false},"excerpt":{"rendered":"<p style=\"color: red;\">Molimo pro\u010ditajte na\u0161e <a href=\"https:\/\/fishbuff.com\/hr\/terms-conditions\/\" target=\"_blank\" rel=\"noopener\">Uvjeti i odredbe<\/a> prije kupnje.<br \/>\nKupnjom potvr\u0111ujete da se sla\u017eete i prihva\u0107ate va\u017ee\u0107e uvjete i odredbe.<\/p>","protected":false},"featured_media":664,"comment_status":"open","ping_status":"closed","template":"","meta":{"_seopress_robots_primary_cat":"91","_seopress_titles_title":"Purchase Red Neon Spear Tail Guppies","_seopress_titles_desc":"Get your Red Neon Spear Tail pair with guaranteed live arrival! Explore our shipping options and contact us for claims within 24 hours.","_seopress_robots_index":""},"product_brand":[],"product_cat":[69],"product_tag":[],"class_list":{"0":"post-634","1":"product","2":"type-product","3":"status-publish","4":"has-post-thumbnail","6":"product_cat-guppy","8":"first","9":"instock","10":"shipping-taxable","11":"purchasable","12":"product-type-simple","13":"add-to-wishlist-after_add_to_cart"},"_links":{"self":[{"href":"https:\/\/fishbuff.com\/hr\/wp-json\/wp\/v2\/product\/634","targetHints":{"allow":["GET"]}}],"collection":[{"href":"https:\/\/fishbuff.com\/hr\/wp-json\/wp\/v2\/product"}],"about":[{"href":"https:\/\/fishbuff.com\/hr\/wp-json\/wp\/v2\/types\/product"}],"replies":[{"embeddable":true,"href":"https:\/\/fishbuff.com\/hr\/wp-json\/wp\/v2\/comments?post=634"}],"wp:featuredmedia":[{"embeddable":true,"href":"https:\/\/fishbuff.com\/hr\/wp-json\/wp\/v2\/media\/664"}],"wp:attachment":[{"href":"https:\/\/fishbuff.com\/hr\/wp-json\/wp\/v2\/media?parent=634"}],"wp:term":[{"taxonomy":"product_brand","embeddable":true,"href":"https:\/\/fishbuff.com\/hr\/wp-json\/wp\/v2\/product_brand?post=634"},{"taxonomy":"product_cat","embeddable":true,"href":"https:\/\/fishbuff.com\/hr\/wp-json\/wp\/v2\/product_cat?post=634"},{"taxonomy":"product_tag","embeddable":true,"href":"https:\/\/fishbuff.com\/hr\/wp-json\/wp\/v2\/product_tag?post=634"}],"curies":[{"name":"wp","href":"https:\/\/api.w.org\/{rel}","templated":true}]}}